{"id":2790,"date":"2019-06-03T11:58:34","date_gmt":"2019-06-03T11:58:34","guid":{"rendered":"https:\/\/linksoft.ro\/staging\/staging\/?page_id=2790"},"modified":"2021-10-18T14:29:50","modified_gmt":"2021-10-18T14:29:50","slug":"microsoft-dynamics-365-sales-ro","status":"publish","type":"page","link":"https:\/\/linksoft.ro\/staging\/microsoft-dynamics-365-sales-ro\/","title":{"rendered":"Microsoft Dynamics 365 Sales"},"content":{"rendered":"<div class=\"wpb-content-wrapper\"><p>[vc_row offset_top=&#8221;180&#8243; is_overlay=&#8221;enable&#8221; overlay_opacity=&#8221;65&#8243; overlay_color=&#8221;#192435&#8243; css=&#8221;.vc_custom_1613417895402{background-image: url(https:\/\/linksoft.ro\/staging\/wp-content\/uploads\/2019\/06\/echipa.png?id=3289) !important;}&#8221; class=&#8221;hitb&#8221;][vc_column][vc_column_text class=&#8221;titlu-pagina&#8221;]<\/p>\n<h1>Dynamics 365 Sales<\/h1>\n<p>\u00cencepe inova\u021bia digital\u0103 cu solu\u021bii de v\u00e2nz\u0103ri<br \/>\nconcepute pentru ca afacerea ta s\u0103 exceleze.[\/vc_column_text]<div class=\"text-left\"><a href=\"\/contact\/\" title=\"Contact\" data-custom-color=\".btn-custom-4d7fc940 {background-color: #1e53a8;}\n.btn-custom-4d7fc940:hover {background-color: #163e7d;}\" class=\"btn btn-solid btn-rounded btn-custom btn-lg buton-titlu btn-custom-4d7fc940\">Contacteaz\u0103-ne<\/a><\/div>[\/vc_column][\/vc_row][vc_row offset_top=&#8221;180&#8243; class=&#8221;partenerul&#8221;][vc_column width=&#8221;1\/6&#8243;][\/vc_column][vc_column width=&#8221;2\/3&#8243;]<h2 class=\"block-title text-dark text-center\">Transform\u0103 procesele de v\u00e2nz\u0103ri<\/h2><hr class=\"hr-solid hr-custom\" style=\"border-top-color: #e32636; border-top-width: 2px; opacity: 1;\">[vc_column_text]<\/p>\n<p style=\"text-align: center;\">Dynamics 365 Sales este un instrument de gestionare a rela\u021biilor cu clien\u021bii special creat pentru a sprijini echipele de v\u00e2nz\u0103ri \u00een activitatea lor zilnic\u0103. Func\u021bionalitatea inteligent\u0103 \u00ee\u021bi permite s\u0103 eficientizezi ciclurile de v\u00e2nzare, s\u0103 reduci costurile, s\u0103 automatizezi procesul de v\u00e2nzare, s\u0103 califici clien\u021bii poten\u021biali \u0219i multe altele. Cu aceste date pot fi create rapoarte interactive \u0219i dashboard-uri pentru a ob\u021bine informa\u021bii esen\u021biale, a lua decizii strategice pe baza acestor informa\u021bii \u0219i, \u00een cele din urm\u0103, pentru a r\u0103spunde mai eficient nevoilor clientului.<\/p>\n<p>[\/vc_column_text][\/vc_column][vc_column width=&#8221;1\/6&#8243;][\/vc_column][\/vc_row][vc_row offset_top=&#8221;180&#8243; class=&#8221;sectiunea2&#8243;][vc_column width=&#8221;1\/6&#8243;][\/vc_column][vc_column width=&#8221;2\/3&#8243;]<h2 class=\"block-title text-dark text-center\">De ce s\u0103 alegi Dynamics 365 Sales?<\/h2><hr class=\"hr-solid hr-custom\" style=\"border-top-color: #e32636; border-top-width: 2px; opacity: 1;\">[\/vc_column][vc_column width=&#8221;1\/6&#8243;][\/vc_column][\/vc_row][vc_row offset_top=&#8221;180&#8243; class=&#8221;tech-imgtext&#8221; css=&#8221;.vc_custom_1611937183531{padding-top: 25px !important;}&#8221;][vc_column width=&#8221;1\/2&#8243;][vc_column_text animation=&#8221;fade-right&#8221;]<\/p>\n<h3>Business Insights<\/h3>\n<ul>\n<li><strong>Prioritizarea Lead-urilor<\/strong>\u2013 Prospecteaz\u0103 \u0219i construie\u0219te pipeline-ul v\u00e2nz\u0103rilor calificate folosind inteligen\u021b\u0103 predictiv\u0103 pentru conversie optim\u0103.<\/li>\n<li><strong>Analiza riscurilor <\/strong><strong>\u0219<\/strong><strong>i beneficiilor<\/strong>\u2013 Determin\u0103 avantajele \u0219i dezavantajele fiec\u0103rei afaceri pentru a-\u021bi calcula urmatorul pas \u0219i a te asigura c\u0103 vinzi clientului potrivit<br \/>\nla momentul potrivit.<\/li>\n<li><strong>Recomand\u0103ri de produse<\/strong>\u2013 Maximizeaz\u0103 oportunit\u0103\u021bile de cross \u0219i up-selling.<\/li>\n<li><strong>\u00centelegerea clientului<\/strong>\u2013 Interac\u021bioneaz\u0103 mai bine cu clien\u021bii pe baza analizelor \u00een timp real.<\/li>\n<\/ul>\n<p>[\/vc_column_text][\/vc_column][vc_column width=&#8221;1\/2&#8243;][vc_single_image animation=&#8221;fade-left&#8221; image=&#8221;6121&#8243;][\/vc_column][\/vc_row][vc_row offset_top=&#8221;180&#8243; class=&#8221;tech-imgtext&#8221; css=&#8221;.vc_custom_1611937187753{padding-top: 75px !important;padding-bottom: 75px !important;}&#8221;][vc_column width=&#8221;1\/2&#8243;][vc_single_image animation=&#8221;fade-right&#8221; image=&#8221;6125&#8243;][\/vc_column][vc_column width=&#8221;1\/2&#8243; class=&#8221;primul&#8221;][vc_column_text animation=&#8221;fade-left&#8221;]<\/p>\n<h3>Smart Sales<\/h3>\n<ul>\n<li><strong>Valorific\u0103 informa\u021bii<\/strong>\u2013 D\u0103 posibilitatea echipei de v\u00e2nz\u0103ri s\u0103 livreze la adev\u0103rata valoare folosind toate datele disponibile.<\/li>\n<li><strong>Con\u021binut colaborativ<\/strong>\u2013 Minimizeaz\u0103 timpul pierdut de echipa de v\u00e2nz\u0103ri pentru c\u0103utarea \u0219i crearea documentelor de v\u00e2nz\u0103ri personalizate.<\/li>\n<li><strong>Procesul de v\u00e2nzare<\/strong>\u2013 Optimizeaz\u0103 eforturile de v\u00e2nzare \u0219i utilizeaz\u0103 procesele automate pentru rezolvarea sarcinilor repetitive utiliz\u00e2nd cele mai bune practici.<\/li>\n<li><strong>Integrare Social Media<\/strong>\u2013 Distribuie, g\u0103se\u0219te \u0219i conecteaz\u0103-te cu oameni \u0219i companii \u00een Social Media pentru a genera noi lead-uri.<\/li>\n<\/ul>\n<p>[\/vc_column_text][\/vc_column][\/vc_row][vc_row offset_top=&#8221;180&#8243; class=&#8221;tech-imgtext&#8221; css=&#8221;.vc_custom_1611937187753{padding-top: 75px !important;padding-bottom: 75px !important;}&#8221;][vc_column width=&#8221;1\/2&#8243;][vc_column_text animation=&#8221;fade-right&#8221;]<\/p>\n<h3>Rela\u021bii cu clien\u021bii<\/h3>\n<ul>\n<li><strong>Managementul oportunit\u0103\u021bilor<\/strong>\u2013 Clasific\u0103 lead-uri \u0219i genereaz\u0103 v\u00e2nz\u0103ri rapid cu ajutorul informa\u021biilor conectate despre pia\u021b\u0103, nout\u0103\u021bi, evenimente.<\/li>\n<li><strong>Mobilitatea<\/strong>\u2013 Vinzi rapid, oriunde ai fi, cu aplica\u021biile mobile Dynamics CRM pentru dispozitive mobile. \u00cen plus, po\u021bi folosi de la comenzile vocale p\u00e2na la ata\u0219area de poze.<\/li>\n<li><strong>Focusarea c\u0103tre client<\/strong>\u2013 \u00cencurajeaz\u0103 rela\u021bii mai puternice \u00eentre echipa de v\u00e2nz\u0103ri \u0219i clien\u021bi, facilit\u00e2nd comunicarea personalizat\u0103.<\/li>\n<li><strong>Managementul partenerilor<\/strong>\u2013 Selecteaz\u0103, dezvolt\u0103 \u0219i \u00eentare\u0219te-\u021bi parteneriatele prin interac\u021biuni mai str\u00e2nse \u0219i activit\u0103\u021bi mai profitabile.<\/li>\n<\/ul>\n<p>[\/vc_column_text][\/vc_column][vc_column width=&#8221;1\/2&#8243;][vc_single_image animation=&#8221;fade-left&#8221; image=&#8221;6126&#8243;][\/vc_column][\/vc_row][vc_row offset_top=&#8221;180&#8243; class=&#8221;sectiunea2&#8243;][vc_column width=&#8221;1\/6&#8243;][\/vc_column][vc_column width=&#8221;2\/3&#8243;]<h2 class=\"block-title text-dark text-center\">Beneficiile membrilor companiei<\/h2><hr class=\"hr-solid hr-custom\" style=\"border-top-color: #e32636; border-top-width: 2px; opacity: 1;\">[\/vc_column][vc_column width=&#8221;1\/6&#8243;][\/vc_column][\/vc_row][vc_row offset_top=&#8221;180&#8243; class=&#8221;icoane-echipa sol-crm&#8221;][vc_column width=&#8221;1\/3&#8243;]<div class=\"icon-box icon-box-vertical icon-box-dark icon-box-type-image bg-no text-left\">\n\n\t<div class=\"icon-box-icon\"><img decoding=\"async\" src=\"https:\/\/linksoft.ro\/staging\/wp-content\/uploads\/2021\/01\/General-Manager.svg\" class=\"attachment-full size-full\" alt=\"\" \/><\/div><h3 class=\"icon-box-title\">General Manager<\/h3>\t\t<div class=\"icon-box-description\">\n\t\t\t<p>Cu o vedere de ansamblu asupra activit\u0103\u021bilor de v\u00e2nzare, Directorul Executiv poate observa mai bine starea companiei, ob\u021bin\u00e2nd rapoarte foarte precise. Implementarea unui sistem CRM ajut\u0103 la eliminarea erorilor, ofer\u0103 un mediu de stocare securizat \u0219i duce la sc\u0103derea cheltuielilor pe termen lung.<\/p>\n\t\t<\/div>\n\t<\/div>[\/vc_column][vc_column width=&#8221;1\/3&#8243;]<div class=\"icon-box icon-box-vertical icon-box-dark icon-box-type-image bg-no text-left\">\n\n\t<div class=\"icon-box-icon\"><img decoding=\"async\" src=\"https:\/\/linksoft.ro\/staging\/wp-content\/uploads\/2021\/01\/Sales-Manager.svg\" class=\"attachment-full size-full\" alt=\"\" \/><\/div><h3 class=\"icon-box-title\">Sales Manager<\/h3>\t\t<div class=\"icon-box-description\">\n\t\t\t<p>Prin identificarea \u0219i definirea datelor esen\u021biale \u0219i a indicatorilor de performan\u021b\u0103, managerul de v\u00e2nz\u0103ri poate gestiona u\u0219or orice situa\u021bie critic\u0103, av\u00e2nd posibilitatea de a analiza date complexe prin intermediul solu\u021biilor eficiente de business.<\/p>\n\t\t<\/div>\n\t<\/div>[\/vc_column][vc_column width=&#8221;1\/3&#8243;]<div class=\"icon-box icon-box-vertical icon-box-dark icon-box-type-image bg-no text-left\">\n\n\t<div class=\"icon-box-icon\"><img decoding=\"async\" src=\"https:\/\/linksoft.ro\/staging\/wp-content\/uploads\/2021\/01\/Sales-Representative.svg\" class=\"attachment-full size-full\" alt=\"\" \/><\/div><h3 class=\"icon-box-title\">Sales Representative<\/h3>\t\t<div class=\"icon-box-description\">\n\t\t\t<p>Platforma ofer\u0103 acces nelimitat c\u0103tre un set complex de date referitoare la clien\u021bi, menite s\u0103 sporeasc\u0103 \u0219ansele de realizare a v\u00e2nz\u0103rilor. Ai acces oriunde \u0219i oric\u00e2nd la datele clien\u021bilor pentru a fi preg\u0103tit \u00een orice moment pentru o v\u00e2nzare de succes.<\/p>\n\t\t<\/div>\n\t<\/div>[\/vc_column][\/vc_row][vc_row offset_top=&#8221;180&#8243; class=&#8221;sectiunea2&#8243;][vc_column width=&#8221;1\/6&#8243;][\/vc_column][vc_column width=&#8221;2\/3&#8243;]<h2 class=\"block-title text-dark text-center titlu-ti\">Contacteaz\u0103-ne acum<small class=\"h2\">las\u0103-ne un mesaj \u0219i unul din consultan\u021bii no\u0219tri te va contacta \u00een mai pu\u021bin de 24 de ore<\/small><\/h2><hr class=\"hr-solid hr-custom\" style=\"border-top-color: #e32636; border-top-width: 2px; opacity: 1;\">[\/vc_column][vc_column width=&#8221;1\/6&#8243;][\/vc_column][\/vc_row][vc_row offset_top=&#8221;180&#8243; css=&#8221;.vc_custom_1614886909463{padding-bottom: 25px !important;}&#8221;][vc_column width=&#8221;1\/6&#8243;][\/vc_column][vc_column width=&#8221;2\/3&#8243;][wpforms id=&#8221;7196&#8243; title=&#8221;false&#8221; description=&#8221;false&#8221;][\/vc_column][vc_column width=&#8221;1\/6&#8243;][\/vc_column][\/vc_row]<\/p>\n<\/div>","protected":false},"excerpt":{"rendered":"<p class=\"post-excerpt\">[vc_row offset_top=&#8221;180&#8243; is_overlay=&#8221;enable&#8221; overlay_opacity=&#8221;65&#8243; overlay_color=&#8221;#192435&#8243; css=&#8221;.vc_custom_1613417895402{background-image: url(https:\/\/linksoft.ro\/staging\/wp-content\/uploads\/2019\/06\/echipa.png?id=3289) !important;}&#8221; class=&#8221;hitb&#8221;][vc_column][vc_column_text class=&#8221;titlu-pagina&#8221;] Dynamics 365 Sales \u00cencepe inova\u021bia digital\u0103 cu solu\u021bii de v\u00e2nz\u0103ri concepute pentru ca afacerea ta s\u0103 exceleze.[\/vc_column_text][\/vc_column][\/vc_row][vc_row offset_top=&#8221;180&#8243; class=&#8221;partenerul&#8221;][vc_column width=&#8221;1\/6&#8243;][\/vc_column][vc_column width=&#8221;2\/3&#8243;][vc_column_text] Dynamics 365 Sales este un instrument de gestionare a rela\u021biilor cu clien\u021bii special creat pentru a sprijini echipele de&#8230;\n<\/p>","protected":false},"author":1,"featured_media":0,"parent":0,"menu_order":0,"comment_status":"closed","ping_status":"closed","template":"","meta":{"footnotes":""},"class_list":["post-2790","page","type-page","status-publish","hentry"],"_links":{"self":[{"href":"https:\/\/linksoft.ro\/staging\/wp-json\/wp\/v2\/pages\/2790","targetHints":{"allow":["GET"]}}],"collection":[{"href":"https:\/\/linksoft.ro\/staging\/wp-json\/wp\/v2\/pages"}],"about":[{"href":"https:\/\/linksoft.ro\/staging\/wp-json\/wp\/v2\/types\/page"}],"author":[{"embeddable":true,"href":"https:\/\/linksoft.ro\/staging\/wp-json\/wp\/v2\/users\/1"}],"replies":[{"embeddable":true,"href":"https:\/\/linksoft.ro\/staging\/wp-json\/wp\/v2\/comments?post=2790"}],"version-history":[{"count":0,"href":"https:\/\/linksoft.ro\/staging\/wp-json\/wp\/v2\/pages\/2790\/revisions"}],"wp:attachment":[{"href":"https:\/\/linksoft.ro\/staging\/wp-json\/wp\/v2\/media?parent=2790"}],"curies":[{"name":"wp","href":"https:\/\/api.w.org\/{rel}","templated":true}]}}