{"id":2811,"date":"2019-06-03T12:00:37","date_gmt":"2019-06-03T12:00:37","guid":{"rendered":"https:\/\/linksoft.ro\/staging\/staging\/?page_id=2811"},"modified":"2024-06-19T07:55:50","modified_gmt":"2024-06-19T07:55:50","slug":"echipa","status":"publish","type":"page","link":"https:\/\/linksoft.ro\/staging\/echipa\/","title":{"rendered":"Echip\u0103"},"content":{"rendered":"<div class=\"wpb-content-wrapper\"><p>[vc_row offset_top=&#8221;180&#8243; is_overlay=&#8221;enable&#8221; overlay_opacity=&#8221;65&#8243; overlay_color=&#8221;#192435&#8243; css=&#8221;.vc_custom_1613417760633{background-image: url(https:\/\/linksoft.ro\/staging\/wp-content\/uploads\/2021\/02\/Asset-15.png?id=6561) !important;}&#8221; class=&#8221;hitb&#8221;][vc_column][vc_column_text class=&#8221;titlu-pagina&#8221;]<\/p>\n<h1>Despre Noi<\/h1>\n<p>Profesioni\u0219ti certifica\u021bi cu pasiune pentru<br \/>\ninova\u021bie, \u00eenv\u0103\u021bare continu\u0103 \u0219i dezvoltare profesional\u0103[\/vc_column_text]<div class=\"text-left\"><a href=\"\/contact\/\" title=\"Contact\" data-custom-color=\".btn-custom-09a5c36e {background-color: #1e53a8;}\n.btn-custom-09a5c36e:hover {background-color: #163e7d;}\" class=\"btn btn-solid btn-rounded btn-custom btn-lg buton-titlu btn-custom-09a5c36e\">Contacteaz\u0103-ne<\/a><\/div>[\/vc_column][\/vc_row][vc_row offset_top=&#8221;180&#8243; class=&#8221;partenerul&#8221;][vc_column width=&#8221;1\/6&#8243;][\/vc_column][vc_column width=&#8221;2\/3&#8243;]<h2 class=\"block-title text-dark text-center\">Centru de Excelen\u021b\u0103<\/h2><hr class=\"hr-solid hr-custom\" style=\"border-top-color: #e32636; border-top-width: 2px; opacity: 1;\">[vc_column_text]<\/p>\n<p style=\"text-align: center;\">\u00cenc\u0103 de la \u00eenfiin\u021bare ne-am propus s\u0103 construim un Centru de Excelen\u021b\u0103 Microsoft Dynamics CRM, \u00een care s\u0103 reunim cei mai buni speciali\u0219ti \u0219i cele mai eficiente platforme pentru a implementa solu\u021bii CRM performante \u0219i accesibile tuturor categoriilor de utilizatori. \u00cen acest, sens am impus cele mai exigente standarde de excelen\u021b\u0103 la nivelul \u00eentregii noastre echipe pentru a ne putea \u00eendeplini misiunea \u0219i a ne respecta valorile.<\/p>\n<p>[\/vc_column_text][\/vc_column][vc_column width=&#8221;1\/6&#8243;][\/vc_column][\/vc_row][vc_row offset_top=&#8221;180&#8243; class=&#8221;partenerul&#8221; css=&#8221;.vc_custom_1611336305912{padding-top: 75px !important;}&#8221;][vc_column width=&#8221;1\/6&#8243;][\/vc_column][vc_column width=&#8221;2\/3&#8243;]<h2 class=\"block-title text-dark text-center\">Valorile noastre<\/h2><hr class=\"hr-solid hr-custom\" style=\"border-top-color: #e32636; border-top-width: 2px; opacity: 1;\">[\/vc_column][vc_column width=&#8221;1\/6&#8243;][\/vc_column][\/vc_row][vc_row offset_top=&#8221;180&#8243; class=&#8221;icoane-echipa iechip2 sol-crm&#8221;][vc_column width=&#8221;1\/4&#8243;]<div class=\"icon-box icon-box-vertical icon-box-dark icon-box-type-image bg-no text-center\">\n\n\t<div class=\"icon-box-icon\"><img decoding=\"async\" src=\"https:\/\/linksoft.ro\/staging\/wp-content\/uploads\/2021\/01\/Integri.svg\" class=\"attachment-full size-full\" alt=\"\" \/><\/div><h3 class=\"icon-box-title\">Integri<\/h3>\t\t<div class=\"icon-box-description\">\n\t\t\t<p>Suntem deschi\u0219i \u0219i corec\u021bi \u00een tot ceea ce facem. Accept\u0103m impasurile \u0219i le dep\u0103\u0219im prin procese transparente fa\u021b\u0103 de clien\u021bii no\u0219tri.<\/p>\n\t\t<\/div>\n\t<\/div>[\/vc_column][vc_column width=&#8221;1\/4&#8243;]<div class=\"icon-box icon-box-vertical icon-box-dark icon-box-type-image bg-no text-center\">\n\n\t<div class=\"icon-box-icon\"><img decoding=\"async\" src=\"https:\/\/linksoft.ro\/staging\/wp-content\/uploads\/2021\/01\/Ambitiosi.svg\" class=\"attachment-full size-full\" alt=\"\" \/><\/div><h3 class=\"icon-box-title\">Ambi\u021bio\u0219i<\/h3>\t\t<div class=\"icon-box-description\">\n\t\t\t<p>Avem ca obiectiv s\u0103 ne dezvolt\u0103m \u00een permanen\u021b\u0103, crez\u00e2nd cu t\u0103rie c\u0103 m\u00e2ine trebuie s\u0103 fim mai buni dec\u00e2t ast\u0103zi.<\/p>\n\t\t<\/div>\n\t<\/div>[\/vc_column][vc_column width=&#8221;1\/4&#8243;]<div class=\"icon-box icon-box-vertical icon-box-dark icon-box-type-image bg-no text-center\">\n\n\t<div class=\"icon-box-icon\"><img decoding=\"async\" src=\"https:\/\/linksoft.ro\/staging\/wp-content\/uploads\/2021\/01\/Orientati-catre...svg\" class=\"attachment-full size-full\" alt=\"\" \/><\/div><h3 class=\"icon-box-title\">Orienta\u021bi c\u0103tre clien\u021bi<\/h3>\t\t<div class=\"icon-box-description\">\n\t\t\t<p>Ne propunem ca prin fiecare proiect pe care ni-l asum\u0103m s\u0103 aducem plusvaloare clientului \u00een procesele sale de business.<\/p>\n\t\t<\/div>\n\t<\/div>[\/vc_column][vc_column width=&#8221;1\/4&#8243;]<div class=\"icon-box icon-box-vertical icon-box-dark icon-box-type-image bg-no text-center\">\n\n\t<div class=\"icon-box-icon\"><img decoding=\"async\" src=\"https:\/\/linksoft.ro\/staging\/wp-content\/uploads\/2021\/01\/Proactivi.svg\" class=\"attachment-full size-full\" alt=\"\" \/><\/div><h3 class=\"icon-box-title\">Proactivi<\/h3>\t\t<div class=\"icon-box-description\">\n\t\t\t<p>Suntem partenerul care \u00ee\u0219i motiveaz\u0103 clien\u021bii s\u0103 priveasc\u0103 mereu la pasul urm\u0103tor \u00een procesul de digitalizare.<\/p>\n\t\t<\/div>\n\t<\/div>[\/vc_column][\/vc_row][vc_row offset_top=&#8221;180&#8243; class=&#8221;sectiunea2&#8243;][vc_column width=&#8221;1\/6&#8243;][\/vc_column][vc_column width=&#8221;2\/3&#8243;]<h2 class=\"block-title text-dark text-center\">Garan\u021bia unei solu\u021bii de calitate<\/h2><hr class=\"hr-solid hr-custom\" style=\"border-top-color: #e32636; border-top-width: 2px; opacity: 1;\">[vc_column_text]<\/p>\n<p style=\"text-align: center;\">ISO 9001: 2015 este cel mai recunoscut standard interna\u021bional pentru managementul calit\u0103\u021bii. Aceast\u0103 certificare recunoa\u0219te organiza\u021biile cu un sistem de management al calit\u0103\u021bii, care ofer\u0103 \u00een mod constant servicii ce \u00eendeplinesc cerin\u021bele clien\u021bilor. Dob\u00e2ndirea acestui standard asigur\u0103 c\u0103 baza sistemului nostru de management al calit\u0103\u021bii este \u00eembun\u0103t\u0103\u021birea continu\u0103 \u0219i satisfac\u021bia clien\u021bilor.<\/p>\n<p>&nbsp;<\/p>\n<p>&nbsp;<\/p>\n<p><img loading=\"lazy\" decoding=\"async\" class=\"aligncenter wp-image-6065\" src=\"https:\/\/linksoft.ro\/staging\/wp-content\/uploads\/2021\/01\/ISO-Certifications-300x137.png\" alt=\"\" width=\"350\" height=\"160\" srcset=\"https:\/\/linksoft.ro\/staging\/wp-content\/uploads\/2021\/01\/ISO-Certifications-300x137.png 300w, https:\/\/linksoft.ro\/staging\/wp-content\/uploads\/2021\/01\/ISO-Certifications.png 500w\" sizes=\"auto, (max-width: 350px) 100vw, 350px\" \/><\/p>\n<p>&nbsp;<\/p>\n<p>[\/vc_column_text][\/vc_column][vc_column width=&#8221;1\/6&#8243;][\/vc_column][\/vc_row][vc_row offset_top=&#8221;180&#8243; class=&#8221;sectiunea2021&#8243; css=&#8221;.vc_custom_1611160917402{padding-top: 25px !important;background-color: #f6f6f6 !important;}&#8221;][vc_column width=&#8221;1\/6&#8243;][\/vc_column][vc_column width=&#8221;2\/3&#8243;]<h2 class=\"block-title text-dark text-center\">Coordonatorii echipei<\/h2><hr class=\"hr-solid hr-custom hr-rosu\" style=\"border-top-color: #e32636; border-top-width: 2px; opacity: 1;\">[vc_column_text]<\/p>\n<p style=\"text-align: center;\">Compania noastr\u0103 este condus\u0103 de un duo dinamic, Alexandru Olaru \u0219i Florin Dumitru, ce aduc o experien\u021b\u0103 cumulat\u0103 at\u00e2t \u00een domeniul tehnic, c\u00e2t \u0219i \u00een mediul de business. Focusa\u021bi pe excelen\u021b\u0103 \u0219i performan\u021b\u0103, ei sunt motorul principal al unei echipe ce este mereu pregatit\u0103 s\u0103 livreze la cele mai \u00eenalte standarde.<\/p>\n<p>[\/vc_column_text][\/vc_column][vc_column width=&#8221;1\/6&#8243;][\/vc_column][\/vc_row][vc_row offset_top=&#8221;180&#8243; class=&#8221;sectiunea2 bosii&#8221; css=&#8221;.vc_custom_1718783394738{background-color: #f6f6f6 !important;}&#8221;][vc_column width=&#8221;1\/6&#8243;][\/vc_column][vc_column width=&#8221;1\/3&#8243;][vc_column_text]<\/p>\n<h1 style=\"text-align: center;\"><strong>Alexandru Olaru<\/strong><\/h1>\n<p class=\"h1-small\" style=\"text-align: center;\">Chief Executive Officer<br \/>\n<a href=\"https:\/\/ro.linkedin.com\/in\/alexandru-olaru-45a80a22\"><img loading=\"lazy\" decoding=\"async\" class=\"size-full wp-image-3294\" src=\"https:\/\/linksoft.ro\/staging\/wp-content\/uploads\/2019\/06\/linked.png\" alt=\"\" width=\"40\" height=\"40\" \/><\/a>[\/vc_column_text][\/vc_column][vc_column width=&#8221;1\/3&#8243;][vc_column_text]<\/p>\n<h1 style=\"text-align: center;\"><strong>Florin Dumitru<br \/>\n<\/strong><\/h1>\n<p class=\"h1-small\" style=\"text-align: center;\">Chief Operating Officer<br \/>\n<a href=\"https:\/\/ro.linkedin.com\/in\/florin-dumitru-41506a55\"><img loading=\"lazy\" decoding=\"async\" class=\"size-full wp-image-3294\" src=\"https:\/\/linksoft.ro\/staging\/wp-content\/uploads\/2019\/06\/linked.png\" alt=\"\" width=\"40\" height=\"40\" \/><\/a><\/p>\n<p>[\/vc_column_text][\/vc_column][vc_column width=&#8221;1\/6&#8243;][\/vc_column][\/vc_row][vc_row offset_top=&#8221;180&#8243; class=&#8221;sectiunea2&#8243;][vc_column width=&#8221;1\/6&#8243;][\/vc_column][vc_column width=&#8221;2\/3&#8243;]<h2 class=\"block-title text-dark text-center\">Ce ne define\u0219te?<\/h2><hr class=\"hr-solid hr-custom\" style=\"border-top-color: #e32636; border-top-width: 2px; opacity: 1;\">[\/vc_column][vc_column width=&#8221;1\/6&#8243;][\/vc_column][\/vc_row][vc_row offset_top=&#8221;180&#8243; class=&#8221;echipa-cifre1&#8243;][vc_column width=&#8221;1\/6&#8243; class=&#8221;ascunde&#8221;][\/vc_column][vc_column width=&#8221;1\/6&#8243;]<div class=\"animated-digit-box skin-default\">\n\t<div class=\"animated-digit\">\n\t\t<span class=\"digit\">20000<\/span>\n\t<\/div>\n\t<p class=\"description\">Utilizatori ai solu\u021biilor Microsoft Dynamics implementate de noi<\/p>\n<\/div>[\/vc_column][vc_column width=&#8221;1\/6&#8243;]<div class=\"animated-digit-box skin-default numarplus\">\n\t<div class=\"animated-digit\">\n\t\t<span class=\"digit\">2000<\/span>\n\t<\/div>\n\t<p class=\"description\">Ore de training efectuate<\/p>\n<\/div>[\/vc_column][vc_column width=&#8221;1\/6&#8243;]<div class=\"animated-digit-box skin-default\">\n\t<div class=\"animated-digit\">\n\t\t<span class=\"digit\">65<\/span>\n\t<\/div>\n\t<p class=\"description\">Acredit\u0103ri Microsoft dob\u00e2ndite de echipa noastr\u0103<\/p>\n<\/div>[\/vc_column][vc_column width=&#8221;1\/6&#8243;]<div class=\"animated-digit-box skin-default numarplus\">\n\t<div class=\"animated-digit\">\n\t\t<span class=\"digit\">10<\/span>\n\t<\/div>\n\t<p class=\"description\">Ani de experien\u021b\u0103 \u00een implementarea solu\u021biilor CRM<\/p>\n<\/div>[\/vc_column][vc_column width=&#8221;1\/6&#8243; class=&#8221;ascunde&#8221;][\/vc_column][\/vc_row][vc_row offset_top=&#8221;180&#8243; class=&#8221;echipa-cifre1&#8243;][vc_column width=&#8221;1\/6&#8243; class=&#8221;ascunde&#8221;][\/vc_column][vc_column width=&#8221;1\/6&#8243;]<div class=\"animated-digit-box skin-default numarprocent\">\n\t<div class=\"animated-digit\">\n\t\t<span class=\"digit\">100<\/span>\n\t<\/div>\n\t<p class=\"description\">Dedica\u021bi solu\u021biilor pe care le dezvolt\u0103m al\u0103turi de parteneri<\/p>\n<\/div>[\/vc_column][vc_column width=&#8221;1\/6&#8243;]<div class=\"animated-digit-box skin-default\">\n\t<div class=\"animated-digit\">\n\t\t<span class=\"digit\">3<\/span>\n\t<\/div>\n\t<p class=\"description\">Ore, rat\u0103 medie pentru rezolvarea ticketelor de suport<\/p>\n<\/div>[\/vc_column][vc_column width=&#8221;1\/6&#8243;]<div class=\"animated-digit-box skin-default din7\">\n\t<div class=\"animated-digit\">\n\t\t<span class=\"digit\">24<\/span>\n\t<\/div>\n\t<p class=\"description\">Disponibilitate pentru rezolvarea ticketelor critice<\/p>\n<\/div>[\/vc_column][vc_column width=&#8221;1\/6&#8243;]<div class=\"animated-digit-box skin-default\">\n\t<div class=\"animated-digit\">\n\t\t<span class=\"digit\">1<\/span>\n\t<\/div>\n\t<p class=\"description\">Obiectiv: Satisfac\u021bia clien\u021bilor<\/p>\n<\/div>[\/vc_column][vc_column width=&#8221;1\/6&#8243; class=&#8221;ascunde&#8221;][\/vc_column][\/vc_row][vc_row offset_top=&#8221;180&#8243; class=&#8221;sectiunea2&#8243;][vc_column width=&#8221;1\/6&#8243;][\/vc_column][vc_column width=&#8221;2\/3&#8243;]<h2 class=\"block-title text-dark text-center\">Cariere<\/h2><hr class=\"hr-solid hr-custom\" style=\"border-top-color: #e32636; border-top-width: 2px; opacity: 1;\">[\/vc_column][vc_column width=&#8221;1\/6&#8243;][\/vc_column][\/vc_row][vc_row offset_top=&#8221;180&#8243; css=&#8221;.vc_custom_1611163597329{padding-top: 50px !important;}&#8221; id=&#8221;cariere&#8221;][vc_column width=&#8221;1\/6&#8243;][\/vc_column][vc_column width=&#8221;2\/3&#8243;][vc_column_text]<\/p>\n<p style=\"text-align: center;\">Compania noastr\u0103 este format\u0103 din profesioni\u0219ti, cu pasiune pentru inova\u021bie \u0219i dezvoltare profesional\u0103. Echipa noastr\u0103 v\u0103 pune la dispozi\u021bie mixul perfect \u00eentre experien\u021b\u0103 \u0219i spirit de echip\u0103, care poate face diferen\u021ba \u00een implementarea solu\u021biilor software performante. Dac\u0103 \u00ee\u021bi dore\u0219ti s\u0103 te dezvol\u021bi \u00een mod constant \u00een cadrul unei echipe care s\u0103 te sus\u021bin\u0103 \u0219i sa te \u00eendrume, po\u021bi aplica pentru pozi\u021biile noastre deschise deschise pe platforma noastr\u0103 de cariere.\u200b<\/p>\n<p>[\/vc_column_text][\/vc_column][vc_column width=&#8221;1\/6&#8243; offset=&#8221;vc_col-lg-offset-0 vc_col-md-offset-0&#8243;][\/vc_column][\/vc_row][vc_row offset_top=&#8221;180&#8243; class=&#8221;sectiunea2 butonel&#8221;][vc_column width=&#8221;1\/6&#8243;][\/vc_column][vc_column width=&#8221;2\/3&#8243;]<div class=\"text-center\"><a href=\"\/cariere\/\" title=\"cariere\" class=\"btn btn-transparent btn-rounded btn-primary btn-nl buton-primapagina\">Vezi pozi\u021biile deschise<\/a><\/div>[\/vc_column][vc_column width=&#8221;1\/6&#8243;][\/vc_column][\/vc_row][vc_row offset_top=&#8221;180&#8243; class=&#8221;sectiunea2&#8243; css=&#8221;.vc_custom_1610669676596{background-color: #2a3f57 !important;}&#8221;][vc_column width=&#8221;1\/6&#8243;][\/vc_column][vc_column width=&#8221;2\/3&#8243;]<h2 class=\"block-title text-light text-center titlu-ti-left titlublogmob\">Ce e nou \u00een LinkSoft ?<\/h2><hr class=\"hr-solid hr-custom\" style=\"border-top-color: #e32636; border-top-width: 2px; opacity: 1;\">[\/vc_column][vc_column width=&#8221;1\/6&#8243;][\/vc_column][\/vc_row][vc_row offset_top=&#8221;180&#8243; class=&#8221;sectiunea9 blog-home&#8221; css=&#8221;.vc_custom_1612821215458{background-color: #2a3f57 !important;}&#8221;][vc_column][vc_column_text][na_posts_carousel style=&#8221;mega-post-carousel3&#8243; autoplay=&#8221;false&#8221; txtclr=&#8221;#000000&#8243; dateclr=&#8221;#000000&#8243; descclr=&#8221;#888888&#8243; settings=&#8221;size:6|order_by:date|order:DESC&#8221;][\/vc_column_text][\/vc_column][\/vc_row][vc_row offset_top=&#8221;180&#8243; class=&#8221;sectiunea2&#8243;][vc_column width=&#8221;1\/6&#8243;][\/vc_column][vc_column width=&#8221;2\/3&#8243;]<h2 class=\"block-title text-dark text-center titlu-ti titlu-contact\">Contacteaz\u0103-ne acum<small class=\"h2\">las\u0103-ne un mesaj \u0219i unul din consultan\u021bii no\u0219tri te va contacta \u00een mai pu\u021bin de 24 de ore<\/small><\/h2><hr class=\"hr-solid hr-custom\" style=\"border-top-color: #e32636; border-top-width: 2px; opacity: 1;\">[\/vc_column][vc_column width=&#8221;1\/6&#8243;][\/vc_column][\/vc_row][vc_row offset_top=&#8221;180&#8243; css=&#8221;.vc_custom_1614886909463{padding-bottom: 25px !important;}&#8221;][vc_column width=&#8221;1\/6&#8243;][\/vc_column][vc_column width=&#8221;2\/3&#8243;][wpforms id=&#8221;7196&#8243; title=&#8221;false&#8221; description=&#8221;false&#8221;][\/vc_column][vc_column width=&#8221;1\/6&#8243;][\/vc_column][\/vc_row]<\/p>\n<\/div>","protected":false},"excerpt":{"rendered":"<p class=\"post-excerpt\">[vc_row offset_top=&#8221;180&#8243; is_overlay=&#8221;enable&#8221; overlay_opacity=&#8221;65&#8243; overlay_color=&#8221;#192435&#8243; css=&#8221;.vc_custom_1613417760633{background-image: url(https:\/\/linksoft.ro\/staging\/wp-content\/uploads\/2021\/02\/Asset-15.png?id=6561) !important;}&#8221; class=&#8221;hitb&#8221;][vc_column][vc_column_text class=&#8221;titlu-pagina&#8221;] Despre Noi Profesioni\u0219ti certifica\u021bi cu pasiune pentru inova\u021bie, \u00eenv\u0103\u021bare continu\u0103 \u0219i dezvoltare profesional\u0103[\/vc_column_text][\/vc_column][\/vc_row][vc_row offset_top=&#8221;180&#8243; class=&#8221;partenerul&#8221;][vc_column width=&#8221;1\/6&#8243;][\/vc_column][vc_column width=&#8221;2\/3&#8243;][vc_column_text] \u00cenc\u0103 de la \u00eenfiin\u021bare ne-am propus s\u0103 construim un Centru de Excelen\u021b\u0103 Microsoft Dynamics CRM, \u00een care s\u0103 reunim cei mai buni speciali\u0219ti&#8230;\n<\/p>","protected":false},"author":1,"featured_media":0,"parent":0,"menu_order":0,"comment_status":"closed","ping_status":"closed","template":"","meta":{"footnotes":""},"class_list":["post-2811","page","type-page","status-publish","hentry"],"_links":{"self":[{"href":"https:\/\/linksoft.ro\/staging\/wp-json\/wp\/v2\/pages\/2811","targetHints":{"allow":["GET"]}}],"collection":[{"href":"https:\/\/linksoft.ro\/staging\/wp-json\/wp\/v2\/pages"}],"about":[{"href":"https:\/\/linksoft.ro\/staging\/wp-json\/wp\/v2\/types\/page"}],"author":[{"embeddable":true,"href":"https:\/\/linksoft.ro\/staging\/wp-json\/wp\/v2\/users\/1"}],"replies":[{"embeddable":true,"href":"https:\/\/linksoft.ro\/staging\/wp-json\/wp\/v2\/comments?post=2811"}],"version-history":[{"count":8,"href":"https:\/\/linksoft.ro\/staging\/wp-json\/wp\/v2\/pages\/2811\/revisions"}],"predecessor-version":[{"id":9899,"href":"https:\/\/linksoft.ro\/staging\/wp-json\/wp\/v2\/pages\/2811\/revisions\/9899"}],"wp:attachment":[{"href":"https:\/\/linksoft.ro\/staging\/wp-json\/wp\/v2\/media?parent=2811"}],"curies":[{"name":"wp","href":"https:\/\/api.w.org\/{rel}","templated":true}]}}