{"id":29,"date":"2016-11-01T19:55:41","date_gmt":"2016-11-01T19:55:41","guid":{"rendered":"http:\/\/startapp.8guild.com\/consulting\/?page_id=29"},"modified":"2024-10-10T13:48:33","modified_gmt":"2024-10-10T13:48:33","slug":"contact","status":"publish","type":"page","link":"https:\/\/linksoft.ro\/staging\/contact\/","title":{"rendered":"Contact"},"content":{"rendered":"<div class=\"wpb-content-wrapper\"><p>[vc_row offset_top=&#8221;180&#8243; is_overlay=&#8221;enable&#8221; overlay_opacity=&#8221;65&#8243; overlay_color=&#8221;#192435&#8243; css=&#8221;.vc_custom_1612901501906{background-image: url(https:\/\/linksoft.ro\/staging\/wp-content\/uploads\/2021\/02\/contact.png?id=6417) !important;}&#8221; class=&#8221;titlu-pg-contact&#8221;][vc_column][vc_column_text class=&#8221;titlu-pagina&#8221;]<\/p>\n<h1>Detalii de contact<\/h1>\n<p>[\/vc_column_text][\/vc_column][\/vc_row][vc_row offset_top=&#8221;180&#8243; css=&#8221;.vc_custom_1611169852138{padding-top: 50px !important;}&#8221; class=&#8221;pagina-contact&#8221;][vc_column width=&#8221;1\/2&#8243; class=&#8221;text-contact&#8221;][vc_column_text]<\/p>\n<p style=\"text-align: left;\">Am fi \u00eenc\u00e2nta\u021bi s\u0103 \u00ee\u021bi r\u0103spundem la orice \u00eentreb\u0103ri pe care le-ai putea avea despre cum te putem ajuta, trebuie doar s\u0103 completezi formularul al\u0103turat sau s\u0103 folose\u0219ti detaliile de de mai jos pentru a ne contacta. Un membru al echipei noastre va lua leg\u0103tura cu tine \u00een mai pu\u021bin de 24 de ore.<\/p>\n<p><a style=\"font-size: 18px; font-weight: 600; color: #081947; text-decoration: none;\" href=\"tel:+40722608711\">+40722 608 711<\/a><br \/>\n<a style=\"font-size: 18px; font-weight: 600; color: #081947; text-decoration: none;\" href=\"mailto:office@linksoft.ro\">office@linksoft.ro<\/a><\/p>\n<p>Strada Nicolae G. Caramfil 49, Etajul 2<br \/>\n014415 Sector 1, Bucure\u0219ti<br \/>\nRomania[\/vc_column_text][\/vc_column][vc_column width=&#8221;1\/2&#8243; class=&#8221;formular-contact&#8221;][wpforms id=&#8221;6051&#8243; title=&#8221;true&#8221; description=&#8221;true&#8221;][\/vc_column][\/vc_row][vc_row offset_top=&#8221;180&#8243; layout=&#8221;full&#8221; class=&#8221;contact-harta&#8221; css=&#8221;.vc_custom_1612901238786{padding-bottom: 25px !important;}&#8221;][vc_column]<div class=\"contacts-tile harta\">\n\t<div class=\"contacts-tile-body\">\n\t\t<div class=\"contacts-tile-country\">\n\t\t\t\n\t\t\t\n\t\t<\/div>\n\t\t\n\t\t<div class=\"contacts-tile-content\">\n\t\t\t<p><iframe loading=\"lazy\" style=\"border: 0;\" src=\"https:\/\/www.google.com\/maps\/embed?pb=!1m14!1m8!1m3!1d11386.880378209204!2d26.092413!3d44.4799099!3m2!1i1024!2i768!4f13.1!3m3!1m2!1s0x0%3A0xc8a9f309c7166345!2sNicolae+Caramfil+49+Business+Center!5e0!3m2!1sro!2sro!4v1534413117922\" width=\"600\" height=\"800\" frameborder=\"0\" allowfullscreen=\"allowfullscreen\"><\/iframe><\/p>\n\n\t\t<\/div>\n\t<\/div>\n\t\n<\/div>[\/vc_column][\/vc_row][vc_row][vc_column][vc_raw_js]JTNDc2NyaXB0JTIwdHlwZSUzRCUyMnRleHQlMkZqYXZhc2NyaXB0JTIyJTNFJTIwJTBBZnVuY3Rpb24lMjBpbml0TWFwJTI4JTI5JTIwJTdCJTBBJTIwJTIwY29uc3QlMjBtYXAlMjAlM0QlMjBuZXclMjBnb29nbGUubWFwcy5NYXAlMjhkb2N1bWVudC5nZXRFbGVtZW50QnlJZCUyOCUyMm1hcCUyMiUyOSUyQyUyMCU3QiUwQSUyMCUyMCUwQSUyMCUyMCUyMCUwQSUyMCUyMCUyMCUyMGRpc2FibGVEZWZhdWx0VUklM0ElMjB0cnVlJTJDJTBBJTIwJTIwJTdEJTI5JTNCJTBBJTdEJTBBJTBBJTBBJTNDJTJGc2NyaXB0JTNF[\/vc_raw_js][\/vc_column][\/vc_row]<\/p>\n<\/div>","protected":false},"excerpt":{"rendered":"<p class=\"post-excerpt\">[vc_row offset_top=&#8221;180&#8243; is_overlay=&#8221;enable&#8221; overlay_opacity=&#8221;65&#8243; overlay_color=&#8221;#192435&#8243; css=&#8221;.vc_custom_1612901501906{background-image: url(https:\/\/linksoft.ro\/staging\/wp-content\/uploads\/2021\/02\/contact.png?id=6417) !important;}&#8221; class=&#8221;titlu-pg-contact&#8221;][vc_column][vc_column_text class=&#8221;titlu-pagina&#8221;] Detalii de contact [\/vc_column_text][\/vc_column][\/vc_row][vc_row offset_top=&#8221;180&#8243; css=&#8221;.vc_custom_1611169852138{padding-top: 50px !important;}&#8221; class=&#8221;pagina-contact&#8221;][vc_column width=&#8221;1\/2&#8243; class=&#8221;text-contact&#8221;][vc_column_text] Am fi \u00eenc\u00e2nta\u021bi s\u0103 \u00ee\u021bi r\u0103spundem la orice \u00eentreb\u0103ri pe care le-ai putea avea despre cum te putem ajuta, trebuie doar s\u0103 completezi formularul al\u0103turat sau s\u0103 folose\u0219ti detaliile&#8230;\n<\/p>","protected":false},"author":1,"featured_media":0,"parent":0,"menu_order":0,"comment_status":"closed","ping_status":"closed","template":"","meta":{"footnotes":""},"class_list":["post-29","page","type-page","status-publish","hentry"],"_links":{"self":[{"href":"https:\/\/linksoft.ro\/staging\/wp-json\/wp\/v2\/pages\/29","targetHints":{"allow":["GET"]}}],"collection":[{"href":"https:\/\/linksoft.ro\/staging\/wp-json\/wp\/v2\/pages"}],"about":[{"href":"https:\/\/linksoft.ro\/staging\/wp-json\/wp\/v2\/types\/page"}],"author":[{"embeddable":true,"href":"https:\/\/linksoft.ro\/staging\/wp-json\/wp\/v2\/users\/1"}],"replies":[{"embeddable":true,"href":"https:\/\/linksoft.ro\/staging\/wp-json\/wp\/v2\/comments?post=29"}],"version-history":[{"count":4,"href":"https:\/\/linksoft.ro\/staging\/wp-json\/wp\/v2\/pages\/29\/revisions"}],"predecessor-version":[{"id":10014,"href":"https:\/\/linksoft.ro\/staging\/wp-json\/wp\/v2\/pages\/29\/revisions\/10014"}],"wp:attachment":[{"href":"https:\/\/linksoft.ro\/staging\/wp-json\/wp\/v2\/media?parent=29"}],"curies":[{"name":"wp","href":"https:\/\/api.w.org\/{rel}","templated":true}]}}