{"id":5138,"date":"2020-02-09T08:09:02","date_gmt":"2020-02-09T08:09:02","guid":{"rendered":"https:\/\/linksoft.ro\/staging\/staging\/?page_id=5138"},"modified":"2025-01-13T15:21:39","modified_gmt":"2025-01-13T15:21:39","slug":"blog-linksoft","status":"publish","type":"page","link":"https:\/\/linksoft.ro\/staging\/blog-linksoft\/","title":{"rendered":"New Blog"},"content":{"rendered":"<div class=\"wpb-content-wrapper\"><p>[vc_row offset_top=&#8221;180&#8243; is_overlay=&#8221;enable&#8221; overlay_opacity=&#8221;50&#8243; overlay_color=&#8221;#192435&#8243; css=&#8221;.vc_custom_1730883340789{background-image: url(https:\/\/linksoft.ro\/staging\/wp-content\/uploads\/2024\/11\/professional-programmer-working-late-dark-office-scaled.jpg?id=10099) !important;}&#8221;][vc_column][vc_column_text class=&#8221;titlu-pagina&#8221;]<\/p>\n<h1><strong>Tech Blog<\/strong><\/h1>\n<p>Insight-uri puternice care dezv\u0103luie cele mai noi<br \/>\ntendin\u021be din lumea tehnologiei.[\/vc_column_text]<div class=\"text-left\"><a href=\"\/contact\/\" title=\"Contact\" data-custom-color=\".btn-custom-c7fbb333 {background-color: #1e53a8;}\n.btn-custom-c7fbb333:hover {background-color: #163e7d;}\" class=\"btn btn-solid btn-rounded btn-custom btn-lg buton-titlu btn-custom-c7fbb333\">Contacteaz\u0103-ne<\/a><\/div>[\/vc_column][\/vc_row][vc_row offset_top=&#8221;180&#8243; class=&#8221;blogtop&#8221;][vc_column]\t\t<div class=\"blog-posts grid-layout masonry-grid col-1\">\n\t\t\t<div class=\"gutter-sizer\"><\/div>\n\t\t\t<div class=\"grid-sizer\"><\/div>\n\t\t\t<div class=\"grid-item\">\n<article id=\"post-10243\" class=\"post-tile post-10243 post type-post status-publish format-standard has-post-thumbnail hentry category-fara-categorie-ro\">\n<div class=\" textblogtop\">\n<div class=\"text-block\">\n<p class=\"taguri\"><\/p>\n<h2 class=\"post-title titlu-blogs\"><a href=\"https:\/\/linksoft.ro\/staging\/tranzitia-de-la-outbound-la-real-time-marketing-in-dynamics-365-customer-insights\/\">Tranzi\u021bia de la Outbound la Real-Time Marketing \u00een Dynamics 365 Customer Insights<\/a><b style=\"color: #e32636;\">.<\/b><\/h2>\n\t\t\t\n\t\t\t<p><p class=\"post-excerpt\">[vc_row][vc_column width=&#8221;1\/6&#8243;][\/vc_column][vc_column width=&#8221;3\/4&#8243;][vc_column_text] Marketingul nu mai este o strad\u0103 cu sens unic. Zilele \u00een care se trimiteau \u00een mas\u0103 emailuri generice, sper\u00e2nd ca ceva s\u0103 prind\u0103, apun rapid. \u00cen lumea hiperpersonalizat\u0103 de ast\u0103zi, clien\u021bii se a\u0219teapt\u0103 la interac\u021biuni relevante, oportun \u0219i semnificative, iar Microsoft r\u0103spunde acestei cereri printr-o schimbare major\u0103&#8230;\n<\/p><\/p>\n\t\t\t<\/div>\n<\/div>\n<div class=\"imgblogtop \">\n\n<p>\t\t\t\t\t<a href=\"https:\/\/linksoft.ro\/staging\/tranzitia-de-la-outbound-la-real-time-marketing-in-dynamics-365-customer-insights\/\"><img loading=\"lazy\" decoding=\"async\" width=\"1366\" height=\"768\" src=\"https:\/\/linksoft.ro\/staging\/wp-content\/uploads\/2025\/06\/Copy-of-1-Template-Blog-Visuals-33.png\" class=\"attachment-small size-small wp-post-image\" alt=\"De la Outbound la Real Time Marketing\" srcset=\"https:\/\/linksoft.ro\/staging\/wp-content\/uploads\/2025\/06\/Copy-of-1-Template-Blog-Visuals-33.png 1366w, https:\/\/linksoft.ro\/staging\/wp-content\/uploads\/2025\/06\/Copy-of-1-Template-Blog-Visuals-33-300x169.png 300w, https:\/\/linksoft.ro\/staging\/wp-content\/uploads\/2025\/06\/Copy-of-1-Template-Blog-Visuals-33-1024x576.png 1024w, https:\/\/linksoft.ro\/staging\/wp-content\/uploads\/2025\/06\/Copy-of-1-Template-Blog-Visuals-33-768x432.png 768w\" sizes=\"auto, (max-width: 1366px) 100vw, 1366px\" \/><\/a><\/p>\t\t\t<\/div>\n\t\n\n<\/article>\n<\/div>\t\t<\/div>\n\t\t[\/vc_column][\/vc_row][vc_row offset_top=&#8221;180&#8243; class=&#8221;container-blog&#8221;][vc_column][vc_column_text][searchandfilter id=&#8221;8754&#8243; ]<\/p>\n<p>[searchandfilter id=&#8221;8754&#8243; show=&#8221;results&#8221;][\/vc_column_text][\/vc_column][\/vc_row]<\/p>\n<\/div>","protected":false},"excerpt":{"rendered":"<p class=\"post-excerpt\">[vc_row offset_top=&#8221;180&#8243; is_overlay=&#8221;enable&#8221; overlay_opacity=&#8221;50&#8243; overlay_color=&#8221;#192435&#8243; css=&#8221;.vc_custom_1730883340789{background-image: url(https:\/\/linksoft.ro\/staging\/wp-content\/uploads\/2024\/11\/professional-programmer-working-late-dark-office-scaled.jpg?id=10099) !important;}&#8221;][vc_column][vc_column_text class=&#8221;titlu-pagina&#8221;] Tech Blog Insight-uri puternice care dezv\u0103luie cele mai noi tendin\u021be din lumea tehnologiei.[\/vc_column_text][\/vc_column][\/vc_row][vc_row offset_top=&#8221;180&#8243; class=&#8221;blogtop&#8221;][vc_column][\/vc_column][\/vc_row][vc_row offset_top=&#8221;180&#8243; class=&#8221;container-blog&#8221;][vc_column][vc_column_text][searchandfilter id=&#8221;8754&#8243; ] [searchandfilter id=&#8221;8754&#8243; show=&#8221;results&#8221;][\/vc_column_text][\/vc_column][\/vc_row]\n<\/p>","protected":false},"author":1,"featured_media":0,"parent":0,"menu_order":0,"comment_status":"closed","ping_status":"closed","template":"","meta":{"footnotes":""},"class_list":["post-5138","page","type-page","status-publish","hentry"],"_links":{"self":[{"href":"https:\/\/linksoft.ro\/staging\/wp-json\/wp\/v2\/pages\/5138","targetHints":{"allow":["GET"]}}],"collection":[{"href":"https:\/\/linksoft.ro\/staging\/wp-json\/wp\/v2\/pages"}],"about":[{"href":"https:\/\/linksoft.ro\/staging\/wp-json\/wp\/v2\/types\/page"}],"author":[{"embeddable":true,"href":"https:\/\/linksoft.ro\/staging\/wp-json\/wp\/v2\/users\/1"}],"replies":[{"embeddable":true,"href":"https:\/\/linksoft.ro\/staging\/wp-json\/wp\/v2\/comments?post=5138"}],"version-history":[{"count":4,"href":"https:\/\/linksoft.ro\/staging\/wp-json\/wp\/v2\/pages\/5138\/revisions"}],"predecessor-version":[{"id":10152,"href":"https:\/\/linksoft.ro\/staging\/wp-json\/wp\/v2\/pages\/5138\/revisions\/10152"}],"wp:attachment":[{"href":"https:\/\/linksoft.ro\/staging\/wp-json\/wp\/v2\/media?parent=5138"}],"curies":[{"name":"wp","href":"https:\/\/api.w.org\/{rel}","templated":true}]}}