{"id":6218,"date":"2021-02-03T17:18:34","date_gmt":"2021-02-03T17:18:34","guid":{"rendered":"https:\/\/linksoft.ro\/staging\/staging\/?page_id=6218"},"modified":"2021-10-19T12:01:07","modified_gmt":"2021-10-19T12:01:07","slug":"microsoft-dynamics-365-field-service-ro","status":"publish","type":"page","link":"https:\/\/linksoft.ro\/staging\/microsoft-dynamics-365-field-service-ro\/","title":{"rendered":"Microsoft Dynamics 365 Field Service"},"content":{"rendered":"<div class=\"wpb-content-wrapper\"><p>[vc_row offset_top=&#8221;180&#8243; is_overlay=&#8221;enable&#8221; overlay_opacity=&#8221;65&#8243; overlay_color=&#8221;#192435&#8243; class=&#8221;hitb&#8221; css=&#8221;.vc_custom_1613418443514{background-image: url(https:\/\/linksoft.ro\/staging\/wp-content\/uploads\/2021\/02\/Asset-116.png?id=6572) !important;}&#8221;][vc_column][vc_column_text class=&#8221;titlu-pagina&#8221;]<\/p>\n<h1>Dynamics 365 Field Service<\/h1>\n<p>Ofer\u0103 experien\u021be excep\u021bionale clien\u021bilor, trimite resursa<br \/>\npotrivit\u0103 la locul potrivit, \u00een momentul potrivit.[\/vc_column_text]<div class=\"text-left\"><a href=\"\/contact\/\" title=\"Contact\" data-custom-color=\".btn-custom-4ca1397c {background-color: #1e53a8;}\n.btn-custom-4ca1397c:hover {background-color: #163e7d;}\" class=\"btn btn-solid btn-rounded btn-custom btn-lg buton-titlu btn-custom-4ca1397c\">Contacteaz\u0103-ne<\/a><\/div>[\/vc_column][\/vc_row][vc_row offset_top=&#8221;180&#8243; class=&#8221;partenerul&#8221;][vc_column width=&#8221;1\/6&#8243;][\/vc_column][vc_column width=&#8221;2\/3&#8243;]<h2 class=\"block-title text-dark text-center\">Activitate de service f\u0103r\u0103 sincope<\/h2><hr class=\"hr-solid hr-custom\" style=\"border-top-color: #e32636; border-top-width: 2px; opacity: 1;\">[vc_column_text]<\/p>\n<p style=\"text-align: center;\">Proiectat pentru companiile care desf\u0103\u0219oar\u0103 servicii la domiciliul sau la sediul clien\u021bilor (instalare, \u00eentre\u021binere sau care r\u0103spund la problemele de \u00eentrerupere \/ rezolvare), Microsoft Dynamics 365 Field Service ofer\u0103 o serie de caracteristici ce permit echipelor s\u0103 func\u021bioneze eficient, folosind o platform\u0103 unitar\u0103. Microsoft Dynamics 365 Field Service este inclus \u00een pachetul Dynamics 365 Service \u0219i d\u0103 posibilitatea companiilor s\u0103 ofere clien\u021bilor o experien\u021b\u0103 inedit\u0103 de service \u0219i s\u0103 gestioneze rapid \u0219i eficient blocajele ap\u0103rute \u00een procesele de afaceri.<\/p>\n<p>[\/vc_column_text][\/vc_column][vc_column width=&#8221;1\/6&#8243;][\/vc_column][\/vc_row][vc_row offset_top=&#8221;180&#8243; class=&#8221;sectiunea2&#8243;][vc_column width=&#8221;1\/6&#8243;][\/vc_column][vc_column width=&#8221;2\/3&#8243;]<h2 class=\"block-title text-dark text-center\">De ce sa i\u021bi gestionezi activit\u0103\u021bile cu Dynamics 365 Field Service?<\/h2><hr class=\"hr-solid hr-custom\" style=\"border-top-color: #e32636; border-top-width: 2px; opacity: 1;\">[\/vc_column][vc_column width=&#8221;1\/6&#8243;][\/vc_column][\/vc_row][vc_row offset_top=&#8221;180&#8243; class=&#8221;tech-imgtext&#8221; css=&#8221;.vc_custom_1611937183531{padding-top: 25px !important;}&#8221;][vc_column width=&#8221;1\/2&#8243;][vc_column_text animation=&#8221;fade-right&#8221;]<\/p>\n<h3>Optimizeaz\u0103 Resursele<\/h3>\n<ul>\n<li><strong>Inventar, componente \u0219i logistic\u0103<\/strong>\u2013 Ai actualiz\u0103ri \u00een timp real \u0219i date exacte despre starea inventarului. Po\u021bi repeta comenzi precedente direct din interfa\u021ba platformei.<\/li>\n<li><strong>Administreaz\u0103 bunurile \u0219i echipamentele firmei<\/strong>\u2013 Gestiona\u021bi eficient toate garan\u021biile echipamentelor din teren \u0219i programa\u021bi revizii obligatorii \u0219i op\u021bionale.<\/li>\n<li><strong>Programari automatizate<\/strong>\u2013 Automatiza\u021bi programarea \u00een service \u00een func\u021bie de inventar, abilit\u0103\u021bile angaja\u021bilor, preferin\u021be \u0219i priorit\u0103\u021bi.<\/li>\n<li><strong>Cursivitate<\/strong>\u2013 Monitoriza\u021bi consumul de consumabile esen\u021biale la toate nivelurile, de la depozitul central, p\u00e2n\u0103 la stocul curent al tehnicienilor.<\/li>\n<\/ul>\n<p>[\/vc_column_text][\/vc_column][vc_column width=&#8221;1\/2&#8243;][vc_single_image animation=&#8221;fade-left&#8221; image=&#8221;6223&#8243;][\/vc_column][\/vc_row][vc_row offset_top=&#8221;180&#8243; class=&#8221;tech-imgtext&#8221; css=&#8221;.vc_custom_1611937187753{padding-top: 75px !important;padding-bottom: 75px !important;}&#8221;][vc_column width=&#8221;1\/2&#8243;][vc_single_image animation=&#8221;fade-right&#8221; image=&#8221;6224&#8243;][\/vc_column][vc_column width=&#8221;1\/2&#8243;][vc_column_text animation=&#8221;fade-left&#8221; class=&#8221;primul&#8221;]<\/p>\n<h3>Eficien\u021b\u0103 Opera\u021bional\u0103<\/h3>\n<ul>\n<li><strong>Gestionarea echipei<\/strong>\u2013 Administreaz\u0103 rapid \u0219i eficient sarcinile \u00een curs, \u00eencep\u00e2nd \u00eenc\u0103 de la crearea taskului, desf\u0103\u0219urarea procesului \u0219i p\u00e2n\u0103 la analiz\u0103 dup\u0103 finalizare.<\/li>\n<li><strong>Mobilitate si rute optime<\/strong>\u2013 Optimizeaz\u0103 rutele de deplasare spre loca\u021biile de service \u0219i ofer\u0103 tehnicienilor din teren informa\u021biile necesare din back-office.<\/li>\n<li><strong>Date complete despre clien\u021bi<\/strong>\u2013 Organizeaz\u0103 eficient informa\u021biile despre clien\u021bi \u00eentr-o platforma unic\u0103. Ai acces la informa\u021bii complexe precum garan\u021bii \u0219i drepturile clien\u021bilor, restan\u021be de plat\u0103 \u0219i fi\u0219e de service.<\/li>\n<li><strong>Portal pentru clien\u021bi<\/strong>\u2013 Pune la dispozi\u021bia clien\u021bilor posibilitatea de a urm\u0103ri activit\u0103\u021bile de service \u0219i de a programa interven\u021bii printr-un portal dedicat.<\/li>\n<\/ul>\n<p>[\/vc_column_text][\/vc_column][\/vc_row][vc_row offset_top=&#8221;180&#8243; class=&#8221;tech-imgtext&#8221; css=&#8221;.vc_custom_1611937187753{padding-top: 75px !important;padding-bottom: 75px !important;}&#8221;][vc_column width=&#8221;1\/2&#8243;][vc_column_text animation=&#8221;fade-right&#8221;]<\/p>\n<h3>Digitalizere<\/h3>\n<ul>\n<li><strong>Date analititce<\/strong>\u2013 Ai toate informa\u021biile de care ai nevoie \u00eentr-un singur loc, iar datele analitice \u0219i indicatorii de performan\u021b\u0103 sunt la \u00eendem\u00e2n\u0103 oric\u00e2nd, pentru a putea lua decizii rapide.<\/li>\n<li><strong>Acces de pe device-uri mobile<\/strong>\u2013 Tehnicienii \u0219i agen\u021bii de teren se vor bucur\u0103 de mobilitate maxim\u0103, Microsoft Dynamics Field Service fiind compatibil cu toate device-urile mobile.<\/li>\n<li><strong>Comunicare cu clien\u021bii<\/strong>\u2013 Ofer\u0103 inform\u0103ri, posibilit\u0103\u021bi de programare sau ajustare a interven\u021biilor stabilite sau remindere clien\u021bilor.<\/li>\n<li><strong>Previzionare cu acurate\u021be<\/strong>\u2013 Folose\u0219te previziunile inteligente pentru a spori rata de remediere de la prima interven\u021bie.<\/li>\n<\/ul>\n<p>[\/vc_column_text][\/vc_column][vc_column width=&#8221;1\/2&#8243;][vc_single_image animation=&#8221;fade-left&#8221; image=&#8221;6225&#8243;][\/vc_column][\/vc_row][vc_row offset_top=&#8221;180&#8243; class=&#8221;sectiunea2&#8243;][vc_column width=&#8221;1\/6&#8243;][\/vc_column][vc_column width=&#8221;2\/3&#8243;]<h2 class=\"block-title text-dark text-center\">Beneficiile membrilor companiei<\/h2><hr class=\"hr-solid hr-custom\" style=\"border-top-color: #e32636; border-top-width: 2px; opacity: 1;\">[\/vc_column][vc_column width=&#8221;1\/6&#8243;][\/vc_column][\/vc_row][vc_row offset_top=&#8221;180&#8243; class=&#8221;icoane-echipa sol-crm&#8221;][vc_column width=&#8221;1\/3&#8243;]<div class=\"icon-box icon-box-vertical icon-box-dark icon-box-type-image bg-no text-left\">\n\n\t<div class=\"icon-box-icon\"><img decoding=\"async\" src=\"https:\/\/linksoft.ro\/staging\/wp-content\/uploads\/2021\/01\/General-Manager.svg\" class=\"attachment-full size-full\" alt=\"\" \/><\/div><h3 class=\"icon-box-title\">General Manager<\/h3>\t\t<div class=\"icon-box-description\">\n\t\t\t<p>Managerii pot folosi vizibilitatea extins\u0103 a pieselor \u0219i echipamentelor, pot dimensiona corespunz\u0103tor resursele. Astfel vor avea acces la cea mai bun\u0103 solu\u021bie pentru reducerea costurilor \u0219i cre\u0219terea profitabilit\u0103\u021bii.<\/p>\n\t\t<\/div>\n\t<\/div>[\/vc_column][vc_column width=&#8221;1\/3&#8243;]<div class=\"icon-box icon-box-vertical icon-box-dark icon-box-type-image bg-no text-left\">\n\n\t<div class=\"icon-box-icon\"><img decoding=\"async\" src=\"https:\/\/linksoft.ro\/staging\/wp-content\/uploads\/2021\/01\/Sales-Manager.svg\" class=\"attachment-full size-full\" alt=\"\" \/><\/div><h3 class=\"icon-box-title\">Manager<\/h3>\t\t<div class=\"icon-box-description\">\n\t\t\t<p>Cu ajutorul Microsoft Dynamics 365 CRM Field Service, acesta poate eficientiza opera\u021biile de stock management \u0219i gestiona optim echipele din teren.<\/p>\n\t\t<\/div>\n\t<\/div>[\/vc_column][vc_column width=&#8221;1\/3&#8243;]<div class=\"icon-box icon-box-vertical icon-box-dark icon-box-type-image bg-no text-left\">\n\n\t<div class=\"icon-box-icon\"><img decoding=\"async\" src=\"https:\/\/linksoft.ro\/staging\/wp-content\/uploads\/2021\/01\/Sales-Representative.svg\" class=\"attachment-full size-full\" alt=\"\" \/><\/div><h3 class=\"icon-box-title\">Angajat<\/h3>\t\t<div class=\"icon-box-description\">\n\t\t\t<p>Automatizarea opera\u021biunilor de teren permite m\u0103rirea suprafe\u021bei pe care o po\u021bi acoperi \u0219i o mai bun\u0103 gestionare a activit\u0103\u021bii tale.<\/p>\n\t\t<\/div>\n\t<\/div>[\/vc_column][\/vc_row][vc_row offset_top=&#8221;180&#8243; class=&#8221;sectiunea2&#8243;][vc_column width=&#8221;1\/6&#8243;][\/vc_column][vc_column width=&#8221;2\/3&#8243;]<h2 class=\"block-title text-dark text-center titlu-ti\">Contacteaz\u0103-ne acum<small class=\"h2\">las\u0103-ne un mesaj \u0219i unul din consultan\u021bii no\u0219tri te va contacta \u00een mai pu\u021bin de 24 de ore<\/small><\/h2><hr class=\"hr-solid hr-custom\" style=\"border-top-color: #e32636; border-top-width: 2px; opacity: 1;\">[\/vc_column][vc_column width=&#8221;1\/6&#8243;][\/vc_column][\/vc_row][vc_row offset_top=&#8221;180&#8243; css=&#8221;.vc_custom_1614886909463{padding-bottom: 25px !important;}&#8221;][vc_column width=&#8221;1\/6&#8243;][\/vc_column][vc_column width=&#8221;2\/3&#8243;][wpforms id=&#8221;7196&#8243; title=&#8221;false&#8221; description=&#8221;false&#8221;][\/vc_column][vc_column width=&#8221;1\/6&#8243;][\/vc_column][\/vc_row]<\/p>\n<\/div>","protected":false},"excerpt":{"rendered":"<p class=\"post-excerpt\">[vc_row offset_top=&#8221;180&#8243; is_overlay=&#8221;enable&#8221; overlay_opacity=&#8221;65&#8243; overlay_color=&#8221;#192435&#8243; class=&#8221;hitb&#8221; css=&#8221;.vc_custom_1613418443514{background-image: url(https:\/\/linksoft.ro\/staging\/wp-content\/uploads\/2021\/02\/Asset-116.png?id=6572) !important;}&#8221;][vc_column][vc_column_text class=&#8221;titlu-pagina&#8221;] Dynamics 365 Field Service Ofer\u0103 experien\u021be excep\u021bionale clien\u021bilor, trimite resursa potrivit\u0103 la locul potrivit, \u00een momentul potrivit.[\/vc_column_text][\/vc_column][\/vc_row][vc_row offset_top=&#8221;180&#8243; class=&#8221;partenerul&#8221;][vc_column width=&#8221;1\/6&#8243;][\/vc_column][vc_column width=&#8221;2\/3&#8243;][vc_column_text] Proiectat pentru companiile care desf\u0103\u0219oar\u0103 servicii la domiciliul sau la sediul clien\u021bilor (instalare, \u00eentre\u021binere sau care r\u0103spund la problemele&#8230;\n<\/p>","protected":false},"author":13,"featured_media":0,"parent":0,"menu_order":0,"comment_status":"closed","ping_status":"closed","template":"","meta":{"footnotes":""},"class_list":["post-6218","page","type-page","status-publish","hentry"],"_links":{"self":[{"href":"https:\/\/linksoft.ro\/staging\/wp-json\/wp\/v2\/pages\/6218","targetHints":{"allow":["GET"]}}],"collection":[{"href":"https:\/\/linksoft.ro\/staging\/wp-json\/wp\/v2\/pages"}],"about":[{"href":"https:\/\/linksoft.ro\/staging\/wp-json\/wp\/v2\/types\/page"}],"author":[{"embeddable":true,"href":"https:\/\/linksoft.ro\/staging\/wp-json\/wp\/v2\/users\/13"}],"replies":[{"embeddable":true,"href":"https:\/\/linksoft.ro\/staging\/wp-json\/wp\/v2\/comments?post=6218"}],"version-history":[{"count":0,"href":"https:\/\/linksoft.ro\/staging\/wp-json\/wp\/v2\/pages\/6218\/revisions"}],"wp:attachment":[{"href":"https:\/\/linksoft.ro\/staging\/wp-json\/wp\/v2\/media?parent=6218"}],"curies":[{"name":"wp","href":"https:\/\/api.w.org\/{rel}","templated":true}]}}