{"id":6227,"date":"2021-02-03T17:34:25","date_gmt":"2021-02-03T17:34:25","guid":{"rendered":"https:\/\/linksoft.ro\/staging\/staging\/?page_id=6227"},"modified":"2021-10-19T08:23:54","modified_gmt":"2021-10-19T08:23:54","slug":"microsoft-dynamics-365-marketing-ro","status":"publish","type":"page","link":"https:\/\/linksoft.ro\/staging\/microsoft-dynamics-365-marketing-ro\/","title":{"rendered":"Microsoft Dynamics 365 Marketing"},"content":{"rendered":"<div class=\"wpb-content-wrapper\"><p>[vc_row offset_top=&#8221;180&#8243; is_overlay=&#8221;enable&#8221; overlay_opacity=&#8221;65&#8243; overlay_color=&#8221;#192435&#8243; css=&#8221;.vc_custom_1613418348595{background-image: url(https:\/\/linksoft.ro\/staging\/wp-content\/uploads\/2021\/02\/Asset-114.png?id=6570) !important;}&#8221; class=&#8221;hitb&#8221;][vc_column][vc_column_text class=&#8221;titlu-pagina&#8221;]<\/p>\n<h1>Dynamics 365 Marketing<\/h1>\n<p>Descoperi \u0219i califici leadurile, gestionezi rela\u021biile de<br \/>\nbusiness \u0219i cre\u0219ti oportunit\u0103\u021bile.[\/vc_column_text]<div class=\"text-left\"><a href=\"\/contact\/\" title=\"Contact\" data-custom-color=\".btn-custom-032a6c1b {background-color: #1e53a8;}\n.btn-custom-032a6c1b:hover {background-color: #163e7d;}\" class=\"btn btn-solid btn-rounded btn-custom btn-lg buton-titlu btn-custom-032a6c1b\">Contacteaz\u0103-ne<\/a><\/div>[\/vc_column][\/vc_row][vc_row offset_top=&#8221;180&#8243; class=&#8221;partenerul&#8221;][vc_column width=&#8221;1\/6&#8243;][\/vc_column][vc_column width=&#8221;2\/3&#8243;]<h2 class=\"block-title text-dark text-center\">Provoc\u0103ri mari, oportunit\u0103\u021bi mari<\/h2><hr class=\"hr-solid hr-custom\" style=\"border-top-color: #e32636; border-top-width: 2px; opacity: 1;\">[vc_column_text]<\/p>\n<p style=\"text-align: center;\">Microsoft Dynamics 365 Marketing este conceput pentru a v\u0103 ajuta s\u0103 atrage\u021bi mai mul\u021bi clien\u021bi poten\u021biali, s\u0103 alinia\u021bi v\u00e2nz\u0103rile \u0219i marketingul \u0219i s\u0103 lua\u021bi decizii informate. Probabil cel mai important avantaj competitiv al modulului Dynamics 365 Marketing este faptul c\u0103 func\u021bioneaz\u0103 \u00eempreun\u0103 cu Dynamics 365 Sales pe aceea\u0219i platform\u0103 \u0219i permite echipelor accesul \u0219i analiza aceluia\u0219i set complex de date despre clien\u021bi. Software-ul de automatizare a marketingului Microsoft func\u021bioneaz\u0103, de asemenea, f\u0103r\u0103 probleme cu aplica\u021biile existente, cum ar fi Instrumentul de angajare web, Portalurile web Dynamics, LinkedIn \u0219i instrumentele de colaborare Office 365.<\/p>\n<p>[\/vc_column_text][\/vc_column][vc_column width=&#8221;1\/6&#8243;][\/vc_column][\/vc_row][vc_row offset_top=&#8221;180&#8243; class=&#8221;sectiunea2&#8243;][vc_column width=&#8221;1\/6&#8243;][\/vc_column][vc_column width=&#8221;2\/3&#8243;]<h2 class=\"block-title text-dark text-center\">De ce s\u0103 \u00ee\u021bi gestionezi activit\u0103\u021bile cu Dynamics 365 Marketing?<\/h2><hr class=\"hr-solid hr-custom\" style=\"border-top-color: #e32636; border-top-width: 2px; opacity: 1;\">[\/vc_column][vc_column width=&#8221;1\/6&#8243;][\/vc_column][\/vc_row][vc_row offset_top=&#8221;180&#8243; class=&#8221;tech-imgtext&#8221; css=&#8221;.vc_custom_1611937183531{padding-top: 25px !important;}&#8221;][vc_column width=&#8221;1\/2&#8243;][vc_column_text animation=&#8221;fade-right&#8221;]<\/p>\n<h3>Genereaz\u0103 Lead-uri<\/h3>\n<ul>\n<li><strong>Deruleaz\u0103 campanii de marketing omni-channel<\/strong>\u2013 Atrage audien\u021b\u0103 potrivit\u0103 \u0219i monitorizeaz\u0103 lead-uri din e-mail marketing, landing pages, webinarii, apeluri telefonice \u0219i evenimente.<\/li>\n<li><strong>Personalizeaz\u0103 experien\u021ba clientului<\/strong>\u2013 Folose\u0219te template-uri configurabile \u0219i instrumente special concepute pentru a personaliza experien\u021ba clien\u021bilor, baz\u00e2ndu-te pe interac\u021biunile avute.<\/li>\n<li><strong>Recomand\u0103ri de produse<\/strong>\u2013 Construie\u0219te \u0219i dezvolt\u0103 o prezen\u021b\u0103 sporit\u0103 \u00een Social Media pentru a cre\u0219te reputa\u021bia \u0219i a lua contact cu clien\u021bii poten\u021biali pe toate canalele digitale.<\/li>\n<li><strong>Define\u0219te traseul clientului\u00a0<\/strong>\u2013 Urm\u0103re\u0219te traseul clientului de la faza de prospectare p\u00e2n\u0103 la faza de achizi\u021bie pentru a putea crea touch-point-uri cu mesajele adecvate fiec\u0103rei faze.<\/li>\n<\/ul>\n<p>[\/vc_column_text][\/vc_column][vc_column width=&#8221;1\/2&#8243;][vc_single_image animation=&#8221;fade-left&#8221; image=&#8221;6228&#8243;][\/vc_column][\/vc_row][vc_row offset_top=&#8221;180&#8243; class=&#8221;tech-imgtext&#8221; css=&#8221;.vc_custom_1611937187753{padding-top: 75px !important;padding-bottom: 75px !important;}&#8221;][vc_column width=&#8221;1\/2&#8243;][vc_single_image animation=&#8221;fade-right&#8221; image=&#8221;6229&#8243;][\/vc_column][vc_column width=&#8221;1\/2&#8243; class=&#8221;primul&#8221;][vc_column_text animation=&#8221;fade-left&#8221;]<\/p>\n<h3>Consolideaz\u0103 informa\u021biile<\/h3>\n<ul>\n<li><strong>Seteaz\u0103 priorit\u0103\u021bi<\/strong>\u2013 Folose\u0219te inteligen\u021ba integrat\u0103 pentru a alege criteriile optime de segmentare \u0219i adreseaz\u0103-te mereu audien\u021bei potrivite.<\/li>\n<li><strong>Monitorizeaz\u0103 rezultatele<\/strong>\u2013 Urm\u0103re\u0219te performan\u021bele campaniilor \u0219i activit\u0103\u021bilor de Marketing cu rapoarte \u0219i analize Power BI.<\/li>\n<li><strong>Integreaz\u0103 echipa de v\u00e2nzare<\/strong>\u2013 Optimizeaz\u0103 eforturile de v\u00e2nzare \u0219i permite automatizarea proceselor pentru a rezolva sarcini repetitive folosind cele mai bune practici disponibile.<\/li>\n<li><strong>Conecteaz\u0103-te la Social Media<\/strong>\u2013 Distribuie, g\u0103se\u0219te \u0219i conecteaz\u0103-te cu oameni \u0219i companii \u00een Social Media pentru a genera noi lead-uri.<\/li>\n<\/ul>\n<p>[\/vc_column_text][\/vc_column][\/vc_row][vc_row offset_top=&#8221;180&#8243; class=&#8221;tech-imgtext&#8221; css=&#8221;.vc_custom_1611937187753{padding-top: 75px !important;padding-bottom: 75px !important;}&#8221;][vc_column width=&#8221;1\/2&#8243;][vc_column_text animation=&#8221;fade-right&#8221;]<\/p>\n<h3>Optimizeaz\u0103 Marketingul \u0219i V\u00e2nz\u0103rile<\/h3>\n<ul>\n<li><strong>Cre\u0219te productivitatea<\/strong>\u2013 Utilizeazp instrumente familiare, cum ar fi \u0219abloane Word pentru a crea documente, \u0219abloane Excel pentru a analiza activit\u0103\u021bile de marketing sau SharePoint pentru a permite echipei accesul c\u0103tre acestea.<\/li>\n<li><strong>Adun\u0103 date despre clien\u021bi<\/strong>\u2013 Creaz\u0103 un singur centru de date care stocheaz\u0103 informa\u021bii despre contacte, lead-uri \u0219i clien\u021bi ce pot fi accesate de toate departamentele.<\/li>\n<li><strong>Analizeaz\u0103 eficient<\/strong>\u2013 Urm\u0103re\u0219te clien\u021bii poten\u021biali mai eficient \u0219i transform\u0103 oportunitatea \u00een v\u00e2nzare prin fluxuri de lucru automatizate.<\/li>\n<li><strong>Gestioneaz\u0103 partenerii<\/strong>\u2013 Adaug\u0103 o nou\u0103 dimensiune colabor\u0103rilor tale fluidiz\u00e2nd transferul informa\u021biilor spre consumatorii finali, prin intermediul partenerilor de distribu\u021bie \u00een portaluri dedicate acestora.<\/li>\n<\/ul>\n<p>[\/vc_column_text][\/vc_column][vc_column width=&#8221;1\/2&#8243;][vc_single_image animation=&#8221;fade-left&#8221; image=&#8221;6230&#8243;][\/vc_column][\/vc_row][vc_row offset_top=&#8221;180&#8243; class=&#8221;sectiunea2&#8243;][vc_column width=&#8221;1\/6&#8243;][\/vc_column][vc_column width=&#8221;2\/3&#8243;]<h2 class=\"block-title text-dark text-center\">Beneficiile membrilor companiei<\/h2><hr class=\"hr-solid hr-custom\" style=\"border-top-color: #e32636; border-top-width: 2px; opacity: 1;\">[\/vc_column][vc_column width=&#8221;1\/6&#8243;][\/vc_column][\/vc_row][vc_row offset_top=&#8221;180&#8243; class=&#8221;icoane-echipa sol-crm&#8221;][vc_column width=&#8221;1\/3&#8243;]<div class=\"icon-box icon-box-vertical icon-box-dark icon-box-type-image bg-no text-left\">\n\n\t<div class=\"icon-box-icon\"><img decoding=\"async\" src=\"https:\/\/linksoft.ro\/staging\/wp-content\/uploads\/2021\/01\/General-Manager.svg\" class=\"attachment-full size-full\" alt=\"\" \/><\/div><h3 class=\"icon-box-title\">General Manager<\/h3>\t\t<div class=\"icon-box-description\">\n\t\t\t<p>Cu o vedere de ansamblu asupra activit\u0103\u021bilor de marketing, Directorul Executiv poate evalua mai bine starea pie\u021belor, analiza concuren\u021bii \u0219i adapta strategiile de management din mers. De asemenea, vei avea acces la o varietate de rapoarte, analize \u0219i grafice concepute pentru a te ajuta s\u0103 iei cele mai bune decizii.<\/p>\n\t\t<\/div>\n\t<\/div>[\/vc_column][vc_column width=&#8221;1\/3&#8243;]<div class=\"icon-box icon-box-vertical icon-box-dark icon-box-type-image bg-no text-left\">\n\n\t<div class=\"icon-box-icon\"><img decoding=\"async\" src=\"https:\/\/linksoft.ro\/staging\/wp-content\/uploads\/2021\/01\/Sales-Manager.svg\" class=\"attachment-full size-full\" alt=\"\" \/><\/div><h3 class=\"icon-box-title\">Marketing Manager<\/h3>\t\t<div class=\"icon-box-description\">\n\t\t\t<p>Observ\u00e2nd cu aten\u021bie activit\u0103\u021bile de marketing, performan\u021ba campaniilor \u0219i comportamentul clien\u021bilor pentru fiecare categorie a publicului vizat, managerul de marketing poate optimiza rentabilitatea investi\u021biei \u0219i poate fundamenta \u00een mod eficient deciziile \u0219i strategiile de marketing.<\/p>\n\t\t<\/div>\n\t<\/div>[\/vc_column][vc_column width=&#8221;1\/3&#8243;]<div class=\"icon-box icon-box-vertical icon-box-dark icon-box-type-image bg-no text-left\">\n\n\t<div class=\"icon-box-icon\"><img decoding=\"async\" src=\"https:\/\/linksoft.ro\/staging\/wp-content\/uploads\/2021\/01\/Sales-Representative.svg\" class=\"attachment-full size-full\" alt=\"\" \/><\/div><h3 class=\"icon-box-title\">Marketing Specialist<\/h3>\t\t<div class=\"icon-box-description\">\n\t\t\t<p>Acceseaz\u0103 analizele extinse Power BI, dezvolt\u0103 campanii folosind constructori vizuali avansa\u021bi \u0219i distribuie materiale de marketing special direc\u021bionate, la simpla ap\u0103sare a unui buton. Te po\u021bi conecta de la distan\u021b\u0103 la datele companiei \u00een cel mai scurt timp \u0219i po\u021bi cele mai bune decizii folosind toate datele culese de c\u0103tre sistem.<\/p>\n\t\t<\/div>\n\t<\/div>[\/vc_column][\/vc_row][vc_row offset_top=&#8221;180&#8243; class=&#8221;sectiunea2&#8243;][vc_column width=&#8221;1\/6&#8243;][\/vc_column][vc_column width=&#8221;2\/3&#8243;]<h2 class=\"block-title text-dark text-center titlu-ti\">Contacteaz\u0103-ne acum<small class=\"h2\">las\u0103-ne un mesaj \u0219i unul din consultan\u021bii no\u0219tri te va contacta \u00een mai pu\u021bin de 24 de ore<\/small><\/h2><hr class=\"hr-solid hr-custom\" style=\"border-top-color: #e32636; border-top-width: 2px; opacity: 1;\">[\/vc_column][vc_column width=&#8221;1\/6&#8243;][\/vc_column][\/vc_row][vc_row offset_top=&#8221;180&#8243; css=&#8221;.vc_custom_1614886909463{padding-bottom: 25px !important;}&#8221;][vc_column width=&#8221;1\/6&#8243;][\/vc_column][vc_column width=&#8221;2\/3&#8243;][wpforms id=&#8221;7196&#8243; title=&#8221;false&#8221; description=&#8221;false&#8221;][\/vc_column][vc_column width=&#8221;1\/6&#8243;][\/vc_column][\/vc_row]<\/p>\n<\/div>","protected":false},"excerpt":{"rendered":"<p class=\"post-excerpt\">[vc_row offset_top=&#8221;180&#8243; is_overlay=&#8221;enable&#8221; overlay_opacity=&#8221;65&#8243; overlay_color=&#8221;#192435&#8243; css=&#8221;.vc_custom_1613418348595{background-image: url(https:\/\/linksoft.ro\/staging\/wp-content\/uploads\/2021\/02\/Asset-114.png?id=6570) !important;}&#8221; class=&#8221;hitb&#8221;][vc_column][vc_column_text class=&#8221;titlu-pagina&#8221;] Dynamics 365 Marketing Descoperi \u0219i califici leadurile, gestionezi rela\u021biile de business \u0219i cre\u0219ti oportunit\u0103\u021bile.[\/vc_column_text][\/vc_column][\/vc_row][vc_row offset_top=&#8221;180&#8243; class=&#8221;partenerul&#8221;][vc_column width=&#8221;1\/6&#8243;][\/vc_column][vc_column width=&#8221;2\/3&#8243;][vc_column_text] Microsoft Dynamics 365 Marketing este conceput pentru a v\u0103 ajuta s\u0103 atrage\u021bi mai mul\u021bi clien\u021bi poten\u021biali, s\u0103 alinia\u021bi v\u00e2nz\u0103rile \u0219i marketingul \u0219i&#8230;\n<\/p>","protected":false},"author":13,"featured_media":0,"parent":0,"menu_order":0,"comment_status":"closed","ping_status":"closed","template":"","meta":{"footnotes":""},"class_list":["post-6227","page","type-page","status-publish","hentry"],"_links":{"self":[{"href":"https:\/\/linksoft.ro\/staging\/wp-json\/wp\/v2\/pages\/6227","targetHints":{"allow":["GET"]}}],"collection":[{"href":"https:\/\/linksoft.ro\/staging\/wp-json\/wp\/v2\/pages"}],"about":[{"href":"https:\/\/linksoft.ro\/staging\/wp-json\/wp\/v2\/types\/page"}],"author":[{"embeddable":true,"href":"https:\/\/linksoft.ro\/staging\/wp-json\/wp\/v2\/users\/13"}],"replies":[{"embeddable":true,"href":"https:\/\/linksoft.ro\/staging\/wp-json\/wp\/v2\/comments?post=6227"}],"version-history":[{"count":0,"href":"https:\/\/linksoft.ro\/staging\/wp-json\/wp\/v2\/pages\/6227\/revisions"}],"wp:attachment":[{"href":"https:\/\/linksoft.ro\/staging\/wp-json\/wp\/v2\/media?parent=6227"}],"curies":[{"name":"wp","href":"https:\/\/api.w.org\/{rel}","templated":true}]}}