{"id":6233,"date":"2021-02-03T17:58:25","date_gmt":"2021-02-03T17:58:25","guid":{"rendered":"https:\/\/linksoft.ro\/staging\/staging\/?page_id=6233"},"modified":"2021-10-18T12:44:39","modified_gmt":"2021-10-18T12:44:39","slug":"microsoft-power-bi-ro","status":"publish","type":"page","link":"https:\/\/linksoft.ro\/staging\/microsoft-power-bi-ro\/","title":{"rendered":"Microsoft Power BI"},"content":{"rendered":"<div class=\"wpb-content-wrapper\"><p>[vc_row offset_top=&#8221;180&#8243; is_overlay=&#8221;enable&#8221; overlay_opacity=&#8221;65&#8243; overlay_color=&#8221;#192435&#8243; class=&#8221;hitb&#8221; css=&#8221;.vc_custom_1613418258124{background-image: url(https:\/\/linksoft.ro\/staging\/wp-content\/uploads\/2021\/02\/Asset-113.png?id=6569) !important;}&#8221;][vc_column][vc_column_text class=&#8221;titlu-pagina&#8221;]<\/p>\n<h1>Microsoft Power BI<\/h1>\n<p>Utiliza\u021bi orice date prin platforma unificat\u0103 \u0219i<br \/>\nscalabil\u0103 pentru self-service \u0219i business intelligence.[\/vc_column_text]<div class=\"text-left\"><a href=\"\/contact\/\" title=\"Contact\" data-custom-color=\".btn-custom-85881412 {background-color: #1e53a8;}\n.btn-custom-85881412:hover {background-color: #163e7d;}\" class=\"btn btn-solid btn-rounded btn-custom btn-lg buton-titlu btn-custom-85881412\">Contacteaz\u0103-ne<\/a><\/div>[\/vc_column][\/vc_row][vc_row offset_top=&#8221;180&#8243; class=&#8221;partenerul&#8221;][vc_column width=&#8221;1\/6&#8243;][\/vc_column][vc_column width=&#8221;2\/3&#8243;]<h2 class=\"block-title text-dark text-center\">Provoc\u0103ri mari, oportunitati mari<\/h2><hr class=\"hr-solid hr-custom\" style=\"border-top-color: #e32636; border-top-width: 2px; opacity: 1;\">[vc_column_text]<\/p>\n<p style=\"text-align: center;\">Datele fiec\u0103rei companii sunt \u00een permanent\u0103 evolu\u021bie. Se modific\u0103 volumul de date, varietatea acestora, dar \u0219i viteza cu care circul\u0103. Unde sunt datele reale? Cum se pot accesa \u0219i cum aleg formatul potrivit pentru a le analiza? Pentru a solu\u021biona aceste probleme este nevoie de cre\u0219terea accesibilit\u0103\u021bii, capacit\u0103\u021bii de analiz\u0103 \u0219i distribu\u021biei de date. Conceput special pentru a facilita deciziile de afaceri, Power BI este indispensabil pentru a analiza tendin\u021bele, a urm\u0103ri datele financiare \u0219i a identifica oportunit\u0103\u021bile \u0219i riscurile.<\/p>\n<p>[\/vc_column_text][\/vc_column][vc_column width=&#8221;1\/6&#8243;][\/vc_column][\/vc_row][vc_row offset_top=&#8221;180&#8243; class=&#8221;sectiunea2&#8243;][vc_column width=&#8221;1\/6&#8243;][\/vc_column][vc_column width=&#8221;2\/3&#8243;]<h2 class=\"block-title text-dark text-center\">De ce s\u0103 alegi Power BI?<\/h2><hr class=\"hr-solid hr-custom\" style=\"border-top-color: #e32636; border-top-width: 2px; opacity: 1;\">[\/vc_column][vc_column width=&#8221;1\/6&#8243;][\/vc_column][\/vc_row][vc_row offset_top=&#8221;180&#8243; class=&#8221;tech-imgtext&#8221; css=&#8221;.vc_custom_1611937183531{padding-top: 25px !important;}&#8221;][vc_column width=&#8221;1\/2&#8243;][vc_column_text animation=&#8221;fade-right&#8221;]<\/p>\n<h3>Siguran\u021ba Datelor<\/h3>\n<ul>\n<li><strong>Power Queries<\/strong>\u2013 Elimin\u0103 timpul pierdut pentru prelucrarea datelor datorit\u0103 capacit\u0103\u021bilor Power Queries ce permit utilizatorilor s\u0103 construiasc\u0103 fluxuri de<br \/>\ndate \u0219i s\u0103 seteze formatele necesare pentru organizarea datelor.<\/li>\n<li><strong>Interog\u0103ri comune<\/strong>\u2013 Odat\u0103 configurate, interog\u0103rile pot fi distribuite \u00eentre utilizatori, iar accesul, c\u00e2t \u0219i monitorizarea lor sunt facilitate prin motorul de c\u0103utare integrat.<\/li>\n<li><strong>Rapoarte standardizate<\/strong>\u2013 Rapoartele \u0219i dashboard-urile realizate cu Microsoft Power BI sunt complet interactive oferind accesul c\u0103tre seturile de date \u00een func\u021bie de nevoi.<\/li>\n<li><strong>Acces intuitiv<\/strong>\u2013 Power BI are o interfa\u021b\u0103 de utilizare intuitiv\u0103 \u0219i prietenoas\u0103, nefiind necesar ca utilizatorii s\u0103 urmeze cursuri speciale de instruire.<\/li>\n<\/ul>\n<p>[\/vc_column_text][\/vc_column][vc_column width=&#8221;1\/2&#8243;][vc_single_image animation=&#8221;fade-left&#8221; image=&#8221;6234&#8243;][\/vc_column][\/vc_row][vc_row offset_top=&#8221;180&#8243; class=&#8221;tech-imgtext&#8221; css=&#8221;.vc_custom_1611937187753{padding-top: 75px !important;padding-bottom: 75px !important;}&#8221;][vc_column width=&#8221;1\/2&#8243;][vc_single_image animation=&#8221;fade-right&#8221; image=&#8221;6235&#8243;][\/vc_column][vc_column width=&#8221;1\/2&#8243; class=&#8221;primul&#8221;][vc_column_text animation=&#8221;fade-left&#8221;]<\/p>\n<h3>Analiz\u0103 Extins\u0103<\/h3>\n<ul>\n<li><strong>Analiz\u0103 predictiv\u0103 \u2013\u00a0<\/strong>Prin procesul de data mining, solu\u021bia Power BI analizeaz\u0103 date \u0219i informa\u021bii actuale \u0219i istorice, pentru a \u00ee\u021bi oferi previzion\u0103ri precise cu privire la trendurile din industria ta.<\/li>\n<li><strong>Data mining<\/strong>\u2013 D\u0103 posibilitatea echipei de v\u00e2nz\u0103ri s\u0103 valorifice informa\u021biile existente, prin analiza multilateral\u0103 a datelor \u0219i identificarea rapid\u0103 a trendurilor.<\/li>\n<li><strong>Catalog de date<\/strong>\u2013 Cu ajutorul Power BI este posibil\u0103 configurarea unui catalog de date ce poate fi folosit ca motor de c\u0103utare, asigur\u00e2nd accesibilitatea \u0219i interconectarea datelor.<\/li>\n<li><strong>Data Warehouse<\/strong>\u2013 Permite integrarea datelor istorice din mai multe surse \u00eembun\u0103t\u0103\u021bind calitatea lor \u0219i permite accesarea ulterioar\u0103 prin structuri multi-dimensionale OLAP (cuburi).<\/li>\n<\/ul>\n<p>[\/vc_column_text][\/vc_column][\/vc_row][vc_row offset_top=&#8221;180&#8243; class=&#8221;tech-imgtext&#8221; css=&#8221;.vc_custom_1611937187753{padding-top: 75px !important;padding-bottom: 75px !important;}&#8221;][vc_column width=&#8221;1\/2&#8243;][vc_column_text animation=&#8221;fade-right&#8221;]<\/p>\n<h3>U\u0219or de utilizat<\/h3>\n<ul>\n<li><strong>Vitez\u0103\u00a0<\/strong>\u2013 Faciliteaz\u0103 analiza rapid\u0103 a datelor folosind algoritmi eficien\u021bi de compresie, pentru a garanta o experient\u0103 de utilizare inedit\u0103.<\/li>\n<li><strong>Programare\u00a0<\/strong>\u2013 Po\u021bi programa generarea rapoartelor zilnice \u0219i salvarea lor \u00een diverse formate, pentru a fi preg\u0103tit \u0219i informat \u00een fiecare zi.<\/li>\n<li><strong>C\u0103utare \u2013 <\/strong>Folose\u0219te motorul avansat de c\u0103utare ce transform\u0103 limbajul de zi cu zi \u00een interog\u0103ri complexe, pentru a-\u021bi oferi rapoartele relevante.<\/li>\n<li><strong>Mobilitate\u00a0<\/strong>\u2013 Compatibil cu orice dispozitiv mobil, Power BI \u00ee\u021bi ofer\u0103 posibilitatea de a lua decizii \u00een orice moment, oriunde te-ai afla.<\/li>\n<\/ul>\n<p>[\/vc_column_text][\/vc_column][vc_column width=&#8221;1\/2&#8243;][vc_single_image animation=&#8221;fade-left&#8221; image=&#8221;6236&#8243;][\/vc_column][\/vc_row][vc_row offset_top=&#8221;180&#8243; class=&#8221;sectiunea2&#8243;][vc_column width=&#8221;1\/6&#8243;][\/vc_column][vc_column width=&#8221;2\/3&#8243;]<h2 class=\"block-title text-dark text-center\">Beneficiile membrilor companiei<\/h2><hr class=\"hr-solid hr-custom\" style=\"border-top-color: #e32636; border-top-width: 2px; opacity: 1;\">[\/vc_column][vc_column width=&#8221;1\/6&#8243;][\/vc_column][\/vc_row][vc_row offset_top=&#8221;180&#8243; class=&#8221;icoane-echipa sol-crm&#8221;][vc_column width=&#8221;1\/3&#8243;]<div class=\"icon-box icon-box-vertical icon-box-dark icon-box-type-image bg-no text-left\">\n\n\t<div class=\"icon-box-icon\"><img decoding=\"async\" src=\"https:\/\/linksoft.ro\/staging\/wp-content\/uploads\/2021\/01\/General-Manager.svg\" class=\"attachment-full size-full\" alt=\"\" \/><\/div><h3 class=\"icon-box-title\">General Manager<\/h3>\t\t<div class=\"icon-box-description\">\n\t\t\t<p>Cu doar c\u00e2teva click-uri, managerii au acces la interfe\u021be \u0219i rapoarte complexe, disponibile \u00een cel mai scurt timp. Motorul de c\u0103utare avansat face posibil\u0103 generarea de rapoarte relevante chiar \u0219i atunci c\u00e2nd interog\u0103rile sunt f\u0103cute \u00een limbajul de zi cu zi oferindu-\u021bi posibilitatea de a r\u0103m\u00e2ne informat oriunde \u0219i oric\u00e2nd.<\/p>\n\t\t<\/div>\n\t<\/div>[\/vc_column][vc_column width=&#8221;1\/3&#8243;]<div class=\"icon-box icon-box-vertical icon-box-dark icon-box-type-image bg-no text-left\">\n\n\t<div class=\"icon-box-icon\"><img decoding=\"async\" src=\"https:\/\/linksoft.ro\/staging\/wp-content\/uploads\/2021\/01\/Sales-Manager.svg\" class=\"attachment-full size-full\" alt=\"\" \/><\/div><h3 class=\"icon-box-title\">Manager de departament<\/h3>\t\t<div class=\"icon-box-description\">\n\t\t\t<p>Gestioneaz\u0103 rapid \u0219i eficient poten\u021bialele problemele aparute \u00een departamente cu ajutorul analizelor extinse oferite de Power BI. Po\u021bi analiza date din multiple surse \u0219i po\u0219i folosi analize predictive pentru a lua cele mai bune decizii pe termen scurt, mediu \u0219i lung.<\/p>\n\t\t<\/div>\n\t<\/div>[\/vc_column][vc_column width=&#8221;1\/3&#8243;]<div class=\"icon-box icon-box-vertical icon-box-dark icon-box-type-image bg-no text-left\">\n\n\t<div class=\"icon-box-icon\"><img decoding=\"async\" src=\"https:\/\/linksoft.ro\/staging\/wp-content\/uploads\/2021\/01\/Sales-Representative.svg\" class=\"attachment-full size-full\" alt=\"\" \/><\/div><h3 class=\"icon-box-title\">Membru al echipei<\/h3>\t\t<div class=\"icon-box-description\">\n\t\t\t<p>Folose\u0219te puterea de analiz\u0103 a sistemului de raportare pentru a fi mereu preg\u0103tit pentru provoc\u0103rile mediului de business \u00een care activezi. Colaborezi cu colegii de departament pentru a realiza rapoarte complexe prin aplica\u021bii ca Microsoft Teams sau Microsoft Excel.<\/p>\n\t\t<\/div>\n\t<\/div>[\/vc_column][\/vc_row][vc_row offset_top=&#8221;180&#8243; class=&#8221;sectiunea2&#8243;][vc_column width=&#8221;1\/6&#8243;][\/vc_column][vc_column width=&#8221;2\/3&#8243;]<h2 class=\"block-title text-dark text-center titlu-ti\">Contacteaz\u0103-ne acum<small class=\"h2\">las\u0103-ne un mesaj \u0219i unul din consultan\u021bii no\u0219tri te va contacta \u00een mai pu\u021bin de 24 de ore<\/small><\/h2><hr class=\"hr-solid hr-custom\" style=\"border-top-color: #e32636; border-top-width: 2px; opacity: 1;\">[\/vc_column][vc_column width=&#8221;1\/6&#8243;][\/vc_column][\/vc_row][vc_row offset_top=&#8221;180&#8243; css=&#8221;.vc_custom_1614886909463{padding-bottom: 25px !important;}&#8221;][vc_column width=&#8221;1\/6&#8243;][\/vc_column][vc_column width=&#8221;2\/3&#8243;][wpforms id=&#8221;7196&#8243; title=&#8221;false&#8221; description=&#8221;false&#8221;][\/vc_column][vc_column width=&#8221;1\/6&#8243;][\/vc_column][\/vc_row]<\/p>\n<\/div>","protected":false},"excerpt":{"rendered":"<p class=\"post-excerpt\">[vc_row offset_top=&#8221;180&#8243; is_overlay=&#8221;enable&#8221; overlay_opacity=&#8221;65&#8243; overlay_color=&#8221;#192435&#8243; class=&#8221;hitb&#8221; css=&#8221;.vc_custom_1613418258124{background-image: url(https:\/\/linksoft.ro\/staging\/wp-content\/uploads\/2021\/02\/Asset-113.png?id=6569) !important;}&#8221;][vc_column][vc_column_text class=&#8221;titlu-pagina&#8221;] Microsoft Power BI Utiliza\u021bi orice date prin platforma unificat\u0103 \u0219i scalabil\u0103 pentru self-service \u0219i business intelligence.[\/vc_column_text][\/vc_column][\/vc_row][vc_row offset_top=&#8221;180&#8243; class=&#8221;partenerul&#8221;][vc_column width=&#8221;1\/6&#8243;][\/vc_column][vc_column width=&#8221;2\/3&#8243;][vc_column_text] Datele fiec\u0103rei companii sunt \u00een permanent\u0103 evolu\u021bie. Se modific\u0103 volumul de date, varietatea acestora, dar \u0219i viteza cu care circul\u0103&#8230;.\n<\/p>","protected":false},"author":13,"featured_media":0,"parent":0,"menu_order":0,"comment_status":"closed","ping_status":"closed","template":"","meta":{"footnotes":""},"class_list":["post-6233","page","type-page","status-publish","hentry"],"_links":{"self":[{"href":"https:\/\/linksoft.ro\/staging\/wp-json\/wp\/v2\/pages\/6233","targetHints":{"allow":["GET"]}}],"collection":[{"href":"https:\/\/linksoft.ro\/staging\/wp-json\/wp\/v2\/pages"}],"about":[{"href":"https:\/\/linksoft.ro\/staging\/wp-json\/wp\/v2\/types\/page"}],"author":[{"embeddable":true,"href":"https:\/\/linksoft.ro\/staging\/wp-json\/wp\/v2\/users\/13"}],"replies":[{"embeddable":true,"href":"https:\/\/linksoft.ro\/staging\/wp-json\/wp\/v2\/comments?post=6233"}],"version-history":[{"count":0,"href":"https:\/\/linksoft.ro\/staging\/wp-json\/wp\/v2\/pages\/6233\/revisions"}],"wp:attachment":[{"href":"https:\/\/linksoft.ro\/staging\/wp-json\/wp\/v2\/media?parent=6233"}],"curies":[{"name":"wp","href":"https:\/\/api.w.org\/{rel}","templated":true}]}}