{"id":6239,"date":"2021-02-03T18:03:59","date_gmt":"2021-02-03T18:03:59","guid":{"rendered":"https:\/\/linksoft.ro\/staging\/staging\/?page_id=6239"},"modified":"2021-10-14T11:02:09","modified_gmt":"2021-10-14T11:02:09","slug":"robotic-process-automation-ro","status":"publish","type":"page","link":"https:\/\/linksoft.ro\/staging\/robotic-process-automation-ro\/","title":{"rendered":"Robotic Process Automation"},"content":{"rendered":"<div class=\"wpb-content-wrapper\"><p>[vc_row offset_top=&#8221;180&#8243; is_overlay=&#8221;enable&#8221; overlay_opacity=&#8221;65&#8243; overlay_color=&#8221;#192435&#8243; class=&#8221;hitb&#8221; css=&#8221;.vc_custom_1613418300297{background-image: url(https:\/\/linksoft.ro\/staging\/wp-content\/uploads\/2021\/02\/Asset-110.png?id=6566) !important;}&#8221;][vc_column][vc_column_text class=&#8221;titlu-pagina&#8221;]<\/p>\n<h1>Robotic Process Automation<\/h1>\n<p>Procese repetitive automatizate \u0219i integrate.<br \/>\nBun venit \u00een viitor![\/vc_column_text]<div class=\"text-left\"><a href=\"\/contact\/\" title=\"Contact\" data-custom-color=\".btn-custom-cc8fd9b6 {background-color: #1e53a8;}\n.btn-custom-cc8fd9b6:hover {background-color: #163e7d;}\" class=\"btn btn-solid btn-rounded btn-custom btn-lg buton-titlu btn-custom-cc8fd9b6\">Contacteaz\u0103-ne<\/a><\/div>[\/vc_column][\/vc_row][vc_row offset_top=&#8221;180&#8243; class=&#8221;partenerul&#8221;][vc_column width=&#8221;1\/6&#8243;][\/vc_column][vc_column width=&#8221;2\/3&#8243;]<h2 class=\"block-title text-dark text-center\">Provoc\u0103ri mari, oportunit\u0103\u021bi uria\u0219e<\/h2><hr class=\"hr-solid hr-custom\" style=\"border-top-color: #e32636; border-top-width: 2px; opacity: 1;\">[vc_column_text]<\/p>\n<p style=\"text-align: center;\">Pasul urm\u0103tor \u00een digitalizare este deja aici \u0219i aduce transformarea general\u0103 \u0219i uniform\u0103 a proceselor care au caracter repetitiv \u0219i presupun eforturi manuale. Se eficientizeaz\u0103 cele mai importante resurse: personal dedicat, timp alocat, active financiare.<\/p>\n<p style=\"text-align: center;\">Sarcinile de rutin\u0103, repetitive, dar care sunt esen\u021biale pentru activit\u0103\u021bile de baz\u0103, sunt \u0219i cele mai mari consumatoare de resurse \u0219i generatoare de erori. Prin automatizarea robotizat\u0103 a proceselor, modul de lucru tradi\u021bional este reg\u00e2ndit, erorile sunt eliminate, iar angaja\u021bii pot prelua sarcini cu valoare crescut\u0103 pentru companii.<\/p>\n<p>[\/vc_column_text][\/vc_column][vc_column width=&#8221;1\/6&#8243;][\/vc_column][\/vc_row][vc_row offset_top=&#8221;180&#8243; class=&#8221;sectiunea2&#8243;][vc_column width=&#8221;1\/6&#8243;][\/vc_column][vc_column width=&#8221;2\/3&#8243;]<h2 class=\"block-title text-dark text-center\">De ce s\u0103 alegi RPA?<\/h2><hr class=\"hr-solid hr-custom\" style=\"border-top-color: #e32636; border-top-width: 2px; opacity: 1;\">[\/vc_column][vc_column width=&#8221;1\/6&#8243;][\/vc_column][\/vc_row][vc_row offset_top=&#8221;180&#8243; class=&#8221;tech-imgtext&#8221; css=&#8221;.vc_custom_1611937183531{padding-top: 25px !important;}&#8221;][vc_column width=&#8221;1\/2&#8243;][vc_column_text animation=&#8221;fade-right&#8221;]<\/p>\n<h3>Cre\u0219ti eficien\u021ba<\/h3>\n<ul>\n<li><strong>Eficien\u021ba produselor\u2013<\/strong>Tehnologia RPA permite organiza\u021biilor s\u0103 identifice, organizeze \u0219i automatizeze procesele repetitive cu impact major. Cu mapare detaliat\u0103 \u0219i abordare integrat\u0103, conectarea acestora cu celelalte procese ale organiza\u021biei este facil\u0103 \u0219i u\u0219or adoptabil\u0103. Av\u00e2nd potential important de scalare \u0219i \u00eembunatatire, procesele RPA vor cre\u0219te eficien\u021ba pe toate nivelurile organiza\u021bei.<\/li>\n<li><strong>Personal augmentat<\/strong>\u2013 Sarcinile repetitive \u0219i activit\u0103\u021bile recurente sunt problemele zilei de ieri. Angaja\u021bii care beneficiaz\u0103 de sus\u021binerea RPA \u00eenregistreaz\u0103 cre\u0219teri considerabile de productivitate \u0219i creativitate. Task-urile cu grad ridicat de complexitate, \u00een care abordarea uman\u0103 \u0219i\/sau pluridisciplinar\u0103 este necesar\u0103, pot fi acum preluate \u0219i finalizate \u00een timp mai scurt \u0219i cu rezultate notabile.<\/li>\n<\/ul>\n<p>[\/vc_column_text][\/vc_column][vc_column width=&#8221;1\/2&#8243;][vc_single_image animation=&#8221;fade-left&#8221; image=&#8221;6241&#8243;][\/vc_column][\/vc_row][vc_row offset_top=&#8221;180&#8243; class=&#8221;tech-imgtext&#8221; css=&#8221;.vc_custom_1611937187753{padding-top: 75px !important;padding-bottom: 75px !important;}&#8221;][vc_column width=&#8221;1\/2&#8243;][vc_single_image animation=&#8221;fade-right&#8221; image=&#8221;6240&#8243;][\/vc_column][vc_column width=&#8221;1\/2&#8243;][vc_column_text animation=&#8221;fade-left&#8221;]<\/p>\n<h3>Economise\u0219ti timp \u0219i bani<\/h3>\n<ul>\n<li><strong>Implementare \u0219i amortizare rapid\u0103<\/strong>\u2013 Spre deosebire de implementarea software standard, RPA beneficiaz\u0103 de un timp scurt \u00eentre etapa de analiz\u0103 si faza productiv\u0103. Chiar \u0219i cele mai complexe procese pot fi implementate \u00een c\u00e2teva luni pentru a produce rezultate, iar ROI este de cele mai multe ori ob\u021binut \u00een primele 6\/12 luni.<\/li>\n<li><strong>Securitate \u00eenalt<\/strong><strong>\u0103<\/strong>\u2013 Platforma UiPath a fost certificat\u0103 cu cel mai \u00eenalt nivel \u00een programul Veracode Verified Continuous. Participarea \u00een programul Veracode asigur\u0103 c\u0103 platforma UiPath men\u021bine un standard excep\u021bional de \u00eenalt pentru securitatea aplica\u021biei.<\/li>\n<\/ul>\n<p>[\/vc_column_text][\/vc_column][\/vc_row][vc_row offset_top=&#8221;180&#8243; class=&#8221;sectiunea2&#8243;][vc_column width=&#8221;1\/6&#8243;][\/vc_column][vc_column width=&#8221;2\/3&#8243;]<h2 class=\"block-title text-dark text-center\">Beneficiile membrilor companiei<\/h2><hr class=\"hr-solid hr-custom\" style=\"border-top-color: #e32636; border-top-width: 2px; opacity: 1;\">[\/vc_column][vc_column width=&#8221;1\/6&#8243;][\/vc_column][\/vc_row][vc_row offset_top=&#8221;180&#8243; class=&#8221;icoane-echipa&#8221;][vc_column width=&#8221;1\/3&#8243;]<div class=\"icon-box icon-box-vertical icon-box-dark icon-box-type-image bg-no text-left\">\n\n\t<div class=\"icon-box-icon\"><img decoding=\"async\" src=\"https:\/\/linksoft.ro\/staging\/wp-content\/uploads\/2021\/02\/Icon-1.svg\" class=\"attachment-full size-full\" alt=\"\" \/><\/div><h3 class=\"icon-box-title\">Operations Manager<\/h3>\t\t<div class=\"icon-box-description\">\n\t\t\t<p>Elimini erorile din cele mai importante procese \u0219i \u00ee\u021bi concentrezi aten\u021bia c\u0103tre \u00eembun\u0103t\u0103\u021birea \u0219i dezvoltarea lor, nu c\u0103tre gestionarea situa\u021biilor de criz\u0103 \u0219i g\u0103sirea solu\u021biilor temporare. Predictibilitatea proceselor RPA te ajut\u0103 la planificarea mai eficient\u0103 a v\u00e2rfurilor de activitate.<\/p>\n\t\t<\/div>\n\t<\/div>[\/vc_column][vc_column width=&#8221;1\/3&#8243;]<div class=\"icon-box icon-box-vertical icon-box-dark icon-box-type-image bg-no text-left\">\n\n\t<div class=\"icon-box-icon\"><img decoding=\"async\" src=\"https:\/\/linksoft.ro\/staging\/wp-content\/uploads\/2021\/02\/Icon-2.svg\" class=\"attachment-full size-full\" alt=\"\" \/><\/div><h3 class=\"icon-box-title\">Technology Manager<\/h3>\t\t<div class=\"icon-box-description\">\n\t\t\t<p>Ob\u021bii raportul de eficien\u021b\u0103 maxim\u0103 \u00eentre poten\u021bialul tehnologiei utilizate \u0219i interven\u021bia membrilor echipei tale \u00een procesele companiei. Realoci eficient resursele economisite, astfel \u00eencat utilizarea lor s\u0103 genereze impact maxim in arii cheie \u0219i s\u0103 afecteze pozitiv planurile de dezvoltare pe termen mediu \u0219i lung.<\/p>\n\t\t<\/div>\n\t<\/div>[\/vc_column][vc_column width=&#8221;1\/3&#8243;]<div class=\"icon-box icon-box-vertical icon-box-dark icon-box-type-image bg-no text-left\">\n\n\t<div class=\"icon-box-icon\"><img decoding=\"async\" src=\"https:\/\/linksoft.ro\/staging\/wp-content\/uploads\/2021\/01\/Sales-Representative.svg\" class=\"attachment-full size-full\" alt=\"\" \/><\/div><h3 class=\"icon-box-title\">Team member<\/h3>\t\t<div class=\"icon-box-description\">\n\t\t\t<p>\u00ce\u021bi maximizezi poten\u021bialul \u0219i impactul asupra companiei, prin finalizarea sarcinilor complexe \u0219i a proiectelor interdiscipinare. Satisfac\u021bia ob\u021binut\u0103 cre\u0219te, iar gradul de reten\u021bie \u0219i cel de integrare \u00een echip\u0103 sunt ridicate. Evaluarea calitativ\u0103 a aportului t\u0103u profesional este facilitat\u0103.<\/p>\n\t\t<\/div>\n\t<\/div>[\/vc_column][\/vc_row][vc_row offset_top=&#8221;180&#8243; class=&#8221;sectiunea2&#8243;][vc_column width=&#8221;1\/6&#8243;][\/vc_column][vc_column width=&#8221;2\/3&#8243;]<h2 class=\"block-title text-dark text-center titlu-ti\">Contacteaz\u0103-ne acum<small class=\"h2\">las\u0103-ne un mesaj \u0219i unul din consultan\u021bii no\u0219tri te va contacta \u00een mai pu\u021bin de 24 de ore<\/small><\/h2><hr class=\"hr-solid hr-custom\" style=\"border-top-color: #e32636; border-top-width: 2px; opacity: 1;\">[\/vc_column][vc_column width=&#8221;1\/6&#8243;][\/vc_column][\/vc_row][vc_row offset_top=&#8221;180&#8243; css=&#8221;.vc_custom_1614886909463{padding-bottom: 25px !important;}&#8221;][vc_column width=&#8221;1\/6&#8243;][\/vc_column][vc_column width=&#8221;2\/3&#8243;][wpforms id=&#8221;7196&#8243; title=&#8221;false&#8221; description=&#8221;false&#8221;][\/vc_column][vc_column width=&#8221;1\/6&#8243;][\/vc_column][\/vc_row]<\/p>\n<\/div>","protected":false},"excerpt":{"rendered":"<p class=\"post-excerpt\">[vc_row offset_top=&#8221;180&#8243; is_overlay=&#8221;enable&#8221; overlay_opacity=&#8221;65&#8243; overlay_color=&#8221;#192435&#8243; class=&#8221;hitb&#8221; css=&#8221;.vc_custom_1613418300297{background-image: url(https:\/\/linksoft.ro\/staging\/wp-content\/uploads\/2021\/02\/Asset-110.png?id=6566) !important;}&#8221;][vc_column][vc_column_text class=&#8221;titlu-pagina&#8221;] Robotic Process Automation Procese repetitive automatizate \u0219i integrate. Bun venit \u00een viitor![\/vc_column_text][\/vc_column][\/vc_row][vc_row offset_top=&#8221;180&#8243; class=&#8221;partenerul&#8221;][vc_column width=&#8221;1\/6&#8243;][\/vc_column][vc_column width=&#8221;2\/3&#8243;][vc_column_text] Pasul urm\u0103tor \u00een digitalizare este deja aici \u0219i aduce transformarea general\u0103 \u0219i uniform\u0103 a proceselor care au caracter repetitiv \u0219i presupun eforturi manuale. Se&#8230;\n<\/p>","protected":false},"author":13,"featured_media":0,"parent":0,"menu_order":0,"comment_status":"closed","ping_status":"closed","template":"","meta":{"footnotes":""},"class_list":["post-6239","page","type-page","status-publish","hentry"],"_links":{"self":[{"href":"https:\/\/linksoft.ro\/staging\/wp-json\/wp\/v2\/pages\/6239","targetHints":{"allow":["GET"]}}],"collection":[{"href":"https:\/\/linksoft.ro\/staging\/wp-json\/wp\/v2\/pages"}],"about":[{"href":"https:\/\/linksoft.ro\/staging\/wp-json\/wp\/v2\/types\/page"}],"author":[{"embeddable":true,"href":"https:\/\/linksoft.ro\/staging\/wp-json\/wp\/v2\/users\/13"}],"replies":[{"embeddable":true,"href":"https:\/\/linksoft.ro\/staging\/wp-json\/wp\/v2\/comments?post=6239"}],"version-history":[{"count":0,"href":"https:\/\/linksoft.ro\/staging\/wp-json\/wp\/v2\/pages\/6239\/revisions"}],"wp:attachment":[{"href":"https:\/\/linksoft.ro\/staging\/wp-json\/wp\/v2\/media?parent=6239"}],"curies":[{"name":"wp","href":"https:\/\/api.w.org\/{rel}","templated":true}]}}