{"id":6277,"date":"2021-02-06T07:27:48","date_gmt":"2021-02-06T07:27:48","guid":{"rendered":"https:\/\/linksoft.ro\/staging\/staging\/?page_id=6277"},"modified":"2021-10-19T15:02:44","modified_gmt":"2021-10-19T15:02:44","slug":"microsoft-azure-ro","status":"publish","type":"page","link":"https:\/\/linksoft.ro\/staging\/microsoft-azure-ro\/","title":{"rendered":"Microsoft Azure"},"content":{"rendered":"<div class=\"wpb-content-wrapper\"><p>[vc_row offset_top=&#8221;180&#8243; is_overlay=&#8221;enable&#8221; overlay_opacity=&#8221;65&#8243; overlay_color=&#8221;#192435&#8243; css=&#8221;.vc_custom_1613417934440{background-image: url(https:\/\/linksoft.ro\/staging\/wp-content\/uploads\/2020\/02\/shutterstock_679675432.jpg?id=5079) !important;}&#8221; class=&#8221;hitb&#8221;][vc_column][vc_column_text class=&#8221;titlu-pagina&#8221;]<\/p>\n<h1>Microsoft Azure<\/h1>\n<p>Transform\u0103 ideile tale \u00een inova\u021bii utiliz\u00e2nd<br \/>\nprodusele \u0219i serviciile de \u00eencredere Azure![\/vc_column_text]<div class=\"text-left\"><a href=\"\/contact\/\" title=\"Contact\" data-custom-color=\".btn-custom-e1be293d {background-color: #1e53a8;}\n.btn-custom-e1be293d:hover {background-color: #163e7d;}\" class=\"btn btn-solid btn-rounded btn-custom btn-lg buton-titlu btn-custom-e1be293d\">Contacteaz\u0103-ne<\/a><\/div>[\/vc_column][\/vc_row][vc_row offset_top=&#8221;180&#8243; class=&#8221;partenerul&#8221;][vc_column width=&#8221;1\/6&#8243;][\/vc_column][vc_column width=&#8221;2\/3&#8243;]<h2 class=\"block-title text-dark text-center\">Provoc\u0103ri mari, oportunit\u0103\u021bi uria\u0219e<\/h2><hr class=\"hr-solid hr-custom\" style=\"border-top-color: #e32636; border-top-width: 2px; opacity: 1;\">[vc_column_text]<\/p>\n<p style=\"text-align: center;\">Transformarea digital\u0103 aduce dup\u0103 sine un flux dinamic \u0219i continuu de informa\u021bie, a c\u0103rei stocare devine o mare provocare. Cre\u0219terea nevoilor de stocare se traduce \u00een costuri mari pentru achizi\u021bionarea hardware-lui necesar \u0219i \u00een necesitatea utiliz\u0103rii tehnologiilor din ce \u00een mai eficiente, dar \u0219i costisitoare pentru o accesare rapid\u0103. Astfel, serviciile cloud au ap\u0103rut ca o solu\u021bie pe termen lung, oferit\u0103 pentru clien\u021bii no\u0219tri.<\/p>\n<p style=\"text-align: center;\">Accesarea serviciilor de tip cloud poate reduce costurile de utilizare a solu\u021biilor IT (costuri reduse pentru servere, licen\u021be software, hosting, colocare, mentenan\u021b\u0103 sau personal tehnic ultraspecializat) \u0219i ofer\u0103 acces la un tip de tarifare bazat pe procentul de utilizare SAAS. \u00cen acela\u0219i timp, ofer\u0103 flexibilitatea at\u00e2t de necesar\u0103 companiilor \u00een dezvoltare.<\/p>\n<p>[\/vc_column_text][\/vc_column][vc_column width=&#8221;1\/6&#8243;][\/vc_column][\/vc_row][vc_row offset_top=&#8221;180&#8243; class=&#8221;sectiunea2&#8243;][vc_column width=&#8221;1\/6&#8243;][\/vc_column][vc_column width=&#8221;2\/3&#8243;]<h2 class=\"block-title text-dark text-center\">De ce s\u0103 \u00eencerci Cloud Computing cu Microsoft Azure?<\/h2><hr class=\"hr-solid hr-custom\" style=\"border-top-color: #e32636; border-top-width: 2px; opacity: 1;\">[\/vc_column][vc_column width=&#8221;1\/6&#8243;][\/vc_column][\/vc_row][vc_row offset_top=&#8221;180&#8243; class=&#8221;tech-imgtext&#8221; css=&#8221;.vc_custom_1611937183531{padding-top: 25px !important;}&#8221;][vc_column width=&#8221;1\/2&#8243; class=&#8221;primul&#8221;][vc_column_text animation=&#8221;fade-right&#8221;]<\/p>\n<h3>Siguran\u021ba Datelor<\/h3>\n<ul>\n<li><strong>Date criptate <\/strong>\u2013 Microsoft folose\u0219te o gam\u0103 larg\u0103 de controale fizice, de infrastructur\u0103 \u0219i opera\u021bionale, pentru a ajuta la securizarea datelor stocate \u0219i transferurilor de date.<\/li>\n<li><strong>Backup <\/strong>\u2013 Ai acces la solu\u021bii simple, sigure \u0219i eficiente pentru a genera copii de rezerv\u0103 ale datelor tale \u0219i a le recupera din cloud-ul Microsoft Azure.<\/li>\n<li><strong>Roluri de securitate<\/strong>\u2013 Azure \u00ee\u021bi d\u0103 posibilitatea de a administra accesul la datele companiei tale, prin oferirea de permisiuni specifice \u00een functie de sarcinile pe care utilizatorii le au de \u00eendeplinit.<\/li>\n<li><strong>Protec\u021bie Malware \u0219i Ransomware<\/strong>\u2013 Beneficiezi de protec\u021bie activ\u0103 a datelor \u00eempotriva tuturor amenin\u021b\u0103rilor cunoscute, precum \u0219i de un sistem de recuperare a datelor.<\/li>\n<\/ul>\n<p>[\/vc_column_text][\/vc_column][vc_column width=&#8221;1\/2&#8243; class=&#8221;aldoilea&#8221;][vc_single_image animation=&#8221;fade-left&#8221; image=&#8221;6278&#8243;][\/vc_column][\/vc_row][vc_row offset_top=&#8221;180&#8243; class=&#8221;tech-imgtext reverse&#8221; css=&#8221;.vc_custom_1613717476468{padding-top: 75px !important;padding-bottom: 75px !important;}&#8221; id=&#8221;reverse&#8221;][vc_column width=&#8221;1\/2&#8243;][vc_single_image animation=&#8221;fade-right&#8221; image=&#8221;6279&#8243; class=&#8221;aldoilea&#8221;][\/vc_column][vc_column width=&#8221;1\/2&#8243; class=&#8221;primul&#8221;][vc_column_text animation=&#8221;fade-left&#8221;]<\/p>\n<h3>Controlul Costurilor<\/h3>\n<ul>\n<li><strong>Scalabilitate \u0219i flexibilitate<\/strong>\u2013 Infrastructura cloud Azure permite redimensionarea rapi\u0103 \u00een func\u021bie de evolu\u021bia afacerii tale f\u0103r\u0103 lungi procese de achizi\u021bie, durate mari de amortizare a echipamentelor sau riscuri de utilizare insuficient\u0103.<\/li>\n<li><strong>Gestionarea bugetului alocat<\/strong>\u2013 Prin modalitatea de facturare per minut de utilizare efectiv\u0103 po\u021bi ob\u021bine \u00eentotdeauna cel mai bun raport pre\u021b\/calitate, av\u00e2nd control total asupra bugetului.<\/li>\n<li><strong>Siguran\u021b\u0103 la pre\u021b redus<\/strong>\u2013 Sistemele de securitate Azure garanteaz\u0103 replicarea multipl\u0103 a datelor f\u0103r\u0103 costuri suplimentare, asigur\u00e2ndu-\u021bi sisteme de back-up f\u0103r\u0103 costurile presupuse de multiplicarea hardware-ului existent.<\/li>\n<li><strong>Optimizarea costurilor de business<\/strong>\u2013 Optimizezi costurile de investi\u021bii \u0219i amortiz\u0103ri echipamente, costurile de personal asociat mentenan\u021bei serverelor precum \u0219i costurile pentru energia electric\u0103.<\/li>\n<\/ul>\n<p>[\/vc_column_text][\/vc_column][\/vc_row][vc_row offset_top=&#8221;180&#8243; class=&#8221;tech-imgtext&#8221; css=&#8221;.vc_custom_1611937187753{padding-top: 75px !important;padding-bottom: 75px !important;}&#8221;][vc_column width=&#8221;1\/2&#8243; class=&#8221;primul&#8221;][vc_column_text animation=&#8221;fade-right&#8221;]<\/p>\n<h3>Performan\u021b\u0103 \u0219i optimizare<\/h3>\n<ul>\n<li><strong>Managementul oportunit\u0103\u021bilor<\/strong>\u2013 Combina\u021bia puternic\u0103 de servicii IaaS \u0219i PaaS permite construirea, implementarea \u0219i gestionarea cererilor de orice fel pentru o productivitate de neegalat.<\/li>\n<li><strong>Mobilitate<\/strong>\u2013 Po\u021bi folosi orice dispozitiv mobil \u0219i orice sistem de operare (Windows, Android, iOS), pentru a utiliza simplu \u0219i comod instrumentele de business de oriunde \u0219i oric\u00e2nd.<\/li>\n<li><strong>Func\u021bionalitate ne\u00eentrerupt\u0103<\/strong>\u2013 Azure ofer\u0103 un nivel de disponibilitate de clas\u0103 enterprise pentru toate serviciile, suport tehnic 24\/7 \u0219i monitorizare continu\u0103.<\/li>\n<li><strong>Platforma flexibil\u0103<\/strong>\u2013 Ai acces la o gama larg\u0103 de sisteme de operare, limbaje de programare \u0219i sisteme de gestiune a bazelor de date, pentru a te ajut\u0103 \u00een construirea solu\u021biilor tale.<\/li>\n<\/ul>\n<p>[\/vc_column_text][\/vc_column][vc_column width=&#8221;1\/2&#8243;][vc_single_image animation=&#8221;fade-left&#8221; image=&#8221;6278&#8243; class=&#8221;aldoilea&#8221;][\/vc_column][\/vc_row][vc_row offset_top=&#8221;180&#8243; class=&#8221;sectiunea2&#8243;][vc_column width=&#8221;1\/6&#8243;][\/vc_column][vc_column width=&#8221;2\/3&#8243;]<h2 class=\"block-title text-dark text-center\">Beneficiile membrilor companiei<\/h2><hr class=\"hr-solid hr-custom\" style=\"border-top-color: #e32636; border-top-width: 2px; opacity: 1;\">[\/vc_column][vc_column width=&#8221;1\/6&#8243;][\/vc_column][\/vc_row][vc_row offset_top=&#8221;180&#8243; class=&#8221;icoane-echipa sol-crm&#8221;][vc_column width=&#8221;1\/3&#8243;]<div class=\"icon-box icon-box-vertical icon-box-dark icon-box-type-image bg-no text-left\">\n\n\t<div class=\"icon-box-icon\"><img decoding=\"async\" src=\"https:\/\/linksoft.ro\/staging\/wp-content\/uploads\/2021\/01\/General-Manager.svg\" class=\"attachment-full size-full\" alt=\"\" \/><\/div><h3 class=\"icon-box-title\">General Manager<\/h3>\t\t<div class=\"icon-box-description\">\n\t\t\t<p>Optimizezi costurile \u0219i garantezi accesul continuu la date de oriunde \u0219i oric\u00e2nd pentru personalul t\u0103u \u00een condi\u021bii de maxim\u0103 siguran\u021b\u0103.<\/p>\n\t\t<\/div>\n\t<\/div>[\/vc_column][vc_column width=&#8221;1\/3&#8243;]<div class=\"icon-box icon-box-vertical icon-box-dark icon-box-type-image bg-no text-left\">\n\n\t<div class=\"icon-box-icon\"><img decoding=\"async\" src=\"https:\/\/linksoft.ro\/staging\/wp-content\/uploads\/2021\/01\/Sales-Manager.svg\" class=\"attachment-full size-full\" alt=\"\" \/><\/div><h3 class=\"icon-box-title\">Manager de departament<\/h3>\t\t<div class=\"icon-box-description\">\n\t\t\t<p>Degajezi fluxurile opera\u021bionale curente din departamentul t\u0103u \u0219i automatizezi procese care anterior erau rigide, fiind liber s\u0103 te concentrezi asupra unei strategii IT coerente pe termen lung.<\/p>\n\t\t<\/div>\n\t<\/div>[\/vc_column][vc_column width=&#8221;1\/3&#8243;]<div class=\"icon-box icon-box-vertical icon-box-dark icon-box-type-image bg-no text-left\">\n\n\t<div class=\"icon-box-icon\"><img decoding=\"async\" src=\"https:\/\/linksoft.ro\/staging\/wp-content\/uploads\/2021\/01\/Sales-Representative.svg\" class=\"attachment-full size-full\" alt=\"\" \/><\/div><h3 class=\"icon-box-title\">Membru al echipei<\/h3>\t\t<div class=\"icon-box-description\">\n\t\t\t<p>Te po\u021bi bucura de conectivitate la datele companiei \u0219i efectuezi proiecte \u00een colaborare, f\u0103r\u0103 teama de \u00eentreruperi, la nivele constante de performan\u021b\u0103.<\/p>\n\t\t<\/div>\n\t<\/div>[\/vc_column][\/vc_row][vc_row offset_top=&#8221;180&#8243; class=&#8221;sectiunea2&#8243;][vc_column width=&#8221;1\/6&#8243;][\/vc_column][vc_column width=&#8221;2\/3&#8243;]<h2 class=\"block-title text-dark text-center titlu-ti\">Contacteaz\u0103-ne acum<small class=\"h2\">las\u0103-ne un mesaj \u0219i unul din consultan\u021bii no\u0219tri te va contacta \u00een mai pu\u021bin de 24 de ore<\/small><\/h2><hr class=\"hr-solid hr-custom\" style=\"border-top-color: #e32636; border-top-width: 2px; opacity: 1;\">[\/vc_column][vc_column width=&#8221;1\/6&#8243;][\/vc_column][\/vc_row][vc_row offset_top=&#8221;180&#8243; css=&#8221;.vc_custom_1614886909463{padding-bottom: 25px !important;}&#8221;][vc_column width=&#8221;1\/6&#8243;][\/vc_column][vc_column width=&#8221;2\/3&#8243;][wpforms id=&#8221;7196&#8243; title=&#8221;false&#8221; description=&#8221;false&#8221;][\/vc_column][vc_column width=&#8221;1\/6&#8243;][\/vc_column][\/vc_row]<\/p>\n<\/div>","protected":false},"excerpt":{"rendered":"<p class=\"post-excerpt\">[vc_row offset_top=&#8221;180&#8243; is_overlay=&#8221;enable&#8221; overlay_opacity=&#8221;65&#8243; overlay_color=&#8221;#192435&#8243; css=&#8221;.vc_custom_1613417934440{background-image: url(https:\/\/linksoft.ro\/staging\/wp-content\/uploads\/2020\/02\/shutterstock_679675432.jpg?id=5079) !important;}&#8221; class=&#8221;hitb&#8221;][vc_column][vc_column_text class=&#8221;titlu-pagina&#8221;] Microsoft Azure Transform\u0103 ideile tale \u00een inova\u021bii utiliz\u00e2nd produsele \u0219i serviciile de \u00eencredere Azure![\/vc_column_text][\/vc_column][\/vc_row][vc_row offset_top=&#8221;180&#8243; class=&#8221;partenerul&#8221;][vc_column width=&#8221;1\/6&#8243;][\/vc_column][vc_column width=&#8221;2\/3&#8243;][vc_column_text] Transformarea digital\u0103 aduce dup\u0103 sine un flux dinamic \u0219i continuu de informa\u021bie, a c\u0103rei stocare devine o mare provocare. Cre\u0219terea nevoilor de&#8230;\n<\/p>","protected":false},"author":13,"featured_media":0,"parent":0,"menu_order":0,"comment_status":"closed","ping_status":"closed","template":"","meta":{"footnotes":""},"class_list":["post-6277","page","type-page","status-publish","hentry"],"_links":{"self":[{"href":"https:\/\/linksoft.ro\/staging\/wp-json\/wp\/v2\/pages\/6277","targetHints":{"allow":["GET"]}}],"collection":[{"href":"https:\/\/linksoft.ro\/staging\/wp-json\/wp\/v2\/pages"}],"about":[{"href":"https:\/\/linksoft.ro\/staging\/wp-json\/wp\/v2\/types\/page"}],"author":[{"embeddable":true,"href":"https:\/\/linksoft.ro\/staging\/wp-json\/wp\/v2\/users\/13"}],"replies":[{"embeddable":true,"href":"https:\/\/linksoft.ro\/staging\/wp-json\/wp\/v2\/comments?post=6277"}],"version-history":[{"count":0,"href":"https:\/\/linksoft.ro\/staging\/wp-json\/wp\/v2\/pages\/6277\/revisions"}],"wp:attachment":[{"href":"https:\/\/linksoft.ro\/staging\/wp-json\/wp\/v2\/media?parent=6277"}],"curies":[{"name":"wp","href":"https:\/\/api.w.org\/{rel}","templated":true}]}}