{"id":6283,"date":"2021-02-06T07:53:26","date_gmt":"2021-02-06T07:53:26","guid":{"rendered":"https:\/\/linksoft.ro\/staging\/staging\/?page_id=6283"},"modified":"2021-10-19T11:09:50","modified_gmt":"2021-10-19T11:09:50","slug":"microsoft-dynamics-365-human-resources-ro","status":"publish","type":"page","link":"https:\/\/linksoft.ro\/staging\/microsoft-dynamics-365-human-resources-ro\/","title":{"rendered":"Microsoft Dynamics 365 Human Resources"},"content":{"rendered":"<div class=\"wpb-content-wrapper\"><p>[vc_row offset_top=&#8221;180&#8243; is_overlay=&#8221;enable&#8221; overlay_opacity=&#8221;65&#8243; overlay_color=&#8221;#192435&#8243; css=&#8221;.vc_custom_1613417907474{background-image: url(https:\/\/linksoft.ro\/staging\/wp-content\/uploads\/2021\/02\/Asset-1hr.png?id=6595) !important;}&#8221; class=&#8221;hitb&#8221;][vc_column][vc_column_text class=&#8221;titlu-pagina&#8221;]<\/p>\n<h1>Dynamics 365 Human Resources<\/h1>\n<p>Descoper\u0103 cum o solu\u021bie de resurse umane poate<br \/>\nconduce afacerea ta c\u0103tre succes.[\/vc_column_text]<div class=\"text-left\"><a href=\"\/contact\/\" title=\"Contact\" data-custom-color=\".btn-custom-cd178a7c {background-color: #1e53a8;}\n.btn-custom-cd178a7c:hover {background-color: #163e7d;}\" class=\"btn btn-solid btn-rounded btn-custom btn-lg buton-titlu btn-custom-cd178a7c\">Contacteaz\u0103-ne<\/a><\/div>[\/vc_column][\/vc_row][vc_row offset_top=&#8221;180&#8243; class=&#8221;partenerul&#8221;][vc_column width=&#8221;1\/6&#8243;][\/vc_column][vc_column width=&#8221;2\/3&#8243;]<h2 class=\"block-title text-dark text-center\">Provoc\u0103ri mari, oportunit\u0103\u021bi uria\u0219e<\/h2><hr class=\"hr-solid hr-custom\" style=\"border-top-color: #e32636; border-top-width: 2px; opacity: 1;\">[vc_column_text]<\/p>\n<p style=\"text-align: center;\">Proiectat pentru a te ajuta \u00een gestionarea proceselor de resurse umane, Dynamics 365 Human Resources ofer\u0103 informa\u021biile de care ave\u021bi nevoie pentru a construi experien\u021be memorabile pentru angaja\u021bi. O solu\u021bie bazat\u0103 pe modulul de Human Resources te ajut\u0103 s\u0103 conectezi oamenii \u0219i opera\u021biunile, optimiz\u00e2nd costurile dedicate for\u021bei de munc\u0103 \u0219i av\u00e2nd grij\u0103 s\u0103 fii mereu informat asupra nevoilor \u0219i progreselor angaja\u021bilor t\u0103i.<\/p>\n<p>[\/vc_column_text][\/vc_column][vc_column width=&#8221;1\/6&#8243;][\/vc_column][\/vc_row][vc_row offset_top=&#8221;180&#8243; class=&#8221;sectiunea2&#8243;][vc_column width=&#8221;1\/6&#8243;][\/vc_column][vc_column width=&#8221;2\/3&#8243;]<h2 class=\"block-title text-dark text-center\">De ce s\u0103 alegi o solu\u021bie Dynamics 365 Human Resources?<\/h2><hr class=\"hr-solid hr-custom\" style=\"border-top-color: #e32636; border-top-width: 2px; opacity: 1;\">[\/vc_column][vc_column width=&#8221;1\/6&#8243;][\/vc_column][\/vc_row][vc_row offset_top=&#8221;180&#8243; class=&#8221;tech-imgtext&#8221; css=&#8221;.vc_custom_1611937183531{padding-top: 25px !important;}&#8221;][vc_column width=&#8221;1\/2&#8243;][vc_column_text animation=&#8221;fade-right&#8221;]<\/p>\n<h3>Personalul Potrivit<\/h3>\n<ul>\n<li><strong>Integrare LinkedIn<\/strong>\u2013 Po\u021bi c\u0103uta personalul potrivit direct prin intermediul LinkedIn, trimi\u021bi invita\u021bii \u00een calendar, aranjezi interviuri \u0219i administrezi feedback-uri pe baza acestora, totul dintr-un singur loc.<\/li>\n<li><strong>Angaj\u0103ri rapide<\/strong>\u2013 Personalizezi procesul de recrutare \u0219i transmi\u021bi u\u0219or informa\u021biile candida\u021bilor prin echipa de recrutare, direct din platform\u0103 sau prin LinkedIn Talent Solutions.<\/li>\n<li><strong>Familiarizare eficient\u0103<\/strong>\u2013 Po\u021bi crea \u0219abloane de familiarizare pentru to\u021bi angaja\u021bii noi, men\u021bin\u00e2ndu-le interesul din prima zi.<\/li>\n<li><strong>Adapteaz\u0103 procesul de recrutare<\/strong>\u2013 Configureaz\u0103 etape \u0219i activit\u0103\u021bi \u00een procesul de recrutare sau creeaz\u0103 \u0219i public\u0103 posturi disponibile conform nevoilor tale.<\/li>\n<\/ul>\n<p>[\/vc_column_text][\/vc_column][vc_column width=&#8221;1\/2&#8243;][vc_single_image animation=&#8221;fade-left&#8221; image=&#8221;6286&#8243;][\/vc_column][\/vc_row][vc_row offset_top=&#8221;180&#8243; class=&#8221;tech-imgtext&#8221; css=&#8221;.vc_custom_1611937187753{padding-top: 75px !important;padding-bottom: 75px !important;}&#8221;][vc_column width=&#8221;1\/2&#8243;][vc_single_image animation=&#8221;fade-right&#8221; image=&#8221;6285&#8243;][\/vc_column][vc_column width=&#8221;1\/2&#8243; class=&#8221;primul&#8221;][vc_column_text animation=&#8221;fade-left&#8221;]<\/p>\n<h3>Eficien\u021b\u0103 Opera\u021bional\u0103<\/h3>\n<ul>\n<li><strong>Maximizezi impactul strategic<\/strong>\u2013 Po\u021bi automatiza aspecte de rutin\u0103 a activt\u0103\u021bii de resurse umane (beneficii, compensa\u021bii, concedii de odihn\u0103) pentru a cre\u0219te impactul asupra afacerii tale.<\/li>\n<li><strong>Planifici eficient<\/strong>\u2013 Ob\u021bii rapid informatiile de care ai nevoie\u00a0 pentru a fi mereu preg\u0103tit s\u0103 ac\u021bionezi adecvat \u00een planificarea resurselor umane disponibile.<\/li>\n<li><strong>Cre\u0219ti performan\u021ba echipei<\/strong>\u2013 Observ\u0103 activitatea echipei \u00een timp real \u0219i monitorizeaz\u0103 obiectivele atinse cu ajutorul jurnalelor de performan\u021b\u0103.<\/li>\n<li><strong>Integrare Social Media<\/strong>\u2013 Distribuie, g\u0103se\u0219te \u0219i conecteaz\u0103-te cu oameni \u0219i companii \u00een Social Media, pentru a genera noi posibilit\u0103\u021bi de angajare.<\/li>\n<\/ul>\n<p>[\/vc_column_text][\/vc_column][\/vc_row][vc_row offset_top=&#8221;180&#8243; class=&#8221;tech-imgtext&#8221; css=&#8221;.vc_custom_1611937187753{padding-top: 75px !important;padding-bottom: 75px !important;}&#8221;][vc_column width=&#8221;1\/2&#8243;][vc_column_text animation=&#8221;fade-right&#8221;]<\/p>\n<h3>Raportare \u0219i Analiz\u0103<\/h3>\n<ul>\n<li><strong>Analize de personal<\/strong>\u2013 Aduci toate informa\u021biile necesare \u00eentr-un singur loc, de la compensa\u021bie la competen\u021b\u0103, \u0219i p\u00e2n\u0103 la concediu de odihn\u0103.<\/li>\n<li><strong>Date centralizate<\/strong>\u2013 Ai posibilitatea de a integra aplica\u021biile partenerilor t\u0103i, precum \u0219i sistemele pe care le folose\u0219ti deja, \u00eentr-o platforma unitar\u0103.<\/li>\n<li><strong>Mobilitate<\/strong>\u2013 \u00cembun\u0103t\u0103\u021be\u0219te comunicarea, colaborarea \u0219i timpul de r\u0103spuns cu acces securizat la datele de personal de pe orice device mobil.<\/li>\n<li><strong>Digitalizeaz\u0103<\/strong>\u2013 Minimizezi riscul de securitate pe care \u00eel implic\u0103 efortul de colectare, stocare \u0219i accesare a datelor personale necesare \u00een procesele de HR.<\/li>\n<\/ul>\n<p>[\/vc_column_text][\/vc_column][vc_column width=&#8221;1\/2&#8243;][vc_single_image animation=&#8221;fade-left&#8221; image=&#8221;6287&#8243;][\/vc_column][\/vc_row][vc_row offset_top=&#8221;180&#8243; class=&#8221;sectiunea2&#8243;][vc_column width=&#8221;1\/6&#8243;][\/vc_column][vc_column width=&#8221;2\/3&#8243;]<h2 class=\"block-title text-dark text-center\">Beneficiile membrilor companiei<\/h2><hr class=\"hr-solid hr-custom\" style=\"border-top-color: #e32636; border-top-width: 2px; opacity: 1;\">[\/vc_column][vc_column width=&#8221;1\/6&#8243;][\/vc_column][\/vc_row][vc_row offset_top=&#8221;180&#8243; class=&#8221;icoane-echipa sol-crm&#8221;][vc_column width=&#8221;1\/3&#8243;]<div class=\"icon-box icon-box-vertical icon-box-dark icon-box-type-image bg-no text-left\">\n\n\t<div class=\"icon-box-icon\"><img decoding=\"async\" src=\"https:\/\/linksoft.ro\/staging\/wp-content\/uploads\/2021\/01\/General-Manager.svg\" class=\"attachment-full size-full\" alt=\"\" \/><\/div><h3 class=\"icon-box-title\">General Manager<\/h3>\t\t<div class=\"icon-box-description\">\n\t\t\t<p>Cu o vedere de ansamblu asupra activit\u0103\u021bilor de resurse umane, Directorul Executiv poate observa mai bine starea companiei, ob\u021bin\u00e2nd informa\u021bii precise despre nevoile companiei . Po\u021bi vizualiza parcursul profesional al managerilor t\u0103i \u0219i po\u021bi lua cele mai bune decizii \u00een procesele de angajare.<\/p>\n\t\t<\/div>\n\t<\/div>[\/vc_column][vc_column width=&#8221;1\/3&#8243;]<div class=\"icon-box icon-box-vertical icon-box-dark icon-box-type-image bg-no text-left\">\n\n\t<div class=\"icon-box-icon\"><img decoding=\"async\" src=\"https:\/\/linksoft.ro\/staging\/wp-content\/uploads\/2021\/01\/Sales-Manager.svg\" class=\"attachment-full size-full\" alt=\"\" \/><\/div><h3 class=\"icon-box-title\">HR Manager<\/h3>\t\t<div class=\"icon-box-description\">\n\t\t\t<p>Ai acces la toate procedurile \u0219i sarcinile \u00eentr-un singur loc. Po\u021bi urm\u0103ri parcursul profesional al angaja\u021bilor prin evalu\u0103ri periodice accesibile la orice moment. Creezi programe de compensa\u021bie bazate pe indicatori predefini\u021bi \u0219i po\u021bi automatiza procesele de payroll prin integrarea cu alte aplica\u021bii din suita Dynamics 365.<\/p>\n\t\t<\/div>\n\t<\/div>[\/vc_column][vc_column width=&#8221;1\/3&#8243;]<div class=\"icon-box icon-box-vertical icon-box-dark icon-box-type-image bg-no text-left\">\n\n\t<div class=\"icon-box-icon\"><img decoding=\"async\" src=\"https:\/\/linksoft.ro\/staging\/wp-content\/uploads\/2021\/01\/Sales-Representative.svg\" class=\"attachment-full size-full\" alt=\"\" \/><\/div><h3 class=\"icon-box-title\">Angajat<\/h3>\t\t<div class=\"icon-box-description\">\n\t\t\t<p>Beneficiezi de acces la informa\u021biile de care ai nevoie pentru a avea \u00een fiecare zi succes la locul de munc\u0103. Ai acces la training-uri, po\u021bi stabili obiective \u0219i \u00ee\u021bi po\u021bi urm\u0103ri performan\u021ba zilnic\u0103, toate din cadrul profilului t\u0103u de angajat.<\/p>\n\t\t<\/div>\n\t<\/div>[\/vc_column][\/vc_row][vc_row offset_top=&#8221;180&#8243; class=&#8221;sectiunea2&#8243;][vc_column width=&#8221;1\/6&#8243;][\/vc_column][vc_column width=&#8221;2\/3&#8243;]<h2 class=\"block-title text-dark text-center titlu-ti\">Contacteaz\u0103-ne acum<small class=\"h2\">las\u0103-ne un mesaj \u0219i unul din consultan\u021bii no\u0219tri te va contacta \u00een mai pu\u021bin de 24 de ore<\/small><\/h2><hr class=\"hr-solid hr-custom\" style=\"border-top-color: #e32636; border-top-width: 2px; opacity: 1;\">[\/vc_column][vc_column width=&#8221;1\/6&#8243;][\/vc_column][\/vc_row][vc_row offset_top=&#8221;180&#8243; css=&#8221;.vc_custom_1614886909463{padding-bottom: 25px !important;}&#8221;][vc_column width=&#8221;1\/6&#8243;][\/vc_column][vc_column width=&#8221;2\/3&#8243;][wpforms id=&#8221;7196&#8243; title=&#8221;false&#8221; description=&#8221;false&#8221;][\/vc_column][vc_column width=&#8221;1\/6&#8243;][\/vc_column][\/vc_row]<\/p>\n<\/div>","protected":false},"excerpt":{"rendered":"<p class=\"post-excerpt\">[vc_row offset_top=&#8221;180&#8243; is_overlay=&#8221;enable&#8221; overlay_opacity=&#8221;65&#8243; overlay_color=&#8221;#192435&#8243; css=&#8221;.vc_custom_1613417907474{background-image: url(https:\/\/linksoft.ro\/staging\/wp-content\/uploads\/2021\/02\/Asset-1hr.png?id=6595) !important;}&#8221; class=&#8221;hitb&#8221;][vc_column][vc_column_text class=&#8221;titlu-pagina&#8221;] Dynamics 365 Human Resources Descoper\u0103 cum o solu\u021bie de resurse umane poate conduce afacerea ta c\u0103tre succes.[\/vc_column_text][\/vc_column][\/vc_row][vc_row offset_top=&#8221;180&#8243; class=&#8221;partenerul&#8221;][vc_column width=&#8221;1\/6&#8243;][\/vc_column][vc_column width=&#8221;2\/3&#8243;][vc_column_text] Proiectat pentru a te ajuta \u00een gestionarea proceselor de resurse umane, Dynamics 365 Human Resources ofer\u0103 informa\u021biile de care&#8230;\n<\/p>","protected":false},"author":13,"featured_media":0,"parent":0,"menu_order":0,"comment_status":"closed","ping_status":"closed","template":"","meta":{"footnotes":""},"class_list":["post-6283","page","type-page","status-publish","hentry"],"_links":{"self":[{"href":"https:\/\/linksoft.ro\/staging\/wp-json\/wp\/v2\/pages\/6283","targetHints":{"allow":["GET"]}}],"collection":[{"href":"https:\/\/linksoft.ro\/staging\/wp-json\/wp\/v2\/pages"}],"about":[{"href":"https:\/\/linksoft.ro\/staging\/wp-json\/wp\/v2\/types\/page"}],"author":[{"embeddable":true,"href":"https:\/\/linksoft.ro\/staging\/wp-json\/wp\/v2\/users\/13"}],"replies":[{"embeddable":true,"href":"https:\/\/linksoft.ro\/staging\/wp-json\/wp\/v2\/comments?post=6283"}],"version-history":[{"count":0,"href":"https:\/\/linksoft.ro\/staging\/wp-json\/wp\/v2\/pages\/6283\/revisions"}],"wp:attachment":[{"href":"https:\/\/linksoft.ro\/staging\/wp-json\/wp\/v2\/media?parent=6283"}],"curies":[{"name":"wp","href":"https:\/\/api.w.org\/{rel}","templated":true}]}}