{"id":6290,"date":"2021-02-06T08:36:50","date_gmt":"2021-02-06T08:36:50","guid":{"rendered":"https:\/\/linksoft.ro\/staging\/staging\/?page_id=6290"},"modified":"2021-10-27T10:00:10","modified_gmt":"2021-10-27T10:00:10","slug":"crm-medical-ro","status":"publish","type":"page","link":"https:\/\/linksoft.ro\/staging\/crm-medical-ro\/","title":{"rendered":"CRM Medical"},"content":{"rendered":"<div class=\"wpb-content-wrapper\"><p>[vc_row offset_top=&#8221;180&#8243; is_overlay=&#8221;enable&#8221; overlay_opacity=&#8221;65&#8243; overlay_color=&#8221;#192435&#8243; css=&#8221;.vc_custom_1613417698198{background-image: url(https:\/\/linksoft.ro\/staging\/wp-content\/uploads\/2021\/02\/backmedical.png?id=6334) !important;}&#8221; class=&#8221;hitb&#8221;][vc_column][vc_column_text class=&#8221;titlu-pagina&#8221;]<\/p>\n<h1>CRM Medical<\/h1>\n<p>Gestioneaz\u0103 pacien\u021bii \u0219i procesele mai eficient<br \/>\nutiliz\u00e2nd instrumente inovatoare.[\/vc_column_text]<div class=\"text-left\"><a href=\"\/contact\/\" title=\"Contact\" data-custom-color=\".btn-custom-82ed6008 {background-color: #1e53a8;}\n.btn-custom-82ed6008:hover {background-color: #163e7d;}\" class=\"btn btn-solid btn-rounded btn-custom btn-lg buton-titlu btn-custom-82ed6008\">Contacteaz\u0103-ne<\/a><\/div>[\/vc_column][\/vc_row][vc_row offset_top=&#8221;180&#8243; class=&#8221;partenerul&#8221;][vc_column width=&#8221;1\/6&#8243;][\/vc_column][vc_column width=&#8221;2\/3&#8243;]<h2 class=\"block-title text-dark text-center\">Provoc\u0103rile domeniului medical<\/h2><hr class=\"hr-solid hr-custom\" style=\"border-top-color: #e32636; border-top-width: 2px; opacity: 1;\">[vc_column_text]<\/p>\n<p style=\"text-align: center;\">\u00cen pia\u021ba concuren\u021bial\u0103 medical\u0103 local\u0103, gama de servicii este cea care poate diferen\u021bia compania ta, at\u00e2t din punct de vedere calitativ, c\u00e2t \u0219i cantitativ (puncte de lucru, specialit\u0103\u021bi medicale, investiga\u021bii, cabinete, servicii). La baza businessului medical de calitate st\u0103 grija fa\u021ba de pacien\u021bi \u0219i identificarea c\u00e2t mai precis\u0103 a nevoilor acestora, personalizarea abord\u0103rii fiec\u0103rui caz. Pentru \u0103a \u0219tim deja specificul industriei \u0219i am configurat deja aplica\u021bii care au contribuit real la cre\u0219terea afacerilor medicale, i\u021bi venim \u00een ajutor\u00a0 implement\u00e2m solu\u021bia ideal\u0103 \u00een cel mai scurt timp, cu rezultate optime. Astfel tu i\u021bi vei putea petrece timpul mai eficient concentr\u00e2ndu-te asupra actului medical.<\/p>\n<p>[\/vc_column_text][\/vc_column][vc_column width=&#8221;1\/6&#8243;][\/vc_column][\/vc_row][vc_row offset_top=&#8221;180&#8243; class=&#8221;tech-imgtext&#8221; css=&#8221;.vc_custom_1612605808577{padding-top: 75px !important;}&#8221;][vc_column width=&#8221;1\/2&#8243;][vc_column_text animation=&#8221;fade-right&#8221;]<\/p>\n<h3>Entit\u0103\u021bi gestionate<\/h3>\n<ul>\n<li><strong>Clien\u021bii<\/strong>\u2013 Gestioneaz\u0103 pacien\u021bii \u0219i contractele de asigur\u0103ri pentru companii utiliz\u00e2nd o solu\u021bie complet\u0103 care \u00ee\u021bi ofer\u0103 func\u021bionalitate specific\u0103 \u00een func\u021bie de profilul clientului.<\/li>\n<li><strong>Catalog de produse medicale<\/strong>\u2013 Gestioneaz\u0103 abonamentele medicale, programeaz\u0103 na\u0219terile \u0219i opera\u021biile, stocheaz\u0103 rezultatele de laborator \u0219i imagistic\u0103 \u0219i creaz\u0103 politici de pre\u021b pe baza detaliilor specifice ale clientului.<\/li>\n<li><strong>Loca\u021bii si parteneriate<\/strong>\u2013 Creaz\u0103 o baza de date centralizat\u0103 care stocheaz\u0103 informa\u021biile provenite de la toate loca\u021biile tale \u0219i ale partenerilor, asigur\u00e2nd standarde uniforme de calitate la toate nivelele afacerii tale.<\/li>\n<li><strong>Medici<\/strong>\u2013 Genereaz\u0103 profiluri pentru medici, programeaz\u0103 proceduri medicale \u0219i gestioneaz\u0103 mai bine rela\u021biile medic-pacient.<\/li>\n<\/ul>\n<p>[\/vc_column_text][\/vc_column][vc_column width=&#8221;1\/2&#8243;][vc_single_image animation=&#8221;fade-left&#8221; image=&#8221;6292&#8243;][\/vc_column][\/vc_row][vc_row offset_top=&#8221;180&#8243; class=&#8221;tech-imgtext&#8221; css=&#8221;.vc_custom_1611937187753{padding-top: 75px !important;padding-bottom: 75px !important;}&#8221;][vc_column width=&#8221;1\/2&#8243;][vc_single_image animation=&#8221;fade-right&#8221; image=&#8221;6291&#8243;][\/vc_column][vc_column width=&#8221;1\/2&#8243;][vc_column_text animation=&#8221;fade-left&#8221;]<\/p>\n<h3>Procese Administrate<\/h3>\n<ul>\n<li><strong>Managementul Leadurilor<\/strong>\u2013 Optimizeaz\u0103 \u0219i gestioneaz\u0103 procesele de generare de leaduri, asigur\u00e2nd rentabilitatea investi\u021biilor de marketing \u0219i promovare.<\/li>\n<li><strong>Account Management<\/strong>\u2013 Ai o viziune de ansamblu asupra portofoliului de clien\u021bi \u0219i po\u021bi configura notific\u0103ri pentru a te ajuta s\u0103 gestionezi mai eficient solicit\u0103rile acestora.<\/li>\n<li><strong>V\u00e2nz\u0103ri<\/strong>\u2013 Gestioneaz\u0103 procesele de v\u00e2nzare, pipeline-urile \u0219i automatiza\u021bi canalele de comunicare. Genereaz\u0103 rapoarte complete \u0219i analize complexe pentru a \u00een\u021belege mai bine indicatorii cheie de performan\u021b\u0103.<\/li>\n<li><strong>Customer Support<\/strong>\u2013 Optimizeaz\u0103 timpul de r\u0103spuns la solicit\u0103rile clien\u021bilor prin automatizarea proceselor de call center \u0219i prin implementarea unui sistem de asisten\u021b\u0103 inovator pe toate canalele disponibile.<\/li>\n<li><strong>Marketing<\/strong>&#8211; Identific\u0103 produsele \u0219i serviciile potrivite fiec\u0103rui client \u0219i creaz\u0103 campanii de marketing cu abordare segmentat\u0103 \u00een func\u021bie de nevoile selectate. Automatizezi procesele de reten\u021bie \u0219i loializare a pacien\u021bilor, prime\u0219ti sugestii pentru v\u00e2nzarea grupat\u0103 a serviciilor medicale \u0219i alerte pentru re\u00eennoinrea abonamentelor.<\/li>\n<\/ul>\n<p>[\/vc_column_text][\/vc_column][\/vc_row][vc_row offset_top=&#8221;180&#8243; class=&#8221;sectiunea2&#8243;][vc_column width=&#8221;1\/6&#8243;][\/vc_column][vc_column width=&#8221;2\/3&#8243;]<h2 class=\"block-title text-dark text-center\">Utilizatorii Solu\u021biei<\/h2><hr class=\"hr-solid hr-custom\" style=\"border-top-color: #e32636; border-top-width: 2px; opacity: 1;\">[\/vc_column][vc_column width=&#8221;1\/6&#8243;][\/vc_column][\/vc_row][vc_row offset_top=&#8221;180&#8243; class=&#8221;icoane-echipa icoane-solutii sol-crm&#8221;][vc_column width=&#8221;1\/4&#8243;]<div class=\"icon-box icon-box-vertical icon-box-dark icon-box-type-image bg-no text-center\">\n\n\t<div class=\"icon-box-icon\"><img loading=\"lazy\" decoding=\"async\" width=\"402\" height=\"350\" src=\"https:\/\/linksoft.ro\/staging\/wp-content\/uploads\/2021\/02\/4.png\" class=\"attachment-full size-full\" alt=\"\" srcset=\"https:\/\/linksoft.ro\/staging\/wp-content\/uploads\/2021\/02\/4.png 402w, https:\/\/linksoft.ro\/staging\/wp-content\/uploads\/2021\/02\/4-300x261.png 300w\" sizes=\"auto, (max-width: 402px) 100vw, 402px\" \/><\/div><h3 class=\"icon-box-title\">V\u00e2nz\u0103ri<\/h3><\/div>[\/vc_column][vc_column width=&#8221;1\/4&#8243;]<div class=\"icon-box icon-box-vertical icon-box-dark icon-box-type-image bg-no text-center\">\n\n\t<div class=\"icon-box-icon\"><img loading=\"lazy\" decoding=\"async\" width=\"402\" height=\"350\" src=\"https:\/\/linksoft.ro\/staging\/wp-content\/uploads\/2021\/02\/3.png\" class=\"attachment-full size-full\" alt=\"\" srcset=\"https:\/\/linksoft.ro\/staging\/wp-content\/uploads\/2021\/02\/3.png 402w, https:\/\/linksoft.ro\/staging\/wp-content\/uploads\/2021\/02\/3-300x261.png 300w\" sizes=\"auto, (max-width: 402px) 100vw, 402px\" \/><\/div><h3 class=\"icon-box-title\">Marketing<\/h3><\/div>[\/vc_column][vc_column width=&#8221;1\/4&#8243;]<div class=\"icon-box icon-box-vertical icon-box-dark icon-box-type-image bg-no text-center\">\n\n\t<div class=\"icon-box-icon\"><img loading=\"lazy\" decoding=\"async\" width=\"402\" height=\"350\" src=\"https:\/\/linksoft.ro\/staging\/wp-content\/uploads\/2021\/02\/2.png\" class=\"attachment-full size-full\" alt=\"\" srcset=\"https:\/\/linksoft.ro\/staging\/wp-content\/uploads\/2021\/02\/2.png 402w, https:\/\/linksoft.ro\/staging\/wp-content\/uploads\/2021\/02\/2-300x261.png 300w\" sizes=\"auto, (max-width: 402px) 100vw, 402px\" \/><\/div><h3 class=\"icon-box-title\">Medicii<\/h3><\/div>[\/vc_column][vc_column width=&#8221;1\/4&#8243;]<div class=\"icon-box icon-box-vertical icon-box-dark icon-box-type-image bg-no text-center\">\n\n\t<div class=\"icon-box-icon\"><img loading=\"lazy\" decoding=\"async\" width=\"402\" height=\"350\" src=\"https:\/\/linksoft.ro\/staging\/wp-content\/uploads\/2021\/02\/1.png\" class=\"attachment-full size-full\" alt=\"\" srcset=\"https:\/\/linksoft.ro\/staging\/wp-content\/uploads\/2021\/02\/1.png 402w, https:\/\/linksoft.ro\/staging\/wp-content\/uploads\/2021\/02\/1-300x261.png 300w\" sizes=\"auto, (max-width: 402px) 100vw, 402px\" \/><\/div><h3 class=\"icon-box-title\">Pacien\u021bii<\/h3><\/div>[\/vc_column][\/vc_row][vc_row offset_top=&#8221;180&#8243; class=&#8221;sectiunea2&#8243;][vc_column width=&#8221;1\/6&#8243;][\/vc_column][vc_column width=&#8221;2\/3&#8243;]<h2 class=\"block-title text-dark text-center titlu-ti\">Ce spun clien\u021bii nostri<\/h2><hr class=\"hr-solid hr-custom\" style=\"border-top-color: #e32636; border-top-width: 2px; opacity: 1;\">[\/vc_column][vc_column width=&#8221;1\/6&#8243;][\/vc_column][\/vc_row][vc_row offset_top=&#8221;180&#8243;][vc_column class=&#8221;testimoniale1&#8243;]<div class=\"testimonials-slider carousel-dark text-center text-dark carousel-dots-inside carousel-dots-center carousel-effect-slide carousel-autoplay-enable testimonial-servicii\" data-slick='{\"arrows\":false,\"dots\":true,\"infinite\":true,\"fade\":false,\"autoplay\":false,\"autoplaySpeed\":3000}'><div class=\"testimonial-slide padding-top-3x padding-bottom-5x\"\">\n\t<div class=\"container\">\n\t\t<div class=\"inner\">\n\t\t\t<a href=\"http:\/\/www.raiffeisen-leasing.ro\" class=\"testimonial-logo\"><img loading=\"lazy\" decoding=\"async\" width=\"240\" height=\"70\" src=\"https:\/\/linksoft.ro\/staging\/wp-content\/uploads\/2019\/05\/logo-raiffeissen-client-crm.jpg\" class=\"attachment-full size-full\" alt=\"raiffeisen CRM client\" \/><\/a>\n\t\t\t<h3 class=\"h2\">CRM performant<\/h3>\n\t\t\t<blockquote>\n\t\t\t\t<p>\u201cApreciem modul \u00een care Linksoft a \u00een\u021beles procesele de business \u0219i a \u0219tiut s\u0103 se adapteze cerin\u021belor noastre de calitate, astfel \u00eenc\u00e2t acum dispunem de un CRM opera\u021bional foarte performant care ne ajut\u0103 s\u0103 urm\u0103rim mai bine \u0219i mai repede nevoile celor peste 5000 de clien\u021bi \u0219i s\u0103 gestion\u0103m lead-urile din baze de date externe prin filtrare automat\u0103 \u00een baza criteriilor prestabilite.\u201d<\/p>\n\t\t\t\t<cite>Bob De Man,  CEO <a href=\"http:\/\/www.raiffeisen-leasing.ro\">Raiffeisen Leasing<\/a><\/cite>\n\t\t\t<\/blockquote>\n\t\t\t\n\t\t<\/div>\n\t<\/div>\n<\/div><div class=\"testimonial-slide padding-top-3x padding-bottom-5x\"\">\n\t<div class=\"container\">\n\t\t<div class=\"inner\">\n\t\t\t<div href=\"https:\/\/www.mercedes-benz.ro\/passengercars.html\" class=\"testimonial-logo\"><img loading=\"lazy\" decoding=\"async\" width=\"240\" height=\"70\" src=\"https:\/\/linksoft.ro\/staging\/wp-content\/uploads\/2019\/05\/logo-mercedes-client-crm.jpg\" class=\"attachment-full size-full\" alt=\"logo mercedes client crm\" \/><\/div>\n\t\t\t<h3 class=\"h2\">Succes in parteneriat<\/h3>\n\t\t\t<blockquote>\n\t\t\t\t<p>\u201cSuccesul implement\u0103rii solu\u021biilor software de business este determinat de dedicarea, expertiza \u0219i profesionalismul partenerului de implementare. \r\nEchipa Linksoft a demonstrat acest lucru \u00een decursul anilor de colaborare.\u201d<\/p>\n\t\t\t\t<cite>Claudiu Arion,  CIO <a href=\"https:\/\/www.mercedes-benz.ro\/passengercars.html\">Mercedes-Benz Romania<\/a><\/cite>\n\t\t\t<\/blockquote>\n\t\t\t\n\t\t<\/div>\n\t<\/div>\n<\/div><div class=\"testimonial-slide padding-top-3x padding-bottom-5x\"\">\n\t<div class=\"container\">\n\t\t<div class=\"inner\">\n\t\t\t<div href=\"http:\/\/www.caussade-semances.ro\" class=\"testimonial-logo\"><img loading=\"lazy\" decoding=\"async\" width=\"240\" height=\"70\" src=\"https:\/\/linksoft.ro\/staging\/wp-content\/uploads\/2019\/05\/logo-caussade-client-crm.jpg\" class=\"attachment-full size-full\" alt=\"logo caussade client crm\" \/><\/div>\n\t\t\t<h3 class=\"h2\">Cerinte specifice de business<\/h3>\n\t\t\t<blockquote>\n\t\t\t\t<p>\u201cSolu\u021bia Microsoft Dynamics CRM implementat\u0103 de c\u0103tre echipa Linksoft a reu\u0219it s\u0103 r\u0103spund\u0103 exact cerin\u021belor noastre specifice de business, at\u00e2t pentru procesele de comercializare a semin\u021belor pentru cultur\u0103 mare \u0219i plante furajere, c\u00e2t \u0219i pentru ob\u021binerea unei imagini complete asupra clien\u021bilor \u0219i gestionarea echipei de v\u00e2nz\u0103ri din teren.\u201d<\/p>\n\t\t\t\t<cite>Mihail Serban,  Marketing Manager <a href=\"http:\/\/www.caussade-semances.ro\">Caussade Semences<\/a><\/cite>\n\t\t\t<\/blockquote>\n\t\t\t\n\t\t<\/div>\n\t<\/div>\n<\/div><div class=\"testimonial-slide padding-top-3x padding-bottom-5x\"\">\n\t<div class=\"container\">\n\t\t<div class=\"inner\">\n\t\t\t<a href=\"https:\/\/www.reginamaria.ro\" class=\"testimonial-logo\"><img loading=\"lazy\" decoding=\"async\" width=\"350\" height=\"178\" src=\"https:\/\/linksoft.ro\/staging\/wp-content\/uploads\/2021\/02\/876b53_c675baec437a4c0eae2dd772e8725399_mv2-e1612601243504.png\" class=\"attachment-full size-full\" alt=\"Regina Maria CRM client\" \/><\/a>\n\t\t\t<h3 class=\"h2\">Moment important in medicina<\/h3>\n\t\t\t<blockquote>\n\t\t\t\t<p>&quot;\u00cempreun\u0103 cu Linksoft am implementat \u0219i continu\u0103m s\u0103 dezvolt\u0103m platforma CRM conform specificului nostru de activitate. Principalele beneficii pe care platforma CRM ni le ofer\u0103 sunt imaginea de ansamblu asupra pacientului \u0219i istoricului s\u0103u \u00eentr-un singur loc, rapoartele de date relevante \u0219i actualizate, precum \u0219i procesele de v\u00e2nz\u0103ri automatizate.&quot;<\/p>\n\t\t\t\t<cite>Cosmin Panaete,  Business Processes Director <a href=\"https:\/\/www.reginamaria.ro\">Regina Maria<\/a><\/cite>\n\t\t\t<\/blockquote>\n\t\t\t\n\t\t<\/div>\n\t<\/div>\n<\/div><\/div>[\/vc_column][\/vc_row][vc_row offset_top=&#8221;180&#8243; class=&#8221;sectiunea2 solutii-imaginetext studiu-caz-ascuns&#8221;][vc_column width=&#8221;1\/12&#8243;][\/vc_column][vc_column width=&#8221;10\/12&#8243;][vc_column_text]<\/p>\n<div class=\"ti-home\">\n<div class=\"text22\">\n<div class=\"continut-text22\">\n<h1 class=\"block-title text-dark text-left\">Studiu de Caz<\/h1>\n<h1 class=\"block-title text-dark text-left\">Regina Maria<b style=\"color: #e32636;\">.<\/b><\/h1>\n<p>Parteneri in implementarea platformei proprii CRM pentru cresterea productivit\u0103\u021bii.<\/p>\n<\/div>\n<\/div>\n<div class=\"img22 regina\">\n<div class=\"over-img22\"><img loading=\"lazy\" decoding=\"async\" class=\"alignnone size-medium wp-image-5792\" src=\"\/wp-content\/uploads\/2021\/02\/em-logo.png\" alt=\"\" width=\"200\" height=\"200\" \/><\/div>\n<div class=\"over-img22-al\"><\/div>\n<\/div>\n<\/div>\n<p>[\/vc_column_text][\/vc_column][vc_column width=&#8221;1\/12&#8243;][\/vc_column][\/vc_row][vc_row offset_top=&#8221;180&#8243; class=&#8221;sectiunea2&#8243;][vc_column width=&#8221;1\/6&#8243;][\/vc_column][vc_column width=&#8221;2\/3&#8243;]<h2 class=\"block-title text-dark text-center titlu-ti\">Contacteaz\u0103-ne acum<small class=\"h2\">las\u0103-ne un mesaj \u0219i unul din consultan\u021bii no\u0219tri te va contacta \u00een mai pu\u021bin de 24 de ore<\/small><\/h2><hr class=\"hr-solid hr-custom\" style=\"border-top-color: #e32636; border-top-width: 2px; opacity: 1;\">[\/vc_column][vc_column width=&#8221;1\/6&#8243;][\/vc_column][\/vc_row][vc_row offset_top=&#8221;180&#8243; css=&#8221;.vc_custom_1614886909463{padding-bottom: 25px !important;}&#8221;][vc_column width=&#8221;1\/6&#8243;][\/vc_column][vc_column width=&#8221;2\/3&#8243;][wpforms id=&#8221;7196&#8243; title=&#8221;false&#8221; description=&#8221;false&#8221;][\/vc_column][vc_column width=&#8221;1\/6&#8243;][\/vc_column][\/vc_row]<\/p>\n<\/div>","protected":false},"excerpt":{"rendered":"<p class=\"post-excerpt\">[vc_row offset_top=&#8221;180&#8243; is_overlay=&#8221;enable&#8221; overlay_opacity=&#8221;65&#8243; overlay_color=&#8221;#192435&#8243; css=&#8221;.vc_custom_1613417698198{background-image: url(https:\/\/linksoft.ro\/staging\/wp-content\/uploads\/2021\/02\/backmedical.png?id=6334) !important;}&#8221; class=&#8221;hitb&#8221;][vc_column][vc_column_text class=&#8221;titlu-pagina&#8221;] CRM Medical Gestioneaz\u0103 pacien\u021bii \u0219i procesele mai eficient utiliz\u00e2nd instrumente inovatoare.[\/vc_column_text][\/vc_column][\/vc_row][vc_row offset_top=&#8221;180&#8243; class=&#8221;partenerul&#8221;][vc_column width=&#8221;1\/6&#8243;][\/vc_column][vc_column width=&#8221;2\/3&#8243;][vc_column_text] \u00cen pia\u021ba concuren\u021bial\u0103 medical\u0103 local\u0103, gama de servicii este cea care poate diferen\u021bia compania ta, at\u00e2t din punct de vedere calitativ, c\u00e2t \u0219i cantitativ (puncte&#8230;\n<\/p>","protected":false},"author":13,"featured_media":0,"parent":0,"menu_order":0,"comment_status":"closed","ping_status":"closed","template":"","meta":{"footnotes":""},"class_list":["post-6290","page","type-page","status-publish","hentry"],"_links":{"self":[{"href":"https:\/\/linksoft.ro\/staging\/wp-json\/wp\/v2\/pages\/6290","targetHints":{"allow":["GET"]}}],"collection":[{"href":"https:\/\/linksoft.ro\/staging\/wp-json\/wp\/v2\/pages"}],"about":[{"href":"https:\/\/linksoft.ro\/staging\/wp-json\/wp\/v2\/types\/page"}],"author":[{"embeddable":true,"href":"https:\/\/linksoft.ro\/staging\/wp-json\/wp\/v2\/users\/13"}],"replies":[{"embeddable":true,"href":"https:\/\/linksoft.ro\/staging\/wp-json\/wp\/v2\/comments?post=6290"}],"version-history":[{"count":0,"href":"https:\/\/linksoft.ro\/staging\/wp-json\/wp\/v2\/pages\/6290\/revisions"}],"wp:attachment":[{"href":"https:\/\/linksoft.ro\/staging\/wp-json\/wp\/v2\/media?parent=6290"}],"curies":[{"name":"wp","href":"https:\/\/api.w.org\/{rel}","templated":true}]}}