{"id":6484,"date":"2021-02-12T02:37:51","date_gmt":"2021-02-12T02:37:51","guid":{"rendered":"https:\/\/linksoft.ro\/staging\/staging\/?page_id=6484"},"modified":"2021-03-04T20:18:41","modified_gmt":"2021-03-04T20:18:41","slug":"consultanta","status":"publish","type":"page","link":"https:\/\/linksoft.ro\/staging\/consultanta\/","title":{"rendered":"Consultan\u021b\u0103"},"content":{"rendered":"<div class=\"wpb-content-wrapper\"><p>[vc_row offset_top=&#8221;180&#8243; is_overlay=&#8221;enable&#8221; overlay_opacity=&#8221;65&#8243; overlay_color=&#8221;#192435&#8243; css=&#8221;.vc_custom_1613417653105{background-image: url(https:\/\/linksoft.ro\/staging\/wp-content\/uploads\/2021\/02\/Asset-14.png?id=6560) !important;}&#8221; class=&#8221;hitb&#8221;][vc_column][vc_column_text class=&#8221;titlu-pagina&#8221;]<\/p>\n<h1>Consultan\u021b\u0103<\/h1>\n<p>Maximiz\u0103m poten\u021bialul sistemelor Dynamics 365<br \/>\npentru a-\u021bi dep\u0103\u0219i a\u0219tept\u0103rile.[\/vc_column_text]<div class=\"text-left\"><a href=\"\/contact\/\" title=\"Contact\" data-custom-color=\".btn-custom-36b083dd {background-color: #1e53a8;}\n.btn-custom-36b083dd:hover {background-color: #163e7d;}\" class=\"btn btn-solid btn-rounded btn-custom btn-lg buton-titlu btn-custom-36b083dd\">Contacteaz\u0103-ne<\/a><\/div>[\/vc_column][\/vc_row][vc_row offset_top=&#8221;180&#8243; class=&#8221;partenerul&#8221;][vc_column width=&#8221;1\/6&#8243;][\/vc_column][vc_column width=&#8221;2\/3&#8243;]<h2 class=\"block-title text-dark text-center\">We do CRM really really well, so you don\u2019t have to<\/h2><hr class=\"hr-solid hr-custom\" style=\"border-top-color: #e32636; border-top-width: 2px; opacity: 1;\">[vc_column_text]<\/p>\n<p style=\"text-align: center;\">\u0218tim c\u0103 ideea de a implementa sau de a revitaliza un sistem CRM poate p\u0103rea o provocare imposibil de dep\u0103\u0219it. De aceea misiunea noastr\u0103 este s\u0103 te ajut\u0103m \u00eenc\u0103 de la procesul de planificare strategic\u0103 \u0219i p\u00e2n\u0103 la implementarea solu\u021biilor, instruirea personalului \u0219i oferirea asisten\u021bei tehnice. Avem experien\u021ba certificat\u0103 pentru a garanta succesul viitorului t\u0103u digital.<\/p>\n<p>[\/vc_column_text][\/vc_column][vc_column width=&#8221;1\/6&#8243;][\/vc_column][\/vc_row][vc_row offset_top=&#8221;180&#8243; class=&#8221;sectiunea2&#8243;][vc_column width=&#8221;1\/6&#8243;][\/vc_column][vc_column width=&#8221;2\/3&#8243;]<h2 class=\"block-title text-dark text-center\">Ce facem pentru dezvoltarea sistemului t\u0103u IT<\/h2><hr class=\"hr-solid hr-custom\" style=\"border-top-color: #e32636; border-top-width: 2px; opacity: 1;\">[\/vc_column][vc_column width=&#8221;1\/6&#8243;][\/vc_column][\/vc_row][vc_row offset_top=&#8221;180&#8243; class=&#8221;icoane-echipa&#8221;][vc_column width=&#8221;1\/4&#8243;]<div class=\"icon-box icon-box-vertical icon-box-dark icon-box-type-image bg-no text-left\">\n\n\t<div class=\"icon-box-icon\"><img decoding=\"async\" src=\"https:\/\/linksoft.ro\/staging\/wp-content\/uploads\/2021\/02\/Audit.svg\" class=\"attachment-full size-full\" alt=\"\" \/><\/div><h3 class=\"icon-box-title\">Audit<\/h3>\t\t<div class=\"icon-box-description\">\n\t\t\t<p>De la solu\u021bii simple p\u00e2n\u0103 la cele mai complexe, \u0219tim c\u0103 \u00een derularea activit\u0103\u021bii tale folose\u0219ti multiple instrumente pe care trebuie s\u0103 le avem \u00een vedere \u00een relizarea fluxului t\u0103u opera\u021bional.<\/p>\n\t\t<\/div>\n\t<\/div>[\/vc_column][vc_column width=&#8221;1\/4&#8243;]<div class=\"icon-box icon-box-vertical icon-box-dark icon-box-type-image bg-no text-left\">\n\n\t<div class=\"icon-box-icon\"><img decoding=\"async\" src=\"https:\/\/linksoft.ro\/staging\/wp-content\/uploads\/2021\/02\/Analiza.svg\" class=\"attachment-full size-full\" alt=\"\" \/><\/div><h3 class=\"icon-box-title\">Analiz\u0103<\/h3>\t\t<div class=\"icon-box-description\">\n\t\t\t<p>De-a lungul experien\u021bei pe care am acumulat-o \u00een diferite industrii \u0219i sectoare de activitate, am identificat modele diferite de organizare a informa\u021biilor companiilor, garant\u00e2ndu-\u021bi faptul c\u0103 timpul alocat acestui proces este semnificativ redus.<\/p>\n\t\t<\/div>\n\t<\/div>[\/vc_column][vc_column width=&#8221;1\/4&#8243;]<div class=\"icon-box icon-box-vertical icon-box-dark icon-box-type-image bg-no text-left\">\n\n\t<div class=\"icon-box-icon\"><img decoding=\"async\" src=\"https:\/\/linksoft.ro\/staging\/wp-content\/uploads\/2021\/02\/Selectie.svg\" class=\"attachment-full size-full\" alt=\"\" \/><\/div><h3 class=\"icon-box-title\">Selec\u021bia Solu\u021biilor<\/h3>\t\t<div class=\"icon-box-description\">\n\t\t\t<p>Ne asigur\u0103m c\u0103 ai o vedere de ansamblu asupra tuturor op\u021biunilor, pentru a putea alege solu\u021bia cea mai eficient\u0103 din punct de vedere al raportului cost\/beneficii \u0219i a gradelor de customizare necesare.<\/p>\n\t\t<\/div>\n\t<\/div>[\/vc_column][vc_column width=&#8221;1\/4&#8243;]<div class=\"icon-box icon-box-vertical icon-box-dark icon-box-type-image bg-no text-left\">\n\n\t<div class=\"icon-box-icon\"><img decoding=\"async\" src=\"https:\/\/linksoft.ro\/staging\/wp-content\/uploads\/2021\/02\/Automatizare.svg\" class=\"attachment-full size-full\" alt=\"\" \/><\/div><h3 class=\"icon-box-title\">Automatizare<\/h3>\t\t<div class=\"icon-box-description\">\n\t\t\t<p>Te ajut\u0103m s\u0103 identifici procesele manuale recurente, ca urmare, vei putea cre\u0219te productivitatea \u0219i vei putea reorganiza echipa \u00een func\u021bie de aceste procese, reduc\u00e2nd semnificativ costurile financiare \u0219i umane.<\/p>\n\t\t<\/div>\n\t<\/div>[\/vc_column][\/vc_row][vc_row offset_top=&#8221;180&#8243; class=&#8221;icoane-echipa&#8221;][vc_column width=&#8221;1\/4&#8243;]<div class=\"icon-box icon-box-vertical icon-box-dark icon-box-type-image bg-no text-left\">\n\n\t<div class=\"icon-box-icon\"><img decoding=\"async\" src=\"https:\/\/linksoft.ro\/staging\/wp-content\/uploads\/2021\/02\/Colaborare.svg\" class=\"attachment-full size-full\" alt=\"\" \/><\/div><h3 class=\"icon-box-title\">Facilit\u0103m colaborarea<\/h3>\t\t<div class=\"icon-box-description\">\n\t\t\t<p>Consider\u0103m c\u0103 elementul cheie pentru a construi o experien\u021b\u0103 de neegalat clientului t\u0103u este colaborarea eficient\u0103 \u00eentre departamentele companiei.<\/p>\n\t\t<\/div>\n\t<\/div>[\/vc_column][vc_column width=&#8221;1\/4&#8243;]<div class=\"icon-box icon-box-vertical icon-box-dark icon-box-type-image bg-no text-left\">\n\n\t<div class=\"icon-box-icon\"><img decoding=\"async\" src=\"https:\/\/linksoft.ro\/staging\/wp-content\/uploads\/2021\/02\/Uniformizare.svg\" class=\"attachment-full size-full\" alt=\"\" \/><\/div><h3 class=\"icon-box-title\">Uniformizarea datelor<\/h3>\t\t<div class=\"icon-box-description\">\n\t\t\t<p>Te ajut\u0103m \u00een crearea unei baze comune de informa\u021bii, \u00een format standardizat pentru a optimiza fluxul de date \u00eentre clien\u021bi \u0219i echipa intern\u0103.<\/p>\n\t\t<\/div>\n\t<\/div>[\/vc_column][vc_column width=&#8221;1\/4&#8243;]<div class=\"icon-box icon-box-vertical icon-box-dark icon-box-type-image bg-no text-left\">\n\n\t<div class=\"icon-box-icon\"><img decoding=\"async\" src=\"https:\/\/linksoft.ro\/staging\/wp-content\/uploads\/2021\/02\/Scalabilitate.svg\" class=\"attachment-full size-full\" alt=\"\" \/><\/div><h3 class=\"icon-box-title\">Scalabilitate<\/h3>\t\t<div class=\"icon-box-description\">\n\t\t\t<p>Te putem sprijini \u00een construirea unei strategii de dezvoltare pentru aplica\u021biile IT, astfel \u00eenc\u00e2t solu\u021biile implementate s\u0103 permit\u0103 scalarea \u00een func\u021bie de strategia de afaceri.<\/p>\n\t\t<\/div>\n\t<\/div>[\/vc_column][vc_column width=&#8221;1\/4&#8243;]<div class=\"icon-box icon-box-vertical icon-box-dark icon-box-type-image bg-no text-left\">\n\n\t<div class=\"icon-box-icon\"><img decoding=\"async\" src=\"https:\/\/linksoft.ro\/staging\/wp-content\/uploads\/2021\/02\/Securitate.svg\" class=\"attachment-full size-full\" alt=\"Siguran\u021ba Datelor\" \/><\/div><h3 class=\"icon-box-title\">Securitate<\/h3>\t\t<div class=\"icon-box-description\">\n\t\t\t<p>Te putem asista \u00een stabilirea unui sistem eficient de securizare a accesului la datele companiei prin construirea unei matrici de securitate perfect adaptat\u0103 structurii companiei tale.<\/p>\n\t\t<\/div>\n\t<\/div>[\/vc_column][\/vc_row][vc_row offset_top=&#8221;180&#8243; class=&#8221;sectiunea2&#8243;][vc_column width=&#8221;1\/6&#8243;][\/vc_column][vc_column width=&#8221;2\/3&#8243;]<h2 class=\"block-title text-dark text-center\">Principiile noastre \u00een consultan\u021b\u0103<\/h2><hr class=\"hr-solid hr-custom\" style=\"border-top-color: #e32636; border-top-width: 2px; opacity: 1;\">[\/vc_column][vc_column width=&#8221;1\/6&#8243;][\/vc_column][\/vc_row][vc_row offset_top=&#8221;180&#8243; class=&#8221;icoane-echipa servicii-principii sol-crm&#8221;][vc_column width=&#8221;1\/3&#8243;]<div class=\"icon-box icon-box-vertical icon-box-dark icon-box-type-image bg-no text-left\">\n\n\t<h3 class=\"icon-box-title\">Knowhow<\/h3>\t\t<div class=\"icon-box-description\">\n\t\t\t<p>Atunci c\u00e2nd gradul redus de personalizare \u00eencetine\u0219te sau creaz\u0103 probleme \u00een rela\u021bia ta cu clien\u021bii, consultan\u021bii no\u0219tri sunt preg\u0103ti\u021bi s\u0103 \u00ee\u021bi ofere servicii complete \u2013 de la administrarea informa\u021biilor clien\u021bilor, la automatizarea v\u00e2nz\u0103rilor, chiar \u0219i integrare call-center sau rapoarte complexe de performan\u021b\u0103.<\/p>\n\t\t<\/div>\n\t<\/div>[\/vc_column][vc_column width=&#8221;1\/3&#8243;]<div class=\"icon-box icon-box-vertical icon-box-dark icon-box-type-image bg-no text-left\">\n\n\t<h3 class=\"icon-box-title\">Practici \u0219i standarde<\/h3>\t\t<div class=\"icon-box-description\">\n\t\t\t<p>Abord\u0103m personalizarea solu\u021biilor noastre adapd\u00e2ndu-ne cerin\u021belor stricte din mediul t\u0103u de business. Experien\u021ba vast\u0103 \u00een colaborarea cu companii ce desf\u0103\u0219oar\u0103 activit\u0103\u021bi \u00een B2B \u0219i \u00een B2C ne permite s\u0103 \u00ee\u021bi oferim informa\u021bii cruciale despre cele mai bune practici \u0219i solu\u021bii eficiente pentru problemele tale.<\/p>\n\t\t<\/div>\n\t<\/div>[\/vc_column][vc_column width=&#8221;1\/3&#8243;]<div class=\"icon-box icon-box-vertical icon-box-dark icon-box-type-image bg-no text-left\">\n\n\t<h3 class=\"icon-box-title\">Orientare c\u0103tre clien\u021bi<\/h3>\t\t<div class=\"icon-box-description\">\n\t\t\t<p>Pornind de la nevoile tale, \u00ee\u021bi oferim solu\u021bia cea mai potrivit\u0103. Adapt\u0103m solu\u021biile pentru fiecare afacere \u00een parte \u0219i facem \u00eentotdeauna diferen\u021ba \u00eentre a trata un pacient, a acorda un credit sau a furniza gaze. Prin personalizarea Microsoft 365, aleg\u00e2nd module specifice pentru proiectul t\u0103u \u0219i \u00eencadr\u00e2ndu-ne \u00een buget, rezultatele sunt \u00eentotdeauna cele a\u0219teptate.<\/p>\n\t\t<\/div>\n\t<\/div>[\/vc_column][\/vc_row][vc_row offset_top=&#8221;180&#8243; class=&#8221;sectiunea2&#8243;][vc_column width=&#8221;1\/6&#8243;][\/vc_column][vc_column width=&#8221;2\/3&#8243;]<h2 class=\"block-title text-dark text-center titlu-ti\">Contacteaz\u0103-ne acum<small class=\"h2\">las\u0103-ne un mesaj \u0219i unul din consultan\u021bii no\u0219tri te va contacta \u00een mai pu\u021bin de 24 de ore<\/small><\/h2><hr class=\"hr-solid hr-custom\" style=\"border-top-color: #e32636; border-top-width: 2px; opacity: 1;\">[\/vc_column][vc_column width=&#8221;1\/6&#8243;][\/vc_column][\/vc_row][vc_row offset_top=&#8221;180&#8243; css=&#8221;.vc_custom_1614886909463{padding-bottom: 25px !important;}&#8221;][vc_column width=&#8221;1\/6&#8243;][\/vc_column][vc_column width=&#8221;2\/3&#8243;][wpforms id=&#8221;7196&#8243; title=&#8221;false&#8221; description=&#8221;false&#8221;][\/vc_column][vc_column width=&#8221;1\/6&#8243;][\/vc_column][\/vc_row]<\/p>\n<\/div>","protected":false},"excerpt":{"rendered":"<p class=\"post-excerpt\">[vc_row offset_top=&#8221;180&#8243; is_overlay=&#8221;enable&#8221; overlay_opacity=&#8221;65&#8243; overlay_color=&#8221;#192435&#8243; css=&#8221;.vc_custom_1613417653105{background-image: url(https:\/\/linksoft.ro\/staging\/wp-content\/uploads\/2021\/02\/Asset-14.png?id=6560) !important;}&#8221; class=&#8221;hitb&#8221;][vc_column][vc_column_text class=&#8221;titlu-pagina&#8221;] Consultan\u021b\u0103 Maximiz\u0103m poten\u021bialul sistemelor Dynamics 365 pentru a-\u021bi dep\u0103\u0219i a\u0219tept\u0103rile.[\/vc_column_text][\/vc_column][\/vc_row][vc_row offset_top=&#8221;180&#8243; class=&#8221;partenerul&#8221;][vc_column width=&#8221;1\/6&#8243;][\/vc_column][vc_column width=&#8221;2\/3&#8243;][vc_column_text] \u0218tim c\u0103 ideea de a implementa sau de a revitaliza un sistem CRM poate p\u0103rea o provocare imposibil de dep\u0103\u0219it. De aceea misiunea noastr\u0103 este s\u0103&#8230;\n<\/p>","protected":false},"author":13,"featured_media":0,"parent":0,"menu_order":0,"comment_status":"closed","ping_status":"closed","template":"","meta":{"footnotes":""},"class_list":["post-6484","page","type-page","status-publish","hentry"],"_links":{"self":[{"href":"https:\/\/linksoft.ro\/staging\/wp-json\/wp\/v2\/pages\/6484","targetHints":{"allow":["GET"]}}],"collection":[{"href":"https:\/\/linksoft.ro\/staging\/wp-json\/wp\/v2\/pages"}],"about":[{"href":"https:\/\/linksoft.ro\/staging\/wp-json\/wp\/v2\/types\/page"}],"author":[{"embeddable":true,"href":"https:\/\/linksoft.ro\/staging\/wp-json\/wp\/v2\/users\/13"}],"replies":[{"embeddable":true,"href":"https:\/\/linksoft.ro\/staging\/wp-json\/wp\/v2\/comments?post=6484"}],"version-history":[{"count":0,"href":"https:\/\/linksoft.ro\/staging\/wp-json\/wp\/v2\/pages\/6484\/revisions"}],"wp:attachment":[{"href":"https:\/\/linksoft.ro\/staging\/wp-json\/wp\/v2\/media?parent=6484"}],"curies":[{"name":"wp","href":"https:\/\/api.w.org\/{rel}","templated":true}]}}