{"id":6496,"date":"2021-02-12T02:45:49","date_gmt":"2021-02-12T02:45:49","guid":{"rendered":"https:\/\/linksoft.ro\/staging\/staging\/?page_id=6496"},"modified":"2021-07-22T08:17:31","modified_gmt":"2021-07-22T08:17:31","slug":"dezvoltare-dynamics-365","status":"publish","type":"page","link":"https:\/\/linksoft.ro\/staging\/dezvoltare-dynamics-365\/","title":{"rendered":"Dezvoltare"},"content":{"rendered":"<div class=\"wpb-content-wrapper\"><p>[vc_row offset_top=&#8221;180&#8243; is_overlay=&#8221;enable&#8221; overlay_opacity=&#8221;65&#8243; overlay_color=&#8221;#192435&#8243; css=&#8221;.vc_custom_1613417725167{background-image: url(https:\/\/linksoft.ro\/staging\/wp-content\/uploads\/2021\/02\/Asset-15.png?id=6561) !important;}&#8221; class=&#8221;hitb&#8221;][vc_column][vc_column_text class=&#8221;titlu-pagina&#8221;]<\/p>\n<h1>Dezvoltare<\/h1>\n<p>O solu\u021bie unic\u0103 special adaptat\u0103<br \/>\nnevoilor de business ale companiei tale[\/vc_column_text]<div class=\"text-left\"><a href=\"\/contact\/\" title=\"Contact\" data-custom-color=\".btn-custom-6f411e75 {background-color: #1e53a8;}\n.btn-custom-6f411e75:hover {background-color: #163e7d;}\" class=\"btn btn-solid btn-rounded btn-custom btn-lg buton-titlu btn-custom-6f411e75\">Contacteaz\u0103-ne<\/a><\/div>[\/vc_column][\/vc_row][vc_row offset_top=&#8221;180&#8243; class=&#8221;partenerul&#8221;][vc_column width=&#8221;1\/6&#8243;][\/vc_column][vc_column width=&#8221;2\/3&#8243;]<h2 class=\"block-title text-dark text-center\">Parteneri \u00een digitalizarea afacerii tale<\/h2><hr class=\"hr-solid hr-custom\" style=\"border-top-color: #e32636; border-top-width: 2px; opacity: 1;\">[vc_column_text]<\/p>\n<p style=\"text-align: center;\">Cu o experien\u021b\u0103 de peste 20 de ani \u00een domeniul dezvolt\u0103rii solu\u021biilor software, echipa noastr\u0103 ofer\u0103 mixul perfect \u00eentre experien\u021b\u0103 \u0219i creativitate, garant\u00e2nd dezvoltarea rapid\u0103 a solu\u021biilor perfect adaptate nevoilor de afaceri. Arhitectura inteligent\u0103 \u0219i flexibil\u0103 a aplica\u021biilor, bazat\u0103 pe tehnologii Microsoft permite integrarea solu\u021biilor deja existente \u00een procesele tale de business \u0219i ofer\u0103 posibilitatea de extindere facil\u0103 prin module ce func\u021bioneaz\u0103 perfect \u00eempreun\u0103 pentru a garanta integrarea \u0219i livrarea continu\u0103.<\/p>\n<p>[\/vc_column_text][\/vc_column][vc_column width=&#8221;1\/6&#8243;][\/vc_column][\/vc_row][vc_row offset_top=&#8221;180&#8243; class=&#8221;sectiunea2&#8243;][vc_column width=&#8221;1\/6&#8243;][\/vc_column][vc_column width=&#8221;2\/3&#8243;]<h2 class=\"block-title text-dark text-center\">Ce facem pentru dezvoltarea sistemului t\u0103u IT<\/h2><hr class=\"hr-solid hr-custom\" style=\"border-top-color: #e32636; border-top-width: 2px; opacity: 1;\">[\/vc_column][vc_column width=&#8221;1\/6&#8243;][\/vc_column][\/vc_row][vc_row offset_top=&#8221;180&#8243; class=&#8221;icoane-echipa&#8221;][vc_column width=&#8221;1\/4&#8243;]<div class=\"icon-box icon-box-vertical icon-box-dark icon-box-type-image bg-no text-left\">\n\n\t<div class=\"icon-box-icon\"><img decoding=\"async\" src=\"https:\/\/linksoft.ro\/staging\/wp-content\/uploads\/2021\/02\/Automatizare.svg\" class=\"attachment-full size-full\" alt=\"\" \/><\/div><h3 class=\"icon-box-title\">Configurare<\/h3>\t\t<div class=\"icon-box-description\">\n\t\t\t<p>Echipa noastr\u0103 de exper\u021bi este mereu disponibil\u0103 pentru a te ajuta cu orice problem\u0103, de la configur\u0103ri simple, p\u00e2n\u0103 la cele mai complexe procese \u0219i structuri de lucru.<\/p>\n\t\t<\/div>\n\t<\/div>[\/vc_column][vc_column width=&#8221;1\/4&#8243;]<div class=\"icon-box icon-box-vertical icon-box-dark icon-box-type-image bg-no text-left\">\n\n\t<div class=\"icon-box-icon\"><img decoding=\"async\" src=\"https:\/\/linksoft.ro\/staging\/wp-content\/uploads\/2021\/02\/Colaborare.svg\" class=\"attachment-full size-full\" alt=\"\" \/><\/div><h3 class=\"icon-box-title\">Adaptare<\/h3>\t\t<div class=\"icon-box-description\">\n\t\t\t<p>Te putem ajuta oric\u00e2nd ai nevoie la ad\u0103ugarea c\u00e2mpurilor \u0219i entit\u0103\u021bilor sau pentru a crea procese de lucru.<\/p>\n\t\t<\/div>\n\t<\/div>[\/vc_column][vc_column width=&#8221;1\/4&#8243;]<div class=\"icon-box icon-box-vertical icon-box-dark icon-box-type-image bg-no text-left\">\n\n\t<div class=\"icon-box-icon\"><img decoding=\"async\" src=\"https:\/\/linksoft.ro\/staging\/wp-content\/uploads\/2021\/02\/Selectie.svg\" class=\"attachment-full size-full\" alt=\"\" \/><\/div><h3 class=\"icon-box-title\">Personalizare<\/h3>\t\t<div class=\"icon-box-description\">\n\t\t\t<p>Utilizam pluginuri personalizate, fluxuri de lucru, script-uri \u0219i managementul xRM (Extended Relationship Management), pentru a construi interfe\u021be adaptate activit\u0103\u021bii tale.<\/p>\n\t\t<\/div>\n\t<\/div>[\/vc_column][vc_column width=&#8221;1\/4&#8243;]<div class=\"icon-box icon-box-vertical icon-box-dark icon-box-type-image bg-no text-left\">\n\n\t<div class=\"icon-box-icon\"><img decoding=\"async\" src=\"https:\/\/linksoft.ro\/staging\/wp-content\/uploads\/2021\/02\/Scalabilitate.svg\" class=\"attachment-full size-full\" alt=\"\" \/><\/div><h3 class=\"icon-box-title\">Integrare Aplica\u021bii<\/h3>\t\t<div class=\"icon-box-description\">\n\t\t\t<p>Te ajut\u0103m s\u0103 integrezi aplica\u021biile software specifice \u00een platforma CRM av\u00e2nd o imagine de ansamblu asupra entit\u0103\u021bilor implicate.<\/p>\n\t\t<\/div>\n\t<\/div>[\/vc_column][\/vc_row][vc_row offset_top=&#8221;180&#8243; class=&#8221;icoane-echipa&#8221;][vc_column width=&#8221;1\/4&#8243;]<div class=\"icon-box icon-box-vertical icon-box-dark icon-box-type-image bg-no text-left\">\n\n\t<div class=\"icon-box-icon\"><img decoding=\"async\" src=\"https:\/\/linksoft.ro\/staging\/wp-content\/uploads\/2021\/02\/Mihrare-date.svg\" class=\"attachment-full size-full\" alt=\"\" \/><\/div><h3 class=\"icon-box-title\">Migrare Date<\/h3>\t\t<div class=\"icon-box-description\">\n\t\t\t<p>Acord\u0103m sprijin pentru opera\u021biunile de transfer \u0219i migrare a datelor, pentru a facilita tranzi\u021bia f\u0103r\u0103 probleme c\u0103tre noua platform\u0103.<\/p>\n\t\t<\/div>\n\t<\/div>[\/vc_column][vc_column width=&#8221;1\/4&#8243;]<div class=\"icon-box icon-box-vertical icon-box-dark icon-box-type-image bg-no text-left\">\n\n\t<div class=\"icon-box-icon\"><img decoding=\"async\" src=\"https:\/\/linksoft.ro\/staging\/wp-content\/uploads\/2021\/02\/Uniformizare.svg\" class=\"attachment-full size-full\" alt=\"\" \/><\/div><h3 class=\"icon-box-title\">Actualiz\u0103ri versiune<\/h3>\t\t<div class=\"icon-box-description\">\n\t\t\t<p>Microsoft Dynamics este \u00een continu\u0103 evolu\u021bie \u0219i de aceea este necesar s\u0103 fii la curent cu ultima versiune a Dynamics CRM pentru a \u00ee\u021bi proteja investi\u021bia \u0219i a beneficia de cele mai noi op\u021biuni \u0219i func\u021bionalit\u0103\u021bi .<\/p>\n\t\t<\/div>\n\t<\/div>[\/vc_column][vc_column width=&#8221;1\/4&#8243;]<div class=\"icon-box icon-box-vertical icon-box-dark icon-box-type-image bg-no text-left\">\n\n\t<div class=\"icon-box-icon\"><img decoding=\"async\" src=\"https:\/\/linksoft.ro\/staging\/wp-content\/uploads\/2021\/02\/Raportare.svg\" class=\"attachment-full size-full\" alt=\"\" \/><\/div><h3 class=\"icon-box-title\">Raportare<\/h3>\t\t<div class=\"icon-box-description\">\n\t\t\t<p>Echipa noastr\u0103 dezvolt\u0103 rapoarte personalizate \u00een func\u021bie de cerin\u021bele tale, folosind solu\u021bia potrivit\u0103 \u2013 Fetch XML sau SQL.<\/p>\n\t\t<\/div>\n\t<\/div>[\/vc_column][vc_column width=&#8221;1\/4&#8243;]<div class=\"icon-box icon-box-vertical icon-box-dark icon-box-type-image bg-no text-left\">\n\n\t<div class=\"icon-box-icon\"><img decoding=\"async\" src=\"https:\/\/linksoft.ro\/staging\/wp-content\/uploads\/2021\/02\/Securitate.svg\" class=\"attachment-full size-full\" alt=\"Siguran\u021ba Datelor\" \/><\/div><h3 class=\"icon-box-title\">Securitate<\/h3>\t\t<div class=\"icon-box-description\">\n\t\t\t<p>Te putem asista \u00een stabilirea unui sistem eficient de securizare a accesului la datele companiei prin construirea unei matrici de securitate perfect adaptat\u0103 structurii companiei tale.<\/p>\n\t\t<\/div>\n\t<\/div>[\/vc_column][\/vc_row][vc_row offset_top=&#8221;180&#8243; class=&#8221;sectiunea2&#8243;][vc_column width=&#8221;1\/6&#8243;][\/vc_column][vc_column width=&#8221;2\/3&#8243;]<h2 class=\"block-title text-dark text-center\">Principiile noastre \u00een consultan\u021b\u0103<\/h2><hr class=\"hr-solid hr-custom\" style=\"border-top-color: #e32636; border-top-width: 2px; opacity: 1;\">[\/vc_column][vc_column width=&#8221;1\/6&#8243;][\/vc_column][\/vc_row][vc_row offset_top=&#8221;180&#8243; class=&#8221;icoane-echipa servicii-principii sol-crm&#8221;][vc_column width=&#8221;1\/3&#8243;]<div class=\"icon-box icon-box-vertical icon-box-dark icon-box-type-image bg-no text-left\">\n\n\t<h3 class=\"icon-box-title\">Knowhow<\/h3>\t\t<div class=\"icon-box-description\">\n\t\t\t<p>Atunci c\u00e2nd gradul redus de personalizare \u00eencetine\u0219te sau creaz\u0103 probleme \u00een rela\u021bia ta cu clien\u021bii, consultan\u021bii no\u0219tri sunt preg\u0103ti\u021bi s\u0103 \u00ee\u021bi ofere servicii complete \u2013 de la administrarea informa\u021biilor clien\u021bilor, la automatizarea v\u00e2nz\u0103rilor, chiar \u0219i integrare call-center sau rapoarte complexe de performan\u021b\u0103.<\/p>\n\t\t<\/div>\n\t<\/div>[\/vc_column][vc_column width=&#8221;1\/3&#8243;]<div class=\"icon-box icon-box-vertical icon-box-dark icon-box-type-image bg-no text-left\">\n\n\t<h3 class=\"icon-box-title\">Practici \u0219i standarde<\/h3>\t\t<div class=\"icon-box-description\">\n\t\t\t<p>Abord\u0103m personalizarea solu\u021biilor noastre adapd\u00e2ndu-ne cerin\u021belor stricte din mediul t\u0103u de business. Experien\u021ba vast\u0103 \u00een colaborarea cu companii ce desf\u0103\u0219oar\u0103 activit\u0103\u021bi \u00een B2B \u0219i \u00een B2C ne permite s\u0103 \u00ee\u021bi oferim informa\u021bii cruciale despre cele mai bune practici \u0219i solu\u021bii eficiente pentru problemele tale.<\/p>\n\t\t<\/div>\n\t<\/div>[\/vc_column][vc_column width=&#8221;1\/3&#8243;]<div class=\"icon-box icon-box-vertical icon-box-dark icon-box-type-image bg-no text-left\">\n\n\t<h3 class=\"icon-box-title\">Orientare c\u0103tre clien\u021bi<\/h3>\t\t<div class=\"icon-box-description\">\n\t\t\t<p>Pornind de la nevoile tale, \u00ee\u021bi oferim solu\u021bia cea mai potrivit\u0103. Adapt\u0103m solu\u021biile pentru fiecare afacere \u00een parte \u0219i facem \u00eentotdeauna diferen\u021ba \u00eentre a trata un pacient, a acorda un credit sau a furniza gaze. Prin personalizarea Microsoft 365, aleg\u00e2nd module specifice pentru proiectul t\u0103u \u0219i \u00eencadr\u00e2ndu-ne \u00een buget, rezultatele sunt \u00eentotdeauna cele a\u0219teptate.<\/p>\n\t\t<\/div>\n\t<\/div>[\/vc_column][\/vc_row][vc_row offset_top=&#8221;180&#8243; class=&#8221;sectiunea2&#8243;][vc_column width=&#8221;1\/6&#8243;][\/vc_column][vc_column width=&#8221;2\/3&#8243;]<h2 class=\"block-title text-dark text-center titlu-ti\">Contacteaz\u0103-ne acum<small class=\"h2\">las\u0103-ne un mesaj \u0219i unul din consultan\u021bii no\u0219tri te va contacta \u00een mai pu\u021bin de 24 de ore<\/small><\/h2><hr class=\"hr-solid hr-custom\" style=\"border-top-color: #e32636; border-top-width: 2px; opacity: 1;\">[\/vc_column][vc_column width=&#8221;1\/6&#8243;][\/vc_column][\/vc_row][vc_row offset_top=&#8221;180&#8243; css=&#8221;.vc_custom_1614886909463{padding-bottom: 25px !important;}&#8221;][vc_column width=&#8221;1\/6&#8243;][\/vc_column][vc_column width=&#8221;2\/3&#8243;][wpforms id=&#8221;7196&#8243; title=&#8221;false&#8221; description=&#8221;false&#8221;][\/vc_column][vc_column width=&#8221;1\/6&#8243;][\/vc_column][\/vc_row]<\/p>\n<\/div>","protected":false},"excerpt":{"rendered":"<p class=\"post-excerpt\">[vc_row offset_top=&#8221;180&#8243; is_overlay=&#8221;enable&#8221; overlay_opacity=&#8221;65&#8243; overlay_color=&#8221;#192435&#8243; css=&#8221;.vc_custom_1613417725167{background-image: url(https:\/\/linksoft.ro\/staging\/wp-content\/uploads\/2021\/02\/Asset-15.png?id=6561) !important;}&#8221; class=&#8221;hitb&#8221;][vc_column][vc_column_text class=&#8221;titlu-pagina&#8221;] Dezvoltare O solu\u021bie unic\u0103 special adaptat\u0103 nevoilor de business ale companiei tale[\/vc_column_text][\/vc_column][\/vc_row][vc_row offset_top=&#8221;180&#8243; class=&#8221;partenerul&#8221;][vc_column width=&#8221;1\/6&#8243;][\/vc_column][vc_column width=&#8221;2\/3&#8243;][vc_column_text] Cu o experien\u021b\u0103 de peste 20 de ani \u00een domeniul dezvolt\u0103rii solu\u021biilor software, echipa noastr\u0103 ofer\u0103 mixul perfect \u00eentre experien\u021b\u0103 \u0219i creativitate, garant\u00e2nd dezvoltarea&#8230;\n<\/p>","protected":false},"author":13,"featured_media":0,"parent":0,"menu_order":0,"comment_status":"closed","ping_status":"closed","template":"","meta":{"footnotes":""},"class_list":["post-6496","page","type-page","status-publish","hentry"],"_links":{"self":[{"href":"https:\/\/linksoft.ro\/staging\/wp-json\/wp\/v2\/pages\/6496","targetHints":{"allow":["GET"]}}],"collection":[{"href":"https:\/\/linksoft.ro\/staging\/wp-json\/wp\/v2\/pages"}],"about":[{"href":"https:\/\/linksoft.ro\/staging\/wp-json\/wp\/v2\/types\/page"}],"author":[{"embeddable":true,"href":"https:\/\/linksoft.ro\/staging\/wp-json\/wp\/v2\/users\/13"}],"replies":[{"embeddable":true,"href":"https:\/\/linksoft.ro\/staging\/wp-json\/wp\/v2\/comments?post=6496"}],"version-history":[{"count":0,"href":"https:\/\/linksoft.ro\/staging\/wp-json\/wp\/v2\/pages\/6496\/revisions"}],"wp:attachment":[{"href":"https:\/\/linksoft.ro\/staging\/wp-json\/wp\/v2\/media?parent=6496"}],"curies":[{"name":"wp","href":"https:\/\/api.w.org\/{rel}","templated":true}]}}