{"id":6502,"date":"2021-02-12T02:50:27","date_gmt":"2021-02-12T02:50:27","guid":{"rendered":"https:\/\/linksoft.ro\/staging\/staging\/?page_id=6502"},"modified":"2021-10-11T08:19:33","modified_gmt":"2021-10-11T08:19:33","slug":"digitalizare-arhitectura","status":"publish","type":"page","link":"https:\/\/linksoft.ro\/staging\/digitalizare-arhitectura\/","title":{"rendered":"Digitalizare \u0219i arhitectur\u0103"},"content":{"rendered":"<div class=\"wpb-content-wrapper\"><p>[vc_row offset_top=&#8221;180&#8243; is_overlay=&#8221;enable&#8221; overlay_opacity=&#8221;65&#8243; overlay_color=&#8221;#192435&#8243; css=&#8221;.vc_custom_1613417736144{background-image: url(https:\/\/linksoft.ro\/staging\/wp-content\/uploads\/2021\/02\/Asset-1.png?id=6556) !important;}&#8221; class=&#8221;hitb&#8221;][vc_column][vc_column_text class=&#8221;titlu-pagina&#8221;]<\/p>\n<h1>Digitalizare \u0219i arhitectura<\/h1>\n<p>Te ajut\u0103m s\u0103 transformi datele \u00een informa\u021bii de<br \/>\nafaceri valoroase prin solu\u021bii atent construite.[\/vc_column_text]<div class=\"text-left\"><a href=\"\/contact\/\" title=\"Contact\" data-custom-color=\".btn-custom-f2789f27 {background-color: #1e53a8;}\n.btn-custom-f2789f27:hover {background-color: #163e7d;}\" class=\"btn btn-solid btn-rounded btn-custom btn-lg buton-titlu btn-custom-f2789f27\">Contacteaz\u0103-ne<\/a><\/div>[\/vc_column][\/vc_row][vc_row offset_top=&#8221;180&#8243; class=&#8221;partenerul&#8221;][vc_column width=&#8221;1\/6&#8243;][\/vc_column][vc_column width=&#8221;2\/3&#8243;]<h2 class=\"block-title text-dark text-center\">Te ajut\u0103m s\u0103 faci pasul spre digitalizarea afacerii tale.<\/h2><hr class=\"hr-solid hr-custom\" style=\"border-top-color: #e32636; border-top-width: 2px; opacity: 1;\">[vc_column_text]<\/p>\n<p style=\"text-align: center;\">Orice proces de digitalizare \u00eencepe cu faza de proiectare a aplica\u021biilor ce urmeaz\u0103 a fi folosite de c\u0103tre echipele companiei tale. Solu\u021biile software necesit\u0103 o arhitectur\u0103 matur\u0103 pentru a servi c\u00e2t mai eficient nevoilor de business. Noi te ajut\u0103m s\u0103 analizezi aceste nevoi \u0219i construim solu\u021bii adaptate lor pentru a asigura o tranzi\u021bie c\u00e2t mai u\u0219oar\u0103 c\u0103tre lumea digital\u0103.<\/p>\n<p>[\/vc_column_text][\/vc_column][vc_column width=&#8221;1\/6&#8243;][\/vc_column][\/vc_row][vc_row offset_top=&#8221;180&#8243; class=&#8221;sectiunea2&#8243;][vc_column width=&#8221;1\/6&#8243;][\/vc_column][vc_column width=&#8221;2\/3&#8243;]<h2 class=\"block-title text-dark text-center\">Cum facilit\u0103m transformarea digital\u0103<\/h2><hr class=\"hr-solid hr-custom\" style=\"border-top-color: #e32636; border-top-width: 2px; opacity: 1;\">[\/vc_column][vc_column width=&#8221;1\/6&#8243;][\/vc_column][\/vc_row][vc_row offset_top=&#8221;180&#8243; class=&#8221;icoane-echipa&#8221;][vc_column width=&#8221;1\/4&#8243;]<div class=\"icon-box icon-box-vertical icon-box-dark icon-box-type-image bg-no text-left\">\n\n\t<div class=\"icon-box-icon\"><img decoding=\"async\" src=\"https:\/\/linksoft.ro\/staging\/wp-content\/uploads\/2021\/02\/Digitalizare.svg\" class=\"attachment-full size-full\" alt=\"\" \/><\/div><h3 class=\"icon-box-title\">Digitalizare<\/h3>\t\t<div class=\"icon-box-description\">\n\t\t\t<p>Volumele mari de date \u00een format digital pe care orice companie le folose\u0219te azi necesit\u0103 vitez\u0103 de procesare \u0219i o manevrare facil\u0103. Te po\u021bi folosi de acestea pentru c\u00e2\u0219tiga v\u00e2nzari \u0219i pentru a cre\u0219te marjele de profit, adopt\u00e2nd procese \u0219i sisteme adecvate al\u0103turi de partenerul potrivit.<\/p>\n\t\t<\/div>\n\t<\/div>[\/vc_column][vc_column width=&#8221;1\/4&#8243;]<div class=\"icon-box icon-box-vertical icon-box-dark icon-box-type-image bg-no text-left\">\n\n\t<div class=\"icon-box-icon\"><img decoding=\"async\" src=\"https:\/\/linksoft.ro\/staging\/wp-content\/uploads\/2021\/02\/Arhitectura.svg\" class=\"attachment-full size-full\" alt=\"\" \/><\/div><h3 class=\"icon-box-title\">Arhitectur\u0103<\/h3>\t\t<div class=\"icon-box-description\">\n\t\t\t<p>Definirea \u0219i mentenan\u021ba sistemelor moderne necesit\u0103 ast\u0103zi mai mult dec\u00e2t de asisten\u021ba tehnic\u0103 oferit\u0103 de echipa intern\u0103. Prime\u0219ti sprijin de la speciali\u0219tii no\u0219tri pentru diversificarea posibilit\u0103\u021bilor tehnologice \u0219i extinderea sistemelor \u00een vederea sincroniz\u0103rii nevoilor de business cu capacit\u0103\u021bile IT.<\/p>\n\t\t<\/div>\n\t<\/div>[\/vc_column][vc_column width=&#8221;1\/4&#8243;]<div class=\"icon-box icon-box-vertical icon-box-dark icon-box-type-image bg-no text-left\">\n\n\t<div class=\"icon-box-icon\"><img decoding=\"async\" src=\"https:\/\/linksoft.ro\/staging\/wp-content\/uploads\/2021\/02\/Automatizare-1.svg\" class=\"attachment-full size-full\" alt=\"\" \/><\/div><h3 class=\"icon-box-title\">Automatizare<\/h3>\t\t<div class=\"icon-box-description\">\n\t\t\t<p>Simplifica\u021bi procesele repetitive ale companiei \u0219i interconecta\u021bi informa\u021biile din procesele anterioare de afaceri. \u00cen acest fel, pute\u021bi accesa instant datele, f\u0103r\u0103 a pierde timpul pentru extragerea \u0219i concatenarea lor.<\/p>\n\t\t<\/div>\n\t<\/div>[\/vc_column][vc_column width=&#8221;1\/4&#8243;]<div class=\"icon-box icon-box-vertical icon-box-dark icon-box-type-image bg-no text-left\">\n\n\t<div class=\"icon-box-icon\"><img decoding=\"async\" src=\"https:\/\/linksoft.ro\/staging\/wp-content\/uploads\/2021\/02\/Securizare.svg\" class=\"attachment-full size-full\" alt=\"\" \/><\/div><h3 class=\"icon-box-title\">Securizarea Datelor<\/h3>\t\t<div class=\"icon-box-description\">\n\t\t\t<p>Te putem asista \u00een stabilirea unui sistem eficient de securizare a accesului la datele companiei prin construirea unei matrici de securitate perfect adaptat\u0103 structurii companiei tale.<\/p>\n\t\t<\/div>\n\t<\/div>[\/vc_column][\/vc_row][vc_row offset_top=&#8221;180&#8243; class=&#8221;sectiunea2&#8243;][vc_column width=&#8221;1\/6&#8243;][\/vc_column][vc_column width=&#8221;2\/3&#8243;]<h2 class=\"block-title text-dark text-center\">Principiile noastre \u00een consultan\u021b\u0103<\/h2><hr class=\"hr-solid hr-custom\" style=\"border-top-color: #e32636; border-top-width: 2px; opacity: 1;\">[\/vc_column][vc_column width=&#8221;1\/6&#8243;][\/vc_column][\/vc_row][vc_row offset_top=&#8221;180&#8243; class=&#8221;icoane-echipa servicii-principii sol-crm&#8221;][vc_column width=&#8221;1\/3&#8243;]<div class=\"icon-box icon-box-vertical icon-box-dark icon-box-type-image bg-no text-left\">\n\n\t<h3 class=\"icon-box-title\">Knowhow<\/h3>\t\t<div class=\"icon-box-description\">\n\t\t\t<p>Atunci c\u00e2nd gradul redus de personalizare \u00eencetine\u0219te sau creaz\u0103 probleme \u00een rela\u021bia ta cu clien\u021bii, consultan\u021bii no\u0219tri sunt preg\u0103ti\u021bi s\u0103 \u00ee\u021bi ofere servicii complete \u2013 de la administrarea informa\u021biilor clien\u021bilor, la automatizarea v\u00e2nz\u0103rilor, chiar \u0219i integrare call-center sau rapoarte complexe de performan\u021b\u0103.<\/p>\n\t\t<\/div>\n\t<\/div>[\/vc_column][vc_column width=&#8221;1\/3&#8243;]<div class=\"icon-box icon-box-vertical icon-box-dark icon-box-type-image bg-no text-left\">\n\n\t<h3 class=\"icon-box-title\">Practici \u0219i standarde<\/h3>\t\t<div class=\"icon-box-description\">\n\t\t\t<p>Abord\u0103m personalizarea solu\u021biilor noastre adapd\u00e2ndu-ne cerin\u021belor stricte din mediul t\u0103u de business. Experien\u021ba vast\u0103 \u00een colaborarea cu companii ce desf\u0103\u0219oar\u0103 activit\u0103\u021bi \u00een B2B \u0219i \u00een B2C ne permite s\u0103 \u00ee\u021bi oferim informa\u021bii cruciale despre cele mai bune practici \u0219i solu\u021bii eficiente pentru problemele tale.<\/p>\n\t\t<\/div>\n\t<\/div>[\/vc_column][vc_column width=&#8221;1\/3&#8243;]<div class=\"icon-box icon-box-vertical icon-box-dark icon-box-type-image bg-no text-left\">\n\n\t<h3 class=\"icon-box-title\">Orientare c\u0103tre clien\u021bi<\/h3>\t\t<div class=\"icon-box-description\">\n\t\t\t<p>Pornind de la nevoile tale, \u00ee\u021bi oferim solu\u021bia cea mai potrivit\u0103. Adapt\u0103m solu\u021biile pentru fiecare afacere \u00een parte \u0219i facem \u00eentotdeauna diferen\u021ba \u00eentre a trata un pacient, a acorda un credit sau a furniza gaze. Prin personalizarea Microsoft 365, aleg\u00e2nd module specifice pentru proiectul t\u0103u \u0219i \u00eencadr\u00e2ndu-ne \u00een buget, rezultatele sunt \u00eentotdeauna cele a\u0219teptate.<\/p>\n\t\t<\/div>\n\t<\/div>[\/vc_column][\/vc_row][vc_row offset_top=&#8221;180&#8243; class=&#8221;sectiunea2&#8243;][vc_column width=&#8221;1\/6&#8243;][\/vc_column][vc_column width=&#8221;2\/3&#8243;]<h2 class=\"block-title text-dark text-center titlu-ti\">Contacteaz\u0103-ne acum<small class=\"h2\">las\u0103-ne un mesaj \u0219i unul din consultan\u021bii no\u0219tri te va contacta \u00een mai pu\u021bin de 24 de ore<\/small><\/h2><hr class=\"hr-solid hr-custom\" style=\"border-top-color: #e32636; border-top-width: 2px; opacity: 1;\">[\/vc_column][vc_column width=&#8221;1\/6&#8243;][\/vc_column][\/vc_row][vc_row offset_top=&#8221;180&#8243; css=&#8221;.vc_custom_1614886909463{padding-bottom: 25px !important;}&#8221;][vc_column width=&#8221;1\/6&#8243;][\/vc_column][vc_column width=&#8221;2\/3&#8243;][wpforms id=&#8221;7196&#8243; title=&#8221;false&#8221; description=&#8221;false&#8221;][\/vc_column][vc_column width=&#8221;1\/6&#8243;][\/vc_column][\/vc_row]<\/p>\n<\/div>","protected":false},"excerpt":{"rendered":"<p class=\"post-excerpt\">[vc_row offset_top=&#8221;180&#8243; is_overlay=&#8221;enable&#8221; overlay_opacity=&#8221;65&#8243; overlay_color=&#8221;#192435&#8243; css=&#8221;.vc_custom_1613417736144{background-image: url(https:\/\/linksoft.ro\/staging\/wp-content\/uploads\/2021\/02\/Asset-1.png?id=6556) !important;}&#8221; class=&#8221;hitb&#8221;][vc_column][vc_column_text class=&#8221;titlu-pagina&#8221;] Digitalizare \u0219i arhitectura Te ajut\u0103m s\u0103 transformi datele \u00een informa\u021bii de afaceri valoroase prin solu\u021bii atent construite.[\/vc_column_text][\/vc_column][\/vc_row][vc_row offset_top=&#8221;180&#8243; class=&#8221;partenerul&#8221;][vc_column width=&#8221;1\/6&#8243;][\/vc_column][vc_column width=&#8221;2\/3&#8243;][vc_column_text] Orice proces de digitalizare \u00eencepe cu faza de proiectare a aplica\u021biilor ce urmeaz\u0103 a fi folosite de c\u0103tre echipele&#8230;\n<\/p>","protected":false},"author":13,"featured_media":0,"parent":0,"menu_order":0,"comment_status":"closed","ping_status":"closed","template":"","meta":{"footnotes":""},"class_list":["post-6502","page","type-page","status-publish","hentry"],"_links":{"self":[{"href":"https:\/\/linksoft.ro\/staging\/wp-json\/wp\/v2\/pages\/6502","targetHints":{"allow":["GET"]}}],"collection":[{"href":"https:\/\/linksoft.ro\/staging\/wp-json\/wp\/v2\/pages"}],"about":[{"href":"https:\/\/linksoft.ro\/staging\/wp-json\/wp\/v2\/types\/page"}],"author":[{"embeddable":true,"href":"https:\/\/linksoft.ro\/staging\/wp-json\/wp\/v2\/users\/13"}],"replies":[{"embeddable":true,"href":"https:\/\/linksoft.ro\/staging\/wp-json\/wp\/v2\/comments?post=6502"}],"version-history":[{"count":0,"href":"https:\/\/linksoft.ro\/staging\/wp-json\/wp\/v2\/pages\/6502\/revisions"}],"wp:attachment":[{"href":"https:\/\/linksoft.ro\/staging\/wp-json\/wp\/v2\/media?parent=6502"}],"curies":[{"name":"wp","href":"https:\/\/api.w.org\/{rel}","templated":true}]}}