{"id":6513,"date":"2021-02-12T02:59:12","date_gmt":"2021-02-12T02:59:12","guid":{"rendered":"https:\/\/linksoft.ro\/staging\/staging\/?page_id=6513"},"modified":"2021-03-08T13:37:19","modified_gmt":"2021-03-08T13:37:19","slug":"suport-ro","status":"publish","type":"page","link":"https:\/\/linksoft.ro\/staging\/suport-ro\/","title":{"rendered":"Suport tehnic"},"content":{"rendered":"<div class=\"wpb-content-wrapper\"><p>[vc_row offset_top=&#8221;180&#8243; is_overlay=&#8221;enable&#8221; overlay_opacity=&#8221;65&#8243; overlay_color=&#8221;#192435&#8243; class=&#8221;hitb&#8221; css=&#8221;.vc_custom_1613418133162{background-image: url(https:\/\/linksoft.ro\/staging\/wp-content\/uploads\/2021\/02\/Asset-1111.png?id=6602) !important;}&#8221;][vc_column][vc_column_text class=&#8221;titlu-pagina&#8221;]<\/p>\n<h1>Suport<\/h1>\n<p>Sprijinim utilizarea aplica\u021biior noastre prin<br \/>\ndezvoltare continu\u0103, pentru nevoile tale specifice[\/vc_column_text]<div class=\"text-left\"><a href=\"\/contact\/\" title=\"Contact\" data-custom-color=\".btn-custom-d9107512 {background-color: #1e53a8;}\n.btn-custom-d9107512:hover {background-color: #163e7d;}\" class=\"btn btn-solid btn-rounded btn-custom btn-lg buton-titlu btn-custom-d9107512\">Contacteaz\u0103-ne<\/a><\/div>[\/vc_column][\/vc_row][vc_row offset_top=&#8221;180&#8243; class=&#8221;partenerul&#8221;][vc_column width=&#8221;1\/6&#8243;][\/vc_column][vc_column width=&#8221;2\/3&#8243;]<h2 class=\"block-title text-dark text-center\">\u00cempreun\u0103 \u00een utilizare<\/h2><hr class=\"hr-solid hr-custom\" style=\"border-top-color: #e32636; border-top-width: 2px; opacity: 1;\">[vc_column_text]<\/p>\n<p style=\"text-align: center;\">Se \u00eent\u00e2mpl\u0103 des ca solicit\u0103rile de asisten\u021b\u0103 ale utilizatorilor solu\u021biilor software s\u0103 fie tratate superficial de consultan\u021bi care au trecut deja la urm\u0103toarea dezvoltare sau la urm\u0103torul proiect. Pentru rezolvarea acestei probleme am alc\u0103tuit o echip\u0103 dedicat\u0103 de suport, care se concentreaz\u0103 exclusiv pe sprijinirea clien\u021bilor existen\u021bi \u00een toate dificult\u0103\u021bile \u00eent\u00e2mpinate \u00een utilizare. Suntem mereu gata s\u0103 r\u0103spundem oric\u0103rei \u00eentreb\u0103ri sau cereri de optimizare a sistemelor pe care le dezvolt\u0103m.<\/p>\n<p>[\/vc_column_text][\/vc_column][vc_column width=&#8221;1\/6&#8243;][\/vc_column][\/vc_row][vc_row offset_top=&#8221;180&#8243; class=&#8221;sectiunea2&#8243;][vc_column width=&#8221;1\/6&#8243;][\/vc_column][vc_column width=&#8221;2\/3&#8243;]<h2 class=\"block-title text-dark text-center\">Cum facilit\u0103m utilizarea aplica\u021biilor<\/h2><hr class=\"hr-solid hr-custom\" style=\"border-top-color: #e32636; border-top-width: 2px; opacity: 1;\">[\/vc_column][vc_column width=&#8221;1\/6&#8243;][\/vc_column][\/vc_row][vc_row offset_top=&#8221;180&#8243; class=&#8221;icoane-echipa&#8221;][vc_column width=&#8221;1\/4&#8243;]<div class=\"icon-box icon-box-vertical icon-box-dark icon-box-type-image bg-no text-left\">\n\n\t<div class=\"icon-box-icon\"><img decoding=\"async\" src=\"https:\/\/linksoft.ro\/staging\/wp-content\/uploads\/2021\/02\/Ticketing.svg\" class=\"attachment-full size-full\" alt=\"\" \/><\/div><h3 class=\"icon-box-title\">Sistem de Ticketing<\/h3>\t\t<div class=\"icon-box-description\">\n\t\t\t<p>Prin utilizarea sistemului nostru de ticketing fiecare solicitare de suport va avea propriul tichet, \u00een func\u021bie de tip \u0219i importan\u021b\u0103, pentru a asigura timpul optim de r\u0103spuns.<\/p>\n\t\t<\/div>\n\t<\/div>[\/vc_column][vc_column width=&#8221;1\/4&#8243;]<div class=\"icon-box icon-box-vertical icon-box-dark icon-box-type-image bg-no text-left\">\n\n\t<div class=\"icon-box-icon\"><img decoding=\"async\" src=\"https:\/\/linksoft.ro\/staging\/wp-content\/uploads\/2021\/02\/Design-si-metodologie.svg\" class=\"attachment-full size-full\" alt=\"\" \/><\/div><h3 class=\"icon-box-title\">Design \u0219i Metodologie<\/h3>\t\t<div class=\"icon-box-description\">\n\t\t\t<p>Exper\u021bii no\u0219tri analizeaz\u0103 \u00een mod constant procesele \u0219i nevoile dumneavoastr\u0103 \u0219i v\u0103 pot ajuta s\u0103 stabili\u021bi dac\u0103 un anumit proces ar putea beneficia sau nu de implementarea unei noi func\u021bionalit\u0103\u021bi.<\/p>\n\t\t<\/div>\n\t<\/div>[\/vc_column][vc_column width=&#8221;1\/4&#8243;]<div class=\"icon-box icon-box-vertical icon-box-dark icon-box-type-image bg-no text-left\">\n\n\t<div class=\"icon-box-icon\"><img decoding=\"async\" src=\"https:\/\/linksoft.ro\/staging\/wp-content\/uploads\/2021\/02\/Asistenta.svg\" class=\"attachment-full size-full\" alt=\"\" \/><\/div><h3 class=\"icon-box-title\">Asisten\u021b\u0103 24\/7<\/h3>\t\t<div class=\"icon-box-description\">\n\t\t\t<p>Standardele noastre garanteaz\u0103 interven\u021bia rapid\u0103 pentru incidentele critice ce pot ap\u0103rea \u00een func\u021bionarea sistemelor implementate de noi.<\/p>\n\t\t<\/div>\n\t<\/div>[\/vc_column][vc_column width=&#8221;1\/4&#8243;]<div class=\"icon-box icon-box-vertical icon-box-dark icon-box-type-image bg-no text-left\">\n\n\t<div class=\"icon-box-icon\"><img decoding=\"async\" src=\"https:\/\/linksoft.ro\/staging\/wp-content\/uploads\/2021\/02\/Actualizare.svg\" class=\"attachment-full size-full\" alt=\"\" \/><\/div><h3 class=\"icon-box-title\">Actualizare<\/h3>\t\t<div class=\"icon-box-description\">\n\t\t\t<p>Te ajut\u0103m s\u0103 \u00eentelegi modific\u0103rile \u0219i \u00eembun\u0103t\u0103\u021birile ce intervin la fiecare actualizare major\u0103 de versiune a platformei Microsoft.<\/p>\n\t\t<\/div>\n\t<\/div>[\/vc_column][\/vc_row][vc_row offset_top=&#8221;180&#8243; class=&#8221;sectiunea2&#8243;][vc_column width=&#8221;1\/6&#8243;][\/vc_column][vc_column width=&#8221;2\/3&#8243;]<h2 class=\"block-title text-dark text-center\">Principiile noastre \u00een consultan\u021b\u0103<\/h2><hr class=\"hr-solid hr-custom\" style=\"border-top-color: #e32636; border-top-width: 2px; opacity: 1;\">[\/vc_column][vc_column width=&#8221;1\/6&#8243;][\/vc_column][\/vc_row][vc_row offset_top=&#8221;180&#8243; class=&#8221;icoane-echipa servicii-principii sol-crm&#8221;][vc_column width=&#8221;1\/3&#8243;]<div class=\"icon-box icon-box-vertical icon-box-dark icon-box-type-image bg-no text-left\">\n\n\t<h3 class=\"icon-box-title\">Knowhow<\/h3>\t\t<div class=\"icon-box-description\">\n\t\t\t<p>Atunci c\u00e2nd gradul redus de personalizare \u00eencetine\u0219te sau creaz\u0103 probleme \u00een rela\u021bia ta cu clien\u021bii, consultan\u021bii no\u0219tri sunt preg\u0103ti\u021bi s\u0103 \u00ee\u021bi ofere servicii complete \u2013 de la administrarea informa\u021biilor clien\u021bilor, la automatizarea v\u00e2nz\u0103rilor, chiar \u0219i integrare call-center sau rapoarte complexe de performan\u021b\u0103.<\/p>\n\t\t<\/div>\n\t<\/div>[\/vc_column][vc_column width=&#8221;1\/3&#8243;]<div class=\"icon-box icon-box-vertical icon-box-dark icon-box-type-image bg-no text-left\">\n\n\t<h3 class=\"icon-box-title\">Practici \u0219i standarde<\/h3>\t\t<div class=\"icon-box-description\">\n\t\t\t<p>Abord\u0103m personalizarea solu\u021biilor noastre adapd\u00e2ndu-ne cerin\u021belor stricte din mediul t\u0103u de business. Experien\u021ba vast\u0103 \u00een colaborarea cu companii ce desf\u0103\u0219oar\u0103 activit\u0103\u021bi \u00een B2B \u0219i \u00een B2C ne permite s\u0103 \u00ee\u021bi oferim informa\u021bii cruciale despre cele mai bune practici \u0219i solu\u021bii eficiente pentru problemele tale.<\/p>\n\t\t<\/div>\n\t<\/div>[\/vc_column][vc_column width=&#8221;1\/3&#8243;]<div class=\"icon-box icon-box-vertical icon-box-dark icon-box-type-image bg-no text-left\">\n\n\t<h3 class=\"icon-box-title\">Orientare c\u0103tre clien\u021bi<\/h3>\t\t<div class=\"icon-box-description\">\n\t\t\t<p>Pornind de la nevoile tale, \u00ee\u021bi oferim solu\u021bia cea mai potrivit\u0103. Adapt\u0103m solu\u021biile pentru fiecare afacere \u00een parte \u0219i facem \u00eentotdeauna diferen\u021ba \u00eentre a trata un pacient, a acorda un credit sau a furniza gaze. Prin personalizarea Microsoft 365, aleg\u00e2nd module specifice pentru proiectul t\u0103u \u0219i \u00eencadr\u00e2ndu-ne \u00een buget, rezultatele sunt \u00eentotdeauna cele a\u0219teptate.<\/p>\n\t\t<\/div>\n\t<\/div>[\/vc_column][\/vc_row][vc_row offset_top=&#8221;180&#8243; class=&#8221;sectiunea2&#8243;][vc_column width=&#8221;1\/6&#8243;][\/vc_column][vc_column width=&#8221;2\/3&#8243;]<h2 class=\"block-title text-dark text-center titlu-ti\">Contacteaz\u0103-ne acum<small class=\"h2\">las\u0103-ne un mesaj \u0219i unul din consultan\u021bii no\u0219tri te va contacta \u00een mai pu\u021bin de 24 de ore<\/small><\/h2><hr class=\"hr-solid hr-custom\" style=\"border-top-color: #e32636; border-top-width: 2px; opacity: 1;\">[\/vc_column][vc_column width=&#8221;1\/6&#8243;][\/vc_column][\/vc_row][vc_row offset_top=&#8221;180&#8243; css=&#8221;.vc_custom_1614886909463{padding-bottom: 25px !important;}&#8221;][vc_column width=&#8221;1\/6&#8243;][\/vc_column][vc_column width=&#8221;2\/3&#8243;][wpforms id=&#8221;7196&#8243; title=&#8221;false&#8221; description=&#8221;false&#8221;][\/vc_column][vc_column width=&#8221;1\/6&#8243;][\/vc_column][\/vc_row]<\/p>\n<\/div>","protected":false},"excerpt":{"rendered":"<p class=\"post-excerpt\">[vc_row offset_top=&#8221;180&#8243; is_overlay=&#8221;enable&#8221; overlay_opacity=&#8221;65&#8243; overlay_color=&#8221;#192435&#8243; class=&#8221;hitb&#8221; css=&#8221;.vc_custom_1613418133162{background-image: url(https:\/\/linksoft.ro\/staging\/wp-content\/uploads\/2021\/02\/Asset-1111.png?id=6602) !important;}&#8221;][vc_column][vc_column_text class=&#8221;titlu-pagina&#8221;] Suport Sprijinim utilizarea aplica\u021biior noastre prin dezvoltare continu\u0103, pentru nevoile tale specifice[\/vc_column_text][\/vc_column][\/vc_row][vc_row offset_top=&#8221;180&#8243; class=&#8221;partenerul&#8221;][vc_column width=&#8221;1\/6&#8243;][\/vc_column][vc_column width=&#8221;2\/3&#8243;][vc_column_text] Se \u00eent\u00e2mpl\u0103 des ca solicit\u0103rile de asisten\u021b\u0103 ale utilizatorilor solu\u021biilor software s\u0103 fie tratate superficial de consultan\u021bi care au trecut deja la urm\u0103toarea dezvoltare&#8230;\n<\/p>","protected":false},"author":13,"featured_media":0,"parent":0,"menu_order":0,"comment_status":"closed","ping_status":"closed","template":"","meta":{"footnotes":""},"class_list":["post-6513","page","type-page","status-publish","hentry"],"_links":{"self":[{"href":"https:\/\/linksoft.ro\/staging\/wp-json\/wp\/v2\/pages\/6513","targetHints":{"allow":["GET"]}}],"collection":[{"href":"https:\/\/linksoft.ro\/staging\/wp-json\/wp\/v2\/pages"}],"about":[{"href":"https:\/\/linksoft.ro\/staging\/wp-json\/wp\/v2\/types\/page"}],"author":[{"embeddable":true,"href":"https:\/\/linksoft.ro\/staging\/wp-json\/wp\/v2\/users\/13"}],"replies":[{"embeddable":true,"href":"https:\/\/linksoft.ro\/staging\/wp-json\/wp\/v2\/comments?post=6513"}],"version-history":[{"count":0,"href":"https:\/\/linksoft.ro\/staging\/wp-json\/wp\/v2\/pages\/6513\/revisions"}],"wp:attachment":[{"href":"https:\/\/linksoft.ro\/staging\/wp-json\/wp\/v2\/media?parent=6513"}],"curies":[{"name":"wp","href":"https:\/\/api.w.org\/{rel}","templated":true}]}}