{"id":6520,"date":"2021-02-12T03:03:02","date_gmt":"2021-02-12T03:03:02","guid":{"rendered":"https:\/\/linksoft.ro\/staging\/staging\/?page_id=6520"},"modified":"2021-10-14T07:49:07","modified_gmt":"2021-10-14T07:49:07","slug":"training-ro","status":"publish","type":"page","link":"https:\/\/linksoft.ro\/staging\/training-ro\/","title":{"rendered":"Training"},"content":{"rendered":"<div class=\"wpb-content-wrapper\"><p>[vc_row offset_top=&#8221;180&#8243; is_overlay=&#8221;enable&#8221; overlay_opacity=&#8221;65&#8243; overlay_color=&#8221;#192435&#8243; class=&#8221;hitb&#8221; css=&#8221;.vc_custom_1613418103694{background-image: url(https:\/\/linksoft.ro\/staging\/wp-content\/uploads\/2021\/02\/Asset-17.png?id=6563) !important;}&#8221;][vc_column][vc_column_text class=&#8221;titlu-pagina&#8221;]<\/p>\n<h1>Training<\/h1>\n<p>Instruire eficient\u0103 pentru utilizarea<br \/>\noptim\u0103 a solu\u021biilor tale IT.[\/vc_column_text]<div class=\"text-left\"><a href=\"\/contact\/\" title=\"Contact\" data-custom-color=\".btn-custom-7fb04ae1 {background-color: #1e53a8;}\n.btn-custom-7fb04ae1:hover {background-color: #163e7d;}\" class=\"btn btn-solid btn-rounded btn-custom btn-lg buton-titlu btn-custom-7fb04ae1\">Contacteaz\u0103-ne<\/a><\/div>[\/vc_column][\/vc_row][vc_row offset_top=&#8221;180&#8243; class=&#8221;partenerul&#8221;][vc_column width=&#8221;1\/6&#8243;][\/vc_column][vc_column width=&#8221;2\/3&#8243;]<h2 class=\"block-title text-dark text-center\">Te ajut\u0103m s\u0103 faci pasul spre digitalizarea afacerii tale<\/h2><hr class=\"hr-solid hr-custom\" style=\"border-top-color: #e32636; border-top-width: 2px; opacity: 1;\">[vc_column_text]<\/p>\n<p style=\"text-align: center;\">Cele mai mari provoc\u0103ri \u00een procesul de digitalizare provin din lipsa de instruire a personalului angajat \u00een utilizarea produselor software. Reticen\u021ba la schimbare devine astfel cel mai dificil de dep\u0103\u0219it obstacol \u00een implementarea sistemelor informatice. Noi te ajut\u0103m \u00een procesul de instruire a echipei tale, accesibiliz\u00e2nd sistemele dezvoltate de noi pentru toate categoriile de instruire tehnologic\u0103, prin materiale accesibile oric\u0103rui utilizator, \u0219i traineri dedica\u021bi, gata oric\u00e2nd s\u0103 r\u0103spund\u0103 \u00eentreb\u0103rilor, indiferent de complexitatea tehnic\u0103 a acestora.<\/p>\n<p>[\/vc_column_text][\/vc_column][vc_column width=&#8221;1\/6&#8243;][\/vc_column][\/vc_row][vc_row offset_top=&#8221;180&#8243; class=&#8221;sectiunea2&#8243;][vc_column width=&#8221;1\/6&#8243;][\/vc_column][vc_column width=&#8221;2\/3&#8243;]<h2 class=\"block-title text-dark text-center\">Ce oferim \u00een training<\/h2><hr class=\"hr-solid hr-custom\" style=\"border-top-color: #e32636; border-top-width: 2px; opacity: 1;\">[\/vc_column][vc_column width=&#8221;1\/6&#8243;][\/vc_column][\/vc_row][vc_row offset_top=&#8221;180&#8243; class=&#8221;icoane-echipa&#8221;][vc_column width=&#8221;1\/4&#8243;]<div class=\"icon-box icon-box-vertical icon-box-dark icon-box-type-image bg-no text-left\">\n\n\t<div class=\"icon-box-icon\"><img decoding=\"async\" src=\"https:\/\/linksoft.ro\/staging\/wp-content\/uploads\/2021\/02\/Training-Dedicat.svg\" class=\"attachment-full size-full\" alt=\"\" \/><\/div><h3 class=\"icon-box-title\">Trainer Dedicat<\/h3>\t\t<div class=\"icon-box-description\">\n\t\t\t<p>Echipa noastr\u0103 de speciali\u0219ti Dynamics 365 poate veni la sediul t\u0103u pentru a desf\u0103\u0219ura sesiuni de training, oferind cuno\u0219tin\u021be potrivite cerin\u021belor tale, ce pot fi aplicate imediat de c\u0103tre utilizatorii platformei CRM.<\/p>\n\t\t<\/div>\n\t<\/div>[\/vc_column][vc_column width=&#8221;1\/4&#8243;]<div class=\"icon-box icon-box-vertical icon-box-dark icon-box-type-image bg-no text-left\">\n\n\t<div class=\"icon-box-icon\"><img decoding=\"async\" src=\"https:\/\/linksoft.ro\/staging\/wp-content\/uploads\/2021\/02\/Materiale-informative.svg\" class=\"attachment-full size-full\" alt=\"\" \/><\/div><h3 class=\"icon-box-title\">Materiale Informative<\/h3>\t\t<div class=\"icon-box-description\">\n\t\t\t<p>Analiz\u0103m solu\u021bia \u0219i customiz\u0103rile implementate \u0219i i\u021bi oferim materiale de training (documente, prezent\u0103ri \u0219i clipuri video) personalizate \u00een func\u021bie de particularit\u0103\u021bile sistemului t\u0103u Microsoft Dynamics CRM.<\/p>\n\t\t<\/div>\n\t<\/div>[\/vc_column][vc_column width=&#8221;1\/4&#8243;]<div class=\"icon-box icon-box-vertical icon-box-dark icon-box-type-image bg-no text-left\">\n\n\t<div class=\"icon-box-icon\"><img decoding=\"async\" src=\"https:\/\/linksoft.ro\/staging\/wp-content\/uploads\/2021\/02\/Sesiuni-Personalizate.svg\" class=\"attachment-full size-full\" alt=\"\" \/><\/div><h3 class=\"icon-box-title\">Sesiuni Personalizate<\/h3>\t\t<div class=\"icon-box-description\">\n\t\t\t<p>Permite-ne s\u0103 te ghid\u0103m \u00een direc\u021bia dorit\u0103 prin crearea de materiale de training personalizate pentru echipa ta. Pentru c\u0103 \u00een\u021belegem c\u0103 uneori ai nevoie de con\u021binut personalizat, specific cerin\u021belor \u0219i variantei tale proprii a platformei folosite.<\/p>\n\t\t<\/div>\n\t<\/div>[\/vc_column][vc_column width=&#8221;1\/4&#8243;]<div class=\"icon-box icon-box-vertical icon-box-dark icon-box-type-image bg-no text-left\">\n\n\t<div class=\"icon-box-icon\"><img decoding=\"async\" src=\"https:\/\/linksoft.ro\/staging\/wp-content\/uploads\/2021\/02\/Actualizare-1.svg\" class=\"attachment-full size-full\" alt=\"\" \/><\/div><h3 class=\"icon-box-title\">Actualizare<\/h3>\t\t<div class=\"icon-box-description\">\n\t\t\t<p>Toate actualiz\u0103rile Microsoft Dynamics vin cu noi instrumente \u0219i fluxuri de lucru care ar putea fi de mare folos \u00een procesele tale specifice de afaceri. Ne asigur\u0103m c\u0103 e\u0219ti la curent cu aceste modific\u0103ri, maximiz\u00e2nd poten\u021bialul sistemului t\u0103u CRM.<\/p>\n\t\t<\/div>\n\t<\/div>[\/vc_column][\/vc_row][vc_row offset_top=&#8221;180&#8243; class=&#8221;sectiunea2&#8243;][vc_column width=&#8221;1\/6&#8243;][\/vc_column][vc_column width=&#8221;2\/3&#8243;]<h2 class=\"block-title text-dark text-center\">Principiile noastre \u00een consultan\u021b\u0103<\/h2><hr class=\"hr-solid hr-custom\" style=\"border-top-color: #e32636; border-top-width: 2px; opacity: 1;\">[\/vc_column][vc_column width=&#8221;1\/6&#8243;][\/vc_column][\/vc_row][vc_row offset_top=&#8221;180&#8243; class=&#8221;icoane-echipa servicii-principii sol-crm&#8221;][vc_column width=&#8221;1\/3&#8243;]<div class=\"icon-box icon-box-vertical icon-box-dark icon-box-type-image bg-no text-left\">\n\n\t<h3 class=\"icon-box-title\">Knowhow<\/h3>\t\t<div class=\"icon-box-description\">\n\t\t\t<p>Atunci c\u00e2nd gradul redus de personalizare \u00eencetine\u0219te sau creaz\u0103 probleme \u00een rela\u021bia ta cu clien\u021bii, consultan\u021bii no\u0219tri sunt preg\u0103ti\u021bi s\u0103 \u00ee\u021bi ofere servicii complete \u2013 de la administrarea informa\u021biilor clien\u021bilor, la automatizarea v\u00e2nz\u0103rilor, chiar \u0219i integrare call-center sau rapoarte complexe de performan\u021b\u0103.<\/p>\n\t\t<\/div>\n\t<\/div>[\/vc_column][vc_column width=&#8221;1\/3&#8243;]<div class=\"icon-box icon-box-vertical icon-box-dark icon-box-type-image bg-no text-left\">\n\n\t<h3 class=\"icon-box-title\">Practici \u0219i standarde<\/h3>\t\t<div class=\"icon-box-description\">\n\t\t\t<p>Abord\u0103m personalizarea solu\u021biilor noastre adapd\u00e2ndu-ne cerin\u021belor stricte din mediul t\u0103u de business. Experien\u021ba vast\u0103 \u00een colaborarea cu companii ce desf\u0103\u0219oar\u0103 activit\u0103\u021bi \u00een B2B \u0219i \u00een B2C ne permite s\u0103 \u00ee\u021bi oferim informa\u021bii cruciale despre cele mai bune practici \u0219i solu\u021bii eficiente pentru problemele tale.<\/p>\n\t\t<\/div>\n\t<\/div>[\/vc_column][vc_column width=&#8221;1\/3&#8243;]<div class=\"icon-box icon-box-vertical icon-box-dark icon-box-type-image bg-no text-left\">\n\n\t<h3 class=\"icon-box-title\">Orientare c\u0103tre clien\u021bi<\/h3>\t\t<div class=\"icon-box-description\">\n\t\t\t<p>Pornind de la nevoile tale, \u00ee\u021bi oferim solu\u021bia cea mai potrivit\u0103. Adapt\u0103m solu\u021biile pentru fiecare afacere \u00een parte \u0219i facem \u00eentotdeauna diferen\u021ba \u00eentre a trata un pacient, a acorda un credit sau a furniza gaze. Prin personalizarea Microsoft 365, aleg\u00e2nd module specifice pentru proiectul t\u0103u \u0219i \u00eencadr\u00e2ndu-ne \u00een buget, rezultatele sunt \u00eentotdeauna cele a\u0219teptate.<\/p>\n\t\t<\/div>\n\t<\/div>[\/vc_column][\/vc_row][vc_row offset_top=&#8221;180&#8243; class=&#8221;sectiunea2&#8243;][vc_column width=&#8221;1\/6&#8243;][\/vc_column][vc_column width=&#8221;2\/3&#8243;]<h2 class=\"block-title text-dark text-center titlu-ti\">Contacteaz\u0103-ne acum<small class=\"h2\">las\u0103-ne un mesaj \u0219i unul din consultan\u021bii no\u0219tri te va contacta \u00een mai pu\u021bin de 24 de ore<\/small><\/h2><hr class=\"hr-solid hr-custom\" style=\"border-top-color: #e32636; border-top-width: 2px; opacity: 1;\">[\/vc_column][vc_column width=&#8221;1\/6&#8243;][\/vc_column][\/vc_row][vc_row offset_top=&#8221;180&#8243; css=&#8221;.vc_custom_1614886909463{padding-bottom: 25px !important;}&#8221;][vc_column width=&#8221;1\/6&#8243;][\/vc_column][vc_column width=&#8221;2\/3&#8243;][wpforms id=&#8221;7196&#8243; title=&#8221;false&#8221; description=&#8221;false&#8221;][\/vc_column][vc_column width=&#8221;1\/6&#8243;][\/vc_column][\/vc_row]<\/p>\n<\/div>","protected":false},"excerpt":{"rendered":"<p class=\"post-excerpt\">[vc_row offset_top=&#8221;180&#8243; is_overlay=&#8221;enable&#8221; overlay_opacity=&#8221;65&#8243; overlay_color=&#8221;#192435&#8243; class=&#8221;hitb&#8221; css=&#8221;.vc_custom_1613418103694{background-image: url(https:\/\/linksoft.ro\/staging\/wp-content\/uploads\/2021\/02\/Asset-17.png?id=6563) !important;}&#8221;][vc_column][vc_column_text class=&#8221;titlu-pagina&#8221;] Training Instruire eficient\u0103 pentru utilizarea optim\u0103 a solu\u021biilor tale IT.[\/vc_column_text][\/vc_column][\/vc_row][vc_row offset_top=&#8221;180&#8243; class=&#8221;partenerul&#8221;][vc_column width=&#8221;1\/6&#8243;][\/vc_column][vc_column width=&#8221;2\/3&#8243;][vc_column_text] Cele mai mari provoc\u0103ri \u00een procesul de digitalizare provin din lipsa de instruire a personalului angajat \u00een utilizarea produselor software. Reticen\u021ba la schimbare devine astfel cel&#8230;\n<\/p>","protected":false},"author":13,"featured_media":0,"parent":0,"menu_order":0,"comment_status":"closed","ping_status":"closed","template":"","meta":{"footnotes":""},"class_list":["post-6520","page","type-page","status-publish","hentry"],"_links":{"self":[{"href":"https:\/\/linksoft.ro\/staging\/wp-json\/wp\/v2\/pages\/6520","targetHints":{"allow":["GET"]}}],"collection":[{"href":"https:\/\/linksoft.ro\/staging\/wp-json\/wp\/v2\/pages"}],"about":[{"href":"https:\/\/linksoft.ro\/staging\/wp-json\/wp\/v2\/types\/page"}],"author":[{"embeddable":true,"href":"https:\/\/linksoft.ro\/staging\/wp-json\/wp\/v2\/users\/13"}],"replies":[{"embeddable":true,"href":"https:\/\/linksoft.ro\/staging\/wp-json\/wp\/v2\/comments?post=6520"}],"version-history":[{"count":0,"href":"https:\/\/linksoft.ro\/staging\/wp-json\/wp\/v2\/pages\/6520\/revisions"}],"wp:attachment":[{"href":"https:\/\/linksoft.ro\/staging\/wp-json\/wp\/v2\/media?parent=6520"}],"curies":[{"name":"wp","href":"https:\/\/api.w.org\/{rel}","templated":true}]}}