{"id":7363,"date":"2021-03-20T06:50:12","date_gmt":"2021-03-20T06:50:12","guid":{"rendered":"https:\/\/linksoft.ro\/staging\/staging\/?page_id=7363"},"modified":"2021-04-05T15:08:59","modified_gmt":"2021-04-05T15:08:59","slug":"developpement","status":"publish","type":"page","link":"https:\/\/linksoft.ro\/staging\/developpement\/","title":{"rendered":"D\u00e9veloppement"},"content":{"rendered":"<div class=\"wpb-content-wrapper\"><p>[vc_row offset_top=&#8221;180&#8243; is_overlay=&#8221;enable&#8221; overlay_opacity=&#8221;65&#8243; overlay_color=&#8221;#192435&#8243; css=&#8221;.vc_custom_1613417725167{background-image: url(https:\/\/linksoft.ro\/staging\/wp-content\/uploads\/2021\/02\/Asset-15.png?id=6561) !important;}&#8221; class=&#8221;hitb&#8221;][vc_column][vc_column_text class=&#8221;titlu-pagina&#8221;]<\/p>\n<h1>D\u00e9veloppement<\/h1>\n<p>Une solution unique, cr\u00e9\u00e9e pour r\u00e9pondre sp\u00e9cifiquement \u00e0<br \/>\nl&#8217;optimisation des besoins de votre entreprise[\/vc_column_text]<div class=\"text-left\"><a href=\"\/fr\/contact\/\" title=\"Contact\" data-custom-color=\".btn-custom-2bf1e788 {background-color: #1e53a8;}\n.btn-custom-2bf1e788:hover {background-color: #163e7d;}\" class=\"btn btn-solid btn-rounded btn-custom btn-lg buton-titlu btn-custom-2bf1e788\">Contactez-nous<\/a><\/div>[\/vc_column][\/vc_row][vc_row offset_top=&#8221;180&#8243; class=&#8221;partenerul&#8221;][vc_column width=&#8221;1\/6&#8243;][\/vc_column][vc_column width=&#8221;2\/3&#8243;]<h2 class=\"block-title text-dark text-center\">Vos partenaires de digitalisation<\/h2><hr class=\"hr-solid hr-custom\" style=\"border-top-color: #e32636; border-top-width: 2px; opacity: 1;\">[vc_column_text]<\/p>\n<p style=\"text-align: center;\">Avec plus de 20 ans d&#8217;exp\u00e9rience dans le d\u00e9veloppement de logiciels, notre \u00e9quipe offre le parfait m\u00e9lange de connaissances et de cr\u00e9ativit\u00e9, garantissant le d\u00e9veloppement rapide de solutions parfaitement adapt\u00e9es aux besoins de votre entreprise. L&#8217;architecture d&#8217;application intelligente et flexible, bas\u00e9e sur les technologies Microsoft, permet l&#8217;int\u00e9gration de solutions existantes et offre la possibilit\u00e9 d&#8217;une extension facile gr\u00e2ce \u00e0 des modules qui fonctionnent parfaitement ensemble pour assurer une int\u00e9gration et une livraison continues.<\/p>\n<p>[\/vc_column_text][\/vc_column][vc_column width=&#8221;1\/6&#8243;][\/vc_column][\/vc_row][vc_row offset_top=&#8221;180&#8243; class=&#8221;sectiunea2&#8243;][vc_column width=&#8221;1\/6&#8243;][\/vc_column][vc_column width=&#8221;2\/3&#8243;]<h2 class=\"block-title text-dark text-center\">Ce que nous faisons en tant que d\u00e9veloppeurs<\/h2><hr class=\"hr-solid hr-custom\" style=\"border-top-color: #e32636; border-top-width: 2px; opacity: 1;\">[\/vc_column][vc_column width=&#8221;1\/6&#8243;][\/vc_column][\/vc_row][vc_row offset_top=&#8221;180&#8243; class=&#8221;icoane-echipa&#8221;][vc_column width=&#8221;1\/4&#8243;]<div class=\"icon-box icon-box-vertical icon-box-dark icon-box-type-image bg-no text-left\">\n\n\t<div class=\"icon-box-icon\"><img decoding=\"async\" src=\"https:\/\/linksoft.ro\/staging\/wp-content\/uploads\/2021\/02\/Automatizare.svg\" class=\"attachment-full size-full\" alt=\"\" \/><\/div><h3 class=\"icon-box-title\">Configuration<\/h3>\t\t<div class=\"icon-box-description\">\n\t\t\t<p>Notre \u00e9quipe d&#8217;experts est toujours disponible pour vous aider avec n&#8217;importe quel probl\u00e8me, des configurations simples aux processus et structures de travail les plus complexes.<\/p>\n\t\t<\/div>\n\t<\/div>[\/vc_column][vc_column width=&#8221;1\/4&#8243;]<div class=\"icon-box icon-box-vertical icon-box-dark icon-box-type-image bg-no text-left\">\n\n\t<div class=\"icon-box-icon\"><img decoding=\"async\" src=\"https:\/\/linksoft.ro\/staging\/wp-content\/uploads\/2021\/02\/Colaborare.svg\" class=\"attachment-full size-full\" alt=\"\" \/><\/div><h3 class=\"icon-box-title\">Adaptation<\/h3>\t\t<div class=\"icon-box-description\">\n\t\t\t<p>Nous vous aidons dans le processus d&#8217;adaptation de vos solutions logicielles pour qu&#8217;elles correspondent au mieux au paysage en constante \u00e9volution de votre entreprise.<\/p>\n\t\t<\/div>\n\t<\/div>[\/vc_column][vc_column width=&#8221;1\/4&#8243;]<div class=\"icon-box icon-box-vertical icon-box-dark icon-box-type-image bg-no text-left\">\n\n\t<div class=\"icon-box-icon\"><img decoding=\"async\" src=\"https:\/\/linksoft.ro\/staging\/wp-content\/uploads\/2021\/02\/Selectie.svg\" class=\"attachment-full size-full\" alt=\"\" \/><\/div><h3 class=\"icon-box-title\">Personnalisation<\/h3>\t\t<div class=\"icon-box-description\">\n\t\t\t<p>Nous \u00e9tendons les fonctionnalit\u00e9s logicielles \u00e0 l\u2019aide de plugins et de workflows personnalis\u00e9s, mais aussi de scripts avanc\u00e9s et de concepts xRM, afin de construire des interfaces parfaitement adapt\u00e9es \u00e0 vos besoins sp\u00e9cifiques.<\/p>\n\t\t<\/div>\n\t<\/div>[\/vc_column][vc_column width=&#8221;1\/4&#8243;]<div class=\"icon-box icon-box-vertical icon-box-dark icon-box-type-image bg-no text-left\">\n\n\t<div class=\"icon-box-icon\"><img decoding=\"async\" src=\"https:\/\/linksoft.ro\/staging\/wp-content\/uploads\/2021\/02\/Scalabilitate.svg\" class=\"attachment-full size-full\" alt=\"\" \/><\/div><h3 class=\"icon-box-title\">Int\u00e9gration d&#039;applications<\/h3>\t\t<div class=\"icon-box-description\">\n\t\t\t<p>Nous vous aidons \u00e0 int\u00e9grer vos applications logicielles sp\u00e9cifiques avec des syst\u00e8mes CRM personnalis\u00e9s en vous garantissant une vue compl\u00e8te de toutes les entit\u00e9s g\u00e9r\u00e9es.<\/p>\n\t\t<\/div>\n\t<\/div>[\/vc_column][\/vc_row][vc_row offset_top=&#8221;180&#8243; class=&#8221;icoane-echipa&#8221;][vc_column width=&#8221;1\/4&#8243;]<div class=\"icon-box icon-box-vertical icon-box-dark icon-box-type-image bg-no text-left\">\n\n\t<div class=\"icon-box-icon\"><img decoding=\"async\" src=\"https:\/\/linksoft.ro\/staging\/wp-content\/uploads\/2021\/02\/Mihrare-date.svg\" class=\"attachment-full size-full\" alt=\"\" \/><\/div><h3 class=\"icon-box-title\">Migration de donn\u00e9es<\/h3>\t\t<div class=\"icon-box-description\">\n\t\t\t<p>Nous vous accompagnons dans les op\u00e9rations de transfert et de migration de donn\u00e9es afin d&#8217;assurer une transition transparente vers les nouvelles plateformes et technologies.<\/p>\n\t\t<\/div>\n\t<\/div>[\/vc_column][vc_column width=&#8221;1\/4&#8243;]<div class=\"icon-box icon-box-vertical icon-box-dark icon-box-type-image bg-no text-left\">\n\n\t<div class=\"icon-box-icon\"><img decoding=\"async\" src=\"https:\/\/linksoft.ro\/staging\/wp-content\/uploads\/2021\/02\/Uniformizare.svg\" class=\"attachment-full size-full\" alt=\"\" \/><\/div><h3 class=\"icon-box-title\">Mises \u00e0 jour<\/h3>\t\t<div class=\"icon-box-description\">\n\t\t\t<p>Nous prot\u00e9geons votre investissement logiciel en permettant d&#8217;acc\u00e9der aux options et fonctionnalit\u00e9s les plus r\u00e9centes que la plateforme Dynamics a \u00e0 offrir.<\/p>\n\t\t<\/div>\n\t<\/div>[\/vc_column][vc_column width=&#8221;1\/4&#8243;]<div class=\"icon-box icon-box-vertical icon-box-dark icon-box-type-image bg-no text-left\">\n\n\t<div class=\"icon-box-icon\"><img decoding=\"async\" src=\"https:\/\/linksoft.ro\/staging\/wp-content\/uploads\/2021\/02\/Raportare.svg\" class=\"attachment-full size-full\" alt=\"\" \/><\/div><h3 class=\"icon-box-title\">Rapports<\/h3>\t\t<div class=\"icon-box-description\">\n\t\t\t<p>Nous fournissons des rapports personnalis\u00e9s d\u00e9taill\u00e9s en fonction de vos besoins, avec la flexibilit\u00e9 adapt\u00e9e des technologies de requ\u00eate SQL ou Fetch XML, afin de garantir les meilleures performances en utilisant un minimum de ressources.<\/p>\n\t\t<\/div>\n\t<\/div>[\/vc_column][vc_column width=&#8221;1\/4&#8243;]<div class=\"icon-box icon-box-vertical icon-box-dark icon-box-type-image bg-no text-left\">\n\n\t<div class=\"icon-box-icon\"><img decoding=\"async\" src=\"https:\/\/linksoft.ro\/staging\/wp-content\/uploads\/2021\/02\/Securitate.svg\" class=\"attachment-full size-full\" alt=\"Siguran\u021ba Datelor\" \/><\/div><h3 class=\"icon-box-title\">S\u00e9curit\u00e9<\/h3>\t\t<div class=\"icon-box-description\">\n\t\t\t<p>Nous savons que la s\u00e9curit\u00e9 et la confidentialit\u00e9 des donn\u00e9es sont des facteurs cl\u00e9s de l&#8217;activit\u00e9 commerciale moderne. C&#8217;est pourquoi nous offrons notre expertise dans l&#8217;\u00e9tablissement de mod\u00e8les d&#8217;acc\u00e8s aux donn\u00e9es efficaces bas\u00e9s sur les r\u00f4les des utilisateurs et les types d&#8217;activit\u00e9s.<\/p>\n\t\t<\/div>\n\t<\/div>[\/vc_column][\/vc_row][vc_row offset_top=&#8221;180&#8243; class=&#8221;sectiunea2&#8243;][vc_column width=&#8221;1\/6&#8243;][\/vc_column][vc_column width=&#8221;2\/3&#8243;]<h2 class=\"block-title text-dark text-center\">Notre approche<\/h2><hr class=\"hr-solid hr-custom\" style=\"border-top-color: #e32636; border-top-width: 2px; opacity: 1;\">[\/vc_column][vc_column width=&#8221;1\/6&#8243;][\/vc_column][\/vc_row][vc_row offset_top=&#8221;180&#8243; class=&#8221;icoane-echipa servicii-principii sol-crm&#8221;][vc_column width=&#8221;1\/3&#8243;]<div class=\"icon-box icon-box-vertical icon-box-dark icon-box-type-image bg-no text-left\">\n\n\t<h3 class=\"icon-box-title\">Savoir-faire<\/h3>\t\t<div class=\"icon-box-description\">\n\t\t\t<p>Dans des cas sp\u00e9cifiques, lorsque le faible degr\u00e9 de personnalisation ralentit ou inhibe la relation avec les clients et l&#8217;expansion de l&#8217;entreprise, nos consultants sont pr\u00eats \u00e0 offrir des fonctionnalit\u00e9s sophistiqu\u00e9es &#8211; de la gestion de l&#8217;information client, \u00e0 l&#8217;automatisation des ventes, \u00e0 l&#8217;int\u00e9gration de centre d&#8217;appels ou complexe rapports de performance.<\/p>\n\t\t<\/div>\n\t<\/div>[\/vc_column][vc_column width=&#8221;1\/3&#8243;]<div class=\"icon-box icon-box-vertical icon-box-dark icon-box-type-image bg-no text-left\">\n\n\t<h3 class=\"icon-box-title\">Pratiques et norms<\/h3>\t\t<div class=\"icon-box-description\">\n\t\t\t<p>Nous partons toujours de vous et de vos besoins afin de vous proposer la bonne solution. Parce que nous connaissons la diff\u00e9rence entre soigner un patient, accorder un pr\u00eat ou fournir du gaz. Le changement positif gr\u00e2ce \u00e0 la personnalisation de Microsoft 365 implique des solutions qui s&#8217;int\u00e8grent dans votre projet sp\u00e9cifique qui r\u00e9pondent \u00e0 vos attentes et s&#8217;int\u00e8grent dans votre budget.<\/p>\n\t\t<\/div>\n\t<\/div>[\/vc_column][vc_column width=&#8221;1\/3&#8243;]<div class=\"icon-box icon-box-vertical icon-box-dark icon-box-type-image bg-no text-left\">\n\n\t<h3 class=\"icon-box-title\">Orient\u00e9e vers le client<\/h3>\t\t<div class=\"icon-box-description\">\n\t\t\t<p>Nous adaptons l&#8217;approche de la solution Microsoft Dynamics 365 en fonction des exigences strictes de votre environnement professionnel. Notre grande exp\u00e9rience de collaboration avec des entreprises B2B et B2C dans de multiples verticales commerciales nous permet de vous offrir des informations cruciales sur les meilleures pratiques, mais aussi des solutions efficaces \u00e0 vos probl\u00e8mes dans le domaine du CRM.<\/p>\n\t\t<\/div>\n\t<\/div>[\/vc_column][\/vc_row][vc_row offset_top=&#8221;180&#8243; class=&#8221;sectiunea2&#8243;][vc_column width=&#8221;1\/6&#8243;][\/vc_column][vc_column width=&#8221;2\/3&#8243;]<h2 class=\"block-title text-dark text-center titlu-ti\">Entrer en contact!<small class=\"h2\">Laissez un message et l&#039;un de nos consultants vous contactera dans les prochaines 24 heures.<\/small><\/h2><hr class=\"hr-solid hr-custom\" style=\"border-top-color: #e32636; border-top-width: 2px; opacity: 1;\">[\/vc_column][vc_column width=&#8221;1\/6&#8243;][\/vc_column][\/vc_row][vc_row][vc_column width=&#8221;1\/6&#8243;][\/vc_column][vc_column width=&#8221;2\/3&#8243;][wpforms id=&#8221;7338&#8243; title=&#8221;false&#8221; description=&#8221;false&#8221;][\/vc_column][vc_column width=&#8221;1\/6&#8243;][\/vc_column][\/vc_row]<\/p>\n<\/div>","protected":false},"excerpt":{"rendered":"<p class=\"post-excerpt\">[vc_row offset_top=&#8221;180&#8243; is_overlay=&#8221;enable&#8221; overlay_opacity=&#8221;65&#8243; overlay_color=&#8221;#192435&#8243; css=&#8221;.vc_custom_1613417725167{background-image: url(https:\/\/linksoft.ro\/staging\/wp-content\/uploads\/2021\/02\/Asset-15.png?id=6561) !important;}&#8221; class=&#8221;hitb&#8221;][vc_column][vc_column_text class=&#8221;titlu-pagina&#8221;] D\u00e9veloppement Une solution unique, cr\u00e9\u00e9e pour r\u00e9pondre sp\u00e9cifiquement \u00e0 l&#8217;optimisation des besoins de votre entreprise[\/vc_column_text][\/vc_column][\/vc_row][vc_row offset_top=&#8221;180&#8243; class=&#8221;partenerul&#8221;][vc_column width=&#8221;1\/6&#8243;][\/vc_column][vc_column width=&#8221;2\/3&#8243;][vc_column_text] Avec plus de 20 ans d&#8217;exp\u00e9rience dans le d\u00e9veloppement de logiciels, notre \u00e9quipe offre le parfait m\u00e9lange de connaissances et de&#8230;\n<\/p>","protected":false},"author":13,"featured_media":0,"parent":0,"menu_order":0,"comment_status":"closed","ping_status":"closed","template":"","meta":{"footnotes":""},"class_list":["post-7363","page","type-page","status-publish","hentry"],"_links":{"self":[{"href":"https:\/\/linksoft.ro\/staging\/wp-json\/wp\/v2\/pages\/7363","targetHints":{"allow":["GET"]}}],"collection":[{"href":"https:\/\/linksoft.ro\/staging\/wp-json\/wp\/v2\/pages"}],"about":[{"href":"https:\/\/linksoft.ro\/staging\/wp-json\/wp\/v2\/types\/page"}],"author":[{"embeddable":true,"href":"https:\/\/linksoft.ro\/staging\/wp-json\/wp\/v2\/users\/13"}],"replies":[{"embeddable":true,"href":"https:\/\/linksoft.ro\/staging\/wp-json\/wp\/v2\/comments?post=7363"}],"version-history":[{"count":0,"href":"https:\/\/linksoft.ro\/staging\/wp-json\/wp\/v2\/pages\/7363\/revisions"}],"wp:attachment":[{"href":"https:\/\/linksoft.ro\/staging\/wp-json\/wp\/v2\/media?parent=7363"}],"curies":[{"name":"wp","href":"https:\/\/api.w.org\/{rel}","templated":true}]}}