{"id":7374,"date":"2021-03-20T07:14:02","date_gmt":"2021-03-20T07:14:02","guid":{"rendered":"https:\/\/linksoft.ro\/staging\/staging\/?page_id=7374"},"modified":"2021-04-06T06:30:25","modified_gmt":"2021-04-06T06:30:25","slug":"digitalisation-et-architecture","status":"publish","type":"page","link":"https:\/\/linksoft.ro\/staging\/digitalisation-et-architecture\/","title":{"rendered":"Digitalisation et Architecture"},"content":{"rendered":"<div class=\"wpb-content-wrapper\"><p>[vc_row offset_top=&#8221;180&#8243; is_overlay=&#8221;enable&#8221; overlay_opacity=&#8221;65&#8243; overlay_color=&#8221;#192435&#8243; css=&#8221;.vc_custom_1613417736144{background-image: url(https:\/\/linksoft.ro\/staging\/wp-content\/uploads\/2021\/02\/Asset-1.png?id=6556) !important;}&#8221; class=&#8221;hitb&#8221;][vc_column][vc_column_text class=&#8221;titlu-pagina&#8221;]<\/p>\n<h1>Digitalisation et Architecture<\/h1>\n<p>Nous vous aidons \u00e0 transformer les donn\u00e9es brutes en informations<br \/>\ncommerciales pr\u00e9cieuses en \u00e9laborant des solutions ing\u00e9nieuses[\/vc_column_text]<div class=\"text-left\"><a href=\"\/fr\/contact\/\" title=\"Contact\" data-custom-color=\".btn-custom-07b1aa42 {background-color: #1e53a8;}\n.btn-custom-07b1aa42:hover {background-color: #163e7d;}\" class=\"btn btn-solid btn-rounded btn-custom btn-lg buton-titlu btn-custom-07b1aa42\">Contactez-nous<\/a><\/div>[\/vc_column][\/vc_row][vc_row offset_top=&#8221;180&#8243; class=&#8221;partenerul&#8221;][vc_column width=&#8221;1\/6&#8243;][\/vc_column][vc_column width=&#8221;2\/3&#8243;]<h2 class=\"block-title text-dark text-center\">Nous construisons l&#039;avenir digital.<\/h2><hr class=\"hr-solid hr-custom\" style=\"border-top-color: #e32636; border-top-width: 2px; opacity: 1;\">[vc_column_text]<\/p>\n<p style=\"text-align: center;\">Tous les projets de digitalisation commencent par la conception des applications que vos \u00e9quipes utiliseront au quotidien. Les solutions logicielles n\u00e9cessitent une architecture mature afin de r\u00e9pondre le plus efficacement possible aux besoins de votre entreprise. Nous vous aidons \u00e0 analyser ces besoins et nous concentrons sur la construction de solutions sp\u00e9cifiquement adapt\u00e9es \u00e0 vos pratiques, afin d&#8217;assurer une transition douce vers le monde digital.<\/p>\n<p>[\/vc_column_text][\/vc_column][vc_column width=&#8221;1\/6&#8243;][\/vc_column][\/vc_row][vc_row offset_top=&#8221;180&#8243; class=&#8221;sectiunea2&#8243;][vc_column width=&#8221;1\/6&#8243;][\/vc_column][vc_column width=&#8221;2\/3&#8243;]<h2 class=\"block-title text-dark text-center\">Comment nous facilitons la transition digitale<\/h2><hr class=\"hr-solid hr-custom\" style=\"border-top-color: #e32636; border-top-width: 2px; opacity: 1;\">[\/vc_column][vc_column width=&#8221;1\/6&#8243;][\/vc_column][\/vc_row][vc_row offset_top=&#8221;180&#8243; class=&#8221;icoane-echipa&#8221;][vc_column width=&#8221;1\/4&#8243;]<div class=\"icon-box icon-box-vertical icon-box-dark icon-box-type-image bg-no text-left\">\n\n\t<div class=\"icon-box-icon\"><img decoding=\"async\" src=\"https:\/\/linksoft.ro\/staging\/wp-content\/uploads\/2021\/02\/Digitalizare.svg\" class=\"attachment-full size-full\" alt=\"\" \/><\/div><h3 class=\"icon-box-title\">Digitalisation<\/h3>\t\t<div class=\"icon-box-description\">\n\t\t\t<p>La gestion de gros volumes de donn\u00e9es dans un environnement digital permet des processus rapides et une agilit\u00e9 pour r\u00e9pondre aux situations de crise. Ces facteurs peuvent vous aider \u00e0 augmenter vos ventes et \u00e0 augmenter votre productivit\u00e9, permettant \u00e0 votre entreprise de se d\u00e9velopper de mani\u00e8re durable<\/p>\n\t\t<\/div>\n\t<\/div>[\/vc_column][vc_column width=&#8221;1\/4&#8243;]<div class=\"icon-box icon-box-vertical icon-box-dark icon-box-type-image bg-no text-left\">\n\n\t<div class=\"icon-box-icon\"><img decoding=\"async\" src=\"https:\/\/linksoft.ro\/staging\/wp-content\/uploads\/2021\/02\/Arhitectura.svg\" class=\"attachment-full size-full\" alt=\"\" \/><\/div><h3 class=\"icon-box-title\">Architecture<\/h3>\t\t<div class=\"icon-box-description\">\n\t\t\t<p>La gestion de gros volumes de donn\u00e9es dans un environnement num\u00e9rique permet des processus rapides et une agilit\u00e9 pour r\u00e9pondre aux situations de crise. \u00c0 eux seuls, ces facteurs peuvent vous aider \u00e0 augmenter vos ventes et \u00e0 augmenter votre productivit\u00e9, permettant \u00e0 votre entreprise de se d\u00e9velopper de mani\u00e8re durable.<\/p>\n\t\t<\/div>\n\t<\/div>[\/vc_column][vc_column width=&#8221;1\/4&#8243;]<div class=\"icon-box icon-box-vertical icon-box-dark icon-box-type-image bg-no text-left\">\n\n\t<div class=\"icon-box-icon\"><img decoding=\"async\" src=\"https:\/\/linksoft.ro\/staging\/wp-content\/uploads\/2021\/02\/Automatizare-1.svg\" class=\"attachment-full size-full\" alt=\"\" \/><\/div><h3 class=\"icon-box-title\">Automatisation<\/h3>\t\t<div class=\"icon-box-description\">\n\t\t\t<p>Nous vous aidons \u00e0 identifier les processus manuels r\u00e9currents et \u00e0 d\u00e9velopper des flux de travail automatiques afin de permettre \u00e0 votre \u00e9quipe de se concentrer sur des t\u00e2ches plus difficiles, augmentant ainsi la productivit\u00e9 et r\u00e9duisant les co\u00fbts d&#8217;exploitation.<\/p>\n\t\t<\/div>\n\t<\/div>[\/vc_column][vc_column width=&#8221;1\/4&#8243;]<div class=\"icon-box icon-box-vertical icon-box-dark icon-box-type-image bg-no text-left\">\n\n\t<div class=\"icon-box-icon\"><img decoding=\"async\" src=\"https:\/\/linksoft.ro\/staging\/wp-content\/uploads\/2021\/02\/Securizare.svg\" class=\"attachment-full size-full\" alt=\"\" \/><\/div><h3 class=\"icon-box-title\">S\u00e9curit\u00e9 des donn\u00e9es<\/h3>\t\t<div class=\"icon-box-description\">\n\t\t\t<p>Nous pouvons vous accompagner dans la mise en place d&#8217;un syst\u00e8me de s\u00e9curit\u00e9 efficace des donn\u00e9es de votre entreprise, en construisant une matrice de s\u00e9curit\u00e9 parfaitement adapt\u00e9e, afin de r\u00e9pondre au mieux \u00e0 vos besoins de gestion.<\/p>\n\t\t<\/div>\n\t<\/div>[\/vc_column][\/vc_row][vc_row offset_top=&#8221;180&#8243; class=&#8221;sectiunea2&#8243;][vc_column width=&#8221;1\/6&#8243;][\/vc_column][vc_column width=&#8221;2\/3&#8243;]<h2 class=\"block-title text-dark text-center\">Notre approche<\/h2><hr class=\"hr-solid hr-custom\" style=\"border-top-color: #e32636; border-top-width: 2px; opacity: 1;\">[\/vc_column][vc_column width=&#8221;1\/6&#8243;][\/vc_column][\/vc_row][vc_row offset_top=&#8221;180&#8243; class=&#8221;icoane-echipa servicii-principii sol-crm&#8221;][vc_column width=&#8221;1\/3&#8243;]<div class=\"icon-box icon-box-vertical icon-box-dark icon-box-type-image bg-no text-left\">\n\n\t<h3 class=\"icon-box-title\">Savoir-faire<\/h3>\t\t<div class=\"icon-box-description\">\n\t\t\t<p>Dans des cas sp\u00e9cifiques, lorsque le faible degr\u00e9 de personnalisation ralentit ou inhibe la relation avec les clients et l&#8217;expansion de l&#8217;entreprise, nos consultants sont pr\u00eats \u00e0 offrir des fonctionnalit\u00e9s sophistiqu\u00e9es &#8211; de la gestion de l&#8217;information client, \u00e0 l&#8217;automatisation des ventes, \u00e0 l&#8217;int\u00e9gration de centre d&#8217;appels ou complexe rapports de performance.<\/p>\n\t\t<\/div>\n\t<\/div>[\/vc_column][vc_column width=&#8221;1\/3&#8243;]<div class=\"icon-box icon-box-vertical icon-box-dark icon-box-type-image bg-no text-left\">\n\n\t<h3 class=\"icon-box-title\">Pratiques et normes<\/h3>\t\t<div class=\"icon-box-description\">\n\t\t\t<p>Nous partons toujours de nos clients et de leurs besoins afin de les proposer la meilleure solution. Cela, parce que nous connaissons la diff\u00e9rence entre soigner un patient, accorder un pr\u00eat ou fournir du gaz. Le changement positif, gr\u00e2ce \u00e0 la personnalisation de Microsoft 365, implique des solutions qui s\u2019int\u00e8grent dans votre projet en r\u00e9pondant \u00e0 vos attentes et en s\u2019int\u00e9grant dans votre budget.<\/p>\n\t\t<\/div>\n\t<\/div>[\/vc_column][vc_column width=&#8221;1\/3&#8243;]<div class=\"icon-box icon-box-vertical icon-box-dark icon-box-type-image bg-no text-left\">\n\n\t<h3 class=\"icon-box-title\">Orientation vers le client<\/h3>\t\t<div class=\"icon-box-description\">\n\t\t\t<p>Nous adaptons l&#8217;approche de la solution Microsoft Dynamics 365 en fonction des exigences strictes de votre environnement professionnel. Notre grande exp\u00e9rience de collaboration avec des entreprises B2B et B2C dans de multiples verticales commerciales nous permet de vous offrir des informations cruciales sur les meilleures pratiques, mais aussi des solutions efficaces \u00e0 vos probl\u00e8mes dans le domaine du CRM.<\/p>\n\t\t<\/div>\n\t<\/div>[\/vc_column][\/vc_row][vc_row offset_top=&#8221;180&#8243; class=&#8221;sectiunea2&#8243;][vc_column width=&#8221;1\/6&#8243;][\/vc_column][vc_column width=&#8221;2\/3&#8243;]<h2 class=\"block-title text-dark text-center titlu-ti\">Entrer en contact!<small class=\"h2\">Laissez un message et l&#039;un de nos consultants vous contactera dans les prochaines 24 heures.<\/small><\/h2><hr class=\"hr-solid hr-custom\" style=\"border-top-color: #e32636; border-top-width: 2px; opacity: 1;\">[\/vc_column][vc_column width=&#8221;1\/6&#8243;][\/vc_column][\/vc_row][vc_row][vc_column width=&#8221;1\/6&#8243;][\/vc_column][vc_column width=&#8221;2\/3&#8243;][wpforms id=&#8221;7338&#8243; title=&#8221;false&#8221; description=&#8221;false&#8221;][\/vc_column][vc_column width=&#8221;1\/6&#8243;][\/vc_column][\/vc_row]<\/p>\n<\/div>","protected":false},"excerpt":{"rendered":"<p class=\"post-excerpt\">[vc_row offset_top=&#8221;180&#8243; is_overlay=&#8221;enable&#8221; overlay_opacity=&#8221;65&#8243; overlay_color=&#8221;#192435&#8243; css=&#8221;.vc_custom_1613417736144{background-image: url(https:\/\/linksoft.ro\/staging\/wp-content\/uploads\/2021\/02\/Asset-1.png?id=6556) !important;}&#8221; class=&#8221;hitb&#8221;][vc_column][vc_column_text class=&#8221;titlu-pagina&#8221;] Digitalisation et Architecture Nous vous aidons \u00e0 transformer les donn\u00e9es brutes en informations commerciales pr\u00e9cieuses en \u00e9laborant des solutions ing\u00e9nieuses[\/vc_column_text][\/vc_column][\/vc_row][vc_row offset_top=&#8221;180&#8243; class=&#8221;partenerul&#8221;][vc_column width=&#8221;1\/6&#8243;][\/vc_column][vc_column width=&#8221;2\/3&#8243;][vc_column_text] Tous les projets de digitalisation commencent par la conception des applications que vos \u00e9quipes utiliseront au&#8230;\n<\/p>","protected":false},"author":13,"featured_media":0,"parent":0,"menu_order":0,"comment_status":"closed","ping_status":"closed","template":"","meta":{"footnotes":""},"class_list":["post-7374","page","type-page","status-publish","hentry"],"_links":{"self":[{"href":"https:\/\/linksoft.ro\/staging\/wp-json\/wp\/v2\/pages\/7374","targetHints":{"allow":["GET"]}}],"collection":[{"href":"https:\/\/linksoft.ro\/staging\/wp-json\/wp\/v2\/pages"}],"about":[{"href":"https:\/\/linksoft.ro\/staging\/wp-json\/wp\/v2\/types\/page"}],"author":[{"embeddable":true,"href":"https:\/\/linksoft.ro\/staging\/wp-json\/wp\/v2\/users\/13"}],"replies":[{"embeddable":true,"href":"https:\/\/linksoft.ro\/staging\/wp-json\/wp\/v2\/comments?post=7374"}],"version-history":[{"count":0,"href":"https:\/\/linksoft.ro\/staging\/wp-json\/wp\/v2\/pages\/7374\/revisions"}],"wp:attachment":[{"href":"https:\/\/linksoft.ro\/staging\/wp-json\/wp\/v2\/media?parent=7374"}],"curies":[{"name":"wp","href":"https:\/\/api.w.org\/{rel}","templated":true}]}}