{"id":7379,"date":"2021-03-20T07:18:03","date_gmt":"2021-03-20T07:18:03","guid":{"rendered":"https:\/\/linksoft.ro\/staging\/staging\/?page_id=7379"},"modified":"2021-04-06T06:43:16","modified_gmt":"2021-04-06T06:43:16","slug":"gestion-de-projet","status":"publish","type":"page","link":"https:\/\/linksoft.ro\/staging\/gestion-de-projet\/","title":{"rendered":"Gestion des projets"},"content":{"rendered":"<div class=\"wpb-content-wrapper\"><p>[vc_row offset_top=&#8221;180&#8243; is_overlay=&#8221;enable&#8221; overlay_opacity=&#8221;65&#8243; overlay_color=&#8221;#192435&#8243; css=&#8221;.vc_custom_1613417875030{background-image: url(https:\/\/linksoft.ro\/staging\/wp-content\/uploads\/2021\/02\/Asset-112.png?id=6568) !important;}&#8221; class=&#8221;hitb&#8221;][vc_column][vc_column_text class=&#8221;titlu-pagina&#8221;]<\/p>\n<h1>Gestion de projet<\/h1>\n<p>G\u00e9rez efficacement vos projets quelle que<br \/>\nsoit leur taille ou leur complexit\u00e9[\/vc_column_text]<div class=\"text-left\"><a href=\"\/fr\/contact\/\" title=\"Contact\" data-custom-color=\".btn-custom-b5dd4ec1 {background-color: #1e53a8;}\n.btn-custom-b5dd4ec1:hover {background-color: #163e7d;}\" class=\"btn btn-solid btn-rounded btn-custom btn-lg buton-titlu btn-custom-b5dd4ec1\">Contactez-nous<\/a><\/div>[\/vc_column][\/vc_row][vc_row offset_top=&#8221;180&#8243; class=&#8221;partenerul&#8221;][vc_column width=&#8221;1\/6&#8243;][\/vc_column][vc_column width=&#8221;2\/3&#8243;]<h2 class=\"block-title text-dark text-center\">Notre exp\u00e9rience est votre opportunit\u00e9<\/h2><hr class=\"hr-solid hr-custom\" style=\"border-top-color: #e32636; border-top-width: 2px; opacity: 1;\">[vc_column_text]<\/p>\n<p style=\"text-align: center;\">La coordination des ressources dans le processus de digitalisation est l&#8217;un des plus grands d\u00e9fis pour les entreprises en croissance. La d\u00e9finition d&#8217;objectifs coh\u00e9rents et de budgets ad\u00e9quats pour les projets de d\u00e9veloppement digital devient d&#8217;autant plus difficile que l&#8217;exp\u00e9rience de mise en \u0153uvre de tels projets fait d\u00e9faut. C&#8217;est pourquoi nous offrons \u00e0 nos clients la possibilit\u00e9 de b\u00e9n\u00e9ficier d&#8217;un chef de projet exp\u00e9riment\u00e9 au sein de notre \u00e9quipe, en veillant \u00e0 ce que le r\u00e9sultat final de chaque \u00e9tape soit une solution optimis\u00e9e dont nous et les b\u00e9n\u00e9ficiaires pouvons \u00eatre fiers.<\/p>\n<p>[\/vc_column_text][\/vc_column][vc_column width=&#8221;1\/6&#8243;][\/vc_column][\/vc_row][vc_row offset_top=&#8221;180&#8243; class=&#8221;sectiunea2&#8243;][vc_column width=&#8221;1\/6&#8243;][\/vc_column][vc_column width=&#8221;2\/3&#8243;]<h2 class=\"block-title text-dark text-center\">Ce que nous faisons en tant que chefs de projets<\/h2><hr class=\"hr-solid hr-custom\" style=\"border-top-color: #e32636; border-top-width: 2px; opacity: 1;\">[\/vc_column][vc_column width=&#8221;1\/6&#8243;][\/vc_column][\/vc_row][vc_row offset_top=&#8221;180&#8243; class=&#8221;icoane-echipa&#8221;][vc_column width=&#8221;1\/4&#8243;]<div class=\"icon-box icon-box-vertical icon-box-dark icon-box-type-image bg-no text-left\">\n\n\t<div class=\"icon-box-icon\"><img decoding=\"async\" src=\"https:\/\/linksoft.ro\/staging\/wp-content\/uploads\/2021\/02\/Digitalizare.svg\" class=\"attachment-full size-full\" alt=\"\" \/><\/div><h3 class=\"icon-box-title\">Service complet<\/h3>\t\t<div class=\"icon-box-description\">\n\t\t\t<p>Nous pouvons vous accompagner avec des services de gestion de projets et de co\u00fbts, en veillant \u00e0 ce que votre projet devienne une r\u00e9alit\u00e9 dans un processus efficace, contr\u00f4lable et sans tracas.<\/p>\n\t\t<\/div>\n\t<\/div>[\/vc_column][vc_column width=&#8221;1\/4&#8243;]<div class=\"icon-box icon-box-vertical icon-box-dark icon-box-type-image bg-no text-left\">\n\n\t<div class=\"icon-box-icon\"><img decoding=\"async\" src=\"https:\/\/linksoft.ro\/staging\/wp-content\/uploads\/2021\/02\/Arhitectura.svg\" class=\"attachment-full size-full\" alt=\"\" \/><\/div><h3 class=\"icon-box-title\">M\u00e9thodologie<\/h3>\t\t<div class=\"icon-box-description\">\n\t\t\t<p>Gr\u00e2ce \u00e0 notre exp\u00e9rience dans la mise en \u0153uvre de solutions CRM, nous pouvons effectuer une analyse th\u00e9orique comp\u00e9tente et coh\u00e9rente et assurer une gestion optimale de chaque projet auquel nous nous inscrivons.<\/p>\n\t\t<\/div>\n\t<\/div>[\/vc_column][vc_column width=&#8221;1\/4&#8243;]<div class=\"icon-box icon-box-vertical icon-box-dark icon-box-type-image bg-no text-left\">\n\n\t<div class=\"icon-box-icon\"><img decoding=\"async\" src=\"https:\/\/linksoft.ro\/staging\/wp-content\/uploads\/2021\/02\/Definirea-Obiectivelor.svg\" class=\"attachment-full size-full\" alt=\"\" \/><\/div><h3 class=\"icon-box-title\">Fixation des objectifs<\/h3>\t\t<div class=\"icon-box-description\">\n\t\t\t<p>Nous nous concentrons sur la protection de la rentabilit\u00e9 \u00e0 court et \u00e0 long terme de votre entreprise en d\u00e9finissant soigneusement les objectifs du projet, afin que vous puissiez toujours livrer \u00e0 temps, selon les normes et au juste prix.<\/p>\n\t\t<\/div>\n\t<\/div>[\/vc_column][vc_column width=&#8221;1\/4&#8243;]<div class=\"icon-box icon-box-vertical icon-box-dark icon-box-type-image bg-no text-left\">\n\n\t<div class=\"icon-box-icon\"><img decoding=\"async\" src=\"https:\/\/linksoft.ro\/staging\/wp-content\/uploads\/2021\/02\/Uniformizare.svg\" class=\"attachment-full size-full\" alt=\"\" \/><\/div><h3 class=\"icon-box-title\">Solutions \u00e0 jour<\/h3>\t\t<div class=\"icon-box-description\">\n\t\t\t<p>Notre partenariat Gold Microsoft garantit que votre projet sera conforme aux derni\u00e8res normes et avanc\u00e9es technologiques tout en restant s\u00e9curis\u00e9 et rapide.<\/p>\n\t\t<\/div>\n\t<\/div>[\/vc_column][\/vc_row][vc_row offset_top=&#8221;180&#8243; class=&#8221;sectiunea2&#8243;][vc_column width=&#8221;1\/6&#8243;][\/vc_column][vc_column width=&#8221;2\/3&#8243;]<h2 class=\"block-title text-dark text-center\">Notre approche<\/h2><hr class=\"hr-solid hr-custom\" style=\"border-top-color: #e32636; border-top-width: 2px; opacity: 1;\">[\/vc_column][vc_column width=&#8221;1\/6&#8243;][\/vc_column][\/vc_row][vc_row offset_top=&#8221;180&#8243; class=&#8221;icoane-echipa servicii-principii sol-crm&#8221;][vc_column width=&#8221;1\/3&#8243;]<div class=\"icon-box icon-box-vertical icon-box-dark icon-box-type-image bg-no text-left\">\n\n\t<h3 class=\"icon-box-title\">Savoir-faire<\/h3>\t\t<div class=\"icon-box-description\">\n\t\t\t<p>Dans des cas sp\u00e9cifiques, lorsque le faible degr\u00e9 de personnalisation ralentit ou inhibe la relation avec les clients et l&#8217;expansion de l&#8217;entreprise, nos consultants sont pr\u00eats \u00e0 offrir des fonctionnalit\u00e9s sophistiqu\u00e9es &#8211; de la gestion de l&#8217;information client, \u00e0 l&#8217;automatisation des ventes, \u00e0 l&#8217;int\u00e9gration de centre d&#8217;appels ou complexe rapports de performance.<\/p>\n\t\t<\/div>\n\t<\/div>[\/vc_column][vc_column width=&#8221;1\/3&#8243;]<div class=\"icon-box icon-box-vertical icon-box-dark icon-box-type-image bg-no text-left\">\n\n\t<h3 class=\"icon-box-title\">Pratiques et normes<\/h3>\t\t<div class=\"icon-box-description\">\n\t\t\t<p>Nous partons toujours de nos clients et de leurs besoins afin de les proposer la meilleure solution. Cela, parce que nous connaissons la diff\u00e9rence entre soigner un patient, accorder un pr\u00eat ou fournir du gaz. Le changement positif, gr\u00e2ce \u00e0 la personnalisation de Microsoft 365, implique des solutions qui s\u2019int\u00e8grent dans votre projet en r\u00e9pondant \u00e0 vos attentes et en s\u2019int\u00e9grant dans votre budget.<\/p>\n\t\t<\/div>\n\t<\/div>[\/vc_column][vc_column width=&#8221;1\/3&#8243;]<div class=\"icon-box icon-box-vertical icon-box-dark icon-box-type-image bg-no text-left\">\n\n\t<h3 class=\"icon-box-title\">Orientation vers le client<\/h3>\t\t<div class=\"icon-box-description\">\n\t\t\t<p>Nous adaptons l&#8217;approche de la solution Microsoft Dynamics 365 en fonction des exigences strictes de votre environnement professionnel. Notre grande exp\u00e9rience de collaboration avec des entreprises B2B et B2C dans de multiples verticales commerciales nous permet de vous offrir des informations cruciales sur les meilleures pratiques, mais aussi des solutions efficaces \u00e0 vos probl\u00e8mes dans le domaine du CRM.<\/p>\n\t\t<\/div>\n\t<\/div>[\/vc_column][\/vc_row][vc_row offset_top=&#8221;180&#8243; class=&#8221;sectiunea2&#8243;][vc_column width=&#8221;1\/6&#8243;][\/vc_column][vc_column width=&#8221;2\/3&#8243;]<h2 class=\"block-title text-dark text-center titlu-ti\">Entrer en contact!<small class=\"h2\">Laissez un message et l&#039;un de nos consultants vous contactera dans les prochaines 24 heures.<\/small><\/h2><hr class=\"hr-solid hr-custom\" style=\"border-top-color: #e32636; border-top-width: 2px; opacity: 1;\">[\/vc_column][vc_column width=&#8221;1\/6&#8243;][\/vc_column][\/vc_row][vc_row][vc_column width=&#8221;1\/6&#8243;][\/vc_column][vc_column width=&#8221;2\/3&#8243;][wpforms id=&#8221;7338&#8243; title=&#8221;false&#8221; description=&#8221;false&#8221;][\/vc_column][vc_column width=&#8221;1\/6&#8243;][\/vc_column][\/vc_row]<\/p>\n<\/div>","protected":false},"excerpt":{"rendered":"<p class=\"post-excerpt\">[vc_row offset_top=&#8221;180&#8243; is_overlay=&#8221;enable&#8221; overlay_opacity=&#8221;65&#8243; overlay_color=&#8221;#192435&#8243; css=&#8221;.vc_custom_1613417875030{background-image: url(https:\/\/linksoft.ro\/staging\/wp-content\/uploads\/2021\/02\/Asset-112.png?id=6568) !important;}&#8221; class=&#8221;hitb&#8221;][vc_column][vc_column_text class=&#8221;titlu-pagina&#8221;] Gestion de projet G\u00e9rez efficacement vos projets quelle que soit leur taille ou leur complexit\u00e9[\/vc_column_text][\/vc_column][\/vc_row][vc_row offset_top=&#8221;180&#8243; class=&#8221;partenerul&#8221;][vc_column width=&#8221;1\/6&#8243;][\/vc_column][vc_column width=&#8221;2\/3&#8243;][vc_column_text] La coordination des ressources dans le processus de digitalisation est l&#8217;un des plus grands d\u00e9fis pour les entreprises en croissance. La&#8230;\n<\/p>","protected":false},"author":13,"featured_media":0,"parent":0,"menu_order":0,"comment_status":"closed","ping_status":"closed","template":"","meta":{"footnotes":""},"class_list":["post-7379","page","type-page","status-publish","hentry"],"_links":{"self":[{"href":"https:\/\/linksoft.ro\/staging\/wp-json\/wp\/v2\/pages\/7379","targetHints":{"allow":["GET"]}}],"collection":[{"href":"https:\/\/linksoft.ro\/staging\/wp-json\/wp\/v2\/pages"}],"about":[{"href":"https:\/\/linksoft.ro\/staging\/wp-json\/wp\/v2\/types\/page"}],"author":[{"embeddable":true,"href":"https:\/\/linksoft.ro\/staging\/wp-json\/wp\/v2\/users\/13"}],"replies":[{"embeddable":true,"href":"https:\/\/linksoft.ro\/staging\/wp-json\/wp\/v2\/comments?post=7379"}],"version-history":[{"count":0,"href":"https:\/\/linksoft.ro\/staging\/wp-json\/wp\/v2\/pages\/7379\/revisions"}],"wp:attachment":[{"href":"https:\/\/linksoft.ro\/staging\/wp-json\/wp\/v2\/media?parent=7379"}],"curies":[{"name":"wp","href":"https:\/\/api.w.org\/{rel}","templated":true}]}}