{"id":7397,"date":"2019-06-03T12:00:37","date_gmt":"2019-06-03T12:00:37","guid":{"rendered":"https:\/\/linksoft.ro\/staging\/staging\/?page_id=7397"},"modified":"2021-04-06T08:45:37","modified_gmt":"2021-04-06T08:45:37","slug":"a-propos","status":"publish","type":"page","link":"https:\/\/linksoft.ro\/staging\/a-propos\/","title":{"rendered":"\u00c0 propos"},"content":{"rendered":"<div class=\"wpb-content-wrapper\"><p>[vc_row offset_top=&#8221;180&#8243; is_overlay=&#8221;enable&#8221; overlay_opacity=&#8221;65&#8243; overlay_color=&#8221;#192435&#8243; css=&#8221;.vc_custom_1613417760633{background-image: url(https:\/\/linksoft.ro\/staging\/wp-content\/uploads\/2021\/02\/Asset-15.png?id=6561) !important;}&#8221; class=&#8221;hitb&#8221;][vc_column][vc_column_text class=&#8221;titlu-pagina&#8221;]<\/p>\n<h1>\u00c0 propos<\/h1>\n<p>Des professionnels certifi\u00e9s passionn\u00e9s par l&#8217;innovation,<br \/>\nl&#8217;apprentissage et le d\u00e9veloppement.[\/vc_column_text]<div class=\"text-left\"><a href=\"\/fr\/contact\/\" title=\"Contact\" data-custom-color=\".btn-custom-e726fa66 {background-color: #1e53a8;}\n.btn-custom-e726fa66:hover {background-color: #163e7d;}\" class=\"btn btn-solid btn-rounded btn-custom btn-lg buton-titlu btn-custom-e726fa66\">Contactez-nous<\/a><\/div>[\/vc_column][\/vc_row][vc_row offset_top=&#8221;180&#8243; class=&#8221;partenerul&#8221;][vc_column width=&#8221;1\/6&#8243;][\/vc_column][vc_column width=&#8221;2\/3&#8243;]<h2 class=\"block-title text-dark text-center\">Centre d&#039;excellence<\/h2><hr class=\"hr-solid hr-custom\" style=\"border-top-color: #e32636; border-top-width: 2px; opacity: 1;\">[vc_column_text]<\/p>\n<p style=\"text-align: center;\">D\u00e8s le d\u00e9but, nous avons entrepris de construire un centre d&#8217;excellence Microsoft Dynamics qui r\u00e9unit les meilleurs sp\u00e9cialistes et les plates-formes les plus efficaces afin de mettre en \u0153uvre une solution CRM performante et facile \u00e0 utiliser. Nous imposons les standards d&#8217;excellence les plus exigeants au niveau de notre \u00e9quipe, afin de nous assurer d&#8217;\u00eatre en mesure de remplir notre mission et de respecter nos valeurs.<\/p>\n<p>[\/vc_column_text][\/vc_column][vc_column width=&#8221;1\/6&#8243;][\/vc_column][\/vc_row][vc_row offset_top=&#8221;180&#8243; class=&#8221;partenerul&#8221; css=&#8221;.vc_custom_1611336305912{padding-top: 75px !important;}&#8221;][vc_column width=&#8221;1\/6&#8243;][\/vc_column][vc_column width=&#8221;2\/3&#8243;]<h2 class=\"block-title text-dark text-center\">Nos Valeurs<\/h2><hr class=\"hr-solid hr-custom\" style=\"border-top-color: #e32636; border-top-width: 2px; opacity: 1;\">[\/vc_column][vc_column width=&#8221;1\/6&#8243;][\/vc_column][\/vc_row][vc_row offset_top=&#8221;180&#8243; class=&#8221;icoane-echipa iechip2 sol-crm&#8221;][vc_column width=&#8221;1\/4&#8243;]<div class=\"icon-box icon-box-vertical icon-box-dark icon-box-type-image bg-no text-center\">\n\n\t<div class=\"icon-box-icon\"><img decoding=\"async\" src=\"https:\/\/linksoft.ro\/staging\/wp-content\/uploads\/2021\/01\/Integri.svg\" class=\"attachment-full size-full\" alt=\"\" \/><\/div><h3 class=\"icon-box-title\">Int\u00e9grit\u00e9<\/h3>\t\t<div class=\"icon-box-description\">\n\t\t\t<p>Nous sommes ouverts et \u00e9quitables dans tout ce que nous faisons. Nous surmontons les revers gr\u00e2ce \u00e0 des processus transparents afin que nos clients comprennent la valeur de notre collaboration.<\/p>\n\t\t<\/div>\n\t<\/div>[\/vc_column][vc_column width=&#8221;1\/4&#8243;]<div class=\"icon-box icon-box-vertical icon-box-dark icon-box-type-image bg-no text-center\">\n\n\t<div class=\"icon-box-icon\"><img decoding=\"async\" src=\"https:\/\/linksoft.ro\/staging\/wp-content\/uploads\/2021\/01\/Ambitiosi.svg\" class=\"attachment-full size-full\" alt=\"\" \/><\/div><h3 class=\"icon-box-title\">Ambition<\/h3>\t\t<div class=\"icon-box-description\">\n\t\t\t<p>Nous nous concentrons sur le d\u00e9veloppement continu et nous sommes convaincus que nous devons \u00eatre meilleurs demain que nous ne le sommes aujourd&#8217;hui.<\/p>\n\t\t<\/div>\n\t<\/div>[\/vc_column][vc_column width=&#8221;1\/4&#8243;]<div class=\"icon-box icon-box-vertical icon-box-dark icon-box-type-image bg-no text-center\">\n\n\t<div class=\"icon-box-icon\"><img decoding=\"async\" src=\"https:\/\/linksoft.ro\/staging\/wp-content\/uploads\/2021\/01\/Orientati-catre...svg\" class=\"attachment-full size-full\" alt=\"\" \/><\/div><h3 class=\"icon-box-title\">Orientation vers le client<\/h3>\t\t<div class=\"icon-box-description\">\n\t\t\t<p>Nous nous effor\u00e7ons d&#8217;ajouter de la valeur aux processus commerciaux de nos clients \u00e0 travers chaque projet sur lequel nous travaillons.<\/p>\n\t\t<\/div>\n\t<\/div>[\/vc_column][vc_column width=&#8221;1\/4&#8243;]<div class=\"icon-box icon-box-vertical icon-box-dark icon-box-type-image bg-no text-center\">\n\n\t<div class=\"icon-box-icon\"><img decoding=\"async\" src=\"https:\/\/linksoft.ro\/staging\/wp-content\/uploads\/2021\/01\/Proactivi.svg\" class=\"attachment-full size-full\" alt=\"\" \/><\/div><h3 class=\"icon-box-title\">Proactivit\u00e9<\/h3>\t\t<div class=\"icon-box-description\">\n\t\t\t<p>Nous sommes le genre de partenaire qui motive les clients \u00e0 devenir meilleur en mati\u00e8re de digitalisation<strong>.<\/strong><\/p>\n\t\t<\/div>\n\t<\/div>[\/vc_column][\/vc_row][vc_row offset_top=&#8221;180&#8243; class=&#8221;sectiunea2&#8243;][vc_column width=&#8221;1\/6&#8243;][\/vc_column][vc_column width=&#8221;2\/3&#8243;]<h2 class=\"block-title text-dark text-center\">Qualit\u00e9 certifi\u00e9e<\/h2><hr class=\"hr-solid hr-custom\" style=\"border-top-color: #e32636; border-top-width: 2px; opacity: 1;\">[vc_column_text]<\/p>\n<p style=\"text-align: center;\">ISO 9001: 2015 est la norme internationale la plus reconnue pour la gestion de la qualit\u00e9. Cette certification reconna\u00eet les organisations dot\u00e9es d&#8217;un syst\u00e8me de gestion de la qualit\u00e9, qui fournit en permanence des services r\u00e9pondant aux exigences des clients. L&#8217;acquisition de cette norme garantit que la base de notre syst\u00e8me de gestion de la qualit\u00e9 est l&#8217;am\u00e9lioration continue et la satisfaction du client.<\/p>\n<p>&nbsp;<\/p>\n<p>&nbsp;<\/p>\n<p><img loading=\"lazy\" decoding=\"async\" class=\"aligncenter wp-image-7398\" src=\"https:\/\/linksoft.ro\/staging\/wp-content\/uploads\/2021\/01\/ISO-Certifications-300x137.png\" alt=\"\" width=\"350\" height=\"160\" srcset=\"https:\/\/linksoft.ro\/staging\/wp-content\/uploads\/2021\/01\/ISO-Certifications-300x137.png 300w, https:\/\/linksoft.ro\/staging\/wp-content\/uploads\/2021\/01\/ISO-Certifications.png 500w\" sizes=\"auto, (max-width: 350px) 100vw, 350px\" \/>[\/vc_column_text][\/vc_column][vc_column width=&#8221;1\/6&#8243;][\/vc_column][\/vc_row][vc_row offset_top=&#8221;180&#8243; class=&#8221;sectiunea2021&#8243; css=&#8221;.vc_custom_1611160917402{padding-top: 25px !important;background-color: #f6f6f6 !important;}&#8221;][vc_column width=&#8221;1\/6&#8243;][\/vc_column][vc_column width=&#8221;2\/3&#8243;]<h2 class=\"block-title text-dark text-center\">Nos dirigeants<\/h2><hr class=\"hr-solid hr-custom hr-rosu\" style=\"border-top-color: #e32636; border-top-width: 2px; opacity: 1;\">[vc_column_text]<\/p>\n<p style=\"text-align: center;\">Notre entreprise est dirig\u00e9e par un duo dynamique, Alexandru Olaru et Florin Dumitru, qui apportent une exp\u00e9rience \u00e0 la fois dans le domaine technique et dans l&#8217;environnement des affaires. Ax\u00e9s sur l&#8217;excellence et la performance, ils sont le moteur principal d&#8217;une \u00e9quipe toujours pr\u00eate \u00e0 livrer les meilleurs r\u00e9sultats.<\/p>\n<p>[\/vc_column_text][\/vc_column][vc_column width=&#8221;1\/6&#8243;][\/vc_column][\/vc_row][vc_row offset_top=&#8221;180&#8243; class=&#8221;sectiunea2 bosii&#8221; css=&#8221;.vc_custom_1614190774427{background-color: #f6f6f6 !important;}&#8221;][vc_column width=&#8221;1\/6&#8243;][\/vc_column][vc_column width=&#8221;1\/3&#8243;][vc_column_text]<\/p>\n<h1 style=\"text-align: center;\"><strong><img loading=\"lazy\" decoding=\"async\" class=\"aligncenter wp-image-7399 size-medium\" src=\"https:\/\/linksoft.ro\/staging\/wp-content\/uploads\/2021\/03\/Placeholder-AO.png\" alt=\"\" width=\"278\" height=\"300\" \/>Alexandru Olaru<\/strong><\/h1>\n<p class=\"h1-small\" style=\"text-align: center;\">Chief Executive Officer<\/p>\n<p><a href=\"#\"><img loading=\"lazy\" decoding=\"async\" class=\"aligncenter size-full wp-image-7400\" src=\"https:\/\/linksoft.ro\/staging\/wp-content\/uploads\/2019\/06\/linked.png\" alt=\"\" width=\"40\" height=\"40\" \/><\/a>[\/vc_column_text][\/vc_column][vc_column width=&#8221;1\/3&#8243;][vc_column_text]<\/p>\n<h1 style=\"text-align: center;\"><strong><img loading=\"lazy\" decoding=\"async\" class=\"aligncenter wp-image-7399 size-medium\" src=\"https:\/\/linksoft.ro\/staging\/wp-content\/uploads\/2021\/03\/Florin-Dumitru.png\" alt=\"\" width=\"278\" height=\"300\" \/>Florin Dumitru<br \/>\n<\/strong><\/h1>\n<p class=\"h1-small\" style=\"text-align: center;\">Chief Operating Officer<\/p>\n<p><a href=\"#\"><img loading=\"lazy\" decoding=\"async\" class=\"aligncenter size-full wp-image-7400\" src=\"https:\/\/linksoft.ro\/staging\/wp-content\/uploads\/2019\/06\/linked.png\" alt=\"\" width=\"40\" height=\"40\" \/><\/a>[\/vc_column_text][\/vc_column][vc_column width=&#8221;1\/6&#8243;][\/vc_column][\/vc_row][vc_row offset_top=&#8221;180&#8243; class=&#8221;sectiunea2&#8243;][vc_column width=&#8221;1\/6&#8243;][\/vc_column][vc_column width=&#8221;2\/3&#8243;]<h2 class=\"block-title text-dark text-center\">Qu&#039;est-ce qui nous d\u00e9finit?<\/h2><hr class=\"hr-solid hr-custom\" style=\"border-top-color: #e32636; border-top-width: 2px; opacity: 1;\">[\/vc_column][vc_column width=&#8221;1\/6&#8243;][\/vc_column][\/vc_row][vc_row offset_top=&#8221;180&#8243; class=&#8221;echipa-cifre1&#8243;][vc_column width=&#8221;1\/6&#8243; class=&#8221;ascunde&#8221;][\/vc_column][vc_column width=&#8221;1\/6&#8243;]<div class=\"animated-digit-box skin-default numarplus\">\n\t<div class=\"animated-digit\">\n\t\t<span class=\"digit\">20000<\/span>\n\t<\/div>\n\t<p class=\"description\">Utilisateurs actifs pour nos solutions<\/p>\n<\/div>[\/vc_column][vc_column width=&#8221;1\/6&#8243;]<div class=\"animated-digit-box skin-default numarplus\">\n\t<div class=\"animated-digit\">\n\t\t<span class=\"digit\">2000<\/span>\n\t<\/div>\n\t<p class=\"description\">Heures de formation<\/p>\n<\/div>[\/vc_column][vc_column width=&#8221;1\/6&#8243;]<div class=\"animated-digit-box skin-default\">\n\t<div class=\"animated-digit\">\n\t\t<span class=\"digit\">65<\/span>\n\t<\/div>\n\t<p class=\"description\">Certifications Microsoft<\/p>\n<\/div>[\/vc_column][vc_column width=&#8221;1\/6&#8243;]<div class=\"animated-digit-box skin-default\">\n\t<div class=\"animated-digit\">\n\t\t<span class=\"digit\">10<\/span>\n\t<\/div>\n\t<p class=\"description\">Ann\u00e9es d&#039;exp\u00e9rience dans la mise en \u0153uvre de syst\u00e8mes logiciels<\/p>\n<\/div>[\/vc_column][vc_column width=&#8221;1\/6&#8243; class=&#8221;ascunde&#8221;][\/vc_column][\/vc_row][vc_row offset_top=&#8221;180&#8243; class=&#8221;echipa-cifre1&#8243;][vc_column width=&#8221;1\/6&#8243; class=&#8221;ascunde&#8221;][\/vc_column][vc_column width=&#8221;1\/6&#8243;]<div class=\"animated-digit-box skin-default numarprocent\">\n\t<div class=\"animated-digit\">\n\t\t<span class=\"digit\">100<\/span>\n\t<\/div>\n\t<p class=\"description\">D\u00e9di\u00e9 au succ\u00e8s de notre partenaire<\/p>\n<\/div>[\/vc_column][vc_column width=&#8221;1\/6&#8243;]<div class=\"animated-digit-box skin-default\">\n\t<div class=\"animated-digit\">\n\t\t<span class=\"digit\">3<\/span>\n\t<\/div>\n\t<p class=\"description\">Heures, temps moyen de trois heures pour la r\u00e9solution des tickets<\/p>\n<\/div>[\/vc_column][vc_column width=&#8221;1\/6&#8243;]<div class=\"animated-digit-box skin-default din7\">\n\t<div class=\"animated-digit\">\n\t\t<span class=\"digit\">24<\/span>\n\t<\/div>\n\t<p class=\"description\">Disponibilit\u00e9 pour r\u00e9soudre les tickets critiques<\/p>\n<\/div>[\/vc_column][vc_column width=&#8221;1\/6&#8243;]<div class=\"animated-digit-box skin-default\">\n\t<div class=\"animated-digit\">\n\t\t<span class=\"digit\">1<\/span>\n\t<\/div>\n\t<p class=\"description\">Objectif principal:&lt;br \/&gt;\nSatisfaction du client<\/p>\n<\/div>[\/vc_column][vc_column width=&#8221;1\/6&#8243; class=&#8221;ascunde&#8221;][\/vc_column][\/vc_row][vc_row offset_top=&#8221;180&#8243; class=&#8221;sectiunea2&#8243;][vc_column width=&#8221;1\/6&#8243;][\/vc_column][vc_column width=&#8221;2\/3&#8243;]<h2 class=\"block-title text-dark text-center\">Carri\u00e8res<\/h2><hr class=\"hr-solid hr-custom\" style=\"border-top-color: #e32636; border-top-width: 2px; opacity: 1;\">[\/vc_column][vc_column width=&#8221;1\/6&#8243;][\/vc_column][\/vc_row][vc_row offset_top=&#8221;180&#8243; css=&#8221;.vc_custom_1611163597329{padding-top: 50px !important;}&#8221; id=&#8221;cariere&#8221;][vc_column width=&#8221;1\/6&#8243;][\/vc_column][vc_column width=&#8221;2\/3&#8243;][vc_column_text]<\/p>\n<p style=\"text-align: center;\">Notre entreprise se compose de personnes qui veulent toujours apprendre de nouvelles choses, passionn\u00e9s par l\u2019innovation et l&#8217;appartenance. Notre \u00e9quipe fournira le rare m\u00e9lange de certification, d&#8217;exp\u00e9rience et d&#8217;esprit d&#8217;\u00e9quipe qui fait la diff\u00e9rence dans la mise en \u0153uvre de solutions logicielles performantes. Si vous aspirez \u00e0 \u00e9voluer constamment au sein d&#8217;une \u00e9quipe de soutien et bien inform\u00e9e, vous pouvez postuler \u00e0 nos postes vacants directement via notre plateforme de carri\u00e8re.<\/p>\n<p>[\/vc_column_text][\/vc_column][vc_column width=&#8221;1\/6&#8243; offset=&#8221;vc_col-lg-offset-0 vc_col-md-offset-0&#8243;][\/vc_column][\/vc_row][vc_row offset_top=&#8221;180&#8243; class=&#8221;sectiunea2 butonel&#8221;][vc_column width=&#8221;1\/6&#8243;][\/vc_column][vc_column width=&#8221;2\/3&#8243;]<div class=\"text-center\"><a href=\"\/fr\/carrieres\/\" title=\"careers\" class=\"btn btn-transparent btn-rounded btn-primary btn-nl buton-primapagina\">Postes ouverts<\/a><\/div>[\/vc_column][vc_column width=&#8221;1\/6&#8243;][\/vc_column][\/vc_row]<\/p>\n<\/div>","protected":false},"excerpt":{"rendered":"<p class=\"post-excerpt\">[vc_row offset_top=&#8221;180&#8243; is_overlay=&#8221;enable&#8221; overlay_opacity=&#8221;65&#8243; overlay_color=&#8221;#192435&#8243; css=&#8221;.vc_custom_1613417760633{background-image: url(https:\/\/linksoft.ro\/staging\/wp-content\/uploads\/2021\/02\/Asset-15.png?id=6561) !important;}&#8221; class=&#8221;hitb&#8221;][vc_column][vc_column_text class=&#8221;titlu-pagina&#8221;] \u00c0 propos Des professionnels certifi\u00e9s passionn\u00e9s par l&#8217;innovation, l&#8217;apprentissage et le d\u00e9veloppement.[\/vc_column_text][\/vc_column][\/vc_row][vc_row offset_top=&#8221;180&#8243; class=&#8221;partenerul&#8221;][vc_column width=&#8221;1\/6&#8243;][\/vc_column][vc_column width=&#8221;2\/3&#8243;][vc_column_text] D\u00e8s le d\u00e9but, nous avons entrepris de construire un centre d&#8217;excellence Microsoft Dynamics qui r\u00e9unit les meilleurs sp\u00e9cialistes et les plates-formes les plus efficaces&#8230;\n<\/p>","protected":false},"author":13,"featured_media":0,"parent":0,"menu_order":0,"comment_status":"closed","ping_status":"closed","template":"","meta":{"footnotes":""},"class_list":["post-7397","page","type-page","status-publish","hentry"],"_links":{"self":[{"href":"https:\/\/linksoft.ro\/staging\/wp-json\/wp\/v2\/pages\/7397","targetHints":{"allow":["GET"]}}],"collection":[{"href":"https:\/\/linksoft.ro\/staging\/wp-json\/wp\/v2\/pages"}],"about":[{"href":"https:\/\/linksoft.ro\/staging\/wp-json\/wp\/v2\/types\/page"}],"author":[{"embeddable":true,"href":"https:\/\/linksoft.ro\/staging\/wp-json\/wp\/v2\/users\/13"}],"replies":[{"embeddable":true,"href":"https:\/\/linksoft.ro\/staging\/wp-json\/wp\/v2\/comments?post=7397"}],"version-history":[{"count":1,"href":"https:\/\/linksoft.ro\/staging\/wp-json\/wp\/v2\/pages\/7397\/revisions"}],"predecessor-version":[{"id":10392,"href":"https:\/\/linksoft.ro\/staging\/wp-json\/wp\/v2\/pages\/7397\/revisions\/10392"}],"wp:attachment":[{"href":"https:\/\/linksoft.ro\/staging\/wp-json\/wp\/v2\/media?parent=7397"}],"curies":[{"name":"wp","href":"https:\/\/api.w.org\/{rel}","templated":true}]}}