{"id":7442,"date":"2021-03-20T09:35:23","date_gmt":"2021-03-20T09:35:23","guid":{"rendered":"https:\/\/linksoft.ro\/staging\/staging\/?page_id=7442"},"modified":"2021-03-22T13:03:25","modified_gmt":"2021-03-22T13:03:25","slug":"logiciel-crm-immobilier","status":"publish","type":"page","link":"https:\/\/linksoft.ro\/staging\/logiciel-crm-immobilier\/","title":{"rendered":"CRM Immobilier"},"content":{"rendered":"<div class=\"wpb-content-wrapper\"><p>[vc_row offset_top=&#8221;180&#8243; is_overlay=&#8221;enable&#8221; overlay_opacity=&#8221;65&#8243; overlay_color=&#8221;#192435&#8243; css=&#8221;.vc_custom_1613417691661{background-image: url(https:\/\/linksoft.ro\/staging\/wp-content\/uploads\/2021\/02\/Asset-115.png?id=6571) !important;}&#8221; class=&#8221;hitb&#8221;][vc_column][vc_column_text class=&#8221;titlu-pagina&#8221;]<\/p>\n<h1>CRM Immobilier<\/h1>\n<p>G\u00e9rez, analysez et optimisez votre<br \/>\nportefeuille immobilier[\/vc_column_text]<div class=\"text-left\"><a href=\"\/fr\/contact\/\" title=\"Contact\" data-custom-color=\".btn-custom-d5a805b9 {background-color: #1e53a8;}\n.btn-custom-d5a805b9:hover {background-color: #163e7d;}\" class=\"btn btn-solid btn-rounded btn-custom btn-lg buton-titlu btn-custom-d5a805b9\">Contactez-nous<\/a><\/div>[\/vc_column][\/vc_row][vc_row offset_top=&#8221;180&#8243; class=&#8221;partenerul&#8221;][vc_column width=&#8221;1\/6&#8243;][\/vc_column][vc_column width=&#8221;2\/3&#8243;]<h2 class=\"block-title text-dark text-center\">La conclusion de contrats de logement n&#039;a jamais \u00e9t\u00e9 aussi simple<\/h2><hr class=\"hr-solid hr-custom\" style=\"border-top-color: #e32636; border-top-width: 2px; opacity: 1;\">[vc_column_text]<\/p>\n<p style=\"text-align: center;\">\u00c0 l&#8217;\u00e9chelle mondiale, quelle que soit la verticale commerciale, il est unanimement admis que les demandes des clients sont de plus en plus nombreuses et diversifi\u00e9es. D&#8217;autant plus sur le march\u00e9 immobilier o\u00f9 la diversit\u00e9 est extr\u00eamement accentu\u00e9e, et des facteurs tels que l&#8217;emplacement, la r\u00e9putation des promoteurs immobiliers ou la bataille entre le logement et l&#8217;espace commercial comptent de plus en plus.<\/p>\n<p style=\"text-align: center;\">Les solutions immobili\u00e8res bas\u00e9es sur Microsoft Dynamics offrent une vue d&#8217;ensemble de votre portefeuille de propri\u00e9t\u00e9s, ainsi que la possibilit\u00e9 de g\u00e9rer des listes de clients pour chaque propri\u00e9t\u00e9. Dans le m\u00eame temps, vous avez la possibilit\u00e9 de segmenter les clients potentiels selon des crit\u00e8res sp\u00e9cifiques et de mener des campagnes marketing adapt\u00e9es \u00e0 chaque segment.<\/p>\n<p>[\/vc_column_text][\/vc_column][vc_column width=&#8221;1\/6&#8243;][\/vc_column][\/vc_row][vc_row offset_top=&#8221;180&#8243; class=&#8221;tech-imgtext&#8221; css=&#8221;.vc_custom_1612605808577{padding-top: 75px !important;}&#8221;][vc_column width=&#8221;1\/2&#8243;][vc_column_text animation=&#8221;fade-right&#8221;]<\/p>\n<h3>Entit\u00e9s g\u00e9r\u00e9es<\/h3>\n<ul>\n<li><strong>Clients<\/strong> &#8211; G\u00e9rez vos clients et contrats d&#8217;entreprise \u00e0 l&#8217;aide d&#8217;une solution tout-en-un qui fournit des fonctionnalit\u00e9s sp\u00e9cifiques bas\u00e9es sur des profils sp\u00e9cifiques et des enregistrements d&#8217;interaction.<\/li>\n<li><strong>Portefeuille immobilier<\/strong> &#8211; Analysez les propri\u00e9t\u00e9s g\u00e9r\u00e9es \u00e0 l&#8217;aide de rapports complexes pour \u00e9valuer la valeur de la propri\u00e9t\u00e9, les acheteurs potentiels, les opportunit\u00e9s de cr\u00e9dit et bien d&#8217;autres.<\/li>\n<li><strong>Entretien de la propri\u00e9t\u00e9<\/strong> &#8211; G\u00e9rez les garanties, les contrats de location ou de vente, les factures des entrepreneurs et assurez une r\u00e9ponse rapide aux demandes des clients.<\/li>\n<li><strong>Fournisseurs<\/strong> <strong>de services auxiliaires<\/strong> &#8211; Int\u00e9grer et g\u00e9rer les fournisseurs de services publics, les entreprises de s\u00e9curit\u00e9, les fournisseurs d&#8217;am\u00e9nagement paysager et de jardinage et d&#8217;autres fournisseurs de services suppl\u00e9mentaires.<\/li>\n<\/ul>\n<p>[\/vc_column_text][\/vc_column][vc_column width=&#8221;1\/2&#8243;][vc_single_image animation=&#8221;fade-left&#8221; image=&#8221;6292&#8243;][\/vc_column][\/vc_row][vc_row offset_top=&#8221;180&#8243; class=&#8221;tech-imgtext&#8221; css=&#8221;.vc_custom_1611937187753{padding-top: 75px !important;padding-bottom: 75px !important;}&#8221;][vc_column width=&#8221;1\/2&#8243;][vc_single_image animation=&#8221;fade-right&#8221; image=&#8221;6291&#8243;][\/vc_column][vc_column width=&#8221;1\/2&#8243;][vc_column_text animation=&#8221;fade-left&#8221;]<\/p>\n<h3>Processus g\u00e9r\u00e9s<\/h3>\n<ul>\n<li><strong>Gestion des actifs<\/strong> &#8211; Qu&#8217;il s&#8217;agisse de moniteurs de compteurs, de contr\u00f4les p\u00e9riodiques ou d&#8217;activit\u00e9s de maintenance, vous avez acc\u00e8s \u00e0 des outils puissants pour vous aider \u00e0 maintenir vos actifs en parfait \u00e9tat.<\/li>\n<li><strong>Ventes<\/strong> &#8211; G\u00e9rez vos processus de vente, vos pipelines et automatisez vos canaux de communication. G\u00e9n\u00e9rez des rapports complets et des analyses complexes afin de mieux comprendre les indicateurs de performance cl\u00e9s.<\/li>\n<li><strong>Support client<\/strong> &#8211; Optimisez vos temps de r\u00e9ponse aux demandes des clients en automatisant les processus du centre d&#8217;appels et en mettant en place un syst\u00e8me d&#8217;assistance innovant sur tous les canaux disponibles.<\/li>\n<li><strong>Marketing<\/strong> &#8211; Identifiez les meilleurs produits et services que vous pouvez recommander aux clients en fonction de leurs besoins sp\u00e9cifiques et cr\u00e9ez des campagnes de marketing par e-mail sp\u00e9cifiquement cibl\u00e9es pour r\u00e9pondre \u00e0 ces besoins. Automatisez les processus de fid\u00e9lisation des clients, obtenez des suggestions assist\u00e9es par IA pour les offres de produits et de services et g\u00e9rez les alertes de renouvellement d&#8217;abonnement.<\/li>\n<\/ul>\n<p>[\/vc_column_text][\/vc_column][\/vc_row][vc_row offset_top=&#8221;180&#8243; class=&#8221;sectiunea2&#8243;][vc_column width=&#8221;1\/6&#8243;][\/vc_column][vc_column width=&#8221;2\/3&#8243;]<h2 class=\"block-title text-dark text-center\">Utilisateurs de la solution<\/h2><hr class=\"hr-solid hr-custom\" style=\"border-top-color: #e32636; border-top-width: 2px; opacity: 1;\">[\/vc_column][vc_column width=&#8221;1\/6&#8243;][\/vc_column][\/vc_row][vc_row offset_top=&#8221;180&#8243; class=&#8221;icoane-echipa icoane-solutii 3icoane-solutii sol-crm&#8221;][vc_column width=&#8221;1\/3&#8243;]<div class=\"icon-box icon-box-vertical icon-box-dark icon-box-type-image bg-no text-center\">\n\n\t<div class=\"icon-box-icon\"><img loading=\"lazy\" decoding=\"async\" width=\"402\" height=\"350\" src=\"https:\/\/linksoft.ro\/staging\/wp-content\/uploads\/2021\/02\/4.png\" class=\"attachment-full size-full\" alt=\"\" srcset=\"https:\/\/linksoft.ro\/staging\/wp-content\/uploads\/2021\/02\/4.png 402w, https:\/\/linksoft.ro\/staging\/wp-content\/uploads\/2021\/02\/4-300x261.png 300w\" sizes=\"auto, (max-width: 402px) 100vw, 402px\" \/><\/div><h3 class=\"icon-box-title\">Ventes<\/h3><\/div>[\/vc_column][vc_column width=&#8221;1\/3&#8243;]<div class=\"icon-box icon-box-vertical icon-box-dark icon-box-type-image bg-no text-center\">\n\n\t<div class=\"icon-box-icon\"><img loading=\"lazy\" decoding=\"async\" width=\"402\" height=\"350\" src=\"https:\/\/linksoft.ro\/staging\/wp-content\/uploads\/2021\/02\/3.png\" class=\"attachment-full size-full\" alt=\"\" srcset=\"https:\/\/linksoft.ro\/staging\/wp-content\/uploads\/2021\/02\/3.png 402w, https:\/\/linksoft.ro\/staging\/wp-content\/uploads\/2021\/02\/3-300x261.png 300w\" sizes=\"auto, (max-width: 402px) 100vw, 402px\" \/><\/div><h3 class=\"icon-box-title\">Marketing<\/h3><\/div>[\/vc_column][vc_column width=&#8221;1\/3&#8243;]<div class=\"icon-box icon-box-vertical icon-box-dark icon-box-type-image bg-no text-center\">\n\n\t<div class=\"icon-box-icon\"><img loading=\"lazy\" decoding=\"async\" width=\"418\" height=\"358\" src=\"https:\/\/linksoft.ro\/staging\/wp-content\/uploads\/2021\/02\/icon3.png\" class=\"attachment-full size-full\" alt=\"\" srcset=\"https:\/\/linksoft.ro\/staging\/wp-content\/uploads\/2021\/02\/icon3.png 418w, https:\/\/linksoft.ro\/staging\/wp-content\/uploads\/2021\/02\/icon3-300x257.png 300w\" sizes=\"auto, (max-width: 418px) 100vw, 418px\" \/><\/div><h3 class=\"icon-box-title\">Support Client<\/h3><\/div>[\/vc_column][\/vc_row][vc_row offset_top=&#8221;180&#8243; class=&#8221;sectiunea2&#8243;][vc_column width=&#8221;1\/6&#8243;][\/vc_column][vc_column width=&#8221;2\/3&#8243;]<h2 class=\"block-title text-dark text-center titlu-ti\">Ce que disent nos clients<\/h2><hr class=\"hr-solid hr-custom\" style=\"border-top-color: #e32636; border-top-width: 2px; opacity: 1;\">[\/vc_column][vc_column width=&#8221;1\/6&#8243;][\/vc_column][\/vc_row][vc_row offset_top=&#8221;180&#8243;][vc_column class=&#8221;testimoniale1&#8243;]<div class=\"testimonials-slider carousel-dark text-center text-dark carousel-dots-inside carousel-dots-center carousel-effect-slide carousel-autoplay-enable testimonial-servicii\" data-slick='{\"arrows\":false,\"dots\":true,\"infinite\":true,\"fade\":false,\"autoplay\":false,\"autoplaySpeed\":3000}'><div class=\"testimonial-slide padding-top-3x padding-bottom-5x\"\">\n\t<div class=\"container\">\n\t\t<div class=\"inner\">\n\t\t\t<a href=\"http:\/\/www.raiffeisen-leasing.ro\" class=\"testimonial-logo\"><img loading=\"lazy\" decoding=\"async\" width=\"240\" height=\"70\" src=\"https:\/\/linksoft.ro\/staging\/wp-content\/uploads\/2019\/05\/logo-raiffeissen-client-crm.jpg\" class=\"attachment-full size-full\" alt=\"raiffeisen CRM client\" \/><\/a>\n\t\t\t<h3 class=\"h2\">CRM performant<\/h3>\n\t\t\t<blockquote>\n\t\t\t\t<p>\u201cApreciem modul \u00een care Linksoft a \u00een\u021beles procesele de business \u0219i a \u0219tiut s\u0103 se adapteze cerin\u021belor noastre de calitate, astfel \u00eenc\u00e2t acum dispunem de un CRM opera\u021bional foarte performant care ne ajut\u0103 s\u0103 urm\u0103rim mai bine \u0219i mai repede nevoile celor peste 5000 de clien\u021bi \u0219i s\u0103 gestion\u0103m lead-urile din baze de date externe prin filtrare automat\u0103 \u00een baza criteriilor prestabilite.\u201d<\/p>\n\t\t\t\t<cite>Bob De Man,  CEO <a href=\"http:\/\/www.raiffeisen-leasing.ro\">Raiffeisen Leasing<\/a><\/cite>\n\t\t\t<\/blockquote>\n\t\t\t\n\t\t<\/div>\n\t<\/div>\n<\/div><div class=\"testimonial-slide padding-top-3x padding-bottom-5x\"\">\n\t<div class=\"container\">\n\t\t<div class=\"inner\">\n\t\t\t<div href=\"https:\/\/www.mercedes-benz.ro\/passengercars.html\" class=\"testimonial-logo\"><img loading=\"lazy\" decoding=\"async\" width=\"240\" height=\"70\" src=\"https:\/\/linksoft.ro\/staging\/wp-content\/uploads\/2019\/05\/logo-mercedes-client-crm.jpg\" class=\"attachment-full size-full\" alt=\"logo mercedes client crm\" \/><\/div>\n\t\t\t<h3 class=\"h2\">Succes in parteneriat<\/h3>\n\t\t\t<blockquote>\n\t\t\t\t<p>\u201cSuccesul implement\u0103rii solu\u021biilor software de business este determinat de dedicarea, expertiza \u0219i profesionalismul partenerului de implementare. \r\nEchipa Linksoft a demonstrat acest lucru \u00een decursul anilor de colaborare.\u201d<\/p>\n\t\t\t\t<cite>Claudiu Arion,  CIO <a href=\"https:\/\/www.mercedes-benz.ro\/passengercars.html\">Mercedes-Benz Romania<\/a><\/cite>\n\t\t\t<\/blockquote>\n\t\t\t\n\t\t<\/div>\n\t<\/div>\n<\/div><div class=\"testimonial-slide padding-top-3x padding-bottom-5x\"\">\n\t<div class=\"container\">\n\t\t<div class=\"inner\">\n\t\t\t<div href=\"http:\/\/www.caussade-semances.ro\" class=\"testimonial-logo\"><img loading=\"lazy\" decoding=\"async\" width=\"240\" height=\"70\" src=\"https:\/\/linksoft.ro\/staging\/wp-content\/uploads\/2019\/05\/logo-caussade-client-crm.jpg\" class=\"attachment-full size-full\" alt=\"logo caussade client crm\" \/><\/div>\n\t\t\t<h3 class=\"h2\">Cerinte specifice de business<\/h3>\n\t\t\t<blockquote>\n\t\t\t\t<p>\u201cSolu\u021bia Microsoft Dynamics CRM implementat\u0103 de c\u0103tre echipa Linksoft a reu\u0219it s\u0103 r\u0103spund\u0103 exact cerin\u021belor noastre specifice de business, at\u00e2t pentru procesele de comercializare a semin\u021belor pentru cultur\u0103 mare \u0219i plante furajere, c\u00e2t \u0219i pentru ob\u021binerea unei imagini complete asupra clien\u021bilor \u0219i gestionarea echipei de v\u00e2nz\u0103ri din teren.\u201d<\/p>\n\t\t\t\t<cite>Mihail Serban,  Marketing Manager <a href=\"http:\/\/www.caussade-semances.ro\">Caussade Semences<\/a><\/cite>\n\t\t\t<\/blockquote>\n\t\t\t\n\t\t<\/div>\n\t<\/div>\n<\/div><div class=\"testimonial-slide padding-top-3x padding-bottom-5x\"\">\n\t<div class=\"container\">\n\t\t<div class=\"inner\">\n\t\t\t<a href=\"https:\/\/www.reginamaria.ro\" class=\"testimonial-logo\"><img loading=\"lazy\" decoding=\"async\" width=\"350\" height=\"178\" src=\"https:\/\/linksoft.ro\/staging\/wp-content\/uploads\/2021\/02\/876b53_c675baec437a4c0eae2dd772e8725399_mv2-e1612601243504.png\" class=\"attachment-full size-full\" alt=\"Regina Maria CRM client\" \/><\/a>\n\t\t\t<h3 class=\"h2\">Moment important in medicina<\/h3>\n\t\t\t<blockquote>\n\t\t\t\t<p>&quot;\u00cempreun\u0103 cu Linksoft am implementat \u0219i continu\u0103m s\u0103 dezvolt\u0103m platforma CRM conform specificului nostru de activitate. Principalele beneficii pe care platforma CRM ni le ofer\u0103 sunt imaginea de ansamblu asupra pacientului \u0219i istoricului s\u0103u \u00eentr-un singur loc, rapoartele de date relevante \u0219i actualizate, precum \u0219i procesele de v\u00e2nz\u0103ri automatizate.&quot;<\/p>\n\t\t\t\t<cite>Cosmin Panaete,  Business Processes Director <a href=\"https:\/\/www.reginamaria.ro\">Regina Maria<\/a><\/cite>\n\t\t\t<\/blockquote>\n\t\t\t\n\t\t<\/div>\n\t<\/div>\n<\/div><\/div>[\/vc_column][\/vc_row][vc_row offset_top=&#8221;180&#8243; class=&#8221;sectiunea2&#8243;][vc_column width=&#8221;1\/6&#8243;][\/vc_column][vc_column width=&#8221;2\/3&#8243;]<h2 class=\"block-title text-dark text-center titlu-ti\">Entrer en contact!<small class=\"h2\">Laissez un message et l&#039;un de nos consultants vous contactera dans les prochaines 24 heures.<\/small><\/h2><hr class=\"hr-solid hr-custom\" style=\"border-top-color: #e32636; border-top-width: 2px; opacity: 1;\">[\/vc_column][vc_column width=&#8221;1\/6&#8243;][\/vc_column][\/vc_row][vc_row][vc_column width=&#8221;1\/6&#8243;][\/vc_column][vc_column width=&#8221;2\/3&#8243;][wpforms id=&#8221;7338&#8243; title=&#8221;false&#8221; description=&#8221;false&#8221;][\/vc_column][vc_column width=&#8221;1\/6&#8243;][\/vc_column][\/vc_row]<\/p>\n<\/div>","protected":false},"excerpt":{"rendered":"<p class=\"post-excerpt\">[vc_row offset_top=&#8221;180&#8243; is_overlay=&#8221;enable&#8221; overlay_opacity=&#8221;65&#8243; overlay_color=&#8221;#192435&#8243; css=&#8221;.vc_custom_1613417691661{background-image: url(https:\/\/linksoft.ro\/staging\/wp-content\/uploads\/2021\/02\/Asset-115.png?id=6571) !important;}&#8221; class=&#8221;hitb&#8221;][vc_column][vc_column_text class=&#8221;titlu-pagina&#8221;] CRM Immobilier G\u00e9rez, analysez et optimisez votre portefeuille immobilier[\/vc_column_text][\/vc_column][\/vc_row][vc_row offset_top=&#8221;180&#8243; class=&#8221;partenerul&#8221;][vc_column width=&#8221;1\/6&#8243;][\/vc_column][vc_column width=&#8221;2\/3&#8243;][vc_column_text] \u00c0 l&#8217;\u00e9chelle mondiale, quelle que soit la verticale commerciale, il est unanimement admis que les demandes des clients sont de plus en plus nombreuses et diversifi\u00e9es. D&#8217;autant&#8230;\n<\/p>","protected":false},"author":13,"featured_media":0,"parent":0,"menu_order":0,"comment_status":"closed","ping_status":"closed","template":"","meta":{"footnotes":""},"class_list":["post-7442","page","type-page","status-publish","hentry"],"_links":{"self":[{"href":"https:\/\/linksoft.ro\/staging\/wp-json\/wp\/v2\/pages\/7442","targetHints":{"allow":["GET"]}}],"collection":[{"href":"https:\/\/linksoft.ro\/staging\/wp-json\/wp\/v2\/pages"}],"about":[{"href":"https:\/\/linksoft.ro\/staging\/wp-json\/wp\/v2\/types\/page"}],"author":[{"embeddable":true,"href":"https:\/\/linksoft.ro\/staging\/wp-json\/wp\/v2\/users\/13"}],"replies":[{"embeddable":true,"href":"https:\/\/linksoft.ro\/staging\/wp-json\/wp\/v2\/comments?post=7442"}],"version-history":[{"count":0,"href":"https:\/\/linksoft.ro\/staging\/wp-json\/wp\/v2\/pages\/7442\/revisions"}],"wp:attachment":[{"href":"https:\/\/linksoft.ro\/staging\/wp-json\/wp\/v2\/media?parent=7442"}],"curies":[{"name":"wp","href":"https:\/\/api.w.org\/{rel}","templated":true}]}}