{"id":7711,"date":"2021-05-04T17:03:32","date_gmt":"2021-05-04T17:03:32","guid":{"rendered":"https:\/\/linksoft.ro\/staging\/staging\/?page_id=7711"},"modified":"2021-05-04T17:08:01","modified_gmt":"2021-05-04T17:08:01","slug":"asesoramiento","status":"publish","type":"page","link":"https:\/\/linksoft.ro\/staging\/asesoramiento\/","title":{"rendered":"Asesoramiento"},"content":{"rendered":"<div class=\"wpb-content-wrapper\"><p>[vc_row offset_top=&#8221;180&#8243; is_overlay=&#8221;enable&#8221; overlay_opacity=&#8221;65&#8243; overlay_color=&#8221;#192435&#8243; css=&#8221;.vc_custom_1613417653105{background-image: url(https:\/\/linksoft.ro\/staging\/wp-content\/uploads\/2021\/02\/Asset-14.png?id=6560) !important;}&#8221; class=&#8221;hitb&#8221;][vc_column][vc_column_text class=&#8221;titlu-pagina&#8221;]<\/p>\n<h1>Asesoramiento<\/h1>\n<p>Prestamos atenci\u00f3n a la maximizaci\u00f3n del potencial<br \/>\nde los sistemas Dynamics 365 y sobrepasar las expectativas.[\/vc_column_text]<div class=\"text-left\"><a href=\"\/es\/contact\/\" title=\"Contact\" data-custom-color=\".btn-custom-158f2555 {background-color: #1e53a8;}\n.btn-custom-158f2555:hover {background-color: #163e7d;}\" class=\"btn btn-solid btn-rounded btn-custom btn-lg buton-titlu btn-custom-158f2555\">Contacta con nosotros<\/a><\/div>[\/vc_column][\/vc_row][vc_row offset_top=&#8221;180&#8243; class=&#8221;partenerul&#8221;][vc_column width=&#8221;1\/6&#8243;][\/vc_column][vc_column width=&#8221;2\/3&#8243;]<h2 class=\"block-title text-dark text-center\">Construimos el CRM realmente bien para que tu no tengas que preocuparte por nada<\/h2><hr class=\"hr-solid hr-custom\" style=\"border-top-color: #e32636; border-top-width: 2px; opacity: 1;\">[vc_column_text]<\/p>\n<p style=\"text-align: center;\">Entendemos que implementar o revitalizar un sistema CRM puede parecer un desaf\u00edo imposible a primera vista. Por eso, nos dedicamos a ayudarle en este viaje, comenzando con la planificaci\u00f3n estrat\u00e9gica y gui\u00e1ndolo a trav\u00e9s de todos los pasos, incluyendo la formaci\u00f3n del personal y la asistencia t\u00e9cnica. Nuestra experiencia certificada es su garant\u00eda para un futuro digital exitoso.<\/p>\n<p>[\/vc_column_text][\/vc_column][vc_column width=&#8221;1\/6&#8243;][\/vc_column][\/vc_row][vc_row offset_top=&#8221;180&#8243; class=&#8221;sectiunea2&#8243;][vc_column width=&#8221;1\/6&#8243;][\/vc_column][vc_column width=&#8221;2\/3&#8243;]<h2 class=\"block-title text-dark text-center\">Lo que hacemos como consultantes<\/h2><hr class=\"hr-solid hr-custom\" style=\"border-top-color: #e32636; border-top-width: 2px; opacity: 1;\">[\/vc_column][vc_column width=&#8221;1\/6&#8243;][\/vc_column][\/vc_row][vc_row offset_top=&#8221;180&#8243; class=&#8221;icoane-echipa&#8221;][vc_column width=&#8221;1\/4&#8243;]<div class=\"icon-box icon-box-vertical icon-box-dark icon-box-type-image bg-no text-left\">\n\n\t<div class=\"icon-box-icon\"><img decoding=\"async\" src=\"https:\/\/linksoft.ro\/staging\/wp-content\/uploads\/2021\/02\/Audit.svg\" class=\"attachment-full size-full\" alt=\"\" \/><\/div><h3 class=\"icon-box-title\">Auditor\u00eda<\/h3>\t\t<div class=\"icon-box-description\">\n\t\t\t<p>Empezando con las soluciones m\u00e1s sencillas hasta las m\u00e1s complejas, analizamos el curso de su actividad y le aconsejamos sobre las herramientas que debe tener en cuenta para optimizar su flujo operativo.<\/p>\n\t\t<\/div>\n\t<\/div>[\/vc_column][vc_column width=&#8221;1\/4&#8243;]<div class=\"icon-box icon-box-vertical icon-box-dark icon-box-type-image bg-no text-left\">\n\n\t<div class=\"icon-box-icon\"><img decoding=\"async\" src=\"https:\/\/linksoft.ro\/staging\/wp-content\/uploads\/2021\/02\/Analiza.svg\" class=\"attachment-full size-full\" alt=\"\" \/><\/div><h3 class=\"icon-box-title\">An\u00e1lisis<\/h3>\t\t<div class=\"icon-box-description\">\n\t\t\t<p>A lo largo de nuestra actividad en diferentes industrias y verticales comerciales, hemos identificado m\u00faltiples modelos de organizaci\u00f3n de la informaci\u00f3n de la empresa. Al analizar con atenci\u00f3n los datos que nos proporcionan, nos esforzamos por crear una estructura de datos perfectamente optimizada, que se adapte mejor a sus necesidades comerciales espec\u00edficas.<\/p>\n\t\t<\/div>\n\t<\/div>[\/vc_column][vc_column width=&#8221;1\/4&#8243;]<div class=\"icon-box icon-box-vertical icon-box-dark icon-box-type-image bg-no text-left\">\n\n\t<div class=\"icon-box-icon\"><img decoding=\"async\" src=\"https:\/\/linksoft.ro\/staging\/wp-content\/uploads\/2021\/02\/Selectie.svg\" class=\"attachment-full size-full\" alt=\"\" \/><\/div><h3 class=\"icon-box-title\">Soluciones a medida<\/h3>\t\t<div class=\"icon-box-description\">\n\t\t\t<p>Nos aseguramos de proporcionar una descripci\u00f3n completa de todas las opciones disponibles, para que pueda tomar la mejor decisi\u00f3n cuando se trata de elegir opciones de personalizaci\u00f3n y sopesarlas sobre los costes de licencia.<\/p>\n\t\t<\/div>\n\t<\/div>[\/vc_column][vc_column width=&#8221;1\/4&#8243;]<div class=\"icon-box icon-box-vertical icon-box-dark icon-box-type-image bg-no text-left\">\n\n\t<div class=\"icon-box-icon\"><img decoding=\"async\" src=\"https:\/\/linksoft.ro\/staging\/wp-content\/uploads\/2021\/02\/Automatizare.svg\" class=\"attachment-full size-full\" alt=\"\" \/><\/div><h3 class=\"icon-box-title\">Automatizaci\u00f3n<\/h3>\t\t<div class=\"icon-box-description\">\n\t\t\t<p>Te ayudamos a identificar procesos manuales recurrentes y desarrollar flujos de trabajo autom\u00e1ticos para permitir a tu equipo que se concentre en tareas m\u00e1s dif\u00edciles, aumentando as\u00ed la productividad y reduciendo los costes operativos.<\/p>\n\t\t<\/div>\n\t<\/div>[\/vc_column][\/vc_row][vc_row offset_top=&#8221;180&#8243; class=&#8221;icoane-echipa&#8221;][vc_column width=&#8221;1\/4&#8243;]<div class=\"icon-box icon-box-vertical icon-box-dark icon-box-type-image bg-no text-left\">\n\n\t<div class=\"icon-box-icon\"><img decoding=\"async\" src=\"https:\/\/linksoft.ro\/staging\/wp-content\/uploads\/2021\/02\/Colaborare.svg\" class=\"attachment-full size-full\" alt=\"\" \/><\/div><h3 class=\"icon-box-title\">Estimular la comunicaci\u00f3n<\/h3>\t\t<div class=\"icon-box-description\">\n\t\t\t<p>Creemos que una de las claves para una soluci\u00f3n exitosa es permitir que sus departamentos comuniquen de manera m\u00e1s eficiente ofreci\u00e9ndoles acceso a la misma informaci\u00f3n. Nuestras soluciones le permiten colaborar en una multitud de plataformas, lo que garantiza que ning\u00fan detalle de su proyecto pase desapercibido.<\/p>\n\t\t<\/div>\n\t<\/div>[\/vc_column][vc_column width=&#8221;1\/4&#8243;]<div class=\"icon-box icon-box-vertical icon-box-dark icon-box-type-image bg-no text-left\">\n\n\t<div class=\"icon-box-icon\"><img decoding=\"async\" src=\"https:\/\/linksoft.ro\/staging\/wp-content\/uploads\/2021\/02\/Uniformizare.svg\" class=\"attachment-full size-full\" alt=\"\" \/><\/div><h3 class=\"icon-box-title\">Uniformizaci\u00f3n de datos<\/h3>\t\t<div class=\"icon-box-description\">\n\t\t\t<p>Le asesoramos sobre las mejores formas de integrar datos proviniendo de fuentes m\u00faltiples y de crear modelos de datos comunes que pueden ayudarle a comprender a sus clientes y a sus equipos.<\/p>\n\t\t<\/div>\n\t<\/div>[\/vc_column][vc_column width=&#8221;1\/4&#8243;]<div class=\"icon-box icon-box-vertical icon-box-dark icon-box-type-image bg-no text-left\">\n\n\t<div class=\"icon-box-icon\"><img decoding=\"async\" src=\"https:\/\/linksoft.ro\/staging\/wp-content\/uploads\/2021\/02\/Scalabilitate.svg\" class=\"attachment-full size-full\" alt=\"\" \/><\/div><h3 class=\"icon-box-title\">Escalabilidad<\/h3>\t\t<div class=\"icon-box-description\">\n\t\t\t<p>Te podemos apoyar en la elaboraci\u00f3n de una estrategia de desarrollo para sus soluciones, de manera que todas las implementaciones permitan opciones de crecimiento, teniendo en cuenta la estrategia comercial.<\/p>\n\t\t<\/div>\n\t<\/div>[\/vc_column][vc_column width=&#8221;1\/4&#8243;]<div class=\"icon-box icon-box-vertical icon-box-dark icon-box-type-image bg-no text-left\">\n\n\t<div class=\"icon-box-icon\"><img decoding=\"async\" src=\"https:\/\/linksoft.ro\/staging\/wp-content\/uploads\/2021\/02\/Securitate.svg\" class=\"attachment-full size-full\" alt=\"Siguran\u021ba Datelor\" \/><\/div><h3 class=\"icon-box-title\">Seguridad<\/h3>\t\t<div class=\"icon-box-description\">\n\t\t\t<p>Le podemos ayudar a establecer un sistema de seguridad eficiente para los datos de su empresa, mediante la construcci\u00f3n de una matriz de seguridad perfectamente adaptada, con el fin de atender mejor sus necesidades de gesti\u00f3n.<\/p>\n\t\t<\/div>\n\t<\/div>[\/vc_column][\/vc_row][vc_row offset_top=&#8221;180&#8243; class=&#8221;sectiunea2&#8243;][vc_column width=&#8221;1\/6&#8243;][\/vc_column][vc_column width=&#8221;2\/3&#8243;]<h2 class=\"block-title text-dark text-center\">Nuestra estrategia<\/h2><hr class=\"hr-solid hr-custom\" style=\"border-top-color: #e32636; border-top-width: 2px; opacity: 1;\">[\/vc_column][vc_column width=&#8221;1\/6&#8243;][\/vc_column][\/vc_row][vc_row offset_top=&#8221;180&#8243; class=&#8221;icoane-echipa servicii-principii sol-crm&#8221;][vc_column width=&#8221;1\/3&#8243;]<div class=\"icon-box icon-box-vertical icon-box-dark icon-box-type-image bg-no text-left\">\n\n\t<h3 class=\"icon-box-title\">Conocimiento<\/h3>\t\t<div class=\"icon-box-description\">\n\t\t\t<p>En casos espec\u00edficos, cuando el bajo grado de personalizaci\u00f3n ralentiza o inhibe la relaci\u00f3n con los clientes y la expansi\u00f3n de la empresa, nuestros consultores est\u00e1n preparados para ofrecer funcionalidades elaboradas \u2013 empezando con la gesti\u00f3n de la informaci\u00f3n del cliente, hasta la automatizaci\u00f3n de ventas, la integraci\u00f3n del centro de llamadas o informes complejos de rendimiento.<\/p>\n\t\t<\/div>\n\t<\/div>[\/vc_column][vc_column width=&#8221;1\/3&#8243;]<div class=\"icon-box icon-box-vertical icon-box-dark icon-box-type-image bg-no text-left\">\n\n\t<h3 class=\"icon-box-title\">Pr\u00e1cticas y est\u00e1ndares<\/h3>\t\t<div class=\"icon-box-description\">\n\t\t\t<p>Ponemos siempre al cliente y a sus necesidades en primer lugar para poder ofrecerle la soluci\u00f3n adecuada. Y eso visto que sabemos la diferencia entre atender a un paciente, otorgar un pr\u00e9stamo o proporcionarle gasolina. El cambio positivo a trav\u00e9s de la personalizaci\u00f3n de Microsoft 365 implica soluciones que se adaptan a su proyecto espec\u00edfico, cumplen con sus expectativas y se ajusten a su presupuesto.<\/p>\n\t\t<\/div>\n\t<\/div>[\/vc_column][vc_column width=&#8221;1\/3&#8243;]<div class=\"icon-box icon-box-vertical icon-box-dark icon-box-type-image bg-no text-left\">\n\n\t<h3 class=\"icon-box-title\">Orentacion al cliente<\/h3>\t\t<div class=\"icon-box-description\">\n\t\t\t<p>Adaptamos la soluci\u00f3n Microsoft Dynamics 365 a los requisitos de su entorno empresarial. Nuestra gran experiencia en colaborar con empresas B2B y B2C en m\u00faltiples verticales de negocios nos permite ofrecerle informaci\u00f3n crucial sobre las mejores pr\u00e1cticas, pero tambi\u00e9n soluciones eficientes para los problemas que pueda tener en cuanto al CRM.<\/p>\n\t\t<\/div>\n\t<\/div>[\/vc_column][\/vc_row][vc_row offset_top=&#8221;180&#8243; class=&#8221;sectiunea2&#8243;][vc_column width=&#8221;1\/6&#8243;][\/vc_column][vc_column width=&#8221;2\/3&#8243;]<h2 class=\"block-title text-dark text-center titlu-ti titlu-contact\">\u00a1Contacta con nosotros!<small class=\"h2\">Deje un mensaje y uno de nuestros consultores se pondr\u00e1 en contacto con usted en las pr\u00f3ximas 24 horas.<\/small><\/h2><hr class=\"hr-solid hr-custom\" style=\"border-top-color: #e32636; border-top-width: 2px; opacity: 1;\">[\/vc_column][vc_column width=&#8221;1\/6&#8243;][\/vc_column][\/vc_row][vc_row offset_top=&#8221;180&#8243; css=&#8221;.vc_custom_1614886909463{padding-bottom: 25px !important;}&#8221;][vc_column width=&#8221;1\/6&#8243;][\/vc_column][vc_column width=&#8221;2\/3&#8243;][wpforms id=&#8221;7702&#8243; title=&#8221;false&#8221; description=&#8221;false&#8221;][\/vc_column][vc_column width=&#8221;1\/6&#8243;][\/vc_column][\/vc_row]<\/p>\n<\/div>","protected":false},"excerpt":{"rendered":"<p class=\"post-excerpt\">[vc_row offset_top=&#8221;180&#8243; is_overlay=&#8221;enable&#8221; overlay_opacity=&#8221;65&#8243; overlay_color=&#8221;#192435&#8243; css=&#8221;.vc_custom_1613417653105{background-image: url(https:\/\/linksoft.ro\/staging\/wp-content\/uploads\/2021\/02\/Asset-14.png?id=6560) !important;}&#8221; class=&#8221;hitb&#8221;][vc_column][vc_column_text class=&#8221;titlu-pagina&#8221;] Asesoramiento Prestamos atenci\u00f3n a la maximizaci\u00f3n del potencial de los sistemas Dynamics 365 y sobrepasar las expectativas.[\/vc_column_text][\/vc_column][\/vc_row][vc_row offset_top=&#8221;180&#8243; class=&#8221;partenerul&#8221;][vc_column width=&#8221;1\/6&#8243;][\/vc_column][vc_column width=&#8221;2\/3&#8243;][vc_column_text] Entendemos que implementar o revitalizar un sistema CRM puede parecer un desaf\u00edo imposible a primera vista. Por eso, nos&#8230;\n<\/p>","protected":false},"author":13,"featured_media":0,"parent":0,"menu_order":0,"comment_status":"closed","ping_status":"closed","template":"","meta":{"footnotes":""},"class_list":["post-7711","page","type-page","status-publish","hentry"],"_links":{"self":[{"href":"https:\/\/linksoft.ro\/staging\/wp-json\/wp\/v2\/pages\/7711","targetHints":{"allow":["GET"]}}],"collection":[{"href":"https:\/\/linksoft.ro\/staging\/wp-json\/wp\/v2\/pages"}],"about":[{"href":"https:\/\/linksoft.ro\/staging\/wp-json\/wp\/v2\/types\/page"}],"author":[{"embeddable":true,"href":"https:\/\/linksoft.ro\/staging\/wp-json\/wp\/v2\/users\/13"}],"replies":[{"embeddable":true,"href":"https:\/\/linksoft.ro\/staging\/wp-json\/wp\/v2\/comments?post=7711"}],"version-history":[{"count":0,"href":"https:\/\/linksoft.ro\/staging\/wp-json\/wp\/v2\/pages\/7711\/revisions"}],"wp:attachment":[{"href":"https:\/\/linksoft.ro\/staging\/wp-json\/wp\/v2\/media?parent=7711"}],"curies":[{"name":"wp","href":"https:\/\/api.w.org\/{rel}","templated":true}]}}