{"id":7716,"date":"2021-05-04T17:08:44","date_gmt":"2021-05-04T17:08:44","guid":{"rendered":"https:\/\/linksoft.ro\/staging\/staging\/?page_id=7716"},"modified":"2021-05-04T17:13:49","modified_gmt":"2021-05-04T17:13:49","slug":"desarrollo","status":"publish","type":"page","link":"https:\/\/linksoft.ro\/staging\/desarrollo\/","title":{"rendered":"Desarrollo"},"content":{"rendered":"<div class=\"wpb-content-wrapper\"><p>[vc_row offset_top=&#8221;180&#8243; is_overlay=&#8221;enable&#8221; overlay_opacity=&#8221;65&#8243; overlay_color=&#8221;#192435&#8243; css=&#8221;.vc_custom_1613417725167{background-image: url(https:\/\/linksoft.ro\/staging\/wp-content\/uploads\/2021\/02\/Asset-15.png?id=6561) !important;}&#8221; class=&#8221;hitb&#8221;][vc_column][vc_column_text class=&#8221;titlu-pagina&#8221;]<\/p>\n<h1>Desarrollo<\/h1>\n<p>Una soluci\u00f3n \u00fanica, creada para optimizar de manera<br \/>\neficaz de acuerdo con las necesidades de su negocio.[\/vc_column_text]<div class=\"text-left\"><a href=\"\/es\/contact\/\" title=\"Contact\" data-custom-color=\".btn-custom-b1cbad24 {background-color: #1e53a8;}\n.btn-custom-b1cbad24:hover {background-color: #163e7d;}\" class=\"btn btn-solid btn-rounded btn-custom btn-lg buton-titlu btn-custom-b1cbad24\">Contacta con nosotros<\/a><\/div>[\/vc_column][\/vc_row][vc_row offset_top=&#8221;180&#8243; class=&#8221;partenerul&#8221;][vc_column width=&#8221;1\/6&#8243;][\/vc_column][vc_column width=&#8221;2\/3&#8243;]<h2 class=\"block-title text-dark text-center\">Tus socios de digitalizaci\u00f3n<\/h2><hr class=\"hr-solid hr-custom\" style=\"border-top-color: #e32636; border-top-width: 2px; opacity: 1;\">[vc_column_text]<\/p>\n<p style=\"text-align: center;\">Con m\u00e1s de 20 a\u00f1os de experiencia en el desarrollo de software, nuestro equipo ofrece la combinaci\u00f3n perfecta de conocimiento y creatividad, garantizando el desarrollo r\u00e1pido de soluciones perfectamente adaptadas a las necesidades de su negocio. La arquitectura de aplicaciones es inteligente y flexible y se basa en tecnolog\u00edas de Microsoft, permitiendo la integraci\u00f3n de las soluciones existentes y ofreciendo la posibilidad de crecer la plataforma a trav\u00e9s de m\u00f3dulos que funcionan perfectamente juntos para asegurar una integraci\u00f3n y distribuci\u00f3n continuas.<\/p>\n<p>[\/vc_column_text][\/vc_column][vc_column width=&#8221;1\/6&#8243;][\/vc_column][\/vc_row][vc_row offset_top=&#8221;180&#8243; class=&#8221;sectiunea2&#8243;][vc_column width=&#8221;1\/6&#8243;][\/vc_column][vc_column width=&#8221;2\/3&#8243;]<h2 class=\"block-title text-dark text-center\">Lo que hacemos como desarrolladores<\/h2><hr class=\"hr-solid hr-custom\" style=\"border-top-color: #e32636; border-top-width: 2px; opacity: 1;\">[\/vc_column][vc_column width=&#8221;1\/6&#8243;][\/vc_column][\/vc_row][vc_row offset_top=&#8221;180&#8243; class=&#8221;icoane-echipa&#8221;][vc_column width=&#8221;1\/4&#8243;]<div class=\"icon-box icon-box-vertical icon-box-dark icon-box-type-image bg-no text-left\">\n\n\t<div class=\"icon-box-icon\"><img decoding=\"async\" src=\"https:\/\/linksoft.ro\/staging\/wp-content\/uploads\/2021\/02\/Automatizare.svg\" class=\"attachment-full size-full\" alt=\"\" \/><\/div><h3 class=\"icon-box-title\">Configuraci\u00f3n<\/h3>\t\t<div class=\"icon-box-description\">\n\t\t\t<p>Nuestro equipo de expertos est\u00e1 siempre disponible para ayudarle con cualquier problema, desde configuraciones simples hasta los procesos y estructuras de trabajo m\u00e1s complejos.<\/p>\n\t\t<\/div>\n\t<\/div>[\/vc_column][vc_column width=&#8221;1\/4&#8243;]<div class=\"icon-box icon-box-vertical icon-box-dark icon-box-type-image bg-no text-left\">\n\n\t<div class=\"icon-box-icon\"><img decoding=\"async\" src=\"https:\/\/linksoft.ro\/staging\/wp-content\/uploads\/2021\/02\/Colaborare.svg\" class=\"attachment-full size-full\" alt=\"\" \/><\/div><h3 class=\"icon-box-title\">Adaptaci\u00f3n<\/h3>\t\t<div class=\"icon-box-description\">\n\t\t\t<p>Le ayudamos en el proceso de adaptar sus soluciones de software para adaptarse mejor a los cambios de su negocio.<\/p>\n\t\t<\/div>\n\t<\/div>[\/vc_column][vc_column width=&#8221;1\/4&#8243;]<div class=\"icon-box icon-box-vertical icon-box-dark icon-box-type-image bg-no text-left\">\n\n\t<div class=\"icon-box-icon\"><img decoding=\"async\" src=\"https:\/\/linksoft.ro\/staging\/wp-content\/uploads\/2021\/02\/Selectie.svg\" class=\"attachment-full size-full\" alt=\"\" \/><\/div><h3 class=\"icon-box-title\">Personalizaci\u00f3n<\/h3>\t\t<div class=\"icon-box-description\">\n\t\t\t<p>Extendemos la funcionalidad del software utilizando <em>plugins <\/em>y flujos de trabajo personalizados, scripts avanzados y conceptos xRM, para construir interfaces perfectamente adaptadas a sus necesidades.<\/p>\n\t\t<\/div>\n\t<\/div>[\/vc_column][vc_column width=&#8221;1\/4&#8243;]<div class=\"icon-box icon-box-vertical icon-box-dark icon-box-type-image bg-no text-left\">\n\n\t<div class=\"icon-box-icon\"><img decoding=\"async\" src=\"https:\/\/linksoft.ro\/staging\/wp-content\/uploads\/2021\/02\/Scalabilitate.svg\" class=\"attachment-full size-full\" alt=\"\" \/><\/div><h3 class=\"icon-box-title\">Integraci\u00f3n de aplicaciones<\/h3>\t\t<div class=\"icon-box-description\">\n\t\t\t<p>Le ayudamos a integrar sus aplicaciones software especificas con sistemas CRM personalizados para garantizar que tenga una vista completa de todas las entidades administradas.<\/p>\n\t\t<\/div>\n\t<\/div>[\/vc_column][\/vc_row][vc_row offset_top=&#8221;180&#8243; class=&#8221;icoane-echipa&#8221;][vc_column width=&#8221;1\/4&#8243;]<div class=\"icon-box icon-box-vertical icon-box-dark icon-box-type-image bg-no text-left\">\n\n\t<div class=\"icon-box-icon\"><img decoding=\"async\" src=\"https:\/\/linksoft.ro\/staging\/wp-content\/uploads\/2021\/02\/Mihrare-date.svg\" class=\"attachment-full size-full\" alt=\"\" \/><\/div><h3 class=\"icon-box-title\">Migraci\u00f3n de datos<\/h3>\t\t<div class=\"icon-box-description\">\n\t\t\t<p>Le apoyamos en las operaciones de transferencia y migraci\u00f3n de datos para garantizar una transici\u00f3n sin problemas a nuevas plataformas y tecnolog\u00edas.<\/p>\n\t\t<\/div>\n\t<\/div>[\/vc_column][vc_column width=&#8221;1\/4&#8243;]<div class=\"icon-box icon-box-vertical icon-box-dark icon-box-type-image bg-no text-left\">\n\n\t<div class=\"icon-box-icon\"><img decoding=\"async\" src=\"https:\/\/linksoft.ro\/staging\/wp-content\/uploads\/2021\/02\/Uniformizare.svg\" class=\"attachment-full size-full\" alt=\"\" \/><\/div><h3 class=\"icon-box-title\">Actualizaciones de versi\u00f3n<\/h3>\t\t<div class=\"icon-box-description\">\n\t\t\t<p>Protegemos su inversi\u00f3n en software al permitir el acceso a las opciones y funcionalidades m\u00e1s recientes que ofrece la plataforma Dynamics.<\/p>\n\t\t<\/div>\n\t<\/div>[\/vc_column][vc_column width=&#8221;1\/4&#8243;]<div class=\"icon-box icon-box-vertical icon-box-dark icon-box-type-image bg-no text-left\">\n\n\t<div class=\"icon-box-icon\"><img decoding=\"async\" src=\"https:\/\/linksoft.ro\/staging\/wp-content\/uploads\/2021\/02\/Raportare.svg\" class=\"attachment-full size-full\" alt=\"\" \/><\/div><h3 class=\"icon-box-title\">Informes<\/h3>\t\t<div class=\"icon-box-description\">\n\t\t\t<p>Ofrecemos informes personalizados detallados seg\u00fan sus necesidades, con la flexibilidad adaptada a las tecnolog\u00edas SQL o Fetch XML, con el fin de garantizar el mejor rendimiento utilizando recursos m\u00ednimos.<\/p>\n\t\t<\/div>\n\t<\/div>[\/vc_column][vc_column width=&#8221;1\/4&#8243;]<div class=\"icon-box icon-box-vertical icon-box-dark icon-box-type-image bg-no text-left\">\n\n\t<div class=\"icon-box-icon\"><img decoding=\"async\" src=\"https:\/\/linksoft.ro\/staging\/wp-content\/uploads\/2021\/02\/Securitate.svg\" class=\"attachment-full size-full\" alt=\"Siguran\u021ba Datelor\" \/><\/div><h3 class=\"icon-box-title\">Seguridad<\/h3>\t\t<div class=\"icon-box-description\">\n\t\t\t<p>Sabemos que la seguridad y la confidencialidad de los datos son factores clave en la actividad empresarial actual. Por eso, ofrecemos nuestra experiencia en el establecimiento de modelos eficientes de acceso a datos utilizando los roles de usuario y los tipos de actividad.<\/p>\n\t\t<\/div>\n\t<\/div>[\/vc_column][\/vc_row][vc_row offset_top=&#8221;180&#8243; class=&#8221;sectiunea2&#8243;][vc_column width=&#8221;1\/6&#8243;][\/vc_column][vc_column width=&#8221;2\/3&#8243;]<h2 class=\"block-title text-dark text-center\">Nuestra estrategia<\/h2><hr class=\"hr-solid hr-custom\" style=\"border-top-color: #e32636; border-top-width: 2px; opacity: 1;\">[\/vc_column][vc_column width=&#8221;1\/6&#8243;][\/vc_column][\/vc_row][vc_row offset_top=&#8221;180&#8243; class=&#8221;icoane-echipa servicii-principii sol-crm&#8221;][vc_column width=&#8221;1\/3&#8243;]<div class=\"icon-box icon-box-vertical icon-box-dark icon-box-type-image bg-no text-left\">\n\n\t<h3 class=\"icon-box-title\">Conocimiento<\/h3>\t\t<div class=\"icon-box-description\">\n\t\t\t<p>En casos espec\u00edficos, cuando el bajo grado de personalizaci\u00f3n ralentiza o inhibe la relaci\u00f3n con los clientes y la expansi\u00f3n de la empresa, nuestros consultores est\u00e1n preparados para ofrecer funcionalidades elaboradas \u2013 empezando con la gesti\u00f3n de la informaci\u00f3n del cliente, hasta la automatizaci\u00f3n de ventas, la integraci\u00f3n del centro de llamadas o informes complejos de rendimiento.<\/p>\n\t\t<\/div>\n\t<\/div>[\/vc_column][vc_column width=&#8221;1\/3&#8243;]<div class=\"icon-box icon-box-vertical icon-box-dark icon-box-type-image bg-no text-left\">\n\n\t<h3 class=\"icon-box-title\">Pr\u00e1cticas y est\u00e1ndares<\/h3>\t\t<div class=\"icon-box-description\">\n\t\t\t<p>Ponemos siempre al cliente y a sus necesidades en primer lugar para poder ofrecerle la soluci\u00f3n adecuada. Y eso visto que sabemos la diferencia entre atender a un paciente, otorgar un pr\u00e9stamo o proporcionarle gasolina. El cambio positivo a trav\u00e9s de la personalizaci\u00f3n de Microsoft 365 implica soluciones que se adaptan a su proyecto espec\u00edfico, cumplen con sus expectativas y se ajusten a su presupuesto.<\/p>\n\t\t<\/div>\n\t<\/div>[\/vc_column][vc_column width=&#8221;1\/3&#8243;]<div class=\"icon-box icon-box-vertical icon-box-dark icon-box-type-image bg-no text-left\">\n\n\t<h3 class=\"icon-box-title\">Orentacion al cliente<\/h3>\t\t<div class=\"icon-box-description\">\n\t\t\t<p>Adaptamos la soluci\u00f3n Microsoft Dynamics 365 a los requisitos de su entorno empresarial. Nuestra gran experiencia en colaborar con empresas B2B y B2C en m\u00faltiples verticales de negocios nos permite ofrecerle informaci\u00f3n crucial sobre las mejores pr\u00e1cticas, pero tambi\u00e9n soluciones eficientes para los problemas que pueda tener en cuanto al CRM.<\/p>\n\t\t<\/div>\n\t<\/div>[\/vc_column][\/vc_row][vc_row offset_top=&#8221;180&#8243; class=&#8221;sectiunea2&#8243;][vc_column width=&#8221;1\/6&#8243;][\/vc_column][vc_column width=&#8221;2\/3&#8243;]<h2 class=\"block-title text-dark text-center titlu-ti titlu-contact\">\u00a1Contacta con nosotros!<small class=\"h2\">Deje un mensaje y uno de nuestros consultores se pondr\u00e1 en contacto con usted en las pr\u00f3ximas 24 horas.<\/small><\/h2><hr class=\"hr-solid hr-custom\" style=\"border-top-color: #e32636; border-top-width: 2px; opacity: 1;\">[\/vc_column][vc_column width=&#8221;1\/6&#8243;][\/vc_column][\/vc_row][vc_row offset_top=&#8221;180&#8243; css=&#8221;.vc_custom_1614886909463{padding-bottom: 25px !important;}&#8221;][vc_column width=&#8221;1\/6&#8243;][\/vc_column][vc_column width=&#8221;2\/3&#8243;][wpforms id=&#8221;7702&#8243; title=&#8221;false&#8221; description=&#8221;false&#8221;][\/vc_column][vc_column width=&#8221;1\/6&#8243;][\/vc_column][\/vc_row]<\/p>\n<\/div>","protected":false},"excerpt":{"rendered":"<p class=\"post-excerpt\">[vc_row offset_top=&#8221;180&#8243; is_overlay=&#8221;enable&#8221; overlay_opacity=&#8221;65&#8243; overlay_color=&#8221;#192435&#8243; css=&#8221;.vc_custom_1613417725167{background-image: url(https:\/\/linksoft.ro\/staging\/wp-content\/uploads\/2021\/02\/Asset-15.png?id=6561) !important;}&#8221; class=&#8221;hitb&#8221;][vc_column][vc_column_text class=&#8221;titlu-pagina&#8221;] Desarrollo Una soluci\u00f3n \u00fanica, creada para optimizar de manera eficaz de acuerdo con las necesidades de su negocio.[\/vc_column_text][\/vc_column][\/vc_row][vc_row offset_top=&#8221;180&#8243; class=&#8221;partenerul&#8221;][vc_column width=&#8221;1\/6&#8243;][\/vc_column][vc_column width=&#8221;2\/3&#8243;][vc_column_text] Con m\u00e1s de 20 a\u00f1os de experiencia en el desarrollo de software, nuestro equipo ofrece la combinaci\u00f3n perfecta&#8230;\n<\/p>","protected":false},"author":13,"featured_media":0,"parent":0,"menu_order":0,"comment_status":"closed","ping_status":"closed","template":"","meta":{"footnotes":""},"class_list":["post-7716","page","type-page","status-publish","hentry"],"_links":{"self":[{"href":"https:\/\/linksoft.ro\/staging\/wp-json\/wp\/v2\/pages\/7716","targetHints":{"allow":["GET"]}}],"collection":[{"href":"https:\/\/linksoft.ro\/staging\/wp-json\/wp\/v2\/pages"}],"about":[{"href":"https:\/\/linksoft.ro\/staging\/wp-json\/wp\/v2\/types\/page"}],"author":[{"embeddable":true,"href":"https:\/\/linksoft.ro\/staging\/wp-json\/wp\/v2\/users\/13"}],"replies":[{"embeddable":true,"href":"https:\/\/linksoft.ro\/staging\/wp-json\/wp\/v2\/comments?post=7716"}],"version-history":[{"count":0,"href":"https:\/\/linksoft.ro\/staging\/wp-json\/wp\/v2\/pages\/7716\/revisions"}],"wp:attachment":[{"href":"https:\/\/linksoft.ro\/staging\/wp-json\/wp\/v2\/media?parent=7716"}],"curies":[{"name":"wp","href":"https:\/\/api.w.org\/{rel}","templated":true}]}}