{"id":7723,"date":"2021-05-04T17:14:15","date_gmt":"2021-05-04T17:14:15","guid":{"rendered":"https:\/\/linksoft.ro\/staging\/staging\/?page_id=7723"},"modified":"2021-05-04T17:16:26","modified_gmt":"2021-05-04T17:16:26","slug":"formacion","status":"publish","type":"page","link":"https:\/\/linksoft.ro\/staging\/formacion\/","title":{"rendered":"Formaci\u00f3n"},"content":{"rendered":"<div class=\"wpb-content-wrapper\"><p>[vc_row offset_top=&#8221;180&#8243; is_overlay=&#8221;enable&#8221; overlay_opacity=&#8221;65&#8243; overlay_color=&#8221;#192435&#8243; class=&#8221;hitb&#8221; css=&#8221;.vc_custom_1613418103694{background-image: url(https:\/\/linksoft.ro\/staging\/wp-content\/uploads\/2021\/02\/Asset-17.png?id=6563) !important;}&#8221;][vc_column][vc_column_text class=&#8221;titlu-pagina&#8221;]<\/p>\n<h1>Formaci\u00f3n<\/h1>\n<p>La formaci\u00f3n eficiente es la clave para una<br \/>\nproductividad \u00f3ptima en el uso de soluciones digitales.[\/vc_column_text]<div class=\"text-left\"><a href=\"\/es\/contact\/\" title=\"Contact\" data-custom-color=\".btn-custom-c8e34c5b {background-color: #1e53a8;}\n.btn-custom-c8e34c5b:hover {background-color: #163e7d;}\" class=\"btn btn-solid btn-rounded btn-custom btn-lg buton-titlu btn-custom-c8e34c5b\">Contacta con nosotros<\/a><\/div>[\/vc_column][\/vc_row][vc_row offset_top=&#8221;180&#8243; class=&#8221;partenerul&#8221;][vc_column width=&#8221;1\/6&#8243;][\/vc_column][vc_column width=&#8221;2\/3&#8243;]<h2 class=\"block-title text-dark text-center\">Tus primeros pasos en la digitalizaci\u00f3n<\/h2><hr class=\"hr-solid hr-custom\" style=\"border-top-color: #e32636; border-top-width: 2px; opacity: 1;\">[vc_column_text]<\/p>\n<p style=\"text-align: center;\">Los mayores desaf\u00edos al iniciar un proceso de digitalizaci\u00f3n provienen de la falta de experiencia de los empleados en el uso de soluciones software. La resistencia al cambio se convierte as\u00ed en el obst\u00e1culo m\u00e1s dif\u00edcil de superar cuando se trata de implementar nuevos sistemas y tecnolog\u00edas. Le ayudamos a formar a su equipo para garantizar que los sistemas que desarrollamos puedan ser utilizados de manera eficiente por todos los empleados, independientemente de su competencia tecnol\u00f3gica, ofreciendo materiales de formaci\u00f3n accesibles y formadores dedicados, listos para responder sus preguntas en cualquier momento, independientemente de la complejidad t\u00e9cnica.<\/p>\n<p>[\/vc_column_text][\/vc_column][vc_column width=&#8221;1\/6&#8243;][\/vc_column][\/vc_row][vc_row offset_top=&#8221;180&#8243; class=&#8221;sectiunea2&#8243;][vc_column width=&#8221;1\/6&#8243;][\/vc_column][vc_column width=&#8221;2\/3&#8243;]<h2 class=\"block-title text-dark text-center\">Lo que ofrecemos como formadores<\/h2><hr class=\"hr-solid hr-custom\" style=\"border-top-color: #e32636; border-top-width: 2px; opacity: 1;\">[\/vc_column][vc_column width=&#8221;1\/6&#8243;][\/vc_column][\/vc_row][vc_row offset_top=&#8221;180&#8243; class=&#8221;icoane-echipa&#8221;][vc_column width=&#8221;1\/4&#8243;]<div class=\"icon-box icon-box-vertical icon-box-dark icon-box-type-image bg-no text-left\">\n\n\t<div class=\"icon-box-icon\"><img decoding=\"async\" src=\"https:\/\/linksoft.ro\/staging\/wp-content\/uploads\/2021\/02\/Training-Dedicat.svg\" class=\"attachment-full size-full\" alt=\"\" \/><\/div><h3 class=\"icon-box-title\">Formadores dedicados<\/h3>\t\t<div class=\"icon-box-description\">\n\t\t\t<p>Nuestros equipos especializados de Dynamics 365 pueden ofrecer sesiones de formaci\u00f3n a distancia, en funci\u00f3n de su nivel de conocimiento, desarrollando habilidades y t\u00e9cnicas que se pueden aplicar inmediatamente a su flujo de trabajo.<\/p>\n\t\t<\/div>\n\t<\/div>[\/vc_column][vc_column width=&#8221;1\/4&#8243;]<div class=\"icon-box icon-box-vertical icon-box-dark icon-box-type-image bg-no text-left\">\n\n\t<div class=\"icon-box-icon\"><img decoding=\"async\" src=\"https:\/\/linksoft.ro\/staging\/wp-content\/uploads\/2021\/02\/Materiale-informative.svg\" class=\"attachment-full size-full\" alt=\"\" \/><\/div><h3 class=\"icon-box-title\">Materiales de formaci\u00f3n<\/h3>\t\t<div class=\"icon-box-description\">\n\t\t\t<p>Analizamos su sistema espec\u00edfico y construimos un curso de formaci\u00f3n personalizado y completo que contiene manuales, documentos, presentaciones y videos tutoriales, para garantizar un desarrollo \u00f3ptimo de habilidades en el menor tiempo posible.<\/p>\n\t\t<\/div>\n\t<\/div>[\/vc_column][vc_column width=&#8221;1\/4&#8243;]<div class=\"icon-box icon-box-vertical icon-box-dark icon-box-type-image bg-no text-left\">\n\n\t<div class=\"icon-box-icon\"><img decoding=\"async\" src=\"https:\/\/linksoft.ro\/staging\/wp-content\/uploads\/2021\/02\/Sesiuni-Personalizate.svg\" class=\"attachment-full size-full\" alt=\"\" \/><\/div><h3 class=\"icon-box-title\">Sesiones personalizadas<\/h3>\t\t<div class=\"icon-box-description\">\n\t\t\t<p>Entendemos la necesidad de tutor\u00eda y orientaci\u00f3n cuando se trata de desarrollar la competencia en la utilizaci\u00f3n y por eso dedicamos el tiempo y la paciencia necesarios para responder a sus preguntas, que le ayudar\u00e1n a comprender mejor los detalles de sus sistemas.<\/p>\n\t\t<\/div>\n\t<\/div>[\/vc_column][vc_column width=&#8221;1\/4&#8243;]<div class=\"icon-box icon-box-vertical icon-box-dark icon-box-type-image bg-no text-left\">\n\n\t<div class=\"icon-box-icon\"><img decoding=\"async\" src=\"https:\/\/linksoft.ro\/staging\/wp-content\/uploads\/2021\/02\/Actualizare-1.svg\" class=\"attachment-full size-full\" alt=\"\" \/><\/div><h3 class=\"icon-box-title\">An\u00e1lisis de las actualizaciones<\/h3>\t\t<div class=\"icon-box-description\">\n\t\t\t<p>Todas las actualizaciones de Microsoft Dynamics vienen con nuevas herramientas y flujos de trabajo que pueden ser de \u00fatiles en sus procesos comerciales. Nos aseguramos de que se mantenga actualizado con estos cambios, maximizando el potencial de su CRM.<\/p>\n\t\t<\/div>\n\t<\/div>[\/vc_column][\/vc_row][vc_row offset_top=&#8221;180&#8243; class=&#8221;sectiunea2&#8243;][vc_column width=&#8221;1\/6&#8243;][\/vc_column][vc_column width=&#8221;2\/3&#8243;]<h2 class=\"block-title text-dark text-center\">Nuestra estrategia<\/h2><hr class=\"hr-solid hr-custom\" style=\"border-top-color: #e32636; border-top-width: 2px; opacity: 1;\">[\/vc_column][vc_column width=&#8221;1\/6&#8243;][\/vc_column][\/vc_row][vc_row offset_top=&#8221;180&#8243; class=&#8221;icoane-echipa servicii-principii sol-crm&#8221;][vc_column width=&#8221;1\/3&#8243;]<div class=\"icon-box icon-box-vertical icon-box-dark icon-box-type-image bg-no text-left\">\n\n\t<h3 class=\"icon-box-title\">Conocimiento<\/h3>\t\t<div class=\"icon-box-description\">\n\t\t\t<p>En casos espec\u00edficos, cuando el bajo grado de personalizaci\u00f3n ralentiza o inhibe la relaci\u00f3n con los clientes y la expansi\u00f3n de la empresa, nuestros consultores est\u00e1n preparados para ofrecer funcionalidades elaboradas \u2013 empezando con la gesti\u00f3n de la informaci\u00f3n del cliente, hasta la automatizaci\u00f3n de ventas, la integraci\u00f3n del centro de llamadas o informes complejos de rendimiento.<\/p>\n\t\t<\/div>\n\t<\/div>[\/vc_column][vc_column width=&#8221;1\/3&#8243;]<div class=\"icon-box icon-box-vertical icon-box-dark icon-box-type-image bg-no text-left\">\n\n\t<h3 class=\"icon-box-title\">Pr\u00e1cticas y est\u00e1ndares<\/h3>\t\t<div class=\"icon-box-description\">\n\t\t\t<p>Ponemos siempre al cliente y a sus necesidades en primer lugar para poder ofrecerle la soluci\u00f3n adecuada. Y eso visto que sabemos la diferencia entre atender a un paciente, otorgar un pr\u00e9stamo o proporcionarle gasolina. El cambio positivo a trav\u00e9s de la personalizaci\u00f3n de Microsoft 365 implica soluciones que se adaptan a su proyecto espec\u00edfico, cumplen con sus expectativas y se ajusten a su presupuesto.<\/p>\n\t\t<\/div>\n\t<\/div>[\/vc_column][vc_column width=&#8221;1\/3&#8243;]<div class=\"icon-box icon-box-vertical icon-box-dark icon-box-type-image bg-no text-left\">\n\n\t<h3 class=\"icon-box-title\">Orentacion al cliente<\/h3>\t\t<div class=\"icon-box-description\">\n\t\t\t<p>Adaptamos la soluci\u00f3n Microsoft Dynamics 365 a los requisitos de su entorno empresarial. Nuestra gran experiencia en colaborar con empresas B2B y B2C en m\u00faltiples verticales de negocios nos permite ofrecerle informaci\u00f3n crucial sobre las mejores pr\u00e1cticas, pero tambi\u00e9n soluciones eficientes para los problemas que pueda tener en cuanto al CRM.<\/p>\n\t\t<\/div>\n\t<\/div>[\/vc_column][\/vc_row][vc_row offset_top=&#8221;180&#8243; class=&#8221;sectiunea2&#8243;][vc_column width=&#8221;1\/6&#8243;][\/vc_column][vc_column width=&#8221;2\/3&#8243;]<h2 class=\"block-title text-dark text-center titlu-ti titlu-contact\">\u00a1Contacta con nosotros!<small class=\"h2\">Deje un mensaje y uno de nuestros consultores se pondr\u00e1 en contacto con usted en las pr\u00f3ximas 24 horas.<\/small><\/h2><hr class=\"hr-solid hr-custom\" style=\"border-top-color: #e32636; border-top-width: 2px; opacity: 1;\">[\/vc_column][vc_column width=&#8221;1\/6&#8243;][\/vc_column][\/vc_row][vc_row offset_top=&#8221;180&#8243; css=&#8221;.vc_custom_1614886909463{padding-bottom: 25px !important;}&#8221;][vc_column width=&#8221;1\/6&#8243;][\/vc_column][vc_column width=&#8221;2\/3&#8243;][wpforms id=&#8221;7702&#8243; title=&#8221;false&#8221; description=&#8221;false&#8221;][\/vc_column][vc_column width=&#8221;1\/6&#8243;][\/vc_column][\/vc_row]<\/p>\n<\/div>","protected":false},"excerpt":{"rendered":"<p class=\"post-excerpt\">[vc_row offset_top=&#8221;180&#8243; is_overlay=&#8221;enable&#8221; overlay_opacity=&#8221;65&#8243; overlay_color=&#8221;#192435&#8243; class=&#8221;hitb&#8221; css=&#8221;.vc_custom_1613418103694{background-image: url(https:\/\/linksoft.ro\/staging\/wp-content\/uploads\/2021\/02\/Asset-17.png?id=6563) !important;}&#8221;][vc_column][vc_column_text class=&#8221;titlu-pagina&#8221;] Formaci\u00f3n La formaci\u00f3n eficiente es la clave para una productividad \u00f3ptima en el uso de soluciones digitales.[\/vc_column_text][\/vc_column][\/vc_row][vc_row offset_top=&#8221;180&#8243; class=&#8221;partenerul&#8221;][vc_column width=&#8221;1\/6&#8243;][\/vc_column][vc_column width=&#8221;2\/3&#8243;][vc_column_text] Los mayores desaf\u00edos al iniciar un proceso de digitalizaci\u00f3n provienen de la falta de experiencia de los empleados en&#8230;\n<\/p>","protected":false},"author":13,"featured_media":0,"parent":0,"menu_order":0,"comment_status":"closed","ping_status":"closed","template":"","meta":{"footnotes":""},"class_list":["post-7723","page","type-page","status-publish","hentry"],"_links":{"self":[{"href":"https:\/\/linksoft.ro\/staging\/wp-json\/wp\/v2\/pages\/7723","targetHints":{"allow":["GET"]}}],"collection":[{"href":"https:\/\/linksoft.ro\/staging\/wp-json\/wp\/v2\/pages"}],"about":[{"href":"https:\/\/linksoft.ro\/staging\/wp-json\/wp\/v2\/types\/page"}],"author":[{"embeddable":true,"href":"https:\/\/linksoft.ro\/staging\/wp-json\/wp\/v2\/users\/13"}],"replies":[{"embeddable":true,"href":"https:\/\/linksoft.ro\/staging\/wp-json\/wp\/v2\/comments?post=7723"}],"version-history":[{"count":0,"href":"https:\/\/linksoft.ro\/staging\/wp-json\/wp\/v2\/pages\/7723\/revisions"}],"wp:attachment":[{"href":"https:\/\/linksoft.ro\/staging\/wp-json\/wp\/v2\/media?parent=7723"}],"curies":[{"name":"wp","href":"https:\/\/api.w.org\/{rel}","templated":true}]}}