{"id":7728,"date":"2021-05-04T17:17:11","date_gmt":"2021-05-04T17:17:11","guid":{"rendered":"https:\/\/linksoft.ro\/staging\/staging\/?page_id=7728"},"modified":"2021-05-04T17:20:05","modified_gmt":"2021-05-04T17:20:05","slug":"asistencia","status":"publish","type":"page","link":"https:\/\/linksoft.ro\/staging\/asistencia\/","title":{"rendered":"Asistencia"},"content":{"rendered":"<div class=\"wpb-content-wrapper\"><p>[vc_row offset_top=&#8221;180&#8243; is_overlay=&#8221;enable&#8221; overlay_opacity=&#8221;65&#8243; overlay_color=&#8221;#192435&#8243; class=&#8221;hitb&#8221; css=&#8221;.vc_custom_1613418133162{background-image: url(https:\/\/linksoft.ro\/staging\/wp-content\/uploads\/2021\/02\/Asset-1111.png?id=6602) !important;}&#8221;][vc_column][vc_column_text class=&#8221;titlu-pagina&#8221;]<\/p>\n<h1>Asistencia<\/h1>\n<p>Tenemos en cuenta sus necesidades y desarrollamos<br \/>\nnuevas funcionalidades y optimizaciones.[\/vc_column_text]<div class=\"text-left\"><a href=\"\/es\/contact\/\" title=\"Contact\" data-custom-color=\".btn-custom-7a592be6 {background-color: #1e53a8;}\n.btn-custom-7a592be6:hover {background-color: #163e7d;}\" class=\"btn btn-solid btn-rounded btn-custom btn-lg buton-titlu btn-custom-7a592be6\">Contacta con nosotros<\/a><\/div>[\/vc_column][\/vc_row][vc_row offset_top=&#8221;180&#8243; class=&#8221;partenerul&#8221;][vc_column width=&#8221;1\/6&#8243;][\/vc_column][vc_column width=&#8221;2\/3&#8243;]<h2 class=\"block-title text-dark text-center\">Innovaci\u00f3n continua<\/h2><hr class=\"hr-solid hr-custom\" style=\"border-top-color: #e32636; border-top-width: 2px; opacity: 1;\">[vc_column_text]<\/p>\n<p style=\"text-align: center;\">A menudo sucede que las solicitudes de soporte de software sean manejadas superficialmente por consultores que ya han pasado a las siguientes tareas de desarrollo u otro proyecto. Para resolver este problema, hemos establecido un equipo de soporte dedicado, que se enfoca exclusivamente en ofrecer soporte a los clientes existentes y abordar espec\u00edficamente las dificultades y problemas que encuentran. Siempre estamos dispuestos a responder cualquier duda o solicitud de optimizaci\u00f3n de los sistemas que desarrollamos.<\/p>\n<p>[\/vc_column_text][\/vc_column][vc_column width=&#8221;1\/6&#8243;][\/vc_column][\/vc_row][vc_row offset_top=&#8221;180&#8243; class=&#8221;sectiunea2&#8243;][vc_column width=&#8221;1\/6&#8243;][\/vc_column][vc_column width=&#8221;2\/3&#8243;]<h2 class=\"block-title text-dark text-center\">\u00bfC\u00f3mo ofrecemos asistencia para nuestras soluciones?<\/h2><hr class=\"hr-solid hr-custom\" style=\"border-top-color: #e32636; border-top-width: 2px; opacity: 1;\">[\/vc_column][vc_column width=&#8221;1\/6&#8243;][\/vc_column][\/vc_row][vc_row offset_top=&#8221;180&#8243; class=&#8221;icoane-echipa&#8221;][vc_column width=&#8221;1\/4&#8243;]<div class=\"icon-box icon-box-vertical icon-box-dark icon-box-type-image bg-no text-left\">\n\n\t<div class=\"icon-box-icon\"><img decoding=\"async\" src=\"https:\/\/linksoft.ro\/staging\/wp-content\/uploads\/2021\/02\/Ticketing.svg\" class=\"attachment-full size-full\" alt=\"\" \/><\/div><h3 class=\"icon-box-title\">Sistema de ticketing<\/h3>\t\t<div class=\"icon-box-description\">\n\t\t\t<p>Con nuestro propio sistema de tickets, todas las solicitudes de soporte se clasifican y priorizan, lo que garantiza una respuesta y tiempos de soluci\u00f3n \u00f3ptimos.<\/p>\n\t\t<\/div>\n\t<\/div>[\/vc_column][vc_column width=&#8221;1\/4&#8243;]<div class=\"icon-box icon-box-vertical icon-box-dark icon-box-type-image bg-no text-left\">\n\n\t<div class=\"icon-box-icon\"><img decoding=\"async\" src=\"https:\/\/linksoft.ro\/staging\/wp-content\/uploads\/2021\/02\/Design-si-metodologie.svg\" class=\"attachment-full size-full\" alt=\"\" \/><\/div><h3 class=\"icon-box-title\">Metodolog\u00eda y dise\u00f1o<\/h3>\t\t<div class=\"icon-box-description\">\n\t\t\t<p>Nuestros expertos analizan constantemente su proceso de negocio y sus necesidades, y pueden ayudarle a determinar si un proceso espec\u00edfico podr\u00eda mejorar o no si se implementa una nueva funci\u00f3n.<\/p>\n\t\t<\/div>\n\t<\/div>[\/vc_column][vc_column width=&#8221;1\/4&#8243;]<div class=\"icon-box icon-box-vertical icon-box-dark icon-box-type-image bg-no text-left\">\n\n\t<div class=\"icon-box-icon\"><img decoding=\"async\" src=\"https:\/\/linksoft.ro\/staging\/wp-content\/uploads\/2021\/02\/Asistenta.svg\" class=\"attachment-full size-full\" alt=\"\" \/><\/div><h3 class=\"icon-box-title\">Asistencia 24\/7<\/h3>\t\t<div class=\"icon-box-description\">\n\t\t\t<p>Nuestros est\u00e1ndares garantizan una r\u00e1pida intervenci\u00f3n ante incidentes cr\u00edticos que puedan aparecer durante el uso de nuestras soluciones. Somos orgullosos de decir que mantenemos nuestros sistemas funcionando perfectamente todo el d\u00eda, todos los d\u00edas.<\/p>\n\t\t<\/div>\n\t<\/div>[\/vc_column][vc_column width=&#8221;1\/4&#8243;]<div class=\"icon-box icon-box-vertical icon-box-dark icon-box-type-image bg-no text-left\">\n\n\t<div class=\"icon-box-icon\"><img decoding=\"async\" src=\"https:\/\/linksoft.ro\/staging\/wp-content\/uploads\/2021\/02\/Actualizare.svg\" class=\"attachment-full size-full\" alt=\"\" \/><\/div><h3 class=\"icon-box-title\">Actualizaciones<\/h3>\t\t<div class=\"icon-box-description\">\n\t\t\t<p>Lo ayudamos a comprender los cambios y las modificaciones del flujo de trabajo que vienen con cada nueva actualizaci\u00f3n de la versi\u00f3n principal para su plataforma.<\/p>\n\t\t<\/div>\n\t<\/div>[\/vc_column][\/vc_row][vc_row offset_top=&#8221;180&#8243; class=&#8221;sectiunea2&#8243;][vc_column width=&#8221;1\/6&#8243;][\/vc_column][vc_column width=&#8221;2\/3&#8243;]<h2 class=\"block-title text-dark text-center\">Nuestra estrategia<\/h2><hr class=\"hr-solid hr-custom\" style=\"border-top-color: #e32636; border-top-width: 2px; opacity: 1;\">[\/vc_column][vc_column width=&#8221;1\/6&#8243;][\/vc_column][\/vc_row][vc_row offset_top=&#8221;180&#8243; class=&#8221;icoane-echipa servicii-principii sol-crm&#8221;][vc_column width=&#8221;1\/3&#8243;]<div class=\"icon-box icon-box-vertical icon-box-dark icon-box-type-image bg-no text-left\">\n\n\t<h3 class=\"icon-box-title\">Conocimiento<\/h3>\t\t<div class=\"icon-box-description\">\n\t\t\t<p>En casos espec\u00edficos, cuando el bajo grado de personalizaci\u00f3n ralentiza o inhibe la relaci\u00f3n con los clientes y la expansi\u00f3n de la empresa, nuestros consultores est\u00e1n preparados para ofrecer funcionalidades elaboradas \u2013 empezando con la gesti\u00f3n de la informaci\u00f3n del cliente, hasta la automatizaci\u00f3n de ventas, la integraci\u00f3n del centro de llamadas o informes complejos de rendimiento.<\/p>\n\t\t<\/div>\n\t<\/div>[\/vc_column][vc_column width=&#8221;1\/3&#8243;]<div class=\"icon-box icon-box-vertical icon-box-dark icon-box-type-image bg-no text-left\">\n\n\t<h3 class=\"icon-box-title\">Pr\u00e1cticas y est\u00e1ndares<\/h3>\t\t<div class=\"icon-box-description\">\n\t\t\t<p>Ponemos siempre al cliente y a sus necesidades en primer lugar para poder ofrecerle la soluci\u00f3n adecuada. Y eso visto que sabemos la diferencia entre atender a un paciente, otorgar un pr\u00e9stamo o proporcionarle gasolina. El cambio positivo a trav\u00e9s de la personalizaci\u00f3n de Microsoft 365 implica soluciones que se adaptan a su proyecto espec\u00edfico, cumplen con sus expectativas y se ajusten a su presupuesto.<\/p>\n\t\t<\/div>\n\t<\/div>[\/vc_column][vc_column width=&#8221;1\/3&#8243;]<div class=\"icon-box icon-box-vertical icon-box-dark icon-box-type-image bg-no text-left\">\n\n\t<h3 class=\"icon-box-title\">Orentacion al cliente<\/h3>\t\t<div class=\"icon-box-description\">\n\t\t\t<p>Adaptamos la soluci\u00f3n Microsoft Dynamics 365 a los requisitos de su entorno empresarial. Nuestra gran experiencia en colaborar con empresas B2B y B2C en m\u00faltiples verticales de negocios nos permite ofrecerle informaci\u00f3n crucial sobre las mejores pr\u00e1cticas, pero tambi\u00e9n soluciones eficientes para los problemas que pueda tener en cuanto al CRM.<\/p>\n\t\t<\/div>\n\t<\/div>[\/vc_column][\/vc_row][vc_row offset_top=&#8221;180&#8243; class=&#8221;sectiunea2&#8243;][vc_column width=&#8221;1\/6&#8243;][\/vc_column][vc_column width=&#8221;2\/3&#8243;]<h2 class=\"block-title text-dark text-center titlu-ti titlu-contact\">\u00a1Contacta con nosotros!<small class=\"h2\">Deje un mensaje y uno de nuestros consultores se pondr\u00e1 en contacto con usted en las pr\u00f3ximas 24 horas.<\/small><\/h2><hr class=\"hr-solid hr-custom\" style=\"border-top-color: #e32636; border-top-width: 2px; opacity: 1;\">[\/vc_column][vc_column width=&#8221;1\/6&#8243;][\/vc_column][\/vc_row][vc_row offset_top=&#8221;180&#8243; css=&#8221;.vc_custom_1614886909463{padding-bottom: 25px !important;}&#8221;][vc_column width=&#8221;1\/6&#8243;][\/vc_column][vc_column width=&#8221;2\/3&#8243;][wpforms id=&#8221;7702&#8243; title=&#8221;false&#8221; description=&#8221;false&#8221;][\/vc_column][vc_column width=&#8221;1\/6&#8243;][\/vc_column][\/vc_row]<\/p>\n<\/div>","protected":false},"excerpt":{"rendered":"<p class=\"post-excerpt\">[vc_row offset_top=&#8221;180&#8243; is_overlay=&#8221;enable&#8221; overlay_opacity=&#8221;65&#8243; overlay_color=&#8221;#192435&#8243; class=&#8221;hitb&#8221; css=&#8221;.vc_custom_1613418133162{background-image: url(https:\/\/linksoft.ro\/staging\/wp-content\/uploads\/2021\/02\/Asset-1111.png?id=6602) !important;}&#8221;][vc_column][vc_column_text class=&#8221;titlu-pagina&#8221;] Asistencia Tenemos en cuenta sus necesidades y desarrollamos nuevas funcionalidades y optimizaciones.[\/vc_column_text][\/vc_column][\/vc_row][vc_row offset_top=&#8221;180&#8243; class=&#8221;partenerul&#8221;][vc_column width=&#8221;1\/6&#8243;][\/vc_column][vc_column width=&#8221;2\/3&#8243;][vc_column_text] A menudo sucede que las solicitudes de soporte de software sean manejadas superficialmente por consultores que ya han pasado a las siguientes tareas de&#8230;\n<\/p>","protected":false},"author":13,"featured_media":0,"parent":0,"menu_order":0,"comment_status":"closed","ping_status":"closed","template":"","meta":{"footnotes":""},"class_list":["post-7728","page","type-page","status-publish","hentry"],"_links":{"self":[{"href":"https:\/\/linksoft.ro\/staging\/wp-json\/wp\/v2\/pages\/7728","targetHints":{"allow":["GET"]}}],"collection":[{"href":"https:\/\/linksoft.ro\/staging\/wp-json\/wp\/v2\/pages"}],"about":[{"href":"https:\/\/linksoft.ro\/staging\/wp-json\/wp\/v2\/types\/page"}],"author":[{"embeddable":true,"href":"https:\/\/linksoft.ro\/staging\/wp-json\/wp\/v2\/users\/13"}],"replies":[{"embeddable":true,"href":"https:\/\/linksoft.ro\/staging\/wp-json\/wp\/v2\/comments?post=7728"}],"version-history":[{"count":0,"href":"https:\/\/linksoft.ro\/staging\/wp-json\/wp\/v2\/pages\/7728\/revisions"}],"wp:attachment":[{"href":"https:\/\/linksoft.ro\/staging\/wp-json\/wp\/v2\/media?parent=7728"}],"curies":[{"name":"wp","href":"https:\/\/api.w.org\/{rel}","templated":true}]}}