{"id":7738,"date":"2021-05-04T17:23:50","date_gmt":"2021-05-04T17:23:50","guid":{"rendered":"https:\/\/linksoft.ro\/staging\/staging\/?page_id=7738"},"modified":"2021-05-04T17:26:13","modified_gmt":"2021-05-04T17:26:13","slug":"gestion-de-proyectos","status":"publish","type":"page","link":"https:\/\/linksoft.ro\/staging\/gestion-de-proyectos\/","title":{"rendered":"Gesti\u00f3n de proyectos"},"content":{"rendered":"<div class=\"wpb-content-wrapper\"><p>[vc_row offset_top=&#8221;180&#8243; is_overlay=&#8221;enable&#8221; overlay_opacity=&#8221;65&#8243; overlay_color=&#8221;#192435&#8243; css=&#8221;.vc_custom_1613417875030{background-image: url(https:\/\/linksoft.ro\/staging\/wp-content\/uploads\/2021\/02\/Asset-112.png?id=6568) !important;}&#8221; class=&#8221;hitb&#8221;][vc_column][vc_column_text class=&#8221;titlu-pagina&#8221;]<\/p>\n<h1>Gesti\u00f3n de proyectos<\/h1>\n<p>Administre sus proyectos de manera eficiente<br \/>\na pesar de la talla o la complexidad[\/vc_column_text]<div class=\"text-left\"><a href=\"\/es\/contact\/\" title=\"Contact\" data-custom-color=\".btn-custom-2796e615 {background-color: #1e53a8;}\n.btn-custom-2796e615:hover {background-color: #163e7d;}\" class=\"btn btn-solid btn-rounded btn-custom btn-lg buton-titlu btn-custom-2796e615\">Contacta con nosotros<\/a><\/div>[\/vc_column][\/vc_row][vc_row offset_top=&#8221;180&#8243; class=&#8221;partenerul&#8221;][vc_column width=&#8221;1\/6&#8243;][\/vc_column][vc_column width=&#8221;2\/3&#8243;]<h2 class=\"block-title text-dark text-center\">Nuestra experiencia es tu oportunidad<\/h2><hr class=\"hr-solid hr-custom\" style=\"border-top-color: #e32636; border-top-width: 2px; opacity: 1;\">[vc_column_text]<\/p>\n<p style=\"text-align: center;\">La coordinaci\u00f3n de recursos en el proceso de digitalizaci\u00f3n es uno de los mayores desaf\u00edos para las empresas en crecimiento. Definir objetivos coherentes y presupuestos adecuados para proyectos de desarrollo digital se vuelve a\u00fan m\u00e1s dif\u00edcil cuando se carece de experiencia en la implementaci\u00f3n de dichos proyectos. Por eso, ofrecemos a los clientes la oportunidad de aprovecharse de un gerente de proyectos experimentado dentro de nuestro equipo, asegurando que el resultado final de cada etapa sea una soluci\u00f3n optimizada de la que tanto nosotros como los beneficiarios podamos estar orgullosos.<\/p>\n<p>[\/vc_column_text][\/vc_column][vc_column width=&#8221;1\/6&#8243;][\/vc_column][\/vc_row][vc_row offset_top=&#8221;180&#8243; class=&#8221;sectiunea2&#8243;][vc_column width=&#8221;1\/6&#8243;][\/vc_column][vc_column width=&#8221;2\/3&#8243;]<h2 class=\"block-title text-dark text-center\">Lo que hacemos como gerentes de proyectos<\/h2><hr class=\"hr-solid hr-custom\" style=\"border-top-color: #e32636; border-top-width: 2px; opacity: 1;\">[\/vc_column][vc_column width=&#8221;1\/6&#8243;][\/vc_column][\/vc_row][vc_row offset_top=&#8221;180&#8243; class=&#8221;icoane-echipa&#8221;][vc_column width=&#8221;1\/4&#8243;]<div class=\"icon-box icon-box-vertical icon-box-dark icon-box-type-image bg-no text-left\">\n\n\t<div class=\"icon-box-icon\"><img decoding=\"async\" src=\"https:\/\/linksoft.ro\/staging\/wp-content\/uploads\/2021\/02\/Digitalizare.svg\" class=\"attachment-full size-full\" alt=\"\" \/><\/div><h3 class=\"icon-box-title\">Servicio completo<\/h3>\t\t<div class=\"icon-box-description\">\n\t\t\t<p>Le podemos ayudar con servicios de gesti\u00f3n de proyectos y costos, asegur\u00e1ndonos de que su proyecto se convierta en realidad de manera eficiente, controlable y sin complicaciones.<\/p>\n\t\t<\/div>\n\t<\/div>[\/vc_column][vc_column width=&#8221;1\/4&#8243;]<div class=\"icon-box icon-box-vertical icon-box-dark icon-box-type-image bg-no text-left\">\n\n\t<div class=\"icon-box-icon\"><img decoding=\"async\" src=\"https:\/\/linksoft.ro\/staging\/wp-content\/uploads\/2021\/02\/Arhitectura.svg\" class=\"attachment-full size-full\" alt=\"\" \/><\/div><h3 class=\"icon-box-title\">Metodolog\u00eda<\/h3>\t\t<div class=\"icon-box-description\">\n\t\t\t<p>Utilizando nuestra experiencia en la implementaci\u00f3n de soluciones CRM, podemos realizar an\u00e1lisis te\u00f3ricos competentes y consistentes y asegurar una gesti\u00f3n \u00f3ptima de cada proyecto en el que nos inscribimos.<\/p>\n\t\t<\/div>\n\t<\/div>[\/vc_column][vc_column width=&#8221;1\/4&#8243;]<div class=\"icon-box icon-box-vertical icon-box-dark icon-box-type-image bg-no text-left\">\n\n\t<div class=\"icon-box-icon\"><img decoding=\"async\" src=\"https:\/\/linksoft.ro\/staging\/wp-content\/uploads\/2021\/02\/Definirea-Obiectivelor.svg\" class=\"attachment-full size-full\" alt=\"\" \/><\/div><h3 class=\"icon-box-title\">Fijaci\u00f3n de objetivos<\/h3>\t\t<div class=\"icon-box-description\">\n\t\t\t<p>Prestamos mucha atenci\u00f3n en proteger la rentabilidad a corto y largo plazo de su negocio estableciendo cuidadosamente los objetivos del proyecto, de modo que siempre pueda entregar a tiempo, de manera est\u00e1ndar y al precio correcto.<\/p>\n\t\t<\/div>\n\t<\/div>[\/vc_column][vc_column width=&#8221;1\/4&#8243;]<div class=\"icon-box icon-box-vertical icon-box-dark icon-box-type-image bg-no text-left\">\n\n\t<div class=\"icon-box-icon\"><img decoding=\"async\" src=\"https:\/\/linksoft.ro\/staging\/wp-content\/uploads\/2021\/02\/Uniformizare.svg\" class=\"attachment-full size-full\" alt=\"\" \/><\/div><h3 class=\"icon-box-title\">Soluciones actualizadas<\/h3>\t\t<div class=\"icon-box-description\">\n\t\t\t<p>Nuestro Gold Microsoft Partnership garantiza que su proyecto se ajustar\u00e1 a los \u00faltimos est\u00e1ndares y avances tecnol\u00f3gicos mientras se mantiene seguro y r\u00e1pido.<\/p>\n\t\t<\/div>\n\t<\/div>[\/vc_column][\/vc_row][vc_row offset_top=&#8221;180&#8243; class=&#8221;sectiunea2&#8243;][vc_column width=&#8221;1\/6&#8243;][\/vc_column][vc_column width=&#8221;2\/3&#8243;]<h2 class=\"block-title text-dark text-center\">Nuestra estrategia<\/h2><hr class=\"hr-solid hr-custom\" style=\"border-top-color: #e32636; border-top-width: 2px; opacity: 1;\">[\/vc_column][vc_column width=&#8221;1\/6&#8243;][\/vc_column][\/vc_row][vc_row offset_top=&#8221;180&#8243; class=&#8221;icoane-echipa servicii-principii sol-crm&#8221;][vc_column width=&#8221;1\/3&#8243;]<div class=\"icon-box icon-box-vertical icon-box-dark icon-box-type-image bg-no text-left\">\n\n\t<h3 class=\"icon-box-title\">Conocimiento<\/h3>\t\t<div class=\"icon-box-description\">\n\t\t\t<p>En casos espec\u00edficos, cuando el bajo grado de personalizaci\u00f3n ralentiza o inhibe la relaci\u00f3n con los clientes y la expansi\u00f3n de la empresa, nuestros consultores est\u00e1n preparados para ofrecer funcionalidades elaboradas \u2013 empezando con la gesti\u00f3n de la informaci\u00f3n del cliente, hasta la automatizaci\u00f3n de ventas, la integraci\u00f3n del centro de llamadas o informes complejos de rendimiento.<\/p>\n\t\t<\/div>\n\t<\/div>[\/vc_column][vc_column width=&#8221;1\/3&#8243;]<div class=\"icon-box icon-box-vertical icon-box-dark icon-box-type-image bg-no text-left\">\n\n\t<h3 class=\"icon-box-title\">Pr\u00e1cticas y est\u00e1ndares<\/h3>\t\t<div class=\"icon-box-description\">\n\t\t\t<p>Ponemos siempre al cliente y a sus necesidades en primer lugar para poder ofrecerle la soluci\u00f3n adecuada. Y eso visto que sabemos la diferencia entre atender a un paciente, otorgar un pr\u00e9stamo o proporcionarle gasolina. El cambio positivo a trav\u00e9s de la personalizaci\u00f3n de Microsoft 365 implica soluciones que se adaptan a su proyecto espec\u00edfico, cumplen con sus expectativas y se ajusten a su presupuesto.<\/p>\n\t\t<\/div>\n\t<\/div>[\/vc_column][vc_column width=&#8221;1\/3&#8243;]<div class=\"icon-box icon-box-vertical icon-box-dark icon-box-type-image bg-no text-left\">\n\n\t<h3 class=\"icon-box-title\">Orentacion al cliente<\/h3>\t\t<div class=\"icon-box-description\">\n\t\t\t<p>Adaptamos la soluci\u00f3n Microsoft Dynamics 365 a los requisitos de su entorno empresarial. Nuestra gran experiencia en colaborar con empresas B2B y B2C en m\u00faltiples verticales de negocios nos permite ofrecerle informaci\u00f3n crucial sobre las mejores pr\u00e1cticas, pero tambi\u00e9n soluciones eficientes para los problemas que pueda tener en cuanto al CRM.<\/p>\n\t\t<\/div>\n\t<\/div>[\/vc_column][\/vc_row][vc_row offset_top=&#8221;180&#8243; class=&#8221;sectiunea2&#8243;][vc_column width=&#8221;1\/6&#8243;][\/vc_column][vc_column width=&#8221;2\/3&#8243;]<h2 class=\"block-title text-dark text-center titlu-ti titlu-contact\">\u00a1Contacta con nosotros!<small class=\"h2\">Deje un mensaje y uno de nuestros consultores se pondr\u00e1 en contacto con usted en las pr\u00f3ximas 24 horas.<\/small><\/h2><hr class=\"hr-solid hr-custom\" style=\"border-top-color: #e32636; border-top-width: 2px; opacity: 1;\">[\/vc_column][vc_column width=&#8221;1\/6&#8243;][\/vc_column][\/vc_row][vc_row offset_top=&#8221;180&#8243; css=&#8221;.vc_custom_1614886909463{padding-bottom: 25px !important;}&#8221;][vc_column width=&#8221;1\/6&#8243;][\/vc_column][vc_column width=&#8221;2\/3&#8243;][wpforms id=&#8221;7702&#8243; title=&#8221;false&#8221; description=&#8221;false&#8221;][\/vc_column][vc_column width=&#8221;1\/6&#8243;][\/vc_column][\/vc_row]<\/p>\n<\/div>","protected":false},"excerpt":{"rendered":"<p class=\"post-excerpt\">[vc_row offset_top=&#8221;180&#8243; is_overlay=&#8221;enable&#8221; overlay_opacity=&#8221;65&#8243; overlay_color=&#8221;#192435&#8243; css=&#8221;.vc_custom_1613417875030{background-image: url(https:\/\/linksoft.ro\/staging\/wp-content\/uploads\/2021\/02\/Asset-112.png?id=6568) !important;}&#8221; class=&#8221;hitb&#8221;][vc_column][vc_column_text class=&#8221;titlu-pagina&#8221;] Gesti\u00f3n de proyectos Administre sus proyectos de manera eficiente a pesar de la talla o la complexidad[\/vc_column_text][\/vc_column][\/vc_row][vc_row offset_top=&#8221;180&#8243; class=&#8221;partenerul&#8221;][vc_column width=&#8221;1\/6&#8243;][\/vc_column][vc_column width=&#8221;2\/3&#8243;][vc_column_text] La coordinaci\u00f3n de recursos en el proceso de digitalizaci\u00f3n es uno de los mayores desaf\u00edos para las empresas en&#8230;\n<\/p>","protected":false},"author":13,"featured_media":0,"parent":0,"menu_order":0,"comment_status":"closed","ping_status":"closed","template":"","meta":{"footnotes":""},"class_list":["post-7738","page","type-page","status-publish","hentry"],"_links":{"self":[{"href":"https:\/\/linksoft.ro\/staging\/wp-json\/wp\/v2\/pages\/7738","targetHints":{"allow":["GET"]}}],"collection":[{"href":"https:\/\/linksoft.ro\/staging\/wp-json\/wp\/v2\/pages"}],"about":[{"href":"https:\/\/linksoft.ro\/staging\/wp-json\/wp\/v2\/types\/page"}],"author":[{"embeddable":true,"href":"https:\/\/linksoft.ro\/staging\/wp-json\/wp\/v2\/users\/13"}],"replies":[{"embeddable":true,"href":"https:\/\/linksoft.ro\/staging\/wp-json\/wp\/v2\/comments?post=7738"}],"version-history":[{"count":0,"href":"https:\/\/linksoft.ro\/staging\/wp-json\/wp\/v2\/pages\/7738\/revisions"}],"wp:attachment":[{"href":"https:\/\/linksoft.ro\/staging\/wp-json\/wp\/v2\/media?parent=7738"}],"curies":[{"name":"wp","href":"https:\/\/api.w.org\/{rel}","templated":true}]}}