{"id":7875,"date":"2016-11-01T19:55:41","date_gmt":"2016-11-01T19:55:41","guid":{"rendered":"https:\/\/linksoft.ro\/staging\/staging\/?page_id=7875"},"modified":"2022-01-14T09:18:42","modified_gmt":"2022-01-14T09:18:42","slug":"contacto","status":"publish","type":"page","link":"https:\/\/linksoft.ro\/staging\/contacto\/","title":{"rendered":"Contacto"},"content":{"rendered":"<div class=\"wpb-content-wrapper\"><p>[vc_row offset_top=&#8221;180&#8243; is_overlay=&#8221;enable&#8221; overlay_opacity=&#8221;65&#8243; overlay_color=&#8221;#192435&#8243; css=&#8221;.vc_custom_1612901501906{background-image: url(https:\/\/linksoft.ro\/staging\/wp-content\/uploads\/2021\/02\/contact.png?id=6417) !important;}&#8221; class=&#8221;titlu-pg-contact&#8221;][vc_column][vc_column_text class=&#8221;titlu-pagina&#8221;]<\/p>\n<h1>Contacto<\/h1>\n<p>[\/vc_column_text][\/vc_column][\/vc_row][vc_row offset_top=&#8221;180&#8243; css=&#8221;.vc_custom_1611169852138{padding-top: 50px !important;}&#8221; class=&#8221;pagina-contact&#8221;][vc_column width=&#8221;1\/2&#8243; class=&#8221;text-contact&#8221;][vc_column_text]<\/p>\n<p style=\"text-align: left;\">Estaremos encantados de responder cualquier pregunta que pueda tener sobre c\u00f3mo podemos ayudarle. Simplemente complete el formulario o use los detalles a continuaci\u00f3n para contactarnos. Un miembro de nuestro equipo se comunicar\u00e1 contigo en menos de 24 horas.<\/p>\n<p><a style=\"font-size: 18px; font-weight: 600; color: #081947; text-decoration: none;\" href=\"tel:+40 726 376 806\">+40 771 303 125<\/a><br \/>\n<a style=\"font-size: 18px; font-weight: 600; color: #081947; text-decoration: none;\" href=\"mailto:office@linksoft.ro\">office@linksoft.ro<\/a><br \/>\nNicolae G. Caramfil 49, piso 2<br \/>\n014415, Sector 1, Bucarest<br \/>\nRomania[\/vc_column_text][\/vc_column][vc_column width=&#8221;1\/2&#8243; class=&#8221;formular-contact&#8221;][wpforms id=&#8221;7878&#8243; title=&#8221;true&#8221; description=&#8221;true&#8221;][\/vc_column][\/vc_row][vc_row offset_top=&#8221;180&#8243; layout=&#8221;full&#8221; class=&#8221;contact-harta&#8221; css=&#8221;.vc_custom_1612901238786{padding-bottom: 25px !important;}&#8221;][vc_column]<div class=\"contacts-tile harta\">\n\t<div class=\"contacts-tile-body\">\n\t\t<div class=\"contacts-tile-country\">\n\t\t\t\n\t\t\t\n\t\t<\/div>\n\t\t\n\t\t<div class=\"contacts-tile-content\">\n\t\t\t<p><iframe loading=\"lazy\" style=\"border: 0;\" src=\"https:\/\/www.google.com\/maps\/embed?pb=!1m14!1m8!1m3!1d11386.880378209204!2d26.092413!3d44.4799099!3m2!1i1024!2i768!4f13.1!3m3!1m2!1s0x0%3A0xc8a9f309c7166345!2sNicolae+Caramfil+49+Business+Center!5e0!3m2!1sro!2sro!4v1534413117922\" width=\"600\" height=\"800\" frameborder=\"0\" allowfullscreen=\"allowfullscreen\"><\/iframe><\/p>\n\n\t\t<\/div>\n\t<\/div>\n\t\n<\/div>[\/vc_column][\/vc_row]<\/p>\n<\/div>","protected":false},"excerpt":{"rendered":"<p class=\"post-excerpt\">[vc_row offset_top=&#8221;180&#8243; is_overlay=&#8221;enable&#8221; overlay_opacity=&#8221;65&#8243; overlay_color=&#8221;#192435&#8243; css=&#8221;.vc_custom_1612901501906{background-image: url(https:\/\/linksoft.ro\/staging\/wp-content\/uploads\/2021\/02\/contact.png?id=6417) !important;}&#8221; class=&#8221;titlu-pg-contact&#8221;][vc_column][vc_column_text class=&#8221;titlu-pagina&#8221;] Contacto [\/vc_column_text][\/vc_column][\/vc_row][vc_row offset_top=&#8221;180&#8243; css=&#8221;.vc_custom_1611169852138{padding-top: 50px !important;}&#8221; class=&#8221;pagina-contact&#8221;][vc_column width=&#8221;1\/2&#8243; class=&#8221;text-contact&#8221;][vc_column_text] Estaremos encantados de responder cualquier pregunta que pueda tener sobre c\u00f3mo podemos ayudarle. Simplemente complete el formulario o use los detalles a continuaci\u00f3n para contactarnos. Un miembro de nuestro equipo se&#8230;\n<\/p>","protected":false},"author":13,"featured_media":0,"parent":0,"menu_order":0,"comment_status":"closed","ping_status":"closed","template":"","meta":{"footnotes":""},"class_list":["post-7875","page","type-page","status-publish","hentry"],"_links":{"self":[{"href":"https:\/\/linksoft.ro\/staging\/wp-json\/wp\/v2\/pages\/7875","targetHints":{"allow":["GET"]}}],"collection":[{"href":"https:\/\/linksoft.ro\/staging\/wp-json\/wp\/v2\/pages"}],"about":[{"href":"https:\/\/linksoft.ro\/staging\/wp-json\/wp\/v2\/types\/page"}],"author":[{"embeddable":true,"href":"https:\/\/linksoft.ro\/staging\/wp-json\/wp\/v2\/users\/13"}],"replies":[{"embeddable":true,"href":"https:\/\/linksoft.ro\/staging\/wp-json\/wp\/v2\/comments?post=7875"}],"version-history":[{"count":1,"href":"https:\/\/linksoft.ro\/staging\/wp-json\/wp\/v2\/pages\/7875\/revisions"}],"predecessor-version":[{"id":8818,"href":"https:\/\/linksoft.ro\/staging\/wp-json\/wp\/v2\/pages\/7875\/revisions\/8818"}],"wp:attachment":[{"href":"https:\/\/linksoft.ro\/staging\/wp-json\/wp\/v2\/media?parent=7875"}],"curies":[{"name":"wp","href":"https:\/\/api.w.org\/{rel}","templated":true}]}}