{"id":8211,"date":"2021-08-24T21:08:25","date_gmt":"2021-08-24T21:08:25","guid":{"rendered":"https:\/\/linksoft.ro\/staging\/staging\/?page_id=8211"},"modified":"2024-02-19T13:34:48","modified_gmt":"2024-02-19T13:34:48","slug":"microsoft-power-platform","status":"publish","type":"page","link":"https:\/\/linksoft.ro\/staging\/microsoft-power-platform\/","title":{"rendered":"Microsoft Power Platform"},"content":{"rendered":"<div class=\"wpb-content-wrapper\"><p>[vc_row offset_top=&#8221;180&#8243; is_overlay=&#8221;enable&#8221; overlay_opacity=&#8221;65&#8243; overlay_color=&#8221;#192435&#8243; class=&#8221;hitb&#8221; css=&#8221;.vc_custom_1626715023730{background-image: url(https:\/\/linksoft.ro\/staging\/wp-content\/uploads\/2021\/07\/Asset-1.png?id=7995) !important;}&#8221;][vc_column][vc_column_text class=&#8221;titlu-pagina&#8221;]<\/p>\n<h1>Power Platform<\/h1>\n<p>Conecta\u021bi-v\u0103 aplica\u021biile cu Dynamics 365 \u0219i Azure<br \/>\n\u0219i construi\u021bi solu\u021bii de business puternice \u0219i scalabile.[\/vc_column_text]<div class=\"text-left\"><a href=\"\/contact\/\" title=\"Contact\" data-custom-color=\".btn-custom-e83f1723 {background-color: #1e53a8;}\n.btn-custom-e83f1723:hover {background-color: #163e7d;}\" class=\"btn btn-solid btn-rounded btn-custom btn-lg buton-titlu btn-custom-e83f1723\">Contacteaz\u0103-ne<\/a><\/div>[\/vc_column][\/vc_row][vc_row offset_top=&#8221;180&#8243; class=&#8221;partenerul&#8221;][vc_column width=&#8221;1\/12&#8243;][\/vc_column][vc_column width=&#8221;5\/6&#8243;]<h2 class=\"block-title text-dark text-center\">Ce este Power Platform<\/h2><hr class=\"hr-solid hr-custom\" style=\"border-top-color: #e32636; border-top-width: 2px; opacity: 1;\">[vc_column_text]<\/p>\n<p style=\"text-align: center;\">Microsoft Power Platform este un set de instrumente concepute pentru a v\u0103 ajuta afacerea s\u0103 evolueze mai rapid \u0219i mai eficient in mediul digital \u0219i pentru a permite echipelor dumneavoastr\u0103 s\u0103 r\u0103m\u00e2n\u0103 agile prin crearea de aplica\u021bii \u0219i automatiz\u0103ri \u00een scopul eficientiz\u0103rii fluxurilor de lucru. Platforma ofer\u0103 posibilitatea de a conectare cu sute de aplica\u021bii de afaceri \u0219i surse diverse de date, folosind o baz\u0103 complex\u0103 de conectori. Utiliz\u00e2nd conectivitatea integrat\u0103 la servicii precum GitHub \u0219i AI Builder, dezvoltatorii pot construi aplica\u021bii complexe \u0219i scalabile pe m\u0103sur\u0103 ce nevoile dumneavoastr\u0103 de business cresc. Toate instrumentele sunt construite utiliz\u00e2nd platforma Azure, astfel \u00eenc\u00e2t orice aplica\u021bie construit\u0103 prin Power Platform mo\u0219tene\u0219te aceea\u0219i sisteme de Securitate, certific\u0103ri \u0219i controale avansate, folosite cu \u00eencredere de marile companii din intreaga lume.<\/p>\n<p>[\/vc_column_text][\/vc_column][vc_column width=&#8221;1\/12&#8243;][\/vc_column][\/vc_row][vc_row offset_top=&#8221;180&#8243; class=&#8221;tech-imgtext&#8221; css=&#8221;.vc_custom_1611937183531{padding-top: 25px !important;}&#8221;][vc_column width=&#8221;1\/6&#8243;][\/vc_column][vc_column width=&#8221;1\/6&#8243; class=&#8221;iconsrpa pwrplatbut&#8221;][vc_column_text css=&#8221;.vc_custom_1629839383119{margin-bottom: 20px !important;}&#8221;]<\/p>\n<h3 style=\"text-align: left; line-height: 80%;\">Alege solu\u021bia<\/h3>\n<h3 style=\"text-align: left; line-height: 80%;\">ideala<strong><span style=\"color: red; font-size: 150%;\">.<br \/>\n<\/span><\/strong><\/h3>\n<p>[\/vc_column_text]<div class=\"text-left\"><a href=\"#\" class=\"btn btn-solid btn-pill btn-default btn-nl btn-block but-temp collapses power\">Power Apps<\/a><\/div><div class=\"text-left\"><a href=\"#\" class=\"btn btn-solid btn-pill btn-default btn-nl btn-block but-temp automate\">Power Automate<\/a><\/div><div class=\"text-left\"><a href=\"#\" class=\"btn btn-solid btn-pill btn-default btn-nl btn-block but-temp bi\">Power BI<\/a><\/div><div class=\"text-left\"><a href=\"#\" class=\"btn btn-solid btn-pill btn-default btn-nl btn-block but-temp virtual\">Power Virtual Agents<\/a><\/div>[\/vc_column][vc_column width=&#8221;1\/2&#8243;][vc_column_text]<\/p>\n<div id=\"power\" class=\"collapsdes\" style=\"display: block;\" tabindex=\"1\">\n<div class=\"imaginitest\">\n<h3><strong style=\"line-height: 60%;\">Power Apps<\/strong><\/h3>\n<ul>\n<li>Automatiza\u021bi fluxurile de lucru at\u00e2t pentru sarcini individuale c\u00e2t \u0219i pentru sisteme complexe utiliz\u00e2nd sute de conectori pre-construi\u021bi.<\/li>\n<li>Utiliza\u021bi experien\u021ba ghidat\u0103, cu cod redus, pentru a permite oricui s\u0103 construiasc\u0103 aplica\u021bii sigure care \u00eembun\u0103t\u0103\u021besc activitatea zilnic\u0103.<\/li>\n<li>Gestiona\u021bi aprob\u0103rile sau cererile direct \u00een aplica\u021bii precum Microsoft Teams sau Outlook \u0219i acorda\u021bi-v\u0103 mai mult timp pentru a v\u0103 concentra pe oportunit\u0103\u021bi strategice.<\/li>\n<\/ul>\n<div style=\"float: right;\"><a href=\"https:\/\/linksoft.ro\/staging\/power-apps-2\/\">Afla mai multe &gt;<\/a><\/div>\n<\/div>\n<\/div>\n<p>[\/vc_column_text][vc_column_text]<\/p>\n<div id=\"automate\" class=\"collapsdes\" tabindex=\"1\">\n<div class=\"imaginitest\">\n<h3><strong style=\"line-height: 60%;\">Power Automate<\/strong><\/h3>\n<ul>\n<li>Crea\u021bi fluxuri mai repede, utiliz\u00e2nd un set divers de ac\u021biuni predefinite, care se conecteaz\u0103 la mai multe sisteme diferite.<\/li>\n<li>Simplifica\u021bi rapid sarcinile folosind modele AI, cum ar fi produc\u021bia, detectarea obiectelor, clasificarea categoriilor \u0219i extragerea entit\u0103\u021bii utiliz\u00e2nd o interfa\u021b\u0103 simpl\u0103 \u0219i<\/li>\n<li>Extrage\u021bi date din documentele primite prin e-mail \u0219i orchestra\u021bi procesul de revizuire \u0219i aprobare utiliz\u00e2nd procese automate.<\/li>\n<\/ul>\n<div style=\"float: right;\"><a href=\"https:\/\/linksoft.ro\/staging\/power-automate\/\">Afla mai multe &gt;<\/a><\/div>\n<\/div>\n<\/div>\n<p>[\/vc_column_text][vc_column_text]<\/p>\n<div id=\"bi\" class=\"collapsdes\" tabindex=\"1\">\n<div class=\"imaginitest\">\n<h3><strong style=\"line-height: 60%;\">Power BI<\/strong><\/h3>\n<ul>\n<li>Construi\u021bi fluxuri de date automatizate \u0219i generati toate formatele de date necesare, elimin\u00e2nd timpul pierdut \u00een procesarea datelor.<\/li>\n<li>Extrageti datele din multiple surse \u0219i valorifica\u021bi informa\u021biile actuale \u0219i istorice, prin analiza multilateral\u0103 \u0219i previziuni predictive precise.<\/li>\n<li>Aduce\u021bi interog\u0103rile la nivelul urm\u0103tor folosind motorul de c\u0103utare de ultim\u0103 genera\u021bie care transform\u0103 limbajul colocvial \u00een interog\u0103ri complexe.<\/li>\n<\/ul>\n<div style=\"float: right;\"><a href=\"https:\/\/linksoft.ro\/staging\/contact\/\">Afla mai multe &gt;<\/a><\/div>\n<\/div>\n<\/div>\n<p>[\/vc_column_text][vc_column_text]<\/p>\n<div id=\"virtual\" class=\"collapsdes\" tabindex=\"1\">\n<div class=\"imaginitest\">\n<h3><strong style=\"line-height: 60%;\">Power Virtual Agents<\/strong><\/h3>\n<ul>\n<li>Create bots and embed them into your website with just a few clicks with no infrastructure to maintain or complex systems to deploy.<\/li>\n<li>Use powerful AI-driven dashboards and powerful metrics in order to keep an eye on your bot\u2019s performance.<\/li>\n<li>Get a holistic overview of your customer service operations with Dynamics 365 Customer Service Insights in order to determine trending conversational topics and easily automating them.<\/li>\n<\/ul>\n<div style=\"float: right;\"><a href=\"https:\/\/linksoft.ro\/staging\/power-virtual-agents\/\">Afla mai multe &gt;<\/a><\/div>\n<\/div>\n<\/div>\n<p>[\/vc_column_text][\/vc_column][vc_column width=&#8221;1\/6&#8243;][\/vc_column][\/vc_row][vc_row offset_top=&#8221;180&#8243; class=&#8221;sectiunea2&#8243;][vc_column width=&#8221;1\/6&#8243;][\/vc_column][vc_column width=&#8221;2\/3&#8243;]<h2 class=\"block-title text-dark text-center\">Power Platform<small class=\"h2\">Quick Start Guide<\/small><\/h2><hr class=\"hr-solid hr-custom\" style=\"border-top-color: #e32636; border-top-width: 2px; opacity: 1;\">[\/vc_column][vc_column width=&#8221;1\/6&#8243;][\/vc_column][\/vc_row][vc_row offset_top=&#8221;180&#8243; class=&#8221;icoane-echipa sol-crm&#8221;][vc_column width=&#8221;1\/2&#8243; class=&#8221;vidstanga&#8221;][vc_video link=&#8221;https:\/\/www.youtube.com\/watch?v=p3B4JRexdRM&#8221; el_width=&#8221;10&#8243; align=&#8221;center&#8221;][\/vc_column][vc_column width=&#8221;1\/4&#8243; class=&#8221;viddreapta&#8221;][vc_video link=&#8221;https:\/\/www.youtube.com\/watch?v=OwOWDXteakM&#8221;][vc_video link=&#8221;https:\/\/www.youtube.com\/watch?v=yKTSLffVGbk&#8221; el_width=&#8221;10&#8243;][\/vc_column][vc_column width=&#8221;1\/4&#8243; class=&#8221;viddreapta&#8221;][vc_video link=&#8221;https:\/\/www.youtube.com\/watch?v=CdXBL7CfwVE&#8221; el_width=&#8221;10&#8243;][vc_video link=&#8221;https:\/\/www.youtube.com\/watch?v=J5i7h4Uzju4&#8243; el_width=&#8221;10&#8243;][\/vc_column][\/vc_row][vc_row offset_top=&#8221;180&#8243; class=&#8221;sectiunea2&#8243;][vc_column width=&#8221;1\/6&#8243;][\/vc_column][vc_column width=&#8221;2\/3&#8243;]<h2 class=\"block-title text-dark text-center\">Ce facem noi?<\/h2><hr class=\"hr-solid hr-custom\" style=\"border-top-color: #e32636; border-top-width: 2px; opacity: 1;\">[\/vc_column][vc_column width=&#8221;1\/6&#8243;][\/vc_column][\/vc_row][vc_row offset_top=&#8221;180&#8243; class=&#8221;icoane-echipa sol-crm&#8221;][vc_column width=&#8221;1\/3&#8243;]<div class=\"icon-box icon-box-vertical icon-box-dark icon-box-type-image bg-no text-left\">\n\n\t<div class=\"icon-box-icon\"><img decoding=\"async\" src=\"https:\/\/linksoft.ro\/staging\/wp-content\/uploads\/2021\/08\/Lern-Build-Customize.svg\" class=\"attachment-full size-full\" alt=\"\" \/><\/div><h3 class=\"icon-box-title\">Training \u0219i customizare<\/h3>\t\t<div class=\"icon-box-description\">\n\t\t\t<p>Oferim instruirea necesar\u0103 pentru ca echipa dumneavoastr\u0103 s\u0103 reu\u0219easc\u0103 s\u0103 \u00ee\u0219i construiasc\u0103 propriile aplica\u021bii utiliz\u00e2nd Microsoft Power Platform. V\u0103 ajut\u0103m s\u0103 face\u021bi primii pa\u0219i \u0219i v\u0103 ghid\u0103m \u00een procesul de dezvoltare a unei aplica\u021bii.<\/p>\n\t\t<\/div>\n\t<\/div>[\/vc_column][vc_column width=&#8221;1\/3&#8243;]<div class=\"icon-box icon-box-vertical icon-box-dark icon-box-type-image bg-no text-left\">\n\n\t<div class=\"icon-box-icon\"><img decoding=\"async\" src=\"https:\/\/linksoft.ro\/staging\/wp-content\/uploads\/2021\/08\/Prebuild-Apps.svg\" class=\"attachment-full size-full\" alt=\"\" \/><\/div><h3 class=\"icon-box-title\">Aplica\u021bii preconstruite<\/h3>\t\t<div class=\"icon-box-description\">\n\t\t\t<p>Alege\u021bi dintr-un portofoliu de aplica\u021bii pre-construite pe care le-am dezvoltat de-a lungul timpului pentru a \u00eembun\u0103t\u0103\u021bi productivitatea pentru noi sau clien\u021bii no\u0219tri. Aplica\u021biile preconstruite au perioade scurte de implementare, astfel \u00eenc\u00e2t s\u0103 pute\u021bi \u00eencepe s\u0103 v\u0103 bucura\u021bi imediat de beneficii.<\/p>\n\t\t<\/div>\n\t<\/div>[\/vc_column][vc_column width=&#8221;1\/3&#8243;]<div class=\"icon-box icon-box-vertical icon-box-dark icon-box-type-image bg-no text-left\">\n\n\t<div class=\"icon-box-icon\"><img decoding=\"async\" src=\"https:\/\/linksoft.ro\/staging\/wp-content\/uploads\/2021\/08\/Custom-Development.svg\" class=\"attachment-full size-full\" alt=\"\" \/><\/div><h3 class=\"icon-box-title\">Aplica\u021bii custom<\/h3>\t\t<div class=\"icon-box-description\">\n\t\t\t<p>Dezvolt\u0103m aplica\u021bii personalizate, adaptate nevoilor specifice ale organiza\u021biei dumneavoastr\u0103. \u0219i construite \u00een principal folosind Power Apps \u0219i Flow, astfel \u00eenc\u00e2t s\u0103 pute\u021bi avea control complet asupra func\u021bionalita\u021bilor, actualiz\u0103rilor ulterioare sau dezvoltarilor suplimentare ale aplica\u021biei.<\/p>\n\t\t<\/div>\n\t<\/div>[\/vc_column][\/vc_row][vc_row offset_top=&#8221;180&#8243; class=&#8221;sectiunea2&#8243;][vc_column width=&#8221;1\/6&#8243;][\/vc_column][vc_column width=&#8221;2\/3&#8243;]<h2 class=\"block-title text-dark text-center\">Dori\u021bi s\u0103 afla\u021bi mai multe?<\/h2><hr class=\"hr-solid hr-custom\" style=\"border-top-color: #e32636; border-top-width: 2px; opacity: 1;\">[\/vc_column][vc_column width=&#8221;1\/6&#8243;][\/vc_column][\/vc_row][vc_row offset_top=&#8221;180&#8243; class=&#8221;container-blog&#8221;][vc_column][vc_column_text][searchandfilter id=&#8221;6657&#8243;]<br \/>\n[searchandfilter id=&#8221;6657&#8243; show=&#8221;results&#8221;][\/vc_column_text][\/vc_column][\/vc_row][vc_row offset_top=&#8221;180&#8243; class=&#8221;sectiunea2&#8243;][vc_column width=&#8221;1\/6&#8243;][\/vc_column][vc_column width=&#8221;2\/3&#8243;]<h2 class=\"block-title text-dark text-center titlu-ti\">Contacteaz\u0103-ne acum<small class=\"h2\">las\u0103-ne un mesaj \u0219i unul din consultan\u021bii no\u0219tri te va contacta \u00een mai pu\u021bin de 24 de ore<\/small><\/h2><hr class=\"hr-solid hr-custom\" style=\"border-top-color: #e32636; border-top-width: 2px; opacity: 1;\">[\/vc_column][vc_column width=&#8221;1\/6&#8243;][\/vc_column][\/vc_row][vc_row][vc_column width=&#8221;1\/6&#8243;][\/vc_column][vc_column width=&#8221;2\/3&#8243;][wpforms id=&#8221;7196&#8243; title=&#8221;false&#8221; description=&#8221;false&#8221;][\/vc_column][vc_column width=&#8221;1\/6&#8243;][\/vc_column][\/vc_row][vc_row][vc_column][vc_raw_js]JTNDc2NyaXB0JTIwc3JjJTNEJTIyaHR0cHMlM0ElMkYlMkZhamF4Lmdvb2dsZWFwaXMuY29tJTJGYWpheCUyRmxpYnMlMkZqcXVlcnklMkYyLjEuMSUyRmpxdWVyeS5taW4uanMlMjIlM0UlM0MlMkZzY3JpcHQlM0UlMEElM0NzY3JpcHQlMjB0eXBlJTNEJTIydGV4dCUyRmphdmFzY3JpcHQlMjIlM0UlMjAlMEElMjQlMjhkb2N1bWVudCUyOS5yZWFkeSUyOGZ1bmN0aW9uJTI4JTI5JTIwJTdCJTBBJTI0JTI4JTIyJTIzYXV0b21hdGUlMjIlMjkuaGlkZSUyOCUyOSUzQiUwQSUyNCUyOCUyMiUyM2JpJTIyJTI5LmhpZGUlMjglMjklM0IlMEElMjQlMjglMjIlMjN2aXJ0dWFsJTIyJTI5LmhpZGUlMjglMjklM0IlMEElMjAlMjAlMjAlMjAlMjQlMjglMjcucG93ZXIlMjclMjkuY2xpY2slMjhmdW5jdGlvbiUyOCUyOSUyMCU3QiUwQSUyMCUyMCUyMCUyMCUyNCUyOCUyNyUyM3Bvd2VyJTI3JTI5LnNsaWRlVG9nZ2xlJTI4JTIyZmFzdCUyMiUyOSUzQiUwQSUwOSUyNCUyOCUyMiUyM2F1dG9tYXRlJTIyJTI5LmhpZGUlMjglMjklM0IlMEElMDklMjQlMjglMjIlMjNiaSUyMiUyOS5oaWRlJTI4JTI5JTNCJTBBJTA5JTI0JTI4JTIyJTIzdmlydHVhbCUyMiUyOS5oaWRlJTI4JTI5JTNCJTBBJTIwJTIwJTIwJTIwJTI0JTI4JTI3aHRtbCUyQyUyMGJvZHklMjclMjkuYW5pbWF0ZSUyOCU3QiUwQSUyMCUyMCUyMCUyMCUyMHNjcm9sbFRvcCUzQSUyMCUyNCUyOCUyNyUyM3Bvd2VyJTI3JTI5Lm9mZnNldCUyOCUyOS50b3AtMSUwQSUyMCUyMCUyMCUyMCUyMCU3RCUyQyUyMDEwMDAlMjklM0IlMEElMjAlMjAlMjAlMjAlMjAlN0QlMjklM0IlMEElMDklMjAlMEElMDklMjAlMEElMjAlMjAlMjAlMjAlMjQlMjglMjcuYXV0b21hdGUlMjclMjkuY2xpY2slMjhmdW5jdGlvbiUyOCUyOSUyMCU3QiUwQSUyMCUyMCUyMCUyMCUyNCUyOCUyNyUyM2F1dG9tYXRlJTI3JTI5LnNsaWRlVG9nZ2xlJTI4JTIyZmFzdCUyMiUyOSUzQiUwQSUyMCUyMCUyMCUyMCUyNCUyOCUyMiUyM3Bvd2VyJTIyJTI5LmhpZGUlMjglMjklM0IlMEElMjAlMjAlMjAlMjAlMjQlMjglMjIlMjNiaSUyMiUyOS5oaWRlJTI4JTI5JTNCJTBBJTA5JTI0JTI4JTIyJTIzdmlydHVhbCUyMiUyOS5oaWRlJTI4JTI5JTNCJTBBJTIwJTIwJTIwJTIwJTI0JTI4JTI3aHRtbCUyQyUyMGJvZHklMjclMjkuYW5pbWF0ZSUyOCU3QiUwQSUyMCUyMCUyMCUyMCUyMHNjcm9sbFRvcCUzQSUyMCUyNCUyOCUyNyUyM3Bvd2VyJTI3JTI5Lm9mZnNldCUyOCUyOS50b3AtMSUwQSUyMCUyMCUyMCUyMCUyMCU3RCUyQyUyMDEwMDAlMjklM0IlMEElMjAlMjAlMjAlMjAlMjAlN0QlMjklM0IlMEElMDklMjAlMEElMDklMjAlMEElMDklMjAlMjQlMjglMjcuYmklMjclMjkuY2xpY2slMjhmdW5jdGlvbiUyOCUyOSUyMCU3QiUwQSUyMCUyMCUyMCUyMCUyNCUyOCUyNyUyM2JpJTI3JTI5LnNsaWRlVG9nZ2xlJTI4JTIyZmFzdCUyMiUyOSUzQiUwQSUwOSUyNCUyOCUyMiUyM3Bvd2VyJTIyJTI5LmhpZGUlMjglMjklM0IlMEElMjAlMjAlMjAlMjAlMjQlMjglMjIlMjNhdXRvbWF0ZSUyMiUyOS5oaWRlJTI4JTI5JTNCJTBBJTA5JTI0JTI4JTIyJTIzdmlydHVhbCUyMiUyOS5oaWRlJTI4JTI5JTNCJTBBJTIwJTIwJTIwJTIwJTI0JTI4JTI3aHRtbCUyQyUyMGJvZHklMjclMjkuYW5pbWF0ZSUyOCU3QiUwQSUyMCUyMCUyMCUyMCUyMHNjcm9sbFRvcCUzQSUyMCUyNCUyOCUyNyUyM3Bvd2VyJTI3JTI5Lm9mZnNldCUyOCUyOS50b3AtMSUwQSUyMCUyMCUyMCUyMCUyMCU3RCUyQyUyMDEwMDAlMjklM0IlMEElMjAlMjAlMjAlMjAlMjAlN0QlMjklM0IlMEElMDklMjAlMEElMDklMDklMjAlMjQlMjglMjcudmlydHVhbCUyNyUyOS5jbGljayUyOGZ1bmN0aW9uJTI4JTI5JTIwJTdCJTBBJTIwJTIwJTIwJTIwJTI0JTI4JTI3JTIzdmlydHVhbCUyNyUyOS5zbGlkZVRvZ2dsZSUyOCUyMmZhc3QlMjIlMjklM0IlMEElMDklMjQlMjglMjIlMjNwb3dlciUyMiUyOS5oaWRlJTI4JTI5JTNCJTBBJTIwJTIwJTIwJTIwJTI0JTI4JTIyJTIzYXV0b21hdGUlMjIlMjkuaGlkZSUyOCUyOSUzQiUwQSUwOSUyNCUyOCUyMiUyM2JpJTIyJTI5LmhpZGUlMjglMjklM0IlMEElMjAlMjAlMjAlMjAlMjQlMjglMjdodG1sJTJDJTIwYm9keSUyNyUyOS5hbmltYXRlJTI4JTdCJTBBJTIwJTIwJTIwJTIwJTIwc2Nyb2xsVG9wJTNBJTIwJTI0JTI4JTI3JTIzcG93ZXIlMjclMjkub2Zmc2V0JTI4JTI5LnRvcC0xJTBBJTIwJTIwJTIwJTIwJTIwJTdEJTJDJTIwMTAwMCUyOSUzQiUwQSUyMCUyMCUyMCUyMCUyMCU3RCUyOSUzQiUyMCUwQSUwOSUwQSU3RCUyOSUzQiUwQSUzQyUyRnNjcmlwdCUzRQ==[\/vc_raw_js][\/vc_column][\/vc_row]<\/p>\n<\/div>","protected":false},"excerpt":{"rendered":"<p class=\"post-excerpt\">[vc_row offset_top=&#8221;180&#8243; is_overlay=&#8221;enable&#8221; overlay_opacity=&#8221;65&#8243; overlay_color=&#8221;#192435&#8243; class=&#8221;hitb&#8221; css=&#8221;.vc_custom_1626715023730{background-image: url(https:\/\/linksoft.ro\/staging\/wp-content\/uploads\/2021\/07\/Asset-1.png?id=7995) !important;}&#8221;][vc_column][vc_column_text class=&#8221;titlu-pagina&#8221;] Power Platform Conecta\u021bi-v\u0103 aplica\u021biile cu Dynamics 365 \u0219i Azure \u0219i construi\u021bi solu\u021bii de business puternice \u0219i scalabile.[\/vc_column_text][\/vc_column][\/vc_row][vc_row offset_top=&#8221;180&#8243; class=&#8221;partenerul&#8221;][vc_column width=&#8221;1\/12&#8243;][\/vc_column][vc_column width=&#8221;5\/6&#8243;][vc_column_text] Microsoft Power Platform este un set de instrumente concepute pentru a v\u0103 ajuta afacerea s\u0103 evolueze mai rapid \u0219i&#8230;\n<\/p>","protected":false},"author":13,"featured_media":0,"parent":0,"menu_order":0,"comment_status":"closed","ping_status":"closed","template":"","meta":{"footnotes":""},"class_list":["post-8211","page","type-page","status-publish","hentry"],"_links":{"self":[{"href":"https:\/\/linksoft.ro\/staging\/wp-json\/wp\/v2\/pages\/8211","targetHints":{"allow":["GET"]}}],"collection":[{"href":"https:\/\/linksoft.ro\/staging\/wp-json\/wp\/v2\/pages"}],"about":[{"href":"https:\/\/linksoft.ro\/staging\/wp-json\/wp\/v2\/types\/page"}],"author":[{"embeddable":true,"href":"https:\/\/linksoft.ro\/staging\/wp-json\/wp\/v2\/users\/13"}],"replies":[{"embeddable":true,"href":"https:\/\/linksoft.ro\/staging\/wp-json\/wp\/v2\/comments?post=8211"}],"version-history":[{"count":3,"href":"https:\/\/linksoft.ro\/staging\/wp-json\/wp\/v2\/pages\/8211\/revisions"}],"predecessor-version":[{"id":9709,"href":"https:\/\/linksoft.ro\/staging\/wp-json\/wp\/v2\/pages\/8211\/revisions\/9709"}],"wp:attachment":[{"href":"https:\/\/linksoft.ro\/staging\/wp-json\/wp\/v2\/media?parent=8211"}],"curies":[{"name":"wp","href":"https:\/\/api.w.org\/{rel}","templated":true}]}}