{"id":9133,"date":"2023-09-18T16:42:20","date_gmt":"2023-09-18T16:42:20","guid":{"rendered":"https:\/\/linksoft.ro\/staging\/staging\/?page_id=9133"},"modified":"2023-09-20T07:20:15","modified_gmt":"2023-09-20T07:20:15","slug":"management-financiar","status":"publish","type":"page","link":"https:\/\/linksoft.ro\/staging\/dynamics-365-finance-and-operations-erp\/management-financiar\/","title":{"rendered":"Management financiar"},"content":{"rendered":"<div class=\"wpb-content-wrapper\"><p>[vc_row offset_top=&#8221;180&#8243; is_overlay=&#8221;enable&#8221; overlay_opacity=&#8221;65&#8243; overlay_color=&#8221;#192435&#8243; css=&#8221;.vc_custom_1695194414649{background-image: url(https:\/\/linksoft.ro\/staging\/wp-content\/uploads\/2023\/09\/Financial-operations.jpg?id=9392) !important;}&#8221; class=&#8221;hitb&#8221;][vc_column][vc_column_text class=&#8221;titlu-pagina&#8221;]<\/p>\n<h1><strong>Financial Management<\/strong><\/h1>\n<p>Rentabilitatea \u0219i succesul pe termen lung al unei organiza\u021bii se bazeaz\u0103 pe gestionarea<\/p>\n<p>financiar\u0103 corect\u0103, un rol vital \u00een asigurarea stabilit\u0103\u021bii financiare.[\/vc_column_text]<div class=\"text-left\"><a href=\"\/contact\/\" title=\"Contact\" data-custom-color=\".btn-custom-7aab9f55 {background-color: #1e53a8;}\n.btn-custom-7aab9f55:hover {background-color: #163e7d;}\" class=\"btn btn-solid btn-rounded btn-custom btn-lg buton-titlu btn-custom-7aab9f55\">Contacteaz\u0103-ne<\/a><\/div>[\/vc_column][\/vc_row][vc_row offset_top=&#8221;180&#8243; class=&#8221;partenerul&#8221;][vc_column width=&#8221;1\/6&#8243;][\/vc_column][vc_column width=&#8221;2\/3&#8243;]<h2 class=\"block-title text-dark text-center\">Simplific\u0103 opera\u021biunile sistemului pentru a reduce nivelul de risc financiar<\/h2><hr class=\"hr-solid hr-custom\" style=\"border-top-color: #e32636; border-top-width: 2px; opacity: 1;\">[vc_column_text]<\/p>\n<p style=\"text-align: center;\">Atunci c\u00e2nd companiile trec printr-o perioad\u0103 complicat\u0103 \u00een ceea ce prive\u0219te gestionarea finan\u021belor, noi suntem aici s\u0103 redefinim structurarea acestora prin suita noastr\u0103 complet\u0103 de solu\u021bii. Le oferim nu numai o cre\u0219tere a profitabilit\u0103\u021bii, dar suntem \u00eencrez\u0103tori c\u0103 putem contribui la \u00eembun\u0103t\u0103\u021birea proceselor de decizie din cadrul organiza\u021biei \u0219i s\u0103 efecut\u0103m o dezvoltare durabil\u0103.<\/p>\n<p style=\"text-align: center;\">\u00cen cazurile \u00een care companiile au o abordare tradi\u021bional\u0103 asupra procedurilor financiare, intervenim datorit\u0103 sistemelor noastre de gestionare financiar\u0103 prin automatizarea \u0219i eficientizarea proceselor, care vor servi la economisirea radical\u0103 a timpului \u0219i efortului.<\/p>\n<p>[\/vc_column_text][\/vc_column][vc_column width=&#8221;1\/6&#8243;][\/vc_column][\/vc_row][vc_row offset_top=&#8221;180&#8243; class=&#8221;tech-imgtext2&#8243; css=&#8221;.vc_custom_1695056182328{padding-top: 25px !important;}&#8221;][vc_column width=&#8221;1\/2&#8243; class=&#8221;benef&#8221;][vc_column_text animation=&#8221;fade-right&#8221;]<strong>De ce spunem asta?<\/strong><\/p>\n<p>Dispunem de o platform\u0103 cu o interfa\u021b\u0103 prietenoas\u0103, care ac\u021bioneaz\u0103 \u00een favoarea voastr\u0103 prin simplificarea opera\u021biunilor dificile, astfel v\u0103 permite vou\u0103 s\u0103 lua\u021bi \u00een calcul numai eforturile strategice precum administrarea registrelor generale \u0219i a conturilor de plat\u0103 sau \u00eencasare p\u00e2n\u0103 la bugetare \u0219i raportare financiar\u0103.<\/p>\n<p>Parteneriatul cu Linksoft v\u0103 poate deschide noi modalit\u0103\u021bi de a valorifica vizibilitatea \u00een timp real a performan\u021bei financiare cu care puteti s\u0103 lua\u021bi decizii informate. Nu numai at\u00e2t, dar modulul de Financial Management ofer\u0103 o \u00een\u021belegere profund\u0103 a structurilor financiare, care poate fi accesat\u0103 prin analizele elaborate, panourilor de bord scalabile \u0219i a indicatorilor cheie de performan\u021b\u0103. Mai mult dec\u00e2t at\u00e2t, po\u021bi reduce nivelul de risc financiar prin identificarea rapid\u0103 a tendin\u021belor sau amenin\u021b\u0103rilor, ca pe urm\u0103 s\u0103 po\u021bi ac\u021biona prompt asupra lor.<\/p>\n<p>Securitatea \u0219i siguran\u021ba companiei joac\u0103 un rol important atunci c\u00e2nd se iau \u00een vedere problemele financiare, motiv pentru care includem controale financiare stabile, procese de audit \u0219i m\u0103suri de securitate a datelor. Pute\u021bi dep\u0103\u0219i \u00een orice moment aceste complica\u021bii \u0219i s\u0103 v\u0103 proteja\u021bi integritatea financiar\u0103 cu procedurile noastre.[\/vc_column_text][\/vc_column][vc_column width=&#8221;1\/2&#8243;][vc_single_image animation=&#8221;fade-left&#8221; image=&#8221;9138&#8243;][\/vc_column][\/vc_row][vc_row offset_top=&#8221;18&#8243; class=&#8221;benef&#8221; css=&#8221;.vc_custom_1695056109241{padding-top: 25px !important;}&#8221;][vc_column][vc_column_text animation=&#8221;fade-right&#8221;]<\/p>\n<h3><strong>Beneficii: <\/strong><\/h3>\n<p>Faciliteaz\u0103 modul de procesare a finan\u021belor, reduce efortul manual \u0219i optimizeaz\u0103 procedurile opera\u021bionale.<\/p>\n<p>Crearea de oportunit\u0103\u021bi decizionale privind alocarea resurselor, de investi\u021bii \u0219i ini\u021biative strategice<\/p>\n<p>Monitorizare \u0219i verificare solid\u0103 asupra proceselor financiare, procese de audit \u0219i securitate strict\u0103 a datelor.[\/vc_column_text][\/vc_column][\/vc_row][vc_row offset_top=&#8221;180&#8243; class=&#8221;sectiunea2&#8243;][vc_column width=&#8221;1\/6&#8243;][\/vc_column][vc_column width=&#8221;2\/3&#8243;]<h2 class=\"block-title text-dark text-center\">Func\u021bioneaz\u0103 excelent cu<\/h2><hr class=\"hr-solid hr-custom\" style=\"border-top-color: #e32636; border-top-width: 2px; opacity: 1;\">[\/vc_column][vc_column width=&#8221;1\/6&#8243;][\/vc_column][\/vc_row][vc_row offset_top=&#8221;180&#8243; class=&#8221;icoane-echipa&#8221;][vc_column width=&#8221;1\/3&#8243;]<div class=\"icon-box icon-box-vertical icon-box-dark icon-box-type-image bg-no text-left\">\n\n\t<div class=\"icon-box-icon\"><img loading=\"lazy\" decoding=\"async\" width=\"512\" height=\"512\" src=\"https:\/\/linksoft.ro\/staging\/wp-content\/uploads\/2023\/09\/commert-icon.png\" class=\"attachment-full size-full\" alt=\"\" srcset=\"https:\/\/linksoft.ro\/staging\/wp-content\/uploads\/2023\/09\/commert-icon.png 512w, https:\/\/linksoft.ro\/staging\/wp-content\/uploads\/2023\/09\/commert-icon-150x150.png 150w, https:\/\/linksoft.ro\/staging\/wp-content\/uploads\/2023\/09\/commert-icon-300x300.png 300w, https:\/\/linksoft.ro\/staging\/wp-content\/uploads\/2023\/09\/commert-icon-170x170.png 170w, https:\/\/linksoft.ro\/staging\/wp-content\/uploads\/2023\/09\/commert-icon-400x400.png 400w\" sizes=\"auto, (max-width: 512px) 100vw, 512px\" \/><\/div><h3 class=\"icon-box-title\">Comer\u021b<\/h3>\t\t<div class=\"icon-box-description\">\n\t\t\t<p>Satisface-\u021bi nevoile de cump\u0103rare \u0219i de inventar prin implementarea tuturor aplica\u021biilor fundamentale de business.<\/p>\n<a href=\"https:\/\/linksoft.ro\/dynamics-365-finance-and-operations\/comert\/\" title=\"Comer\u0163\" class=\"btn btn-ghost btn-rounded btn-default\">Afl\u0103 mai multe<\/a>\t\t<\/div>\n\t<\/div>[\/vc_column][vc_column width=&#8221;1\/3&#8243;][\/vc_column][vc_column width=&#8221;1\/3&#8243;]<div class=\"icon-box icon-box-vertical icon-box-dark icon-box-type-image bg-no text-center\">\n\n\t<div class=\"icon-box-icon\"><img loading=\"lazy\" decoding=\"async\" width=\"512\" height=\"512\" src=\"https:\/\/linksoft.ro\/staging\/wp-content\/uploads\/2023\/09\/Supply-Chain-Management.png\" class=\"attachment-full size-full\" alt=\"\" srcset=\"https:\/\/linksoft.ro\/staging\/wp-content\/uploads\/2023\/09\/Supply-Chain-Management.png 512w, https:\/\/linksoft.ro\/staging\/wp-content\/uploads\/2023\/09\/Supply-Chain-Management-150x150.png 150w, https:\/\/linksoft.ro\/staging\/wp-content\/uploads\/2023\/09\/Supply-Chain-Management-300x300.png 300w, https:\/\/linksoft.ro\/staging\/wp-content\/uploads\/2023\/09\/Supply-Chain-Management-170x170.png 170w, https:\/\/linksoft.ro\/staging\/wp-content\/uploads\/2023\/09\/Supply-Chain-Management-400x400.png 400w\" sizes=\"auto, (max-width: 512px) 100vw, 512px\" \/><\/div><h3 class=\"icon-box-title\">Managementul aprovizion\u0103rii<\/h3>\t\t<div class=\"icon-box-description\">\n\t\t\t<p>Companiile au nevoie de solu\u021bii durabile pentru a opera c\u00e2t mai eficient, astfel \u00ee\u0219i pot \u00eembun\u0103t\u0103\u021bi vizibilitatea \u0219i lan\u021burile de aprovizionare la un nivel ridicat.<\/p>\n<a href=\"https:\/\/linksoft.ro\/dynamics-365-finance-and-operations\/managementul-aprovizionarii\/\" title=\"Managementul aprovizion\u0103rii\" class=\"btn btn-ghost btn-rounded btn-default\">Afl\u0103 mai multe<\/a>\t\t<\/div>\n\t<\/div>[\/vc_column][\/vc_row][vc_row offset_top=&#8221;180&#8243; class=&#8221;sectiunea2&#8243;][vc_column width=&#8221;1\/6&#8243;][\/vc_column][vc_column width=&#8221;2\/3&#8243;]<h2 class=\"block-title text-dark text-center titlu-ti\">Contacteaz\u0103-ne acum<small class=\"h2\">las\u0103-ne un mesaj \u0219i unul din consultan\u021bii no\u0219tri te va contacta \u00een mai pu\u021bin de 24 de ore<\/small><\/h2><hr class=\"hr-solid hr-custom\" style=\"border-top-color: #e32636; border-top-width: 2px; opacity: 1;\">[\/vc_column][vc_column width=&#8221;1\/6&#8243;][\/vc_column][\/vc_row][vc_row offset_top=&#8221;180&#8243; css=&#8221;.vc_custom_1614886909463{padding-bottom: 25px !important;}&#8221;][vc_column width=&#8221;1\/6&#8243;][\/vc_column][vc_column width=&#8221;2\/3&#8243;][wpforms id=&#8221;7196&#8243; title=&#8221;false&#8221; description=&#8221;false&#8221;][\/vc_column][vc_column width=&#8221;1\/6&#8243;][\/vc_column][\/vc_row]<\/p>\n<\/div>","protected":false},"excerpt":{"rendered":"<p class=\"post-excerpt\">[vc_row offset_top=&#8221;180&#8243; is_overlay=&#8221;enable&#8221; overlay_opacity=&#8221;65&#8243; overlay_color=&#8221;#192435&#8243; css=&#8221;.vc_custom_1695194414649{background-image: url(https:\/\/linksoft.ro\/staging\/wp-content\/uploads\/2023\/09\/Financial-operations.jpg?id=9392) !important;}&#8221; class=&#8221;hitb&#8221;][vc_column][vc_column_text class=&#8221;titlu-pagina&#8221;] Financial Management Rentabilitatea \u0219i succesul pe termen lung al unei organiza\u021bii se bazeaz\u0103 pe gestionarea financiar\u0103 corect\u0103, un rol vital \u00een asigurarea stabilit\u0103\u021bii financiare.[\/vc_column_text][\/vc_column][\/vc_row][vc_row offset_top=&#8221;180&#8243; class=&#8221;partenerul&#8221;][vc_column width=&#8221;1\/6&#8243;][\/vc_column][vc_column width=&#8221;2\/3&#8243;][vc_column_text] Atunci c\u00e2nd companiile trec printr-o perioad\u0103 complicat\u0103 \u00een ceea ce prive\u0219te gestionarea&#8230;\n<\/p>","protected":false},"author":13,"featured_media":0,"parent":9282,"menu_order":0,"comment_status":"closed","ping_status":"closed","template":"","meta":{"footnotes":""},"class_list":["post-9133","page","type-page","status-publish","hentry"],"_links":{"self":[{"href":"https:\/\/linksoft.ro\/staging\/wp-json\/wp\/v2\/pages\/9133","targetHints":{"allow":["GET"]}}],"collection":[{"href":"https:\/\/linksoft.ro\/staging\/wp-json\/wp\/v2\/pages"}],"about":[{"href":"https:\/\/linksoft.ro\/staging\/wp-json\/wp\/v2\/types\/page"}],"author":[{"embeddable":true,"href":"https:\/\/linksoft.ro\/staging\/wp-json\/wp\/v2\/users\/13"}],"replies":[{"embeddable":true,"href":"https:\/\/linksoft.ro\/staging\/wp-json\/wp\/v2\/comments?post=9133"}],"version-history":[{"count":36,"href":"https:\/\/linksoft.ro\/staging\/wp-json\/wp\/v2\/pages\/9133\/revisions"}],"predecessor-version":[{"id":9395,"href":"https:\/\/linksoft.ro\/staging\/wp-json\/wp\/v2\/pages\/9133\/revisions\/9395"}],"up":[{"embeddable":true,"href":"https:\/\/linksoft.ro\/staging\/wp-json\/wp\/v2\/pages\/9282"}],"wp:attachment":[{"href":"https:\/\/linksoft.ro\/staging\/wp-json\/wp\/v2\/media?parent=9133"}],"curies":[{"name":"wp","href":"https:\/\/api.w.org\/{rel}","templated":true}]}}