{"id":9174,"date":"2023-09-18T17:28:17","date_gmt":"2023-09-18T17:28:17","guid":{"rendered":"https:\/\/linksoft.ro\/staging\/staging\/?page_id=9174"},"modified":"2023-09-20T07:42:59","modified_gmt":"2023-09-20T07:42:59","slug":"management-de-proiect","status":"publish","type":"page","link":"https:\/\/linksoft.ro\/staging\/dynamics-365-finance-and-operations-erp\/management-de-proiect\/","title":{"rendered":"Management de proiect"},"content":{"rendered":"<div class=\"wpb-content-wrapper\"><p>[vc_row offset_top=&#8221;180&#8243; is_overlay=&#8221;enable&#8221; overlay_opacity=&#8221;65&#8243; overlay_color=&#8221;#192435&#8243; class=&#8221;hitb mainbc&#8221; css=&#8221;.vc_custom_1695195356883{background-color: #000000 !important;}&#8221;][vc_column width=&#8221;2\/3&#8243;][vc_column_text class=&#8221;titlu-pagina&#8221;]<\/p>\n<h1>Management de proiect<\/h1>\n<p>Proiectele companiilor difer\u0103 \u00een mare parte \u00een func\u021bie de obiective, ciclul<br \/>\nde via\u021b\u0103 sau audien\u021ba asupra c\u0103rora se vor consolida structurile proiectelor.<br \/>\nAceast\u0103 platform\u0103 ofer\u0103 o perspectiv\u0103 cuprinz\u0103toare asupra proiectelor \u0219i<br \/>\npermite ca obiectivele s\u0103 fie finalizate eficient.[\/vc_column_text]<div class=\"text-left\"><a href=\"\/contact\/\" title=\"Contact\" data-custom-color=\".btn-custom-d6137309 {background-color: #1e53a8;}\n.btn-custom-d6137309:hover {background-color: #163e7d;}\" class=\"btn btn-solid btn-rounded btn-custom btn-lg buton-titlu btn-custom-d6137309\">Contacteaza-ne<\/a><\/div>[\/vc_column][vc_column width=&#8221;1\/3&#8243;][vc_icon type=&#8221;image&#8221; size=&#8221;150&#8243; alignment=&#8221;center&#8221; animation=&#8221;fade-left&#8221; image=&#8221;9387&#8243;][\/vc_column][\/vc_row][vc_row offset_top=&#8221;180&#8243; class=&#8221;partenerul&#8221;][vc_column width=&#8221;1\/6&#8243;][\/vc_column][vc_column width=&#8221;2\/3&#8243;]<h2 class=\"block-title text-dark text-center\">Livreaz\u0103 \u0219i garanteaz\u0103 succesul proiectelor tale cu orice client<\/h2><hr class=\"hr-solid hr-custom\" style=\"border-top-color: #e32636; border-top-width: 2px; opacity: 1;\">[vc_column_text]<\/p>\n<p style=\"text-align: center;\">Perioada de dezvoltare a unui proiect r\u0103m\u00e2ne un element important \u00een cadrul oric\u0103rei organiza\u021bii, fiindc\u0103 se stabilesc sarcini, instrumente, termene realiste pentru proiect, iar \u00een func\u021bie de acestea se pot aloca resurse care s\u0103 faciliteze func\u021bionalitatea proiectului f\u0103r\u0103 probleme. Func\u021bionalit\u0103\u021bile \u00eencorporate \u00een sistem pot s\u0103 v\u0103 ajute s\u0103 dezvolta\u021bi \u0219i s\u0103 garanta\u021bi finalizarea la timp a livrabilelor proiectului.<\/p>\n<p>[\/vc_column_text][\/vc_column][vc_column width=&#8221;1\/6&#8243;][\/vc_column][\/vc_row][vc_row offset_top=&#8221;180&#8243; class=&#8221;tech-imgtext2&#8243; css=&#8221;.vc_custom_1695056182328{padding-top: 25px !important;}&#8221;][vc_column width=&#8221;1\/2&#8243; class=&#8221;benef&#8221;][vc_column_text animation=&#8221;fade-right&#8221;]Tot ce trebuie s\u0103 face\u021bi, pentru a evita suprasolicitarea membrilor importan\u021bi din cadrul unui proiect, este s\u0103 identifica\u021bi disponibilitatea resurselor. At\u00e2t timp c\u00e2t ve\u021bi cunoa\u0219te importan\u021ba fiec\u0103rui proiect, ve\u021bi reu\u0219i s\u0103 gestiona\u021bi resursele, s\u0103 cre\u0219te\u021bi productivitatea, s\u0103 sc\u0103de\u021bi \u0219ansele de blocaj \u0219i s\u0103 ridica\u021bi gradul de reu\u0219it\u0103 al proiectului.<\/p>\n<p>\u00cen func\u021bie de nevoile proiectului disponibilitatea financiar\u0103 poate fi o problem\u0103, dac\u0103 nu sunt luate \u00een calcul c\u00e2teva m\u0103suri de precau\u021bie. Motiv pentru care este eficient s\u0103 ave\u021bi un plan care s\u0103 v\u0103 ofere insight despre bugetele accesibile \u0219i costurile proiectelor. Continua\u021bi s\u0103 urm\u0103ri\u021bi cheltuielile incluse \u00een proiect, deoarece pot ap\u0103rea deficite de buget, iar singurul lucru eficient pe care \u00eel pute\u021bi face \u00een acel moment este s\u0103 gestiona\u021bi cu grij\u0103 modific\u0103rile cerute.<\/p>\n<p>Modulul include \u0219i func\u021bionalit\u0103\u021bi care v\u0103 permit s\u0103 vizualiza\u021bi \u00een timp real dep\u0103\u0219iri de costuri \u0219i cum pute\u021bi s\u0103 \u00eembun\u0103t\u0103\u021bi\u021bi profitul proiectului.<\/p>\n<p>Derularea unui proiect este mult mai avantajoas\u0103 \u00een momentele \u00een care comunicarea \u0219i coordonarea \u00eentre membri echipei sunt mai productive. Aceast\u0103 colaborare se resimte \u00een distribuirea de documente, partajarea informa\u021biilor \u0219i comunicarea \u00een timp real. Toate obiectivele proiectului sunt finalizate cu succes, iar participan\u021bii sunt la curent cu fiecare schimbare care are loc \u00een cadrul proiectului.[\/vc_column_text][\/vc_column][vc_column width=&#8221;1\/2&#8243;][vc_single_image animation=&#8221;fade-left&#8221; image=&#8221;9177&#8243;][\/vc_column][\/vc_row][vc_row offset_top=&#8221;18&#8243; class=&#8221;benef&#8221; css=&#8221;.vc_custom_1695056109241{padding-top: 25px !important;}&#8221;][vc_column][vc_column_text animation=&#8221;fade-right&#8221;]<\/p>\n<h3><strong>Beneficii: <\/strong><\/h3>\n<p>\u00cencepe un proiect f\u0103r\u0103 s\u0103 \u00ee\u021bi fie team\u0103 de costurile uria\u0219e. Cu modulul de proiecte po\u021bi monitoriza cheltuielile, identifica oportunit\u0103\u021bi de economisire a costurilor \u0219i s\u0103 maximizezi profitul acestuia.<\/p>\n<p>Ai la \u00eendem\u00e2n\u0103 instrumente care s\u0103 te ajute s\u0103 \u00ee\u021bi aloci resursele pentru proiectele potrivite \u0219i pe care le consideri o prioritate<\/p>\n<p>Po\u021bi s\u0103 identifici at\u00e2t riscuri, c\u00e2t \u0219i \u00eent\u00e2rzieri ale proiectului \u021bin\u00e2nd cont de reperele proiectului, care te ajut\u0103 s\u0103 monitorizezi tot progresul acestuia.[\/vc_column_text][\/vc_column][\/vc_row][vc_row offset_top=&#8221;180&#8243; class=&#8221;sectiunea2&#8243;][vc_column width=&#8221;1\/6&#8243;][\/vc_column][vc_column width=&#8221;2\/3&#8243;]<h2 class=\"block-title text-dark text-center\">Func\u021bioneaz\u0103 excelent cu<\/h2><hr class=\"hr-solid hr-custom\" style=\"border-top-color: #e32636; border-top-width: 2px; opacity: 1;\">[\/vc_column][vc_column width=&#8221;1\/6&#8243;][\/vc_column][\/vc_row][vc_row offset_top=&#8221;180&#8243; class=&#8221;icoane-echipa&#8221;][vc_column width=&#8221;1\/3&#8243;]<div class=\"icon-box icon-box-vertical icon-box-dark icon-box-type-image bg-no text-center\">\n\n\t<div class=\"icon-box-icon\"><img loading=\"lazy\" decoding=\"async\" width=\"512\" height=\"512\" src=\"https:\/\/linksoft.ro\/staging\/wp-content\/uploads\/2023\/09\/Supply-Chain-Management.png\" class=\"attachment-full size-full\" alt=\"\" srcset=\"https:\/\/linksoft.ro\/staging\/wp-content\/uploads\/2023\/09\/Supply-Chain-Management.png 512w, https:\/\/linksoft.ro\/staging\/wp-content\/uploads\/2023\/09\/Supply-Chain-Management-150x150.png 150w, https:\/\/linksoft.ro\/staging\/wp-content\/uploads\/2023\/09\/Supply-Chain-Management-300x300.png 300w, https:\/\/linksoft.ro\/staging\/wp-content\/uploads\/2023\/09\/Supply-Chain-Management-170x170.png 170w, https:\/\/linksoft.ro\/staging\/wp-content\/uploads\/2023\/09\/Supply-Chain-Management-400x400.png 400w\" sizes=\"auto, (max-width: 512px) 100vw, 512px\" \/><\/div><h3 class=\"icon-box-title\">Managementul aprovizion\u0103rii<\/h3>\t\t<div class=\"icon-box-description\">\n\t\t\t<p>Companiile au nevoie de solu\u021bii durabile pentru a opera c\u00e2t mai eficient, astfel \u00ee\u0219i pot \u00eembun\u0103t\u0103\u021bi vizibilitatea \u0219i lan\u021burile de aprovizionare la un nivel ridicat.<\/p>\n<a href=\"https:\/\/linksoft.ro\/dynamics-365-finance-and-operations\/managementul-aprovizionarii\/\" title=\"Managementul aprovizion\u0103rii\" class=\"btn btn-ghost btn-rounded btn-default\">Afl\u0103 mai multe<\/a>\t\t<\/div>\n\t<\/div>[\/vc_column][vc_column width=&#8221;1\/3&#8243;][\/vc_column][vc_column width=&#8221;1\/3&#8243;]<div class=\"icon-box icon-box-vertical icon-box-dark icon-box-type-image bg-no text-center\">\n\n\t<div class=\"icon-box-icon\"><img loading=\"lazy\" decoding=\"async\" width=\"512\" height=\"512\" src=\"https:\/\/linksoft.ro\/staging\/wp-content\/uploads\/2023\/09\/Human-Resources.png\" class=\"attachment-full size-full\" alt=\"\" srcset=\"https:\/\/linksoft.ro\/staging\/wp-content\/uploads\/2023\/09\/Human-Resources.png 512w, https:\/\/linksoft.ro\/staging\/wp-content\/uploads\/2023\/09\/Human-Resources-150x150.png 150w, https:\/\/linksoft.ro\/staging\/wp-content\/uploads\/2023\/09\/Human-Resources-300x300.png 300w, https:\/\/linksoft.ro\/staging\/wp-content\/uploads\/2023\/09\/Human-Resources-170x170.png 170w, https:\/\/linksoft.ro\/staging\/wp-content\/uploads\/2023\/09\/Human-Resources-400x400.png 400w\" sizes=\"auto, (max-width: 512px) 100vw, 512px\" \/><\/div><h3 class=\"icon-box-title\">Resurse umane<\/h3>\t\t<div class=\"icon-box-description\">\n\t\t\t<p>Asigur\u0103-te c\u0103 de\u021bii controlul asupra for\u021bei de munc\u0103! Construie\u0219te o echip\u0103 specializat\u0103 cu care s\u0103 poti ob\u021bine accesul la oamenii cu expertiz\u0103 \u0219i capabilit\u0103\u021bi pe placul t\u0103u.<\/p>\n<a href=\"https:\/\/linksoft.ro\/dynamics-365-finance-and-operations\/resurse-umane\/\" title=\"Resurse umane\" class=\"btn btn-ghost btn-rounded btn-default\">Afl\u0103 mai multe<\/a>\t\t<\/div>\n\t<\/div>[\/vc_column][\/vc_row][vc_row offset_top=&#8221;180&#8243; class=&#8221;sectiunea2&#8243;][vc_column width=&#8221;1\/6&#8243;][\/vc_column][vc_column width=&#8221;2\/3&#8243;]<h2 class=\"block-title text-dark text-center titlu-ti\">Contacteaz\u0103-ne acum<small class=\"h2\">las\u0103-ne un mesaj \u0219i unul din consultan\u021bii no\u0219tri te va contacta \u00een mai pu\u021bin de 24 de ore<\/small><\/h2><hr class=\"hr-solid hr-custom\" style=\"border-top-color: #e32636; border-top-width: 2px; opacity: 1;\">[\/vc_column][vc_column width=&#8221;1\/6&#8243;][\/vc_column][\/vc_row][vc_row offset_top=&#8221;180&#8243; css=&#8221;.vc_custom_1614886909463{padding-bottom: 25px !important;}&#8221;][vc_column width=&#8221;1\/6&#8243;][\/vc_column][vc_column width=&#8221;2\/3&#8243;][wpforms id=&#8221;7196&#8243; title=&#8221;false&#8221; description=&#8221;false&#8221;][\/vc_column][vc_column width=&#8221;1\/6&#8243;][\/vc_column][\/vc_row]<\/p>\n<\/div>","protected":false},"excerpt":{"rendered":"<p class=\"post-excerpt\">[vc_row offset_top=&#8221;180&#8243; is_overlay=&#8221;enable&#8221; overlay_opacity=&#8221;65&#8243; overlay_color=&#8221;#192435&#8243; class=&#8221;hitb mainbc&#8221; css=&#8221;.vc_custom_1695195356883{background-color: #000000 !important;}&#8221;][vc_column width=&#8221;2\/3&#8243;][vc_column_text class=&#8221;titlu-pagina&#8221;] Management de proiect Proiectele companiilor difer\u0103 \u00een mare parte \u00een func\u021bie de obiective, ciclul de via\u021b\u0103 sau audien\u021ba asupra c\u0103rora se vor consolida structurile proiectelor. Aceast\u0103 platform\u0103 ofer\u0103 o perspectiv\u0103 cuprinz\u0103toare asupra proiectelor \u0219i permite ca obiectivele s\u0103&#8230;\n<\/p>","protected":false},"author":13,"featured_media":0,"parent":9282,"menu_order":0,"comment_status":"closed","ping_status":"closed","template":"","meta":{"footnotes":""},"class_list":["post-9174","page","type-page","status-publish","hentry"],"_links":{"self":[{"href":"https:\/\/linksoft.ro\/staging\/wp-json\/wp\/v2\/pages\/9174","targetHints":{"allow":["GET"]}}],"collection":[{"href":"https:\/\/linksoft.ro\/staging\/wp-json\/wp\/v2\/pages"}],"about":[{"href":"https:\/\/linksoft.ro\/staging\/wp-json\/wp\/v2\/types\/page"}],"author":[{"embeddable":true,"href":"https:\/\/linksoft.ro\/staging\/wp-json\/wp\/v2\/users\/13"}],"replies":[{"embeddable":true,"href":"https:\/\/linksoft.ro\/staging\/wp-json\/wp\/v2\/comments?post=9174"}],"version-history":[{"count":8,"href":"https:\/\/linksoft.ro\/staging\/wp-json\/wp\/v2\/pages\/9174\/revisions"}],"predecessor-version":[{"id":9415,"href":"https:\/\/linksoft.ro\/staging\/wp-json\/wp\/v2\/pages\/9174\/revisions\/9415"}],"up":[{"embeddable":true,"href":"https:\/\/linksoft.ro\/staging\/wp-json\/wp\/v2\/pages\/9282"}],"wp:attachment":[{"href":"https:\/\/linksoft.ro\/staging\/wp-json\/wp\/v2\/media?parent=9174"}],"curies":[{"name":"wp","href":"https:\/\/api.w.org\/{rel}","templated":true}]}}