{"id":9179,"date":"2023-09-18T17:48:04","date_gmt":"2023-09-18T17:48:04","guid":{"rendered":"https:\/\/linksoft.ro\/staging\/staging\/?page_id=9179"},"modified":"2023-09-20T07:21:21","modified_gmt":"2023-09-20T07:21:21","slug":"vanzari-si-marketing","status":"publish","type":"page","link":"https:\/\/linksoft.ro\/staging\/dynamics-365-finance-and-operations-erp\/vanzari-si-marketing\/","title":{"rendered":"V\u00e2nz\u0103ri \u0219i marketing"},"content":{"rendered":"<div class=\"wpb-content-wrapper\"><p>[vc_row offset_top=&#8221;180&#8243; is_overlay=&#8221;enable&#8221; overlay_opacity=&#8221;65&#8243; overlay_color=&#8221;#192435&#8243; css=&#8221;.vc_custom_1695194475612{background-image: url(https:\/\/linksoft.ro\/staging\/wp-content\/uploads\/2023\/09\/Financial-operations.jpg?id=9392) !important;}&#8221; class=&#8221;hitb&#8221;][vc_column][vc_column_text class=&#8221;titlu-pagina&#8221;]<\/p>\n<h1><strong>V\u00e2nz\u0103ri \u0219i marketing<\/strong><\/h1>\n<p>Opera\u021biunile de Sales \u0219i Marketing vor fi din ce \u00een ce mai abordabile,<br \/>\ndeoarece platforma ofer\u0103 instrumente prin care s\u0103 perfec\u021bionezi<br \/>\ninterac\u021biunile cu clien\u021bii \u0219i s\u0103 maximizezi rezultatele v\u00e2nz\u0103rilor.[\/vc_column_text]<div class=\"text-left\"><a href=\"\/contact\/\" title=\"Contact\" data-custom-color=\".btn-custom-c85773aa {background-color: #1e53a8;}\n.btn-custom-c85773aa:hover {background-color: #163e7d;}\" class=\"btn btn-solid btn-rounded btn-custom btn-lg buton-titlu btn-custom-c85773aa\">Contacteaz\u0103-ne<\/a><\/div>[\/vc_column][\/vc_row][vc_row offset_top=&#8221;180&#8243; class=&#8221;partenerul&#8221;][vc_column width=&#8221;1\/6&#8243;][\/vc_column][vc_column width=&#8221;2\/3&#8243;]<h2 class=\"block-title text-dark text-center\">Identific\u0103, genereaz\u0103 \u0219i monitorizeaz\u0103 leaduri \u00een timp util<\/h2><hr class=\"hr-solid hr-custom\" style=\"border-top-color: #e32636; border-top-width: 2px; opacity: 1;\">[vc_column_text]<\/p>\n<p style=\"text-align: center;\">Marketing \u0219i Sales sunt esen\u021biale oric\u0103rei companii. Acestea pot contribui la simplificarea procedurilor de gestionare a lead-urilor, pe care le \u0219i colecteaz\u0103 din diverse surse \u0219i monitorizeaz\u0103 tot ciclul de v\u00e2nz\u0103ri. Un simplu lead nu poate deveni un prospect propriu-zis f\u0103r\u0103 s\u0103 fie repartizat c\u0103tre un reprezentat de v\u00e2nz\u0103ri, deoarece acesta este responsabil pentru controlul conversa\u021biilor \u0219i evaluarea progresului. Acesta poate cre\u0219te ratele de conversie \u0219i s\u0103 accelereze procesul de v\u00e2nzare.<\/p>\n<p>[\/vc_column_text][\/vc_column][vc_column width=&#8221;1\/6&#8243;][\/vc_column][\/vc_row][vc_row offset_top=&#8221;180&#8243; class=&#8221;tech-imgtext2&#8243; css=&#8221;.vc_custom_1695056182328{padding-top: 25px !important;}&#8221;][vc_column width=&#8221;1\/2&#8243; class=&#8221;benef&#8221;][vc_column_text animation=&#8221;fade-right&#8221;]Prin intermediul unui sistem CRM, po\u021bi colecta \u0219i verifica date importante despre clien\u021bi, s\u0103 monitorizezi interac\u021biunile pe care le ai cu ace\u0219tia \u0219i s\u0103 le valorifici. Aceste date joac\u0103 un rol important \u00een nevoia companiei de a cre\u0219te satisfac\u021bia \u0219i loialitatea clien\u021bilor. Cu c\u00e2t exist\u0103 un profil al clientului bine definit, cu at\u00e2t de eficiente vor fi campaniile de marketing personalizate, create \u00een func\u021bie de ceea ce ei \u00ee\u0219i doresc. Campaniile de marketing personalizate te ajut\u0103 s\u0103 \u00eembun\u0103t\u0103\u021be\u0219ti oportunit\u0103\u021bile de cross-selling \u0219i up-selling, care la r\u00e2ndul lor vor contribui la loializarea clien\u021bilor.<\/p>\n<p><strong>Cum intervine procesul de Sales aici?<\/strong><\/p>\n<p>Informa\u021biile acumulate despre generarea de venituri \u0219i v\u00e2nz\u0103ri reu\u0219esc s\u0103 identifice tendin\u021be \u0219i oportunit\u0103\u021bi de dezvoltare. S\u0103 te po\u021bi descurca cu procesul de v\u00e2nzare, trebuie s\u0103 \u021bii cont de indicatorii de performan\u021b\u0103 (KPI), obiectivele \u0219i procesul de v\u00e2nzare. S\u0103 po\u021bi ob\u021bine o prezentare general\u0103 a ceea ce \u00eenseamn\u0103 v\u00e2nz\u0103ri, ai nevoie de analize avansate, c\u00e2t \u0219i rapoarte care s\u0103 \u00ee\u021bi clarifice abordarea asupra \u00eembun\u0103t\u0103\u021birii v\u00e2nz\u0103rilor.<\/p>\n<p><strong>Care este secretul care s\u0103 \u00ee\u021bi ofere beneficii din ambele p\u0103r\u021bi?<\/strong><\/p>\n<p>At\u00e2t timp c\u00e2t echipa de Marketing \u0219i cea de Sales se afl\u0103 \u00eentr-o continu\u0103 colaborare \u0219i coordonare, va exista un flux constant de clien\u021bi. Comunicarea bidirec\u021bional\u0103 \u0219i schimbul de informa\u021bii fluent te va ajuta s\u0103 ridici nivelul de productivitate \u0219i s\u0103 promovezi sinergia \u00eentre cele 2 departamente.[\/vc_column_text][\/vc_column][vc_column width=&#8221;1\/2&#8243;][vc_single_image animation=&#8221;fade-left&#8221; image=&#8221;9180&#8243;][\/vc_column][\/vc_row][vc_row offset_top=&#8221;18&#8243; class=&#8221;benef&#8221; css=&#8221;.vc_custom_1695056109241{padding-top: 25px !important;}&#8221;][vc_column][vc_column_text animation=&#8221;fade-right&#8221;]<\/p>\n<h3><strong>Beneficii: <\/strong><\/h3>\n<p>Beneficiaz\u0103 de automatizarea sarcinilor manuale, ob\u021binerea informa\u021biilor despre clien\u021bi \u00een timp real \u0219i simplificarea proceselor de v\u00e2nzare.<\/p>\n<p>Creeaz\u0103 oportunit\u0103\u021bi prin care s\u0103 descoperi date importante despre clien\u021bi pentru a personaliza strategiile de marketing.<\/p>\n<p>La fiecare campanie desf\u0103\u0219urat\u0103, monitorizeaz\u0103 ROI-ul \u0219i identific\u0103 factorii care pot contribui la \u00eembun\u0103t\u0103\u021birea campaniilor.[\/vc_column_text][\/vc_column][\/vc_row][vc_row offset_top=&#8221;180&#8243; class=&#8221;sectiunea2&#8243;][vc_column width=&#8221;1\/6&#8243;][\/vc_column][vc_column width=&#8221;2\/3&#8243;]<h2 class=\"block-title text-dark text-center\">Func\u021bioneaz\u0103 excelent cu<\/h2><hr class=\"hr-solid hr-custom\" style=\"border-top-color: #e32636; border-top-width: 2px; opacity: 1;\">[\/vc_column][vc_column width=&#8221;1\/6&#8243;][\/vc_column][\/vc_row][vc_row offset_top=&#8221;180&#8243; class=&#8221;icoane-echipa&#8221;][vc_column width=&#8221;1\/3&#8243;]<div class=\"icon-box icon-box-vertical icon-box-dark icon-box-type-image bg-no text-center\">\n\n\t<div class=\"icon-box-icon\"><img loading=\"lazy\" decoding=\"async\" width=\"512\" height=\"512\" src=\"https:\/\/linksoft.ro\/staging\/wp-content\/uploads\/2023\/09\/Human-Resources.png\" class=\"attachment-full size-full\" alt=\"\" srcset=\"https:\/\/linksoft.ro\/staging\/wp-content\/uploads\/2023\/09\/Human-Resources.png 512w, https:\/\/linksoft.ro\/staging\/wp-content\/uploads\/2023\/09\/Human-Resources-150x150.png 150w, https:\/\/linksoft.ro\/staging\/wp-content\/uploads\/2023\/09\/Human-Resources-300x300.png 300w, https:\/\/linksoft.ro\/staging\/wp-content\/uploads\/2023\/09\/Human-Resources-170x170.png 170w, https:\/\/linksoft.ro\/staging\/wp-content\/uploads\/2023\/09\/Human-Resources-400x400.png 400w\" sizes=\"auto, (max-width: 512px) 100vw, 512px\" \/><\/div><h3 class=\"icon-box-title\">Resurse umane<\/h3>\t\t<div class=\"icon-box-description\">\n\t\t\t<p>Asigur\u0103-te c\u0103 de\u021bii controlul asupra for\u021bei de munc\u0103! Construie\u0219te o echip\u0103 specializat\u0103 cu care s\u0103 poti ob\u021bine accesul la oamenii cu expertiz\u0103 \u0219i capabilit\u0103\u021bi pe placul t\u0103u.<\/p>\n<a href=\"https:\/\/linksoft.ro\/dynamics-365-finance-and-operations\/resurse-umane\/\" title=\"Human Resources\" class=\"btn btn-ghost btn-rounded btn-default\">Afl\u0103 mai multe<\/a>\t\t<\/div>\n\t<\/div>[\/vc_column][vc_column width=&#8221;1\/3&#8243;][\/vc_column][vc_column width=&#8221;1\/3&#8243;]<div class=\"icon-box icon-box-vertical icon-box-dark icon-box-type-image bg-no text-center\">\n\n\t<div class=\"icon-box-icon\"><img loading=\"lazy\" decoding=\"async\" width=\"512\" height=\"512\" src=\"https:\/\/linksoft.ro\/staging\/wp-content\/uploads\/2023\/09\/Business-Intelligence-and-reporting.png\" class=\"attachment-full size-full\" alt=\"\" srcset=\"https:\/\/linksoft.ro\/staging\/wp-content\/uploads\/2023\/09\/Business-Intelligence-and-reporting.png 512w, https:\/\/linksoft.ro\/staging\/wp-content\/uploads\/2023\/09\/Business-Intelligence-and-reporting-150x150.png 150w, https:\/\/linksoft.ro\/staging\/wp-content\/uploads\/2023\/09\/Business-Intelligence-and-reporting-300x300.png 300w, https:\/\/linksoft.ro\/staging\/wp-content\/uploads\/2023\/09\/Business-Intelligence-and-reporting-170x170.png 170w, https:\/\/linksoft.ro\/staging\/wp-content\/uploads\/2023\/09\/Business-Intelligence-and-reporting-400x400.png 400w\" sizes=\"auto, (max-width: 512px) 100vw, 512px\" \/><\/div><h3 class=\"icon-box-title\">Business Intelligence \u0219i raportare<\/h3>\t\t<div class=\"icon-box-description\">\n\t\t\t<p>Monitorizeaz\u0103 fiecare performan\u021b\u0103 financiar\u0103 \u0219i ofer\u0103 organiza\u021biilor posibilitatea de a identifica modele \u0219i de a furniza rapoarte cu informa\u021bii bazate pe analiz\u0103 care s\u0103 te ajute s\u0103 iei decizii responsabile \u0219i informate.<\/p>\n<a href=\"https:\/\/linksoft.ro\/dynamics-365-finance-and-operations\/business-intelligence-si-raportare\/\" title=\"Business Intelligence \u0219i raportare\" class=\"btn btn-ghost btn-rounded btn-default\">Afl\u0103 mai multe<\/a>\t\t<\/div>\n\t<\/div>[\/vc_column][\/vc_row][vc_row offset_top=&#8221;180&#8243; class=&#8221;sectiunea2&#8243;][vc_column width=&#8221;1\/6&#8243;][\/vc_column][vc_column width=&#8221;2\/3&#8243;]<h2 class=\"block-title text-dark text-center titlu-ti\">Contacteaz\u0103-ne acum<small class=\"h2\">las\u0103-ne un mesaj \u0219i unul din consultan\u021bii no\u0219tri te va contacta \u00een mai pu\u021bin de 24 de ore<\/small><\/h2><hr class=\"hr-solid hr-custom\" style=\"border-top-color: #e32636; border-top-width: 2px; opacity: 1;\">[\/vc_column][vc_column width=&#8221;1\/6&#8243;][\/vc_column][\/vc_row][vc_row offset_top=&#8221;180&#8243; css=&#8221;.vc_custom_1614886909463{padding-bottom: 25px !important;}&#8221;][vc_column width=&#8221;1\/6&#8243;][\/vc_column][vc_column width=&#8221;2\/3&#8243;][wpforms id=&#8221;7196&#8243; title=&#8221;false&#8221; description=&#8221;false&#8221;][\/vc_column][vc_column width=&#8221;1\/6&#8243;][\/vc_column][\/vc_row]<\/p>\n<\/div>","protected":false},"excerpt":{"rendered":"<p class=\"post-excerpt\">[vc_row offset_top=&#8221;180&#8243; is_overlay=&#8221;enable&#8221; overlay_opacity=&#8221;65&#8243; overlay_color=&#8221;#192435&#8243; css=&#8221;.vc_custom_1695194475612{background-image: url(https:\/\/linksoft.ro\/staging\/wp-content\/uploads\/2023\/09\/Financial-operations.jpg?id=9392) !important;}&#8221; class=&#8221;hitb&#8221;][vc_column][vc_column_text class=&#8221;titlu-pagina&#8221;] V\u00e2nz\u0103ri \u0219i marketing Opera\u021biunile de Sales \u0219i Marketing vor fi din ce \u00een ce mai abordabile, deoarece platforma ofer\u0103 instrumente prin care s\u0103 perfec\u021bionezi interac\u021biunile cu clien\u021bii \u0219i s\u0103 maximizezi rezultatele v\u00e2nz\u0103rilor.[\/vc_column_text][\/vc_column][\/vc_row][vc_row offset_top=&#8221;180&#8243; class=&#8221;partenerul&#8221;][vc_column width=&#8221;1\/6&#8243;][\/vc_column][vc_column width=&#8221;2\/3&#8243;][vc_column_text] Marketing \u0219i Sales sunt&#8230;\n<\/p>","protected":false},"author":13,"featured_media":0,"parent":9282,"menu_order":0,"comment_status":"closed","ping_status":"closed","template":"","meta":{"footnotes":""},"class_list":["post-9179","page","type-page","status-publish","hentry"],"_links":{"self":[{"href":"https:\/\/linksoft.ro\/staging\/wp-json\/wp\/v2\/pages\/9179","targetHints":{"allow":["GET"]}}],"collection":[{"href":"https:\/\/linksoft.ro\/staging\/wp-json\/wp\/v2\/pages"}],"about":[{"href":"https:\/\/linksoft.ro\/staging\/wp-json\/wp\/v2\/types\/page"}],"author":[{"embeddable":true,"href":"https:\/\/linksoft.ro\/staging\/wp-json\/wp\/v2\/users\/13"}],"replies":[{"embeddable":true,"href":"https:\/\/linksoft.ro\/staging\/wp-json\/wp\/v2\/comments?post=9179"}],"version-history":[{"count":5,"href":"https:\/\/linksoft.ro\/staging\/wp-json\/wp\/v2\/pages\/9179\/revisions"}],"predecessor-version":[{"id":9402,"href":"https:\/\/linksoft.ro\/staging\/wp-json\/wp\/v2\/pages\/9179\/revisions\/9402"}],"up":[{"embeddable":true,"href":"https:\/\/linksoft.ro\/staging\/wp-json\/wp\/v2\/pages\/9282"}],"wp:attachment":[{"href":"https:\/\/linksoft.ro\/staging\/wp-json\/wp\/v2\/media?parent=9179"}],"curies":[{"name":"wp","href":"https:\/\/api.w.org\/{rel}","templated":true}]}}