{"id":9182,"date":"2023-09-18T17:50:51","date_gmt":"2023-09-18T17:50:51","guid":{"rendered":"https:\/\/linksoft.ro\/staging\/staging\/?page_id=9182"},"modified":"2023-09-20T07:20:40","modified_gmt":"2023-09-20T07:20:40","slug":"resurse-umane","status":"publish","type":"page","link":"https:\/\/linksoft.ro\/staging\/dynamics-365-finance-and-operations-erp\/resurse-umane\/","title":{"rendered":"Resurse umane"},"content":{"rendered":"<div class=\"wpb-content-wrapper\"><p>[vc_row offset_top=&#8221;180&#8243; is_overlay=&#8221;enable&#8221; overlay_opacity=&#8221;65&#8243; overlay_color=&#8221;#192435&#8243; css=&#8221;.vc_custom_1695194439784{background-image: url(https:\/\/linksoft.ro\/staging\/wp-content\/uploads\/2023\/09\/Financial-operations.jpg?id=9392) !important;}&#8221; class=&#8221;hitb&#8221;][vc_column][vc_column_text class=&#8221;titlu-pagina&#8221;]<\/p>\n<h1><strong>Resurse umane<\/strong><\/h1>\n<p>Asigur\u0103-te c\u0103 de\u021bii controlul asupra for\u021bei de munc\u0103!<br \/>\nConstruie\u0219te o echip\u0103 specializat\u0103 cu care s\u0103 poti ob\u021bine<br \/>\naccesul la oamenii cu expertiz\u0103 \u0219i capabilit\u0103\u021bi pe placul t\u0103u.[\/vc_column_text]<div class=\"text-left\"><a href=\"\/contact\/\" title=\"Contact\" data-custom-color=\".btn-custom-ea534973 {background-color: #1e53a8;}\n.btn-custom-ea534973:hover {background-color: #163e7d;}\" class=\"btn btn-solid btn-rounded btn-custom btn-lg buton-titlu btn-custom-ea534973\">Contacteaz\u0103-ne<\/a><\/div>[\/vc_column][\/vc_row][vc_row offset_top=&#8221;180&#8243; class=&#8221;partenerul&#8221;][vc_column width=&#8221;1\/6&#8243;][\/vc_column][vc_column width=&#8221;2\/3&#8243;]<h2 class=\"block-title text-dark text-center\">Identific\u0103 cei mai buni angaja\u021bi \u00een c\u00e2teva secunde<\/h2><hr class=\"hr-solid hr-custom\" style=\"border-top-color: #e32636; border-top-width: 2px; opacity: 1;\">[vc_column_text]<\/p>\n<p style=\"text-align: center;\">For\u021ba de munc\u0103 potrivit\u0103 reprezint\u0103 un pas important pentru o companie, dac\u0103 \u00ee\u0219i dore\u0219te s\u0103 livreze servicii de \u00eenalt\u0103 calitate. Prin urmare, modulul de resurse umane \u00ee\u021bi ofer\u0103 posibilitatea s\u0103 accelerezi procesul de recrutare prin func\u021biile de publicare de joburi, screeningul candida\u021bilor \u0219i programarea interviurilor. Pentru o experien\u021b\u0103 eficient\u0103 ofer\u0103 un proces lin al integr\u0103rii \u0219i simplific\u0103 toate procesele administrative.<\/p>\n<p>[\/vc_column_text][\/vc_column][vc_column width=&#8221;1\/6&#8243;][\/vc_column][\/vc_row][vc_row offset_top=&#8221;180&#8243; class=&#8221;tech-imgtext2&#8243; css=&#8221;.vc_custom_1695056182328{padding-top: 25px !important;}&#8221;][vc_column width=&#8221;1\/2&#8243; class=&#8221;benef&#8221;][vc_column_text animation=&#8221;fade-right&#8221;]Fii de partea angaja\u021bilor \u0219i stabile\u0219te obiective precise de performan\u021b\u0103, care te vor ajuta s\u0103 monitorizezi dezvoltarea acestora. Este important s\u0103 le oferi posibilitatea de feedback \u0219i coaching regulat, astfel \u00eenc\u00e2t implicarea s\u0103 ajung\u0103 la un nivel ridicat. Mai mult dec\u00e2t at\u00e2t, e necesar s\u0103 identifici care sunt cei mai buni angaja\u021bi din punct de vedere al performan\u021bei \u0219i s\u0103 verifici motivul din spatele discrepan\u021belor de performan\u021b\u0103.<\/p>\n<p>Pentru a reduce aceste discrepan\u021be de performan\u021b\u0103, modulul de resurse umane asigur\u0103 acces la materiale de formare \u0219i activit\u0103\u021bi de dezvoltare, care vor contribui la cre\u0219terea lor profesional\u0103 \u0219i la nivelul de expertiz\u0103 acumulat. Acestea vor fi rafinate prin intermediul unor planuri personalizate de \u00eenv\u0103\u021bare, care au ca scop, \u00een acela\u0219i timp, monitorizarea progresului de formare \u0219i poate, de asemenea, s\u0103 promoveze schimbul de cuno\u0219tin\u021be. Cu c\u00e2t investe\u0219ti mai mult \u00een angaja\u021bii companiei, cu at\u00e2t reu\u0219esc ace\u0219tia s\u0103 avanseze \u00een cadrul companiei.<\/p>\n<p>Pentru modulul de resurse umane, e indicat s\u0103 oferi\u021bi posibilitatea self-service, care s\u0103 \u00eendrume angaja\u021bii spre informa\u021biile personale, salarizarea, profilul din cadrul companiei, unde pot solicita concediile \u0219i unde pot vizualiza informa\u021bii actualizate despre benefiicile companiei. Ideal ar fi ca aplica\u021bia intern\u0103 a companei s\u0103 fie simplu de accesat \u0219i utilizat, cu o interfa\u021b\u0103 prietenoas\u0103 \u0219i care s\u0103 creasc\u0103 satisfac\u021bia angaja\u021bilor.[\/vc_column_text][\/vc_column][vc_column width=&#8221;1\/2&#8243;][vc_single_image animation=&#8221;fade-left&#8221; image=&#8221;9183&#8243;][\/vc_column][\/vc_row][vc_row offset_top=&#8221;18&#8243; class=&#8221;benef&#8221; css=&#8221;.vc_custom_1695056109241{padding-top: 25px !important;}&#8221;][vc_column][vc_column_text animation=&#8221;fade-right&#8221;]<\/p>\n<h3><strong>Beneficii: <\/strong><\/h3>\n<p>\u00cenlocuie\u0219te sarcinile manuale \u0219i administrative, c\u00e2t \u0219i documentele fizice cu procesele de resurse umane automatizate \u0219i simplificate.<\/p>\n<p>\u00cembun\u0103t\u0103\u021be\u0219te self-service pentru angaja\u021bi<\/p>\n<p>Colecteaz\u0103 informa\u021bii despre for\u021ba de munc\u0103 prin intermediul func\u021biilor de analiz\u0103 \u0219i raportare.[\/vc_column_text][\/vc_column][\/vc_row][vc_row offset_top=&#8221;180&#8243; class=&#8221;sectiunea2&#8243;][vc_column width=&#8221;1\/6&#8243;][\/vc_column][vc_column width=&#8221;2\/3&#8243;]<h2 class=\"block-title text-dark text-center\">Func\u021bioneaz\u0103 excelent cu<\/h2><hr class=\"hr-solid hr-custom\" style=\"border-top-color: #e32636; border-top-width: 2px; opacity: 1;\">[\/vc_column][vc_column width=&#8221;1\/6&#8243;][\/vc_column][\/vc_row][vc_row offset_top=&#8221;180&#8243; class=&#8221;icoane-echipa&#8221;][vc_column width=&#8221;1\/3&#8243;]<div class=\"icon-box icon-box-vertical icon-box-dark icon-box-type-image bg-no text-center\">\n\n\t<div class=\"icon-box-icon\"><img loading=\"lazy\" decoding=\"async\" width=\"512\" height=\"512\" src=\"https:\/\/linksoft.ro\/staging\/wp-content\/uploads\/2023\/09\/Project-Management.png\" class=\"attachment-full size-full\" alt=\"\" srcset=\"https:\/\/linksoft.ro\/staging\/wp-content\/uploads\/2023\/09\/Project-Management.png 512w, https:\/\/linksoft.ro\/staging\/wp-content\/uploads\/2023\/09\/Project-Management-150x150.png 150w, https:\/\/linksoft.ro\/staging\/wp-content\/uploads\/2023\/09\/Project-Management-300x300.png 300w, https:\/\/linksoft.ro\/staging\/wp-content\/uploads\/2023\/09\/Project-Management-170x170.png 170w, https:\/\/linksoft.ro\/staging\/wp-content\/uploads\/2023\/09\/Project-Management-400x400.png 400w\" sizes=\"auto, (max-width: 512px) 100vw, 512px\" \/><\/div><h3 class=\"icon-box-title\">Management de proiect<\/h3>\t\t<div class=\"icon-box-description\">\n\t\t\t<p>Proiectele companiilor difer\u0103 \u00een mare parte \u00een func\u021bie de obiective, ciclul de via\u021b\u0103 sau audien\u021ba asupra c\u0103rora se vor consolida structurile proiectelor.<\/p>\n<a href=\"https:\/\/linksoft.ro\/dynamics-365-finance-and-operations\/management-de-proiect\/\" title=\"Management de proiect\" class=\"btn btn-ghost btn-rounded btn-default\">Afl\u0103 mai multe<\/a>\t\t<\/div>\n\t<\/div>[\/vc_column][vc_column width=&#8221;1\/3&#8243;][\/vc_column][vc_column width=&#8221;1\/3&#8243;]<div class=\"icon-box icon-box-vertical icon-box-dark icon-box-type-image bg-no text-center\">\n\n\t<div class=\"icon-box-icon\"><img loading=\"lazy\" decoding=\"async\" width=\"512\" height=\"512\" src=\"https:\/\/linksoft.ro\/staging\/wp-content\/uploads\/2023\/09\/Sales-and-Marketing.png\" class=\"attachment-full size-full\" alt=\"\" srcset=\"https:\/\/linksoft.ro\/staging\/wp-content\/uploads\/2023\/09\/Sales-and-Marketing.png 512w, https:\/\/linksoft.ro\/staging\/wp-content\/uploads\/2023\/09\/Sales-and-Marketing-150x150.png 150w, https:\/\/linksoft.ro\/staging\/wp-content\/uploads\/2023\/09\/Sales-and-Marketing-300x300.png 300w, https:\/\/linksoft.ro\/staging\/wp-content\/uploads\/2023\/09\/Sales-and-Marketing-170x170.png 170w, https:\/\/linksoft.ro\/staging\/wp-content\/uploads\/2023\/09\/Sales-and-Marketing-400x400.png 400w\" sizes=\"auto, (max-width: 512px) 100vw, 512px\" \/><\/div><h3 class=\"icon-box-title\">V\u00e2nz\u0103ri \u0219i marketing<\/h3>\t\t<div class=\"icon-box-description\">\n\t\t\t<p>Opera\u021biunile de Sales \u0219i Marketing vor fi din ce \u00een ce mai abordabile, deoarece platforma ofer\u0103 instrumente prin care s\u0103 perfec\u021bionezi interac\u021biunile cu clien\u021bii \u0219i s\u0103 maximizezi rezultatele v\u00e2nz\u0103rilor.<\/p>\n<a href=\"https:\/\/linksoft.ro\/dynamics-365-finance-and-operations\/vanzari-si-marketing\/\" title=\"V\u00e2nz\u0103ri \u0219i marketing\" class=\"btn btn-ghost btn-rounded btn-default\">Afl\u0103 mai multe<\/a>\t\t<\/div>\n\t<\/div>[\/vc_column][\/vc_row][vc_row offset_top=&#8221;180&#8243; class=&#8221;sectiunea2&#8243;][vc_column width=&#8221;1\/6&#8243;][\/vc_column][vc_column width=&#8221;2\/3&#8243;]<h2 class=\"block-title text-dark text-center titlu-ti\">Contacteaz\u0103-ne acum<small class=\"h2\">las\u0103-ne un mesaj \u0219i unul din consultan\u021bii no\u0219tri te va contacta \u00een mai pu\u021bin de 24 de ore<\/small><\/h2><hr class=\"hr-solid hr-custom\" style=\"border-top-color: #e32636; border-top-width: 2px; opacity: 1;\">[\/vc_column][vc_column width=&#8221;1\/6&#8243;][\/vc_column][\/vc_row][vc_row offset_top=&#8221;180&#8243; css=&#8221;.vc_custom_1614886909463{padding-bottom: 25px !important;}&#8221;][vc_column width=&#8221;1\/6&#8243;][\/vc_column][vc_column width=&#8221;2\/3&#8243;][wpforms id=&#8221;7196&#8243; title=&#8221;false&#8221; description=&#8221;false&#8221;][\/vc_column][vc_column width=&#8221;1\/6&#8243;][\/vc_column][\/vc_row]<\/p>\n<\/div>","protected":false},"excerpt":{"rendered":"<p class=\"post-excerpt\">[vc_row offset_top=&#8221;180&#8243; is_overlay=&#8221;enable&#8221; overlay_opacity=&#8221;65&#8243; overlay_color=&#8221;#192435&#8243; css=&#8221;.vc_custom_1695194439784{background-image: url(https:\/\/linksoft.ro\/staging\/wp-content\/uploads\/2023\/09\/Financial-operations.jpg?id=9392) !important;}&#8221; class=&#8221;hitb&#8221;][vc_column][vc_column_text class=&#8221;titlu-pagina&#8221;] Resurse umane Asigur\u0103-te c\u0103 de\u021bii controlul asupra for\u021bei de munc\u0103! Construie\u0219te o echip\u0103 specializat\u0103 cu care s\u0103 poti ob\u021bine accesul la oamenii cu expertiz\u0103 \u0219i capabilit\u0103\u021bi pe placul t\u0103u.[\/vc_column_text][\/vc_column][\/vc_row][vc_row offset_top=&#8221;180&#8243; class=&#8221;partenerul&#8221;][vc_column width=&#8221;1\/6&#8243;][\/vc_column][vc_column width=&#8221;2\/3&#8243;][vc_column_text] For\u021ba de munc\u0103 potrivit\u0103 reprezint\u0103 un pas&#8230;\n<\/p>","protected":false},"author":13,"featured_media":0,"parent":9282,"menu_order":0,"comment_status":"closed","ping_status":"closed","template":"","meta":{"footnotes":""},"class_list":["post-9182","page","type-page","status-publish","hentry"],"_links":{"self":[{"href":"https:\/\/linksoft.ro\/staging\/wp-json\/wp\/v2\/pages\/9182","targetHints":{"allow":["GET"]}}],"collection":[{"href":"https:\/\/linksoft.ro\/staging\/wp-json\/wp\/v2\/pages"}],"about":[{"href":"https:\/\/linksoft.ro\/staging\/wp-json\/wp\/v2\/types\/page"}],"author":[{"embeddable":true,"href":"https:\/\/linksoft.ro\/staging\/wp-json\/wp\/v2\/users\/13"}],"replies":[{"embeddable":true,"href":"https:\/\/linksoft.ro\/staging\/wp-json\/wp\/v2\/comments?post=9182"}],"version-history":[{"count":8,"href":"https:\/\/linksoft.ro\/staging\/wp-json\/wp\/v2\/pages\/9182\/revisions"}],"predecessor-version":[{"id":9398,"href":"https:\/\/linksoft.ro\/staging\/wp-json\/wp\/v2\/pages\/9182\/revisions\/9398"}],"up":[{"embeddable":true,"href":"https:\/\/linksoft.ro\/staging\/wp-json\/wp\/v2\/pages\/9282"}],"wp:attachment":[{"href":"https:\/\/linksoft.ro\/staging\/wp-json\/wp\/v2\/media?parent=9182"}],"curies":[{"name":"wp","href":"https:\/\/api.w.org\/{rel}","templated":true}]}}