{"id":9187,"date":"2023-09-18T17:55:50","date_gmt":"2023-09-18T17:55:50","guid":{"rendered":"https:\/\/linksoft.ro\/staging\/staging\/?page_id=9187"},"modified":"2023-09-20T07:21:08","modified_gmt":"2023-09-20T07:21:08","slug":"business-intelligence-si-raportare","status":"publish","type":"page","link":"https:\/\/linksoft.ro\/staging\/dynamics-365-finance-and-operations-erp\/business-intelligence-si-raportare\/","title":{"rendered":"Business Intelligence \u0219i raportare"},"content":{"rendered":"<div class=\"wpb-content-wrapper\"><p>[vc_row offset_top=&#8221;180&#8243; is_overlay=&#8221;enable&#8221; overlay_opacity=&#8221;65&#8243; overlay_color=&#8221;#192435&#8243; css=&#8221;.vc_custom_1695194468020{background-image: url(https:\/\/linksoft.ro\/staging\/wp-content\/uploads\/2023\/09\/Financial-operations.jpg?id=9392) !important;}&#8221; class=&#8221;hitb&#8221;][vc_column][vc_column_text class=&#8221;titlu-pagina&#8221;]<\/p>\n<h1><strong>Business Intelligence \u0219i raportare<\/strong><\/h1>\n<p>Monitorizeaz\u0103 fiecare performan\u021b\u0103 financiar\u0103 \u0219i ofer\u0103 organiza\u021biilor posibilitatea<br \/>\nde a identifica modele \u0219i de a furniza rapoarte cu informa\u021bii bazate pe analiz\u0103<br \/>\ncare s\u0103 te ajute s\u0103 iei decizii responsabile \u0219i informate. [\/vc_column_text]<div class=\"text-left\"><a href=\"\/contact\/\" title=\"Contact\" data-custom-color=\".btn-custom-2b4bd3d1 {background-color: #1e53a8;}\n.btn-custom-2b4bd3d1:hover {background-color: #163e7d;}\" class=\"btn btn-solid btn-rounded btn-custom btn-lg buton-titlu btn-custom-2b4bd3d1\">Contacteaz\u0103-ne<\/a><\/div>[\/vc_column][\/vc_row][vc_row offset_top=&#8221;180&#8243; class=&#8221;partenerul&#8221;][vc_column width=&#8221;1\/6&#8243;][\/vc_column][vc_column width=&#8221;2\/3&#8243;]<h2 class=\"block-title text-dark text-center\">Vizualizeaz\u0103 informa\u021biile cu un nou model de inteligen\u021b\u0103<\/h2><hr class=\"hr-solid hr-custom\" style=\"border-top-color: #e32636; border-top-width: 2px; opacity: 1;\">[vc_column_text]<\/p>\n<p style=\"text-align: center;\">Datele financiare ale companiei joac\u0103 un rol important pentru a debloca poten\u021bialul analitic complex, care s\u0103 v\u0103 permit\u0103 s\u0103 vizualiza\u021bi aceste date cu privire la indicatorii de performan\u021b\u0103. Ace\u0219ti KPI v\u0103 ajut\u0103 s\u0103 identifica\u021bi tendin\u021be sau zone care pot fi, \u00een viitor, \u00eembun\u0103t\u0103\u021bite. Modulul inteligen\u021bei business v\u0103 ofer\u0103 func\u021bionalit\u0103\u021bi care v\u0103 pot ajuta s\u0103 anticipa\u021bi rezultatele financiare.<\/p>\n<p>[\/vc_column_text][\/vc_column][vc_column width=&#8221;1\/6&#8243;][\/vc_column][\/vc_row][vc_row offset_top=&#8221;180&#8243; class=&#8221;tech-imgtext2&#8243; css=&#8221;.vc_custom_1695056182328{padding-top: 25px !important;}&#8221;][vc_column width=&#8221;1\/2&#8243; class=&#8221;benef&#8221;][vc_column_text animation=&#8221;fade-right&#8221;]Dynamics 365 Finance ofer\u0103 mai multe metode de raportare care s\u0103 te ajute s\u0103 creezi rapoarte personalizate precum cele ad hoc, de tip self-service sau cele predefinite. Atunci c\u00e2nd e nevoie s\u0103 furnizezi informa\u021bii clien\u021bilor, stakeholderilor, organiza\u021biilor po\u021bi s\u0103 te bazezi pe rapoartele financiare, cele care au \u00een vedere fluxul numerar sau alte documente ale varia\u021biilor bugetare.<\/p>\n<p>Mai mult dec\u00e2t at\u00e2t Dynamics 365 Finance dispune \u0219i de instrumente de vizualizare a datelor, acestea pot fi diagrame, grafice sau panourile de control interactive. Rolul acestora este de a identifica mult mai rapid informa\u021biile \u0219i tendin\u021bele \u0219i de a simplifica interpretarea informa\u021biilor financiare.<\/p>\n<p>Dac\u0103 dori\u021bi s\u0103 ob\u021bine\u021bi acces \u00een timp real la datele financiare, pute\u021bi avea un nivel ridicat de integritate \u0219i consisten\u021b\u0103 a datelor, care v\u0103 vor permite s\u0103 lua\u021bi decizii mult mai responsabil \u0219i informate. Modulul elimin\u0103 nevoia de colectare a datelor dificile prin integrarea modulelor financiare \u0219i surselor de date.[\/vc_column_text][\/vc_column][vc_column width=&#8221;1\/2&#8243;][vc_single_image animation=&#8221;fade-left&#8221; image=&#8221;9188&#8243;][\/vc_column][\/vc_row][vc_row offset_top=&#8221;18&#8243; class=&#8221;benef&#8221; css=&#8221;.vc_custom_1695056109241{padding-top: 25px !important;}&#8221;][vc_column][vc_column_text animation=&#8221;fade-right&#8221;]<\/p>\n<h3><strong>Beneficii: <\/strong><\/h3>\n<p>Transform\u0103-\u021bi puterea decizional\u0103 \u00een func\u021bie de analizele avansate pe care le ob\u021bii de la insighturi.<\/p>\n<p>Ob\u021bine o perspectiv\u0103 holistic\u0103 asupra datelor financiare prin intermediul rapoartelor \u0219i vizualiz\u0103rilor intuitive.<\/p>\n<p>Automatizeaz\u0103 \u0219i simplific\u0103 toate procesele de raportare din Dynamics 365 Finance prin capabilit\u0103\u021bile ajut\u0103toare de rapoarte flexibile.[\/vc_column_text][\/vc_column][\/vc_row][vc_row offset_top=&#8221;180&#8243; class=&#8221;sectiunea2&#8243;][vc_column width=&#8221;1\/6&#8243;][\/vc_column][vc_column width=&#8221;2\/3&#8243;]<h2 class=\"block-title text-dark text-center\">Func\u021bioneaz\u0103 excelent cu<\/h2><hr class=\"hr-solid hr-custom\" style=\"border-top-color: #e32636; border-top-width: 2px; opacity: 1;\">[\/vc_column][vc_column width=&#8221;1\/6&#8243;][\/vc_column][\/vc_row][vc_row offset_top=&#8221;180&#8243; class=&#8221;icoane-echipa&#8221;][vc_column width=&#8221;1\/3&#8243;]<div class=\"icon-box icon-box-vertical icon-box-dark icon-box-type-image bg-no text-center\">\n\n\t<div class=\"icon-box-icon\"><img loading=\"lazy\" decoding=\"async\" width=\"512\" height=\"512\" src=\"https:\/\/linksoft.ro\/staging\/wp-content\/uploads\/2023\/09\/Sales-and-Marketing.png\" class=\"attachment-full size-full\" alt=\"\" srcset=\"https:\/\/linksoft.ro\/staging\/wp-content\/uploads\/2023\/09\/Sales-and-Marketing.png 512w, https:\/\/linksoft.ro\/staging\/wp-content\/uploads\/2023\/09\/Sales-and-Marketing-150x150.png 150w, https:\/\/linksoft.ro\/staging\/wp-content\/uploads\/2023\/09\/Sales-and-Marketing-300x300.png 300w, https:\/\/linksoft.ro\/staging\/wp-content\/uploads\/2023\/09\/Sales-and-Marketing-170x170.png 170w, https:\/\/linksoft.ro\/staging\/wp-content\/uploads\/2023\/09\/Sales-and-Marketing-400x400.png 400w\" sizes=\"auto, (max-width: 512px) 100vw, 512px\" \/><\/div><h3 class=\"icon-box-title\">V\u00e2nz\u0103ri \u0219i marketing<\/h3>\t\t<div class=\"icon-box-description\">\n\t\t\t<p>Opera\u021biunile de Sales \u0219i Marketing vor fi din ce \u00een ce mai abordabile, deoarece platforma ofer\u0103 instrumente prin care s\u0103 perfec\u021bionezi interac\u021biunile cu clien\u021bii \u0219i s\u0103 maximizezi rezultatele v\u00e2nz\u0103rilor.<\/p>\n<a href=\"https:\/\/linksoft.ro\/dynamics-365-finance-and-operations\/vanzari-si-marketing\/\" title=\"V\u00e2nz\u0103ri \u0219i marketing\" class=\"btn btn-ghost btn-rounded btn-default\">Afl\u0103 mai multe<\/a>\t\t<\/div>\n\t<\/div>[\/vc_column][vc_column width=&#8221;1\/3&#8243;][\/vc_column][vc_column width=&#8221;1\/3&#8243;]<div class=\"icon-box icon-box-vertical icon-box-dark icon-box-type-image bg-no text-center\">\n\n\t<div class=\"icon-box-icon\"><img loading=\"lazy\" decoding=\"async\" width=\"512\" height=\"512\" src=\"https:\/\/linksoft.ro\/staging\/wp-content\/uploads\/2023\/09\/Compliance-and-security-1.png\" class=\"attachment-full size-full\" alt=\"\" srcset=\"https:\/\/linksoft.ro\/staging\/wp-content\/uploads\/2023\/09\/Compliance-and-security-1.png 512w, https:\/\/linksoft.ro\/staging\/wp-content\/uploads\/2023\/09\/Compliance-and-security-1-150x150.png 150w, https:\/\/linksoft.ro\/staging\/wp-content\/uploads\/2023\/09\/Compliance-and-security-1-300x300.png 300w, https:\/\/linksoft.ro\/staging\/wp-content\/uploads\/2023\/09\/Compliance-and-security-1-170x170.png 170w, https:\/\/linksoft.ro\/staging\/wp-content\/uploads\/2023\/09\/Compliance-and-security-1-400x400.png 400w\" sizes=\"auto, (max-width: 512px) 100vw, 512px\" \/><\/div><h3 class=\"icon-box-title\">Conformitate \u0219i securitate<\/h3>\t\t<div class=\"icon-box-description\">\n\t\t\t<p>Gestioneaz\u0103 \u0219i controleaz\u0103 poten\u021biale riscuri \u0219i men\u021bine, \u00een acela\u0219i timp, integritatea datelor prin intermediul func\u021bionalit\u0103\u021bilor de conformitate \u0219i securitate.<\/p>\n<a href=\"https:\/\/linksoft.ro\/dynamics-365-finance-and-operations\/conformitate-si-securitate\/\" title=\"Conformitate \u0219i securitate\" class=\"btn btn-ghost btn-rounded btn-default\">Afl\u0103 mai multe<\/a>\t\t<\/div>\n\t<\/div>[\/vc_column][\/vc_row][vc_row offset_top=&#8221;180&#8243; class=&#8221;sectiunea2&#8243;][vc_column width=&#8221;1\/6&#8243;][\/vc_column][vc_column width=&#8221;2\/3&#8243;]<h2 class=\"block-title text-dark text-center titlu-ti\">Contacteaz\u0103-ne acum<small class=\"h2\">las\u0103-ne un mesaj \u0219i unul din consultan\u021bii no\u0219tri te va contacta \u00een mai pu\u021bin de 24 de ore<\/small><\/h2><hr class=\"hr-solid hr-custom\" style=\"border-top-color: #e32636; border-top-width: 2px; opacity: 1;\">[\/vc_column][vc_column width=&#8221;1\/6&#8243;][\/vc_column][\/vc_row][vc_row offset_top=&#8221;180&#8243; css=&#8221;.vc_custom_1614886909463{padding-bottom: 25px !important;}&#8221;][vc_column width=&#8221;1\/6&#8243;][\/vc_column][vc_column width=&#8221;2\/3&#8243;][wpforms id=&#8221;7196&#8243; title=&#8221;false&#8221; description=&#8221;false&#8221;][\/vc_column][vc_column width=&#8221;1\/6&#8243;][\/vc_column][\/vc_row]<\/p>\n<\/div>","protected":false},"excerpt":{"rendered":"<p class=\"post-excerpt\">[vc_row offset_top=&#8221;180&#8243; is_overlay=&#8221;enable&#8221; overlay_opacity=&#8221;65&#8243; overlay_color=&#8221;#192435&#8243; css=&#8221;.vc_custom_1695194468020{background-image: url(https:\/\/linksoft.ro\/staging\/wp-content\/uploads\/2023\/09\/Financial-operations.jpg?id=9392) !important;}&#8221; class=&#8221;hitb&#8221;][vc_column][vc_column_text class=&#8221;titlu-pagina&#8221;] Business Intelligence \u0219i raportare Monitorizeaz\u0103 fiecare performan\u021b\u0103 financiar\u0103 \u0219i ofer\u0103 organiza\u021biilor posibilitatea de a identifica modele \u0219i de a furniza rapoarte cu informa\u021bii bazate pe analiz\u0103 care s\u0103 te ajute s\u0103 iei decizii responsabile \u0219i informate. [\/vc_column_text][\/vc_column][\/vc_row][vc_row offset_top=&#8221;180&#8243; class=&#8221;partenerul&#8221;][vc_column width=&#8221;1\/6&#8243;][\/vc_column][vc_column&#8230;\n<\/p>","protected":false},"author":13,"featured_media":0,"parent":9282,"menu_order":0,"comment_status":"closed","ping_status":"closed","template":"","meta":{"footnotes":""},"class_list":["post-9187","page","type-page","status-publish","hentry"],"_links":{"self":[{"href":"https:\/\/linksoft.ro\/staging\/wp-json\/wp\/v2\/pages\/9187","targetHints":{"allow":["GET"]}}],"collection":[{"href":"https:\/\/linksoft.ro\/staging\/wp-json\/wp\/v2\/pages"}],"about":[{"href":"https:\/\/linksoft.ro\/staging\/wp-json\/wp\/v2\/types\/page"}],"author":[{"embeddable":true,"href":"https:\/\/linksoft.ro\/staging\/wp-json\/wp\/v2\/users\/13"}],"replies":[{"embeddable":true,"href":"https:\/\/linksoft.ro\/staging\/wp-json\/wp\/v2\/comments?post=9187"}],"version-history":[{"count":5,"href":"https:\/\/linksoft.ro\/staging\/wp-json\/wp\/v2\/pages\/9187\/revisions"}],"predecessor-version":[{"id":9401,"href":"https:\/\/linksoft.ro\/staging\/wp-json\/wp\/v2\/pages\/9187\/revisions\/9401"}],"up":[{"embeddable":true,"href":"https:\/\/linksoft.ro\/staging\/wp-json\/wp\/v2\/pages\/9282"}],"wp:attachment":[{"href":"https:\/\/linksoft.ro\/staging\/wp-json\/wp\/v2\/media?parent=9187"}],"curies":[{"name":"wp","href":"https:\/\/api.w.org\/{rel}","templated":true}]}}