{"id":9190,"date":"2023-09-18T17:58:07","date_gmt":"2023-09-18T17:58:07","guid":{"rendered":"https:\/\/linksoft.ro\/staging\/staging\/?page_id=9190"},"modified":"2023-09-20T07:20:59","modified_gmt":"2023-09-20T07:20:59","slug":"conformitate-si-securitate","status":"publish","type":"page","link":"https:\/\/linksoft.ro\/staging\/dynamics-365-finance-and-operations-erp\/conformitate-si-securitate\/","title":{"rendered":"Conformitate \u0219i securitate"},"content":{"rendered":"<div class=\"wpb-content-wrapper\"><p>[vc_row offset_top=&#8221;180&#8243; is_overlay=&#8221;enable&#8221; overlay_opacity=&#8221;65&#8243; overlay_color=&#8221;#192435&#8243; css=&#8221;.vc_custom_1695194457692{background-image: url(https:\/\/linksoft.ro\/staging\/wp-content\/uploads\/2023\/09\/Financial-operations.jpg?id=9392) !important;}&#8221; class=&#8221;hitb&#8221;][vc_column][vc_column_text class=&#8221;titlu-pagina&#8221;]<\/p>\n<h1><strong>Conformitate \u0219i securitate<\/strong><\/h1>\n<p>Gestioneaz\u0103 \u0219i controleaz\u0103 poten\u021biale riscuri \u0219i men\u021bine,<br \/>\n\u00een acela\u0219i timp, integritatea datelor prin intermediul<br \/>\nfunc\u021bionalit\u0103\u021bilor de conformitate \u0219i securitate.[\/vc_column_text]<div class=\"text-left\"><a href=\"\/contact\/\" title=\"Contact\" data-custom-color=\".btn-custom-1bb58b12 {background-color: #1e53a8;}\n.btn-custom-1bb58b12:hover {background-color: #163e7d;}\" class=\"btn btn-solid btn-rounded btn-custom btn-lg buton-titlu btn-custom-1bb58b12\">Contacteaz\u0103-ne<\/a><\/div>[\/vc_column][\/vc_row][vc_row offset_top=&#8221;180&#8243; class=&#8221;partenerul&#8221;][vc_column width=&#8221;1\/6&#8243;][\/vc_column][vc_column width=&#8221;2\/3&#8243;]<h2 class=\"block-title text-dark text-center\">Navigheaz\u0103 cu \u00eencredere \u00een timp ce datele tale sunt protejate<\/h2><hr class=\"hr-solid hr-custom\" style=\"border-top-color: #e32636; border-top-width: 2px; opacity: 1;\">[vc_column_text]<\/p>\n<p style=\"text-align: center;\">Companiile vor lua \u00een considerare regulile financiare pentru a func\u021biona la un nivel ridicat, c\u00e2t \u0219i standardele interna\u021bionale de raportare financiar\u0103 precum IFRS \u0219i GAAP. La fel de importante sunt \u0219i cerin\u021bele specifice ale companiei, iar conformitatea cu regulile de securitate se face prin automatizarea activit\u0103\u021bilor de conformitate, prin furnizarea de rapoarte de audit \u0219i men\u021binerea unui istoric detaliat al auditului.<\/p>\n<p>[\/vc_column_text][\/vc_column][vc_column width=&#8221;1\/6&#8243;][\/vc_column][\/vc_row][vc_row offset_top=&#8221;180&#8243; class=&#8221;tech-imgtext2&#8243; css=&#8221;.vc_custom_1695056182328{padding-top: 25px !important;}&#8221;][vc_column width=&#8221;1\/2&#8243; class=&#8221;benef&#8221;][vc_column_text animation=&#8221;fade-right&#8221;]Modulul Dynamics 365 Finance de\u021bine func\u021bionalit\u0103\u021bi care \u00ee\u021bi permit s\u0103 protejezi orice tip de informa\u021bie privat\u0103 \u0219i cu caracter sensibil. Aceste func\u021bii nu doar c\u0103 protejeaz\u0103 utilizatorii de accesul neautorizat, riscurilor online sau a \u00eenc\u0103lc\u0103rilor de date, dar ofer\u0103, \u00een acela\u0219i timp, restric\u021bii de acces, criptare \u0219i alte tehnici de prevenire a pierderii totale de informa\u021bii. At\u00e2t timp c\u00e2t aceast\u0103 securizare de date se afl\u0103 \u00een acord cu legile privind protec\u021bia datelor (GDPR), sunt \u0219anse foarte mari s\u0103 cre\u0219ti nivelul de \u00eencredere al consumatorilor cu privire la companie.<\/p>\n<p>Platforma de Dynamics 365 Finance cuprinde \u0219i alte tipuri de func\u021bionalit\u0103\u021bi care permit utilizatorilor s\u0103 identifice poten\u021bialele riscuri, cum afecteaz\u0103 acestea modul de performan\u021b\u0103 financiar\u0103 \u0219i cum s\u0103 activeze toate controalele relevante. Prin intermediul tehnicilor de reducere a riscurilor,\u00a0 nu doar c\u0103 po\u021bi s\u0103 men\u021bii stabilitatea financiar\u0103 \u00een cadrul companiei, dar po\u021bi s\u0103 iei decizii bine informate si responsabile.<\/p>\n<p>\u00cen cadrul companiei, platforma Dynamics 365 Finance dispune de func\u021bia controalelor interne, care asigur\u0103 raportarea financiar\u0103 potrivit\u0103. Astfel de controale pot preveni erorile, fraudarea \u0219i tranzac\u021biile ilegale doar dac\u0103 se respect\u0103 procedurile de aprobare \u0219i controalele automate \u0219i se utilizeaz\u0103 corect \u00eemp\u0103r\u021birea rolurilor.<\/p>\n<p><strong>Ce po\u021bi ob\u021bine de aici?<\/strong><\/p>\n<p>Integritate financiar\u0103 \u0219i conformitate, simplificarea procedurilor de monitorizare, efectuarea auditurilor regulate \u0219i crearea unui mediu de control puternic.[\/vc_column_text][\/vc_column][vc_column width=&#8221;1\/2&#8243;][vc_single_image animation=&#8221;fade-left&#8221; image=&#8221;9385&#8243;][\/vc_column][\/vc_row][vc_row offset_top=&#8221;18&#8243; class=&#8221;benef&#8221; css=&#8221;.vc_custom_1695056109241{padding-top: 25px !important;}&#8221;][vc_column][vc_column_text animation=&#8221;fade-right&#8221;]<\/p>\n<h3><strong>Beneficii: <\/strong><\/h3>\n<p>\u00cembun\u0103t\u0103\u021be\u0219te securitatea datelor \u0219i protejeaz\u0103 informa\u021biile sensibile \u0219i datele financiare.<\/p>\n<p>Func\u021bionalit\u0103\u021bile opera\u021bionale prezint\u0103 un interes companiilor datorit\u0103 posibilit\u0103\u021bii de automatizare ale proceselor de conformitate, a controalelor interne \u0219i sarcinilor de raportare<\/p>\n<p>Pentru a respecta regulile financiare, folose\u0219te op\u021biunea de automatizare a rapoartelor de reglementare, care te pot ajuta, \u00een acela\u0219i timp, la simplificarea proceselor de conformitate.[\/vc_column_text][\/vc_column][\/vc_row][vc_row offset_top=&#8221;180&#8243; class=&#8221;sectiunea2&#8243;][vc_column width=&#8221;1\/6&#8243;][\/vc_column][vc_column width=&#8221;2\/3&#8243;]<h2 class=\"block-title text-dark text-center\">Func\u021bioneaz\u0103 excelent cu<\/h2><hr class=\"hr-solid hr-custom\" style=\"border-top-color: #e32636; border-top-width: 2px; opacity: 1;\">[\/vc_column][vc_column width=&#8221;1\/6&#8243;][\/vc_column][\/vc_row][vc_row offset_top=&#8221;180&#8243; class=&#8221;icoane-echipa&#8221;][vc_column width=&#8221;1\/3&#8243;]<div class=\"icon-box icon-box-vertical icon-box-dark icon-box-type-image bg-no text-center\">\n\n\t<div class=\"icon-box-icon\"><img loading=\"lazy\" decoding=\"async\" width=\"512\" height=\"512\" src=\"https:\/\/linksoft.ro\/staging\/wp-content\/uploads\/2023\/09\/Business-Intelligence-and-reporting.png\" class=\"attachment-full size-full\" alt=\"\" srcset=\"https:\/\/linksoft.ro\/staging\/wp-content\/uploads\/2023\/09\/Business-Intelligence-and-reporting.png 512w, https:\/\/linksoft.ro\/staging\/wp-content\/uploads\/2023\/09\/Business-Intelligence-and-reporting-150x150.png 150w, https:\/\/linksoft.ro\/staging\/wp-content\/uploads\/2023\/09\/Business-Intelligence-and-reporting-300x300.png 300w, https:\/\/linksoft.ro\/staging\/wp-content\/uploads\/2023\/09\/Business-Intelligence-and-reporting-170x170.png 170w, https:\/\/linksoft.ro\/staging\/wp-content\/uploads\/2023\/09\/Business-Intelligence-and-reporting-400x400.png 400w\" sizes=\"auto, (max-width: 512px) 100vw, 512px\" \/><\/div><h3 class=\"icon-box-title\">Business Intelligence \u0219i raportare<\/h3>\t\t<div class=\"icon-box-description\">\n\t\t\t<p>Monitorizeaz\u0103 fiecare performan\u021b\u0103 financiar\u0103 \u0219i ofer\u0103 organiza\u021biilor posibilitatea de a identifica modele \u0219i de a furniza rapoarte cu informa\u021bii bazate pe analiz\u0103 care s\u0103 te ajute s\u0103 iei decizii responsabile \u0219i informate.<\/p>\n<a href=\"https:\/\/linksoft.ro\/dynamics-365-finance-and-operations\/business-intelligence-si-raportare\/\" title=\"Business Intelligence \u0219i raportare\" class=\"btn btn-ghost btn-rounded btn-default\">Afl\u0103 mai multe<\/a>\t\t<\/div>\n\t<\/div>[\/vc_column][vc_column width=&#8221;1\/3&#8243;][\/vc_column][vc_column width=&#8221;1\/3&#8243;]<div class=\"icon-box icon-box-vertical icon-box-dark icon-box-type-image bg-no text-left\">\n\n\t<div class=\"icon-box-icon\"><img loading=\"lazy\" decoding=\"async\" width=\"512\" height=\"512\" src=\"https:\/\/linksoft.ro\/staging\/wp-content\/uploads\/2023\/09\/commert-icon.png\" class=\"attachment-full size-full\" alt=\"\" srcset=\"https:\/\/linksoft.ro\/staging\/wp-content\/uploads\/2023\/09\/commert-icon.png 512w, https:\/\/linksoft.ro\/staging\/wp-content\/uploads\/2023\/09\/commert-icon-150x150.png 150w, https:\/\/linksoft.ro\/staging\/wp-content\/uploads\/2023\/09\/commert-icon-300x300.png 300w, https:\/\/linksoft.ro\/staging\/wp-content\/uploads\/2023\/09\/commert-icon-170x170.png 170w, https:\/\/linksoft.ro\/staging\/wp-content\/uploads\/2023\/09\/commert-icon-400x400.png 400w\" sizes=\"auto, (max-width: 512px) 100vw, 512px\" \/><\/div><h3 class=\"icon-box-title\">Comer\u021b<\/h3>\t\t<div class=\"icon-box-description\">\n\t\t\t<p>Satisface-\u021bi nevoile de cump\u0103rare \u0219i de inventar prin implementarea tuturor aplica\u021biilor fundamentale de business.<\/p>\n<a href=\"https:\/\/linksoft.ro\/dynamics-365-finance-and-operations\/comert\/\" title=\"Comer\u0163\" class=\"btn btn-ghost btn-rounded btn-default\">Afl\u0103 mai multe<\/a>\t\t<\/div>\n\t<\/div>[\/vc_column][\/vc_row][vc_row offset_top=&#8221;180&#8243; class=&#8221;sectiunea2&#8243;][vc_column width=&#8221;1\/6&#8243;][\/vc_column][vc_column width=&#8221;2\/3&#8243;]<h2 class=\"block-title text-dark text-center titlu-ti\">Contacteaz\u0103-ne acum<small class=\"h2\">las\u0103-ne un mesaj \u0219i unul din consultan\u021bii no\u0219tri te va contacta \u00een mai pu\u021bin de 24 de ore<\/small><\/h2><hr class=\"hr-solid hr-custom\" style=\"border-top-color: #e32636; border-top-width: 2px; opacity: 1;\">[\/vc_column][vc_column width=&#8221;1\/6&#8243;][\/vc_column][\/vc_row][vc_row offset_top=&#8221;180&#8243; css=&#8221;.vc_custom_1614886909463{padding-bottom: 25px !important;}&#8221;][vc_column width=&#8221;1\/6&#8243;][\/vc_column][vc_column width=&#8221;2\/3&#8243;][wpforms id=&#8221;7196&#8243; title=&#8221;false&#8221; description=&#8221;false&#8221;][\/vc_column][vc_column width=&#8221;1\/6&#8243;][\/vc_column][\/vc_row]<\/p>\n<\/div>","protected":false},"excerpt":{"rendered":"<p class=\"post-excerpt\">[vc_row offset_top=&#8221;180&#8243; is_overlay=&#8221;enable&#8221; overlay_opacity=&#8221;65&#8243; overlay_color=&#8221;#192435&#8243; css=&#8221;.vc_custom_1695194457692{background-image: url(https:\/\/linksoft.ro\/staging\/wp-content\/uploads\/2023\/09\/Financial-operations.jpg?id=9392) !important;}&#8221; class=&#8221;hitb&#8221;][vc_column][vc_column_text class=&#8221;titlu-pagina&#8221;] Conformitate \u0219i securitate Gestioneaz\u0103 \u0219i controleaz\u0103 poten\u021biale riscuri \u0219i men\u021bine, \u00een acela\u0219i timp, integritatea datelor prin intermediul func\u021bionalit\u0103\u021bilor de conformitate \u0219i securitate.[\/vc_column_text][\/vc_column][\/vc_row][vc_row offset_top=&#8221;180&#8243; class=&#8221;partenerul&#8221;][vc_column width=&#8221;1\/6&#8243;][\/vc_column][vc_column width=&#8221;2\/3&#8243;][vc_column_text] Companiile vor lua \u00een considerare regulile financiare pentru a func\u021biona la un nivel ridicat,&#8230;\n<\/p>","protected":false},"author":13,"featured_media":0,"parent":9282,"menu_order":0,"comment_status":"closed","ping_status":"closed","template":"","meta":{"footnotes":""},"class_list":["post-9190","page","type-page","status-publish","hentry"],"_links":{"self":[{"href":"https:\/\/linksoft.ro\/staging\/wp-json\/wp\/v2\/pages\/9190","targetHints":{"allow":["GET"]}}],"collection":[{"href":"https:\/\/linksoft.ro\/staging\/wp-json\/wp\/v2\/pages"}],"about":[{"href":"https:\/\/linksoft.ro\/staging\/wp-json\/wp\/v2\/types\/page"}],"author":[{"embeddable":true,"href":"https:\/\/linksoft.ro\/staging\/wp-json\/wp\/v2\/users\/13"}],"replies":[{"embeddable":true,"href":"https:\/\/linksoft.ro\/staging\/wp-json\/wp\/v2\/comments?post=9190"}],"version-history":[{"count":8,"href":"https:\/\/linksoft.ro\/staging\/wp-json\/wp\/v2\/pages\/9190\/revisions"}],"predecessor-version":[{"id":9400,"href":"https:\/\/linksoft.ro\/staging\/wp-json\/wp\/v2\/pages\/9190\/revisions\/9400"}],"up":[{"embeddable":true,"href":"https:\/\/linksoft.ro\/staging\/wp-json\/wp\/v2\/pages\/9282"}],"wp:attachment":[{"href":"https:\/\/linksoft.ro\/staging\/wp-json\/wp\/v2\/media?parent=9190"}],"curies":[{"name":"wp","href":"https:\/\/api.w.org\/{rel}","templated":true}]}}