{"id":9203,"date":"2023-09-18T19:01:32","date_gmt":"2023-09-18T19:01:32","guid":{"rendered":"https:\/\/linksoft.ro\/staging\/staging\/?page_id=9203"},"modified":"2023-09-20T07:44:07","modified_gmt":"2023-09-20T07:44:07","slug":"finante","status":"publish","type":"page","link":"https:\/\/linksoft.ro\/staging\/dynamics-365-business-central-erp\/finante\/","title":{"rendered":"Finan\u0163e"},"content":{"rendered":"<div class=\"wpb-content-wrapper\"><p>[vc_row offset_top=&#8221;180&#8243; is_overlay=&#8221;enable&#8221; overlay_opacity=&#8221;65&#8243; overlay_color=&#8221;#192435&#8243; class=&#8221;hitb mainbc&#8221; css=&#8221;.vc_custom_1695195356883{background-color: #000000 !important;}&#8221;][vc_column width=&#8221;2\/3&#8243;][vc_column_text class=&#8221;titlu-pagina&#8221;]<\/p>\n<h1>Finan\u0163e<\/h1>\n<p>Automatizeaz\u0103, \u00eembun\u0103t\u0103\u021be\u0219te \u0219i simplific\u0103 procesele \u0219i personalizarea de tranzac\u021bii[\/vc_column_text]<div class=\"text-left\"><a href=\"\/contact\/\" title=\"Contact\" data-custom-color=\".btn-custom-a0fad2fa {background-color: #1e53a8;}\n.btn-custom-a0fad2fa:hover {background-color: #163e7d;}\" class=\"btn btn-solid btn-rounded btn-custom btn-lg buton-titlu btn-custom-a0fad2fa\">Contacteaza-ne<\/a><\/div>[\/vc_column][vc_column width=&#8221;1\/3&#8243;][vc_icon type=&#8221;image&#8221; size=&#8221;150&#8243; alignment=&#8221;center&#8221; animation=&#8221;fade-left&#8221; image=&#8221;9256&#8243;][\/vc_column][\/vc_row][vc_row offset_top=&#8221;180&#8243; class=&#8221;partenerul&#8221;][vc_column width=&#8221;1\/6&#8243;][\/vc_column][vc_column width=&#8221;2\/3&#8243;]<h2 class=\"block-title text-dark text-center\">Planific\u0103 \u0219i optimizeaz\u0103 at\u00e2t resursele disponibile, c\u00e2t \u0219i opera\u021biunile financiare<\/h2><hr class=\"hr-solid hr-custom\" style=\"border-top-color: #e32636; border-top-width: 2px; opacity: 1;\">[vc_column_text]<\/p>\n<p style=\"text-align: center;\">Este momentul \u00een care po\u021bi s\u0103 te bucuri pe deplin de noile func\u021bii din modulul Finance. Beneficiaz\u0103 de lipsa limit\u0103rilor impuse c\u00e2nd vine vorba de performan\u021ba ta financiar\u0103, datorit\u0103 capabilit\u0103\u021bilor \u0219i opera\u021biunilor automatizate, c\u00e2t \u0219i a tranzac\u021biilor personalizate. Automatizarea acestora conduce la simplificarea lor \u0219i \u00ee\u021bi ofer\u0103 posibilitatea de a perfec\u021biona interfa\u021ba de utilizator cu func\u021bii inteligente, \u00een a\u0219a fel \u00eenc\u00e2t compania ta s\u0103 p\u0103trund\u0103 \u00een r\u00e2ndul competitorilor interna\u021bionali. Ob\u021bine o imagine de ansamblu asupra \u00eentregului sistem de monitorizare \u0219i o estimare exact\u0103 a posibilit\u0103\u021bilor tale financiare. Sitemul de care dispui de\u021bine o baz\u0103 de date centralizat\u0103 care garanteaz\u0103 uniformitate \u0219i elimin\u0103 orice tip de discrepan\u021b\u0103, care poate afecta cre\u0219terea de ROI. Odat\u0103 implementat\u0103 tehnologia Business Central, te po\u021bi bucura de gama variat\u0103 de instrumente digitale precum Power BI, Power Automate, Microsoft SharePoint \u0219i multe altele, toate contribuind la procesarea inteligent\u0103 a informa\u021biilor.<\/p>\n<p>[\/vc_column_text][\/vc_column][vc_column width=&#8221;1\/6&#8243;][\/vc_column][\/vc_row][vc_row offset_top=&#8221;180&#8243; class=&#8221;tech-imgtext&#8221; css=&#8221;.vc_custom_1611937183531{padding-top: 25px !important;}&#8221;][vc_column width=&#8221;1\/2&#8243;][vc_column_text animation=&#8221;fade-right&#8221;]<\/p>\n<h3>Costuri reduse \u00eentr-un sistem comun<\/h3>\n<ul>\n<li>Ob\u021bine o imagine de ansamblu asupra sistemului responsabil cu monitorizarea performan\u021bei, fluxului de lucru pentru planificarea de buget \u0219i asupra previziunii unei zone financiare.<\/li>\n<li>Pentru o experien\u021b\u0103 bancar\u0103 f\u0103r\u0103 obstacole \u0219i o integrare uniform\u0103 a proceselor financiare, maximizeaz\u0103 Dynamics 365 Business central<\/li>\n<li>Urm\u0103re\u0219te datele despre costuri \u0219i profit \u00eentr-o manier\u0103 detaliat\u0103 prin intermediul aloc\u0103rilor multiple pe care le po\u021bi introduce prin fiecare \u00eenregistrare.<\/li>\n<li>Ob\u021bine o viziune \u00een ansamblu asupra tuturor costurilor opera\u021bionale individuale pentru a putea studia rezultatele finale.<\/li>\n<\/ul>\n<p>[\/vc_column_text][\/vc_column][vc_column width=&#8221;1\/2&#8243;][vc_single_image animation=&#8221;fade-left&#8221; image=&#8221;9316&#8243;][\/vc_column][\/vc_row][vc_row offset_top=&#8221;180&#8243; class=&#8221;tech-imgtext&#8221; css=&#8221;.vc_custom_1611937187753{padding-top: 75px !important;padding-bottom: 75px !important;}&#8221;][vc_column width=&#8221;1\/2&#8243;][vc_single_image animation=&#8221;fade-right&#8221; image=&#8221;9315&#8243;][\/vc_column][vc_column width=&#8221;1\/2&#8243; class=&#8221;primul&#8221;][vc_column_text animation=&#8221;fade-left&#8221;]<\/p>\n<h3>Profit\u0103 de rapoartele \u0219i insighturile financiare<\/h3>\n<ul>\n<li>Creeaz\u0103 o experien\u021b\u0103 favorabil\u0103 pentru utilizatori cu simplificarea proceselor \u0219i opera\u021biunilor financiare.<\/li>\n<li>Folose\u0219te o colec\u021bie de registre pentru a genera o analiz\u0103 elaborat\u0103 doar printr-un singur click.<\/li>\n<li>Automatizeaz\u0103 fluxurile de lucru financiare pentru a eficientiza pl\u0103\u021bile<\/li>\n<li>Monitorizeaz\u0103 tranzac\u021biile pentru a ob\u021bine date financiare informative<\/li>\n<\/ul>\n<p>[\/vc_column_text][\/vc_column][\/vc_row][vc_row offset_top=&#8221;180&#8243; class=&#8221;tech-imgtext&#8221; css=&#8221;.vc_custom_1611937183531{padding-top: 25px !important;}&#8221;][vc_column width=&#8221;1\/2&#8243;][vc_column_text animation=&#8221;fade-right&#8221;]<\/p>\n<h3>Automatizeaz\u0103 procesele \u0219i opera\u021biunile business<\/h3>\n<ul>\n<li>Beneficiaz\u0103 de modul \u00een care po\u021bi s\u0103-\u021bi controlezi resursele \u0219u unde po\u021bi s\u0103 diminuezi cu u\u0219urin\u021b\u0103 aplicarea lor<\/li>\n<li>Genereaz\u0103 cele mai precise estim\u0103ri asupra fluxlui monetar prin evaluarea v\u00e2nz\u0103rilor \u0219i a \u00eencas\u0103rilor anticipate.<\/li>\n<li>Determin\u0103 costurile opera\u021bionale generale prin valorificarea resursei Business Central\u2019s General Ledger \u0219i a alinierii tranzac\u021biilor de stoc.<\/li>\n<\/ul>\n<p>[\/vc_column_text][\/vc_column][vc_column width=&#8221;1\/2&#8243;][vc_single_image animation=&#8221;fade-left&#8221; image=&#8221;9314&#8243;][\/vc_column][\/vc_row][vc_row offset_top=&#8221;180&#8243; class=&#8221;sectiunea2&#8243;][vc_column width=&#8221;1\/6&#8243;][\/vc_column][vc_column width=&#8221;2\/3&#8243;]<h2 class=\"block-title text-dark text-center titlu-ti\">Contacteaz\u0103-ne acum<small class=\"h2\">las\u0103-ne un mesaj \u0219i unul din consultan\u021bii no\u0219tri te va contacta \u00een mai pu\u021bin de 24 de ore<\/small><\/h2><hr class=\"hr-solid hr-custom\" style=\"border-top-color: #e32636; border-top-width: 2px; opacity: 1;\">[\/vc_column][vc_column width=&#8221;1\/6&#8243;][\/vc_column][\/vc_row][vc_row][vc_column width=&#8221;1\/6&#8243;][\/vc_column][vc_column width=&#8221;2\/3&#8243;][wpforms id=&#8221;7196&#8243; title=&#8221;false&#8221; description=&#8221;false&#8221;][\/vc_column][vc_column width=&#8221;1\/6&#8243;][\/vc_column][\/vc_row]<\/p>\n<\/div>","protected":false},"excerpt":{"rendered":"<p class=\"post-excerpt\">[vc_row offset_top=&#8221;180&#8243; is_overlay=&#8221;enable&#8221; overlay_opacity=&#8221;65&#8243; overlay_color=&#8221;#192435&#8243; class=&#8221;hitb mainbc&#8221; css=&#8221;.vc_custom_1695195356883{background-color: #000000 !important;}&#8221;][vc_column width=&#8221;2\/3&#8243;][vc_column_text class=&#8221;titlu-pagina&#8221;] Finan\u0163e Automatizeaz\u0103, \u00eembun\u0103t\u0103\u021be\u0219te \u0219i simplific\u0103 procesele \u0219i personalizarea de tranzac\u021bii[\/vc_column_text][\/vc_column][vc_column width=&#8221;1\/3&#8243;][vc_icon type=&#8221;image&#8221; size=&#8221;150&#8243; alignment=&#8221;center&#8221; animation=&#8221;fade-left&#8221; image=&#8221;9256&#8243;][\/vc_column][\/vc_row][vc_row offset_top=&#8221;180&#8243; class=&#8221;partenerul&#8221;][vc_column width=&#8221;1\/6&#8243;][\/vc_column][vc_column width=&#8221;2\/3&#8243;][vc_column_text] Este momentul \u00een care po\u021bi s\u0103 te bucuri pe deplin de noile func\u021bii din modulul Finance. Beneficiaz\u0103 de&#8230;\n<\/p>","protected":false},"author":13,"featured_media":0,"parent":9243,"menu_order":0,"comment_status":"closed","ping_status":"closed","template":"","meta":{"footnotes":""},"class_list":["post-9203","page","type-page","status-publish","hentry"],"_links":{"self":[{"href":"https:\/\/linksoft.ro\/staging\/wp-json\/wp\/v2\/pages\/9203","targetHints":{"allow":["GET"]}}],"collection":[{"href":"https:\/\/linksoft.ro\/staging\/wp-json\/wp\/v2\/pages"}],"about":[{"href":"https:\/\/linksoft.ro\/staging\/wp-json\/wp\/v2\/types\/page"}],"author":[{"embeddable":true,"href":"https:\/\/linksoft.ro\/staging\/wp-json\/wp\/v2\/users\/13"}],"replies":[{"embeddable":true,"href":"https:\/\/linksoft.ro\/staging\/wp-json\/wp\/v2\/comments?post=9203"}],"version-history":[{"count":4,"href":"https:\/\/linksoft.ro\/staging\/wp-json\/wp\/v2\/pages\/9203\/revisions"}],"predecessor-version":[{"id":9419,"href":"https:\/\/linksoft.ro\/staging\/wp-json\/wp\/v2\/pages\/9203\/revisions\/9419"}],"up":[{"embeddable":true,"href":"https:\/\/linksoft.ro\/staging\/wp-json\/wp\/v2\/pages\/9243"}],"wp:attachment":[{"href":"https:\/\/linksoft.ro\/staging\/wp-json\/wp\/v2\/media?parent=9203"}],"curies":[{"name":"wp","href":"https:\/\/api.w.org\/{rel}","templated":true}]}}