{"id":9208,"date":"2023-09-18T19:06:13","date_gmt":"2023-09-18T19:06:13","guid":{"rendered":"https:\/\/linksoft.ro\/staging\/staging\/?page_id=9208"},"modified":"2023-09-20T07:45:50","modified_gmt":"2023-09-20T07:45:50","slug":"achizitii","status":"publish","type":"page","link":"https:\/\/linksoft.ro\/staging\/dynamics-365-business-central-erp\/achizitii\/","title":{"rendered":"Achizi\u021bii"},"content":{"rendered":"<div class=\"wpb-content-wrapper\"><p>[vc_row offset_top=&#8221;180&#8243; is_overlay=&#8221;enable&#8221; overlay_opacity=&#8221;65&#8243; overlay_color=&#8221;#192435&#8243; class=&#8221;hitb mainbc&#8221; css=&#8221;.vc_custom_1695195356883{background-color: #000000 !important;}&#8221;][vc_column width=&#8221;2\/3&#8243;][vc_column_text class=&#8221;titlu-pagina&#8221;]<\/p>\n<h1>Achizi\u021bii<\/h1>\n<p>Automatizeaz\u0103 \u0219i simplific\u0103 activit\u0103\u021bile de achizi\u021bionare, precum \u0219i<br \/>\ncomenzile de achizi\u021bionare, facturare, procesele de plat\u0103 \u0219i managementul cu furnziorii.[\/vc_column_text]<div class=\"text-left\"><a href=\"\/contact\/\" title=\"Contact\" data-custom-color=\".btn-custom-89650f93 {background-color: #1e53a8;}\n.btn-custom-89650f93:hover {background-color: #163e7d;}\" class=\"btn btn-solid btn-rounded btn-custom btn-lg buton-titlu btn-custom-89650f93\">Contacteaza-ne<\/a><\/div>[\/vc_column][vc_column width=&#8221;1\/3&#8243;][vc_icon type=&#8221;image&#8221; size=&#8221;150&#8243; alignment=&#8221;center&#8221; animation=&#8221;fade-left&#8221; image=&#8221;9257&#8243;][\/vc_column][\/vc_row][vc_row offset_top=&#8221;180&#8243; class=&#8221;partenerul&#8221;][vc_column width=&#8221;1\/6&#8243;][\/vc_column][vc_column width=&#8221;2\/3&#8243;]<h2 class=\"block-title text-dark text-center\">Cre\u0219te profitabilitatea, optimizeaz\u0103 metodele de achizi\u021bie \u0219i \u00eembun\u0103t\u0103\u021be\u0219te rela\u021biile cu furnizorii<\/h2><hr class=\"hr-solid hr-custom\" style=\"border-top-color: #e32636; border-top-width: 2px; opacity: 1;\">[vc_column_text]<\/p>\n<p style=\"text-align: center;\">Construie\u0219te un sistem inteligent cu noile capabilit\u0103\u021bi din modulul Purchase \u0219i preia controlul asupra tuturor proceselor de achizi\u021bie pentru a determina cele mai bune solu\u021bii. Un pas important \u00een ob\u021binerea celor mai eficiente rezultate este s\u0103 eficientizezi rutina zilnic\u0103 de cump\u0103rare \u0219i s\u0103 creezi o imagine de ansamblu asupra achizi\u021bion\u0103rilor. Simplificarea acestor activit\u0103\u021bi se realizeaz\u0103 prin intermediul insightului important ob\u021binut din instoricul de achizi\u021bie al distribuitorilor, dar pot contribui, \u00een acela\u0219i timp, statisticile de tranzac\u021bie \u0219i comenzile deosebite. Fiecare instrument digital din modulul Purchase creeaz\u0103 o porti\u021b\u0103 de salvare atunci c\u00e2nd \u00ee\u021bi gestionezi \u0219i \u00eembun\u0103t\u0103\u021be\u0219ti achizi\u021biile.<\/p>\n<p>[\/vc_column_text][\/vc_column][vc_column width=&#8221;1\/6&#8243;][\/vc_column][\/vc_row][vc_row offset_top=&#8221;180&#8243; class=&#8221;tech-imgtext&#8221; css=&#8221;.vc_custom_1611937183531{padding-top: 25px !important;}&#8221;][vc_column width=&#8221;1\/2&#8243;][vc_column_text animation=&#8221;fade-right&#8221;]<\/p>\n<h3>Monitorizeaz\u0103 \u0219i gestioneaz\u0103 toate achizi\u021biile<\/h3>\n<ul>\n<li>Ia \u00een considerare fiecare cost de achizi\u021bie \u0219i monitorizeaz\u0103 fiecare cont cu posibilitatea de a efectua pl\u0103\u021bi<\/li>\n<li>Creeaz\u0103 documente de achizi\u021bie pentru orice deficit cantitativ al unui produs<\/li>\n<li>Factureaz\u0103 \u0219i creeaz\u0103 bonuri \u00eenainte de a distribui o comand\u0103 de achizi\u021bie<\/li>\n<\/ul>\n<p>[\/vc_column_text][\/vc_column][vc_column width=&#8221;1\/2&#8243;][vc_single_image animation=&#8221;fade-left&#8221; image=&#8221;9209&#8243;][\/vc_column][\/vc_row][vc_row offset_top=&#8221;180&#8243; class=&#8221;tech-imgtext&#8221; css=&#8221;.vc_custom_1611937187753{padding-top: 75px !important;padding-bottom: 75px !important;}&#8221;][vc_column width=&#8221;1\/2&#8243;][vc_single_image animation=&#8221;fade-right&#8221; image=&#8221;9210&#8243;][\/vc_column][vc_column width=&#8221;1\/2&#8243; class=&#8221;primul&#8221;][vc_column_text animation=&#8221;fade-left&#8221;]<\/p>\n<h3>Simplific\u0103 procedurile de achizi\u021bie \u0219i men\u021bine eviden\u021ba pl\u0103\u021bilor<\/h3>\n<ul>\n<li>Elimin\u0103 sau modific\u0103 o factur\u0103 de achizi\u021bie dac\u0103 aceasta a fost deja distribuit\u0103<\/li>\n<li>Preia diverse informa\u021bii de pe bonurile de achizi\u021bie pe care le po\u021bi include \u00een aceea\u0219i factur\u0103<\/li>\n<li>Ob\u021bine data corect\u0103 a comenzii pentru produsele care trebuie s\u0103 fie incluse \u00een depozit, pe o dat\u0103 specific\u0103, prin automatizarea proceseor.<\/li>\n<\/ul>\n<p>[\/vc_column_text][\/vc_column][\/vc_row][vc_row offset_top=&#8221;180&#8243; class=&#8221;tech-imgtext&#8221; css=&#8221;.vc_custom_1611937183531{padding-top: 25px !important;}&#8221;][vc_column width=&#8221;1\/2&#8243;][vc_column_text animation=&#8221;fade-right&#8221;]<\/p>\n<h3>Creeaz\u0103, \u00eenregistreaz\u0103 \u0219i dubleaz\u0103 opera\u021biuni pentru a eficientiza comenzile de achizi\u021bie<\/h3>\n<ul>\n<li>Creeaz\u0103 fi\u0219a unui furnizor cu care vrei s\u0103-\u021bi continui comer\u021bul<\/li>\n<li>Utilizeaz\u0103 pagina de \u201dFuzionare dublicat\u201d pentru a solidifica bonurile de achizi\u021bie \u00eentr-o singur\u0103 fi\u0219\u0103.<\/li>\n<li>Comenzile generale nu afecteaz\u0103 disponibilitatea produsului, din contr\u0103 ofer\u0103 posibilitatea comenzii s\u0103 fie utilizat\u0103 ca un instrument de monitorizare, estimare \u0219i planificare.<\/li>\n<\/ul>\n<p>[\/vc_column_text][\/vc_column][vc_column width=&#8221;1\/2&#8243;][vc_single_image animation=&#8221;fade-left&#8221; image=&#8221;9211&#8243;][\/vc_column][\/vc_row][vc_row offset_top=&#8221;180&#8243; class=&#8221;sectiunea2&#8243;][vc_column width=&#8221;1\/6&#8243;][\/vc_column][vc_column width=&#8221;2\/3&#8243;]<h2 class=\"block-title text-dark text-center titlu-ti\">Contacteaz\u0103-ne acum<small class=\"h2\">las\u0103-ne un mesaj \u0219i unul din consultan\u021bii no\u0219tri te va contacta \u00een mai pu\u021bin de 24 de ore<\/small><\/h2><hr class=\"hr-solid hr-custom\" style=\"border-top-color: #e32636; border-top-width: 2px; opacity: 1;\">[\/vc_column][vc_column width=&#8221;1\/6&#8243;][\/vc_column][\/vc_row][vc_row][vc_column width=&#8221;1\/6&#8243;][\/vc_column][vc_column width=&#8221;2\/3&#8243;][wpforms id=&#8221;7196&#8243; title=&#8221;false&#8221; description=&#8221;false&#8221;][\/vc_column][vc_column width=&#8221;1\/6&#8243;][\/vc_column][\/vc_row]<\/p>\n<\/div>","protected":false},"excerpt":{"rendered":"<p class=\"post-excerpt\">[vc_row offset_top=&#8221;180&#8243; is_overlay=&#8221;enable&#8221; overlay_opacity=&#8221;65&#8243; overlay_color=&#8221;#192435&#8243; class=&#8221;hitb mainbc&#8221; css=&#8221;.vc_custom_1695195356883{background-color: #000000 !important;}&#8221;][vc_column width=&#8221;2\/3&#8243;][vc_column_text class=&#8221;titlu-pagina&#8221;] Achizi\u021bii Automatizeaz\u0103 \u0219i simplific\u0103 activit\u0103\u021bile de achizi\u021bionare, precum \u0219i comenzile de achizi\u021bionare, facturare, procesele de plat\u0103 \u0219i managementul cu furnziorii.[\/vc_column_text][\/vc_column][vc_column width=&#8221;1\/3&#8243;][vc_icon type=&#8221;image&#8221; size=&#8221;150&#8243; alignment=&#8221;center&#8221; animation=&#8221;fade-left&#8221; image=&#8221;9257&#8243;][\/vc_column][\/vc_row][vc_row offset_top=&#8221;180&#8243; class=&#8221;partenerul&#8221;][vc_column width=&#8221;1\/6&#8243;][\/vc_column][vc_column width=&#8221;2\/3&#8243;][vc_column_text] Construie\u0219te un sistem inteligent cu noile capabilit\u0103\u021bi din&#8230;\n<\/p>","protected":false},"author":13,"featured_media":0,"parent":9243,"menu_order":0,"comment_status":"closed","ping_status":"closed","template":"","meta":{"footnotes":""},"class_list":["post-9208","page","type-page","status-publish","hentry"],"_links":{"self":[{"href":"https:\/\/linksoft.ro\/staging\/wp-json\/wp\/v2\/pages\/9208","targetHints":{"allow":["GET"]}}],"collection":[{"href":"https:\/\/linksoft.ro\/staging\/wp-json\/wp\/v2\/pages"}],"about":[{"href":"https:\/\/linksoft.ro\/staging\/wp-json\/wp\/v2\/types\/page"}],"author":[{"embeddable":true,"href":"https:\/\/linksoft.ro\/staging\/wp-json\/wp\/v2\/users\/13"}],"replies":[{"embeddable":true,"href":"https:\/\/linksoft.ro\/staging\/wp-json\/wp\/v2\/comments?post=9208"}],"version-history":[{"count":5,"href":"https:\/\/linksoft.ro\/staging\/wp-json\/wp\/v2\/pages\/9208\/revisions"}],"predecessor-version":[{"id":9423,"href":"https:\/\/linksoft.ro\/staging\/wp-json\/wp\/v2\/pages\/9208\/revisions\/9423"}],"up":[{"embeddable":true,"href":"https:\/\/linksoft.ro\/staging\/wp-json\/wp\/v2\/pages\/9243"}],"wp:attachment":[{"href":"https:\/\/linksoft.ro\/staging\/wp-json\/wp\/v2\/media?parent=9208"}],"curies":[{"name":"wp","href":"https:\/\/api.w.org\/{rel}","templated":true}]}}