{"id":9214,"date":"2023-09-18T19:13:01","date_gmt":"2023-09-18T19:13:01","guid":{"rendered":"https:\/\/linksoft.ro\/staging\/staging\/?page_id=9214"},"modified":"2023-09-20T07:43:30","modified_gmt":"2023-09-20T07:43:30","slug":"vanzari-2","status":"publish","type":"page","link":"https:\/\/linksoft.ro\/staging\/dynamics-365-business-central-erp\/vanzari-2\/","title":{"rendered":"V\u00e2nz\u0103ri"},"content":{"rendered":"<div class=\"wpb-content-wrapper\"><p>[vc_row offset_top=&#8221;180&#8243; is_overlay=&#8221;enable&#8221; overlay_opacity=&#8221;65&#8243; overlay_color=&#8221;#192435&#8243; class=&#8221;hitb mainbc&#8221; css=&#8221;.vc_custom_1695195356883{background-color: #000000 !important;}&#8221;][vc_column width=&#8221;2\/3&#8243;][vc_column_text class=&#8221;titlu-pagina&#8221;]<\/p>\n<h1>V\u00e2nz\u0103ri<\/h1>\n<p>Orice tip de engagement cu clien\u021bii, de pe orice canal utilizat, indiferent<br \/>\nde poziti\u021bia lui \u00eentr-un ciclu de achizi\u021bie, poate s\u0103 \u00ee\u021bi aduc\u0103 insight<br \/>\neficient prin intermediul inteligen\u021bei artificiale. [\/vc_column_text]<div class=\"text-left\"><a href=\"\/contact\/\" title=\"Contact\" data-custom-color=\".btn-custom-6d3f388d {background-color: #1e53a8;}\n.btn-custom-6d3f388d:hover {background-color: #163e7d;}\" class=\"btn btn-solid btn-rounded btn-custom btn-lg buton-titlu btn-custom-6d3f388d\">Contacteaza-ne<\/a><\/div>[\/vc_column][vc_column width=&#8221;1\/3&#8243;][vc_icon type=&#8221;image&#8221; size=&#8221;150&#8243; alignment=&#8221;center&#8221; animation=&#8221;fade-left&#8221; image=&#8221;9388&#8243;][\/vc_column][\/vc_row][vc_row offset_top=&#8221;180&#8243; class=&#8221;partenerul&#8221;][vc_column width=&#8221;1\/6&#8243;][\/vc_column][vc_column width=&#8221;2\/3&#8243;]<h2 class=\"block-title text-dark text-center\">Ofer\u0103 un boost profitabilit\u0103\u021bii \u0219i capacit\u0103\u021bii tale de v\u00e2nzare<\/h2><hr class=\"hr-solid hr-custom\" style=\"border-top-color: #e32636; border-top-width: 2px; opacity: 1;\">[vc_column_text]<\/p>\n<p style=\"text-align: center;\">Dynamics 365 Business Central \u00ee\u021bi pune la dispozi\u021bie solu\u021bii care te pot ajuta s\u0103 men\u021bii un nivel ridicat de satisfac\u021bie al clien\u021bilor, dar s\u0103 ob\u021bii rezultate convenabile cu procesele de v\u00e2nzare \u0219i managementul opera\u021bional. Descoper\u0103 leaduri care pot s\u0103 te ajute s\u0103 \u00ee\u021bi maximizezi profitabilitatea \u0219i capacitatea de v\u00e2nzare \u0219i monitorizeaz\u0103 tipul de engagement generat pe mai multe canale, indiferent de provenien\u021ba lui (pre-v\u00e2nzare sau post-v\u00e2nzare). Nivelul de inisght generat de inteligen\u021ba artificial\u0103 contribuie la observarea tiparelor de cump\u0103r\u0103tor, buyer persona, nevoilor de cump\u0103rare \u0219i \u00ee\u021bi permit s\u0103 consolidezi rela\u021biile cu clien\u021bii pe lung\u0103 durat\u0103, care s\u0103 creasc\u0103 reten\u021bia de cump\u0103r\u0103tor. Instrumentele inteligente pot fi accesate cu u\u0219urin\u021b\u0103 \u0219i genereaz\u0103 o analiz\u0103 a strategiilor de v\u00e2nzare, \u00een timp ce finalizezi contracte cu viteza luminii.<\/p>\n<p>[\/vc_column_text][\/vc_column][vc_column width=&#8221;1\/6&#8243;][\/vc_column][\/vc_row][vc_row offset_top=&#8221;180&#8243; class=&#8221;tech-imgtext&#8221; css=&#8221;.vc_custom_1611937183531{padding-top: 25px !important;}&#8221;][vc_column width=&#8221;1\/2&#8243;][vc_column_text animation=&#8221;fade-right&#8221;]<\/p>\n<h3>Consolideaz\u0103 rela\u021bii cu clien\u021bii<\/h3>\n<ul>\n<li>Men\u021bine rela\u021biile cu clien\u021bii pentru o experien\u021b\u0103 de v\u00e2nzare unic\u0103 cu utilizatorii<\/li>\n<li>\u021aine-\u021bi la curent utilizatorii cu datele precise de livrare atunci c\u00e2nd ai o eviden\u021b\u0103 exact\u0103 a stocului disponibil<\/li>\n<li>Men\u021bine reten\u021bia de achizi\u021bie prin automatizarea proceselor de retur \u0219i rambursare.<\/li>\n<li>Reduce costurile de inventar \u0219i \u00eembun\u0103t\u0103\u021be\u0219te personalizarea livr\u0103rii prin respectarea comenzilor f\u0103r\u0103 depozitare<\/li>\n<\/ul>\n<p>[\/vc_column_text][\/vc_column][vc_column width=&#8221;1\/2&#8243;][vc_single_image animation=&#8221;fade-left&#8221; image=&#8221;9215&#8243;][\/vc_column][\/vc_row][vc_row offset_top=&#8221;180&#8243; class=&#8221;tech-imgtext&#8221; css=&#8221;.vc_custom_1611937187753{padding-top: 75px !important;padding-bottom: 75px !important;}&#8221;][vc_column width=&#8221;1\/2&#8243;][vc_single_image animation=&#8221;fade-right&#8221; image=&#8221;9216&#8243;][\/vc_column][vc_column width=&#8221;1\/2&#8243; class=&#8221;primul&#8221;][vc_column_text animation=&#8221;fade-left&#8221;]<\/p>\n<h3>Implementeaz\u0103 un sistem inteligent pentru livr\u0103ri<\/h3>\n<ul>\n<li>Folose\u0219te at\u00e2t comenzile de distribu\u021bie \u0219i achizi\u021bie pentru a livra clien\u021bilor din diverse surse.<\/li>\n<li>Verific\u0103 \u0219i corecteaz\u0103 erorile care pot ap\u0103rea \u00een comenzile \u00eenainte de livrare automatiz\u00e2nd crearea de facturi de achizi\u021bie<\/li>\n<li>Men\u021bine un echilibru al inventarului canalelor multiple \u00eentre comenzi \u0219i livrare pentru a garanta succesul comenzii.<\/li>\n<li>Porne\u0219te func\u021bia de livrare mixt\u0103 pentru a combina multiple comenzi de v\u00e2nzare pentru a crea o singur\u0103 factur\u0103.<\/li>\n<\/ul>\n<p>[\/vc_column_text][\/vc_column][\/vc_row][vc_row offset_top=&#8221;180&#8243; class=&#8221;tech-imgtext&#8221; css=&#8221;.vc_custom_1611937183531{padding-top: 25px !important;}&#8221;][vc_column width=&#8221;1\/2&#8243;][vc_column_text animation=&#8221;fade-right&#8221;]<\/p>\n<h3>Achizi\u021bioneaz\u0103 selectiv produsele pe care le dore\u0219ti<\/h3>\n<ul>\n<li>Selecteaz\u0103 sursele de v\u00e2nzare de unde po\u021bi achizi\u021biona produsele \u00eenainte de livrare.<\/li>\n<li>Stabile\u0219te metode de comunicare \u0219i detaliere care s\u0103 permit\u0103 negocierea \u00eenainte de crearea unei facturi de v\u00e2nzare<\/li>\n<li>Genereaz\u0103 automat facturi de v\u00e2nzare ca dovad\u0103 a v\u00e2nz\u0103rii, precum \u0219i facturi provenite direct din timpul unei livr\u0103ri individuale sau al unei livr\u0103ri \u00eemp\u0103r\u021bite.<\/li>\n<\/ul>\n<p>[\/vc_column_text][\/vc_column][vc_column width=&#8221;1\/2&#8243;][vc_single_image animation=&#8221;fade-left&#8221; image=&#8221;9217&#8243;][\/vc_column][\/vc_row][vc_row offset_top=&#8221;180&#8243; class=&#8221;sectiunea2&#8243;][vc_column width=&#8221;1\/6&#8243;][\/vc_column][vc_column width=&#8221;2\/3&#8243;]<h2 class=\"block-title text-dark text-center titlu-ti\">Contacteaz\u0103-ne acum<small class=\"h2\">las\u0103-ne un mesaj \u0219i unul din consultan\u021bii no\u0219tri te va contacta \u00een mai pu\u021bin de 24 de ore<\/small><\/h2><hr class=\"hr-solid hr-custom\" style=\"border-top-color: #e32636; border-top-width: 2px; opacity: 1;\">[\/vc_column][vc_column width=&#8221;1\/6&#8243;][\/vc_column][\/vc_row][vc_row][vc_column width=&#8221;1\/6&#8243;][\/vc_column][vc_column width=&#8221;2\/3&#8243;][wpforms id=&#8221;7196&#8243; title=&#8221;false&#8221; description=&#8221;false&#8221;][\/vc_column][vc_column width=&#8221;1\/6&#8243;][\/vc_column][\/vc_row]<\/p>\n<\/div>","protected":false},"excerpt":{"rendered":"<p class=\"post-excerpt\">[vc_row offset_top=&#8221;180&#8243; is_overlay=&#8221;enable&#8221; overlay_opacity=&#8221;65&#8243; overlay_color=&#8221;#192435&#8243; class=&#8221;hitb mainbc&#8221; css=&#8221;.vc_custom_1695195356883{background-color: #000000 !important;}&#8221;][vc_column width=&#8221;2\/3&#8243;][vc_column_text class=&#8221;titlu-pagina&#8221;] V\u00e2nz\u0103ri Orice tip de engagement cu clien\u021bii, de pe orice canal utilizat, indiferent de poziti\u021bia lui \u00eentr-un ciclu de achizi\u021bie, poate s\u0103 \u00ee\u021bi aduc\u0103 insight eficient prin intermediul inteligen\u021bei artificiale. [\/vc_column_text][\/vc_column][vc_column width=&#8221;1\/3&#8243;][vc_icon type=&#8221;image&#8221; size=&#8221;150&#8243; alignment=&#8221;center&#8221; animation=&#8221;fade-left&#8221; image=&#8221;9388&#8243;][\/vc_column][\/vc_row][vc_row offset_top=&#8221;180&#8243;&#8230;\n<\/p>","protected":false},"author":13,"featured_media":0,"parent":9243,"menu_order":0,"comment_status":"closed","ping_status":"closed","template":"","meta":{"footnotes":""},"class_list":["post-9214","page","type-page","status-publish","hentry"],"_links":{"self":[{"href":"https:\/\/linksoft.ro\/staging\/wp-json\/wp\/v2\/pages\/9214","targetHints":{"allow":["GET"]}}],"collection":[{"href":"https:\/\/linksoft.ro\/staging\/wp-json\/wp\/v2\/pages"}],"about":[{"href":"https:\/\/linksoft.ro\/staging\/wp-json\/wp\/v2\/types\/page"}],"author":[{"embeddable":true,"href":"https:\/\/linksoft.ro\/staging\/wp-json\/wp\/v2\/users\/13"}],"replies":[{"embeddable":true,"href":"https:\/\/linksoft.ro\/staging\/wp-json\/wp\/v2\/comments?post=9214"}],"version-history":[{"count":3,"href":"https:\/\/linksoft.ro\/staging\/wp-json\/wp\/v2\/pages\/9214\/revisions"}],"predecessor-version":[{"id":9417,"href":"https:\/\/linksoft.ro\/staging\/wp-json\/wp\/v2\/pages\/9214\/revisions\/9417"}],"up":[{"embeddable":true,"href":"https:\/\/linksoft.ro\/staging\/wp-json\/wp\/v2\/pages\/9243"}],"wp:attachment":[{"href":"https:\/\/linksoft.ro\/staging\/wp-json\/wp\/v2\/media?parent=9214"}],"curies":[{"name":"wp","href":"https:\/\/api.w.org\/{rel}","templated":true}]}}