{"id":9219,"date":"2023-09-18T19:18:41","date_gmt":"2023-09-18T19:18:41","guid":{"rendered":"https:\/\/linksoft.ro\/staging\/staging\/?page_id=9219"},"modified":"2023-09-20T07:44:40","modified_gmt":"2023-09-20T07:44:40","slug":"managementul-inventarului","status":"publish","type":"page","link":"https:\/\/linksoft.ro\/staging\/dynamics-365-business-central-erp\/managementul-inventarului\/","title":{"rendered":"Managementul inventarului"},"content":{"rendered":"<div class=\"wpb-content-wrapper\"><p>[vc_row offset_top=&#8221;180&#8243; is_overlay=&#8221;enable&#8221; overlay_opacity=&#8221;65&#8243; overlay_color=&#8221;#192435&#8243; class=&#8221;hitb mainbc&#8221; css=&#8221;.vc_custom_1695195356883{background-color: #000000 !important;}&#8221;][vc_column width=&#8221;2\/3&#8243;][vc_column_text class=&#8221;titlu-pagina&#8221;]<\/p>\n<h1>Managementul inventarului<\/h1>\n<p>Integreaz\u0103 activit\u0103\u021bile \u00eentregului inventar pentru a ob\u021bine o imagine<br \/>\nde ansamblu holistic\u0103 a acestuia.[\/vc_column_text]<div class=\"text-left\"><a href=\"\/contact\/\" title=\"Contact\" data-custom-color=\".btn-custom-fde0885d {background-color: #1e53a8;}\n.btn-custom-fde0885d:hover {background-color: #163e7d;}\" class=\"btn btn-solid btn-rounded btn-custom btn-lg buton-titlu btn-custom-fde0885d\">Contacteaza-ne<\/a><\/div>[\/vc_column][vc_column width=&#8221;1\/3&#8243;][vc_icon type=&#8221;image&#8221; size=&#8221;150&#8243; alignment=&#8221;center&#8221; animation=&#8221;fade-left&#8221; image=&#8221;9264&#8243;][\/vc_column][\/vc_row][vc_row offset_top=&#8221;180&#8243; class=&#8221;partenerul&#8221;][vc_column width=&#8221;1\/6&#8243;][\/vc_column][vc_column width=&#8221;2\/3&#8243;]<h2 class=\"block-title text-dark text-center\">Maximizeaz\u0103 ROI folosind func\u021biile inteligente ale aplica\u021biei<\/h2><hr class=\"hr-solid hr-custom\" style=\"border-top-color: #e32636; border-top-width: 2px; opacity: 1;\">[vc_column_text]<\/p>\n<p style=\"text-align: center;\">Integreaz\u0103 activit\u0103\u021bile \u00eentregului inventar, pentru a ob\u021bine o imagine de ansamblu holistic\u0103 a acestuia, folosind Dynamic 365 Business Central care este at\u00e2t scalabil, c\u00e2t \u0219i fluid permi\u021b\u00e2nd astfel un inventar centralizat. Func\u021biile \u00eencorporate permit fluidizarea datelor \u00eentr-un inventar pentru a elimina discrepan\u021ba de stoc \u0219i a oferi claritate, dar care au \u00een vedere \u0219i livrarea de produse, primirea de produse, gestionarea loca\u021biilor de depozitare \u0219i multe altele. Pentru c\u0103 dispune de o inteligen\u021b\u0103 progresiv\u0103, Business Central reu\u0219e\u0219te s\u0103 prezic\u0103 ce anume \u0219i c\u00e2nd anume s\u0103 re\u00eencarce optim nivelul stocurilor. Este o func\u021bie care joac\u0103 un rol critic, deoarece se asigur\u0103 c\u0103 depozitul nu va fi niciodat\u0103 \u00een stoc epuizat.<br \/>\nSistemul de control al stocului este echipat s\u0103 monitorizeze stocul inventarului \u0219i s\u0103 fie atent la deplas\u0103rile de-a lungul loca\u021biilor diverse pentru a \u021bine cont de valorile stocului.<\/p>\n<p>[\/vc_column_text][\/vc_column][vc_column width=&#8221;1\/6&#8243;][\/vc_column][\/vc_row][vc_row offset_top=&#8221;180&#8243; class=&#8221;tech-imgtext&#8221; css=&#8221;.vc_custom_1611937183531{padding-top: 25px !important;}&#8221;][vc_column width=&#8221;1\/2&#8243;][vc_column_text animation=&#8221;fade-right&#8221;]<\/p>\n<h3>Controleaz\u0103 produsele \u0219i disponibilitatea din depozit<\/h3>\n<ul>\n<li>Ob\u021bine informa\u021bii despre disponibilitatea produsului \u00een func\u021bie de loca\u021bie, perioad\u0103 sau evenimente de v\u00e2nzare<\/li>\n<li>Clasific\u0103 produsele pentru a diminua din timpul de c\u0103utare sau filtrare<\/li>\n<li>Gestioneaz\u0103 itemele dintr-un inventar prin atribuirea unui num\u0103r de serie<\/li>\n<\/ul>\n<p>[\/vc_column_text][\/vc_column][vc_column width=&#8221;1\/2&#8243;][vc_single_image animation=&#8221;fade-left&#8221; image=&#8221;9228&#8243;][\/vc_column][\/vc_row][vc_row offset_top=&#8221;180&#8243; class=&#8221;tech-imgtext&#8221; css=&#8221;.vc_custom_1611937187753{padding-top: 75px !important;padding-bottom: 75px !important;}&#8221;][vc_column width=&#8221;1\/2&#8243;][vc_single_image animation=&#8221;fade-right&#8221; image=&#8221;9390&#8243;][\/vc_column][vc_column width=&#8221;1\/2&#8243; class=&#8221;primul&#8221;][vc_column_text animation=&#8221;fade-left&#8221;]<\/p>\n<h3>Fii cu ochii pe produsele tale \u00een timp real<\/h3>\n<ul>\n<li>P\u0103streaz\u0103 produsele \u00een compartimente sau filtrate pentru a reduce din timpul de c\u0103utare<\/li>\n<li>Folose\u0219te cardul de produse pentru a le oferi clien\u021bilor produse care nu se afl\u0103 \u00een stoc<\/li>\n<li>Automatizeaz\u0103 rezervarea de inventar \u00een cazul \u00een care liniile comenzilor de v\u00e2nzare au fost create pentru a satisface comenzile plasate \u00een ultimul moment.<\/li>\n<\/ul>\n<p>[\/vc_column_text][\/vc_column][\/vc_row][vc_row offset_top=&#8221;180&#8243; class=&#8221;tech-imgtext&#8221; css=&#8221;.vc_custom_1611937183531{padding-top: 25px !important;}&#8221;][vc_column width=&#8221;1\/2&#8243;][vc_column_text animation=&#8221;fade-right&#8221;]<\/p>\n<h3>Gestioneaz\u0103 facturarea, datele \u0219i retururile<\/h3>\n<ul>\n<li>Creeaz\u0103 duplic\u0103ri ale recordurilor pentru a-\u021bi p\u0103stra informa\u021biile intacte<\/li>\n<li>O singur\u0103 surs\u0103 de achizi\u021bie \u00ee\u021bi permite s\u0103 fuzionezi diverse facturi<\/li>\n<li>Automatizeaz\u0103 emiterea unui raport de achizi\u021bie \u0219i prelucreaz\u0103 retururile dup\u0103 ce eviden\u021biezi comenzile returnate.<\/li>\n<\/ul>\n<p>[\/vc_column_text][\/vc_column][vc_column width=&#8221;1\/2&#8243;][vc_single_image animation=&#8221;fade-left&#8221; image=&#8221;9231&#8243;][\/vc_column][\/vc_row][vc_row offset_top=&#8221;180&#8243; class=&#8221;sectiunea2&#8243;][vc_column width=&#8221;1\/6&#8243;][\/vc_column][vc_column width=&#8221;2\/3&#8243;]<h2 class=\"block-title text-dark text-center titlu-ti\">Contacteaz\u0103-ne acum<small class=\"h2\">las\u0103-ne un mesaj \u0219i unul din consultan\u021bii no\u0219tri te va contacta \u00een mai pu\u021bin de 24 de ore<\/small><\/h2><hr class=\"hr-solid hr-custom\" style=\"border-top-color: #e32636; border-top-width: 2px; opacity: 1;\">[\/vc_column][vc_column width=&#8221;1\/6&#8243;][\/vc_column][\/vc_row][vc_row][vc_column width=&#8221;1\/6&#8243;][\/vc_column][vc_column width=&#8221;2\/3&#8243;][wpforms id=&#8221;7196&#8243; title=&#8221;false&#8221; description=&#8221;false&#8221;][\/vc_column][vc_column width=&#8221;1\/6&#8243;][\/vc_column][\/vc_row]<\/p>\n<\/div>","protected":false},"excerpt":{"rendered":"<p class=\"post-excerpt\">[vc_row offset_top=&#8221;180&#8243; is_overlay=&#8221;enable&#8221; overlay_opacity=&#8221;65&#8243; overlay_color=&#8221;#192435&#8243; class=&#8221;hitb mainbc&#8221; css=&#8221;.vc_custom_1695195356883{background-color: #000000 !important;}&#8221;][vc_column width=&#8221;2\/3&#8243;][vc_column_text class=&#8221;titlu-pagina&#8221;] Managementul inventarului Integreaz\u0103 activit\u0103\u021bile \u00eentregului inventar pentru a ob\u021bine o imagine de ansamblu holistic\u0103 a acestuia.[\/vc_column_text][\/vc_column][vc_column width=&#8221;1\/3&#8243;][vc_icon type=&#8221;image&#8221; size=&#8221;150&#8243; alignment=&#8221;center&#8221; animation=&#8221;fade-left&#8221; image=&#8221;9264&#8243;][\/vc_column][\/vc_row][vc_row offset_top=&#8221;180&#8243; class=&#8221;partenerul&#8221;][vc_column width=&#8221;1\/6&#8243;][\/vc_column][vc_column width=&#8221;2\/3&#8243;][vc_column_text] Integreaz\u0103 activit\u0103\u021bile \u00eentregului inventar, pentru a ob\u021bine o imagine de ansamblu holistic\u0103&#8230;\n<\/p>","protected":false},"author":13,"featured_media":0,"parent":9243,"menu_order":0,"comment_status":"closed","ping_status":"closed","template":"","meta":{"footnotes":""},"class_list":["post-9219","page","type-page","status-publish","hentry"],"_links":{"self":[{"href":"https:\/\/linksoft.ro\/staging\/wp-json\/wp\/v2\/pages\/9219","targetHints":{"allow":["GET"]}}],"collection":[{"href":"https:\/\/linksoft.ro\/staging\/wp-json\/wp\/v2\/pages"}],"about":[{"href":"https:\/\/linksoft.ro\/staging\/wp-json\/wp\/v2\/types\/page"}],"author":[{"embeddable":true,"href":"https:\/\/linksoft.ro\/staging\/wp-json\/wp\/v2\/users\/13"}],"replies":[{"embeddable":true,"href":"https:\/\/linksoft.ro\/staging\/wp-json\/wp\/v2\/comments?post=9219"}],"version-history":[{"count":5,"href":"https:\/\/linksoft.ro\/staging\/wp-json\/wp\/v2\/pages\/9219\/revisions"}],"predecessor-version":[{"id":9420,"href":"https:\/\/linksoft.ro\/staging\/wp-json\/wp\/v2\/pages\/9219\/revisions\/9420"}],"up":[{"embeddable":true,"href":"https:\/\/linksoft.ro\/staging\/wp-json\/wp\/v2\/pages\/9243"}],"wp:attachment":[{"href":"https:\/\/linksoft.ro\/staging\/wp-json\/wp\/v2\/media?parent=9219"}],"curies":[{"name":"wp","href":"https:\/\/api.w.org\/{rel}","templated":true}]}}