{"id":9224,"date":"2023-09-18T19:21:05","date_gmt":"2023-09-18T19:21:05","guid":{"rendered":"https:\/\/linksoft.ro\/staging\/staging\/?page_id=9224"},"modified":"2023-09-20T07:41:50","modified_gmt":"2023-09-20T07:41:50","slug":"managementul-depozitului","status":"publish","type":"page","link":"https:\/\/linksoft.ro\/staging\/dynamics-365-business-central-erp\/managementul-depozitului\/","title":{"rendered":"Managementul depozitului"},"content":{"rendered":"<div class=\"wpb-content-wrapper\"><p>[vc_row offset_top=&#8221;180&#8243; is_overlay=&#8221;enable&#8221; overlay_opacity=&#8221;65&#8243; overlay_color=&#8221;#192435&#8243; class=&#8221;hitb mainbc&#8221; css=&#8221;.vc_custom_1695195356883{background-color: #000000 !important;}&#8221;][vc_column width=&#8221;2\/3&#8243;][vc_column_text class=&#8221;titlu-pagina&#8221;]<\/p>\n<h1>Managementul depozitului<\/h1>\n<p>Permite func\u021bionalit\u0103\u021bilor s\u0103 automatizeze procesele lan\u021bului de aprovizionare,<br \/>\nca tu s\u0103 te po\u021bi bucura de productivitatea \u0219i eficien\u021ba aplica\u021biei [\/vc_column_text]<div class=\"text-left\"><a href=\"\/contact\/\" title=\"Contact\" data-custom-color=\".btn-custom-f2a9cb2e {background-color: #1e53a8;}\n.btn-custom-f2a9cb2e:hover {background-color: #163e7d;}\" class=\"btn btn-solid btn-rounded btn-custom btn-lg buton-titlu btn-custom-f2a9cb2e\">Contacteaza-ne<\/a><\/div>[\/vc_column][vc_column width=&#8221;1\/3&#8243;][vc_icon type=&#8221;image&#8221; size=&#8221;150&#8243; alignment=&#8221;center&#8221; animation=&#8221;fade-left&#8221; image=&#8221;9259&#8243;][\/vc_column][\/vc_row][vc_row offset_top=&#8221;180&#8243; class=&#8221;partenerul&#8221;][vc_column width=&#8221;1\/6&#8243;][\/vc_column][vc_column width=&#8221;2\/3&#8243;]<h2 class=\"block-title text-dark text-center\">Descoper\u0103 catalogul de procese business care s\u0103 te ajute \u00een dezvoltarea rapid\u0103 a unui depozit de \u00eencredere<\/h2><hr class=\"hr-solid hr-custom\" style=\"border-top-color: #e32636; border-top-width: 2px; opacity: 1;\">[vc_column_text]<\/p>\n<p style=\"text-align: center;\">Ai la \u00eendem\u00e2n\u0103 func\u021bii de vizibilitate, care s\u0103 \u021bin\u0103 cont de procesul de stocare, de la punctul de achizi\u021bie p\u00e2n\u0103 la inventar. Dynamics 365 Business Central \u00ee\u021bi pune la dispozi\u021bie instrumente fluide \u0219i unitare, care s\u0103 creeze un traseu simplificat \u00een gestionarea stocurilor. Astfel, automatizeaz\u0103 procesele lan\u021bului de aprovionzare, ca tu s\u0103 te po\u021bi bucura de productivitatea \u0219i eficien\u021ba aplica\u021biei. Panourile de control personalizate \u0219i posibilitatea de a observa, printr-o singur\u0103 ac\u021biune, multiple loca\u021bii de depozitare \u0219i statusul aprovizion\u0103rii transform\u0103 acest modul \u00eentr-unul indispensabil func\u021bion\u0103rii eficiente a unei companii. Perfec\u021bioneaz\u0103 capabilit\u0103\u021bile pe care le ai la dispozi\u021bie, c\u00e2t \u0219i nivelele de depozitate, prin intermediul alinierii la limitele de aprovizionare.<\/p>\n<p>[\/vc_column_text][\/vc_column][vc_column width=&#8221;1\/6&#8243;][\/vc_column][\/vc_row][vc_row offset_top=&#8221;180&#8243; class=&#8221;tech-imgtext&#8221; css=&#8221;.vc_custom_1611937183531{padding-top: 25px !important;}&#8221;][vc_column width=&#8221;1\/2&#8243;][vc_column_text animation=&#8221;fade-right&#8221;]<\/p>\n<h3>Opera\u021biunile de livrare sunt mult mai simple<\/h3>\n<ul>\n<li>Folose\u0219te documentele de provenien\u021b\u0103 pentru a ob\u021bine automat detaliile produselor livrate<\/li>\n<li>Ob\u021bine informa\u021bii despre produsele primite, perioada livr\u0103rii \u0219i alte date relevante<\/li>\n<li>Accelereaz\u0103 gestionarea produselor prin transferul acestora direct de la destinatar c\u0103tre livrare f\u0103r\u0103 a \u021bine cont de depozit.<\/li>\n<\/ul>\n<p>[\/vc_column_text][\/vc_column][vc_column width=&#8221;1\/2&#8243;][vc_single_image animation=&#8221;fade-left&#8221; image=&#8221;9325&#8243;][\/vc_column][\/vc_row][vc_row offset_top=&#8221;180&#8243; class=&#8221;tech-imgtext&#8221; css=&#8221;.vc_custom_1611937187753{padding-top: 75px !important;padding-bottom: 75px !important;}&#8221;][vc_column width=&#8221;1\/2&#8243;][vc_single_image animation=&#8221;fade-right&#8221; image=&#8221;9324&#8243;][\/vc_column][vc_column width=&#8221;1\/2&#8243; class=&#8221;primul&#8221;][vc_column_text animation=&#8221;fade-left&#8221;]<\/p>\n<h3>\u00cembun\u0103t\u0103\u021be\u0219te precizia inventarului<\/h3>\n<ul>\n<li>Utilizeaz\u0103 comenzile de transfer pentru a transporta produsele \u00een diferite loca\u021bii de depozitare<\/li>\n<li>Monitorizeaz\u0103 activit\u0103\u021bile de depozitare \u0219i \u00eenregistreaz\u0103 fiecare produs transportat<\/li>\n<li>Permite categorizarea automat\u0103 a produselor pentru a determina unde vor fi pozi\u021bionate produsele<\/li>\n<\/ul>\n<p>[\/vc_column_text][\/vc_column][\/vc_row][vc_row offset_top=&#8221;180&#8243; class=&#8221;tech-imgtext&#8221; css=&#8221;.vc_custom_1611937183531{padding-top: 25px !important;}&#8221;][vc_column width=&#8221;1\/2&#8243;][vc_column_text animation=&#8221;fade-right&#8221;]<\/p>\n<h3>Automatizeaz\u0103 procesele \u0219i opera\u021biunile business<\/h3>\n<ul>\n<li>Beneficiaz\u0103 de modul \u00een care po\u021bi s\u0103-\u021bi controlezi resursele \u0219i unde po\u021bi s\u0103 diminuezi cu u\u0219urin\u021b\u0103 aplicarea lor<\/li>\n<li>Genereaz\u0103 cele mai precise estim\u0103ri asupra fluxului monetar prin evaluarea v\u00e2nz\u0103rilor \u0219i a \u00eencas\u0103rilor anticipate.<\/li>\n<li>Determin\u0103 costurile opera\u021bionale generale prin valorificarea resursei Business Central\u2019s General Ledger \u0219i a alinierii tranzac\u021biilor de stoc.<\/li>\n<li>Monitorizeaz\u0103 gestionarea pl\u0103\u021bilor \u0219i compar\u0103 conturile bancare \u00eentr-o manier\u0103 uniform\u0103.<\/li>\n<\/ul>\n<p>[\/vc_column_text][\/vc_column][vc_column width=&#8221;1\/2&#8243;][vc_single_image animation=&#8221;fade-left&#8221; image=&#8221;9323&#8243;][\/vc_column][\/vc_row][vc_row offset_top=&#8221;180&#8243; class=&#8221;sectiunea2&#8243;][vc_column width=&#8221;1\/6&#8243;][\/vc_column][vc_column width=&#8221;2\/3&#8243;]<h2 class=\"block-title text-dark text-center titlu-ti\">Contacteaz\u0103-ne acum<small class=\"h2\">las\u0103-ne un mesaj \u0219i unul din consultan\u021bii no\u0219tri te va contacta \u00een mai pu\u021bin de 24 de ore<\/small><\/h2><hr class=\"hr-solid hr-custom\" style=\"border-top-color: #e32636; border-top-width: 2px; opacity: 1;\">[\/vc_column][vc_column width=&#8221;1\/6&#8243;][\/vc_column][\/vc_row][vc_row][vc_column width=&#8221;1\/6&#8243;][\/vc_column][vc_column width=&#8221;2\/3&#8243;][wpforms id=&#8221;7196&#8243; title=&#8221;false&#8221; description=&#8221;false&#8221;][\/vc_column][vc_column width=&#8221;1\/6&#8243;][\/vc_column][\/vc_row]<\/p>\n<\/div>","protected":false},"excerpt":{"rendered":"<p class=\"post-excerpt\">[vc_row offset_top=&#8221;180&#8243; is_overlay=&#8221;enable&#8221; overlay_opacity=&#8221;65&#8243; overlay_color=&#8221;#192435&#8243; class=&#8221;hitb mainbc&#8221; css=&#8221;.vc_custom_1695195356883{background-color: #000000 !important;}&#8221;][vc_column width=&#8221;2\/3&#8243;][vc_column_text class=&#8221;titlu-pagina&#8221;] Managementul depozitului Permite func\u021bionalit\u0103\u021bilor s\u0103 automatizeze procesele lan\u021bului de aprovizionare, ca tu s\u0103 te po\u021bi bucura de productivitatea \u0219i eficien\u021ba aplica\u021biei [\/vc_column_text][\/vc_column][vc_column width=&#8221;1\/3&#8243;][vc_icon type=&#8221;image&#8221; size=&#8221;150&#8243; alignment=&#8221;center&#8221; animation=&#8221;fade-left&#8221; image=&#8221;9259&#8243;][\/vc_column][\/vc_row][vc_row offset_top=&#8221;180&#8243; class=&#8221;partenerul&#8221;][vc_column width=&#8221;1\/6&#8243;][\/vc_column][vc_column width=&#8221;2\/3&#8243;][vc_column_text] Ai la \u00eendem\u00e2n\u0103 func\u021bii de vizibilitate,&#8230;\n<\/p>","protected":false},"author":13,"featured_media":0,"parent":9243,"menu_order":0,"comment_status":"closed","ping_status":"closed","template":"","meta":{"footnotes":""},"class_list":["post-9224","page","type-page","status-publish","hentry"],"_links":{"self":[{"href":"https:\/\/linksoft.ro\/staging\/wp-json\/wp\/v2\/pages\/9224","targetHints":{"allow":["GET"]}}],"collection":[{"href":"https:\/\/linksoft.ro\/staging\/wp-json\/wp\/v2\/pages"}],"about":[{"href":"https:\/\/linksoft.ro\/staging\/wp-json\/wp\/v2\/types\/page"}],"author":[{"embeddable":true,"href":"https:\/\/linksoft.ro\/staging\/wp-json\/wp\/v2\/users\/13"}],"replies":[{"embeddable":true,"href":"https:\/\/linksoft.ro\/staging\/wp-json\/wp\/v2\/comments?post=9224"}],"version-history":[{"count":5,"href":"https:\/\/linksoft.ro\/staging\/wp-json\/wp\/v2\/pages\/9224\/revisions"}],"predecessor-version":[{"id":9412,"href":"https:\/\/linksoft.ro\/staging\/wp-json\/wp\/v2\/pages\/9224\/revisions\/9412"}],"up":[{"embeddable":true,"href":"https:\/\/linksoft.ro\/staging\/wp-json\/wp\/v2\/pages\/9243"}],"wp:attachment":[{"href":"https:\/\/linksoft.ro\/staging\/wp-json\/wp\/v2\/media?parent=9224"}],"curies":[{"name":"wp","href":"https:\/\/api.w.org\/{rel}","templated":true}]}}