{"id":9238,"date":"2023-09-18T19:31:53","date_gmt":"2023-09-18T19:31:53","guid":{"rendered":"https:\/\/linksoft.ro\/staging\/staging\/?page_id=9238"},"modified":"2023-09-20T07:42:31","modified_gmt":"2023-09-20T07:42:31","slug":"productie","status":"publish","type":"page","link":"https:\/\/linksoft.ro\/staging\/dynamics-365-business-central-erp\/productie\/","title":{"rendered":"Produc\u021bie"},"content":{"rendered":"<div class=\"wpb-content-wrapper\"><p>[vc_row offset_top=&#8221;180&#8243; is_overlay=&#8221;enable&#8221; overlay_opacity=&#8221;65&#8243; overlay_color=&#8221;#192435&#8243; class=&#8221;hitb mainbc&#8221; css=&#8221;.vc_custom_1695195356883{background-color: #000000 !important;}&#8221;][vc_column width=&#8221;2\/3&#8243;][vc_column_text class=&#8221;titlu-pagina&#8221;]<\/p>\n<h1>Produc\u021bie<\/h1>\n<p>Ob\u021bine vizibilitate complet\u0103 asupra \u00eentregului ciclu de comenzi, \u00eencep\u00e2nd cu<br \/>\nmanagementul de furnizori p\u00e2n\u0103 la controlul inventarului, livrarea de<br \/>\nproduse, plasarea de comenzi \u0219i linia de asamblare. [\/vc_column_text]<div class=\"text-left\"><a href=\"\/contact\/\" title=\"Contact\" data-custom-color=\".btn-custom-27aa63a1 {background-color: #1e53a8;}\n.btn-custom-27aa63a1:hover {background-color: #163e7d;}\" class=\"btn btn-solid btn-rounded btn-custom btn-lg buton-titlu btn-custom-27aa63a1\">Contacteaza-ne<\/a><\/div>[\/vc_column][vc_column width=&#8221;1\/3&#8243;][vc_icon type=&#8221;image&#8221; size=&#8221;150&#8243; alignment=&#8221;center&#8221; animation=&#8221;fade-left&#8221; image=&#8221;9262&#8243;][\/vc_column][\/vc_row][vc_row offset_top=&#8221;180&#8243; class=&#8221;partenerul&#8221;][vc_column width=&#8221;1\/6&#8243;][\/vc_column][vc_column width=&#8221;2\/3&#8243;]<h2 class=\"block-title text-dark text-center\">Simplific\u0103 \u0219i automatizeaz\u0103 procesele de fabrica\u021bie<\/h2><hr class=\"hr-solid hr-custom\" style=\"border-top-color: #e32636; border-top-width: 2px; opacity: 1;\">[vc_column_text]<\/p>\n<p style=\"text-align: center;\">Performan\u021ba ta de produc\u021bie dispune de capabilit\u0103\u021bi inteligente \u00eencorporate \u00een modulul de produc\u021bie pe care le po\u021bi utiliza cu scopul de a ob\u021bine insight complex. Motivul pentru care acestea pot contribui la satisfacerea nevoilor clien\u021bilor, care continu\u0103 s\u0103 se schimbe de pe o zi pe alta, are de a face cu simplificarea opera\u021biunilor de produc\u021bie care func\u021bioneaz\u0103 la capacitate flexibil\u0103. Solu\u021biile software joac\u0103 un rol important \u00een rezultatele pe care le ob\u021bii cu privire la produc\u021bie \u0219i lan\u021bul de aprovizionare. Mai mult dec\u00e2t at\u00e2t, interfa\u021ba de utilizator este cuprinz\u0103toare, unific\u00e2nd toate datele de-a lungul panourilor de produc\u021bie pentru a construi o singur\u0103 linie de comunicare. Ob\u021bine vizibilitate complet\u0103 asupra \u00eentregului ciclu de comenzi, \u00eencep\u00e2nd cu managementul de furnizori p\u00e2n\u0103 la controlul inventarului, livrarea de produse, plasarea de comenzi \u0219i linia de asamblare.<br \/>\nDe asemenea, o alt\u0103 func\u021bie, de care dispui \u00een momentul aplic\u0103rii func\u021bionalit\u0103\u021bilor, contribuie la generarea de analize de date, care \u00ee\u021bi ofer\u0103 control asupra tuturor opera\u021biunilor de produc\u021bie, astfel compania ta nu numai c\u0103 maximizeaz\u0103 profitabilitatea de pe urma solu\u021biilor aplicate, dar poate s\u0103 reduc\u0103 surplusul de produc\u021bie \u0219i s\u0103 \u00eembun\u0103t\u0103\u021beasc\u0103 fluxul monetar.<\/p>\n<p>[\/vc_column_text][\/vc_column][vc_column width=&#8221;1\/6&#8243;][\/vc_column][\/vc_row][vc_row offset_top=&#8221;180&#8243; class=&#8221;tech-imgtext&#8221; css=&#8221;.vc_custom_1611937183531{padding-top: 25px !important;}&#8221;][vc_column width=&#8221;1\/2&#8243;][vc_column_text animation=&#8221;fade-right&#8221;]<\/p>\n<h3>Proceseaz\u0103 datele \u00eentr-un singur sistem<\/h3>\n<ul>\n<li>Planific\u0103 u\u0219or \u0219i preg\u0103te\u0219te comenzile de aprovizionare cu func\u021biile Dynamics 365 pentru a \u00eendeplini cerin\u021bele de v\u00e2nzare.<\/li>\n<li>Plaseaz\u0103 comenzile de produc\u021bie \u00een tandem cu cele de v\u00e2nzare pentru a ob\u021bine rezultate \u00eembun\u0103t\u0103\u021bite<\/li>\n<li>Proceseaz\u0103 comenzile de produc\u021bie \u00een timp ce monitorizezi procedurile cu vizibilitate end-to-end<\/li>\n<li>\u00cenregistreaz\u0103 automat tot ceea ce \u021bine de durata procedurilor de produc\u021bie, c\u00e2t \u0219i consumul de componente utilizate.<\/li>\n<\/ul>\n<p>[\/vc_column_text][\/vc_column][vc_column width=&#8221;1\/2&#8243;][vc_single_image animation=&#8221;fade-left&#8221; image=&#8221;9322&#8243;][\/vc_column][\/vc_row][vc_row offset_top=&#8221;180&#8243; class=&#8221;tech-imgtext&#8221; css=&#8221;.vc_custom_1611937187753{padding-top: 75px !important;padding-bottom: 75px !important;}&#8221;][vc_column width=&#8221;1\/2&#8243;][vc_single_image animation=&#8221;fade-right&#8221; image=&#8221;9321&#8243;][\/vc_column][vc_column width=&#8221;1\/2&#8243; class=&#8221;primul&#8221;][vc_column_text animation=&#8221;fade-left&#8221;]<\/p>\n<h3>Economise\u0219te timp cu func\u021bii moderne<\/h3>\n<ul>\n<li>Personalizeaz\u0103 interfa\u021ba Business Central \u00een a\u0219a fel \u00eenc\u00e2t s\u0103 po\u021bi optimiza nevoile de planificare a aprovizion\u0103rii \u0219i lan\u021bul de aprovizionare<\/li>\n<li>Folose\u0219te func\u021bia \u201dWork Centre Calendar\u201d pentru a \u021bine eviden\u021ba timpului de lucru (zile \u0219i ore lucr\u0103toare, concediu, absen\u021be)<\/li>\n<li>Evit\u0103 limit\u0103rile impuse de capacitate prin procesele de outsourcing, \u00een timp ce monitorizezi opera\u021biunile de subcontractare.<\/li>\n<li>Utilizeaz\u0103 capacit\u0103\u021bile de planificare lu\u00e2nd \u00een considerare MRP (Materials Requirements Planning) \u0219i MPS (Master Production Schedule) pentru a-\u021bi eficientiza procesele lan\u021bului de aprovizionare<\/li>\n<\/ul>\n<p>[\/vc_column_text][\/vc_column][\/vc_row][vc_row offset_top=&#8221;180&#8243; class=&#8221;tech-imgtext&#8221; css=&#8221;.vc_custom_1611937183531{padding-top: 25px !important;}&#8221;][vc_column width=&#8221;1\/2&#8243;][vc_column_text animation=&#8221;fade-right&#8221;]<\/p>\n<h3>Orice solu\u021bie de achizi\u021bie la \u00eendem\u00e2n\u0103<\/h3>\n<ul>\n<li>Ob\u021bine o imagine de ansamblu asupra disponibilit\u0103\u021bii produsului \u00een func\u021bie de timp, eveniment, loca\u021bie \u0219i multe alte elemente, prin Business Central.<\/li>\n<li>Perfec\u021bioneaz\u0103 sistemul de planificare al aprovizion\u0103rii pentru a reface stocul, prin achizi\u021bionare sau transfer.<\/li>\n<li>Dispui de op\u021biuni multiple \u0219i flexibile de planificare cu privire la comenzi specifice sau dintr-un lot.<\/li>\n<li>Bucur\u0103-te de interfa\u021ba simpl\u0103 care anticipeaz\u0103 nivelul de solicit\u0103ri prin analizarea tiparelor de v\u00e2nzare \u0219i produc\u021bie pentru a evita blocajele de aprovizionare.<\/li>\n<\/ul>\n<p>[\/vc_column_text][\/vc_column][vc_column width=&#8221;1\/2&#8243;][vc_single_image animation=&#8221;fade-left&#8221; image=&#8221;9320&#8243;][\/vc_column][\/vc_row][vc_row offset_top=&#8221;180&#8243; class=&#8221;sectiunea2&#8243;][vc_column width=&#8221;1\/6&#8243;][\/vc_column][vc_column width=&#8221;2\/3&#8243;]<h2 class=\"block-title text-dark text-center titlu-ti\">Contacteaz\u0103-ne acum<small class=\"h2\">las\u0103-ne un mesaj \u0219i unul din consultan\u021bii no\u0219tri te va contacta \u00een mai pu\u021bin de 24 de ore<\/small><\/h2><hr class=\"hr-solid hr-custom\" style=\"border-top-color: #e32636; border-top-width: 2px; opacity: 1;\">[\/vc_column][vc_column width=&#8221;1\/6&#8243;][\/vc_column][\/vc_row][vc_row][vc_column width=&#8221;1\/6&#8243;][\/vc_column][vc_column width=&#8221;2\/3&#8243;][wpforms id=&#8221;7196&#8243; title=&#8221;false&#8221; description=&#8221;false&#8221;][\/vc_column][vc_column width=&#8221;1\/6&#8243;][\/vc_column][\/vc_row]<\/p>\n<\/div>","protected":false},"excerpt":{"rendered":"<p class=\"post-excerpt\">[vc_row offset_top=&#8221;180&#8243; is_overlay=&#8221;enable&#8221; overlay_opacity=&#8221;65&#8243; overlay_color=&#8221;#192435&#8243; class=&#8221;hitb mainbc&#8221; css=&#8221;.vc_custom_1695195356883{background-color: #000000 !important;}&#8221;][vc_column width=&#8221;2\/3&#8243;][vc_column_text class=&#8221;titlu-pagina&#8221;] Produc\u021bie Ob\u021bine vizibilitate complet\u0103 asupra \u00eentregului ciclu de comenzi, \u00eencep\u00e2nd cu managementul de furnizori p\u00e2n\u0103 la controlul inventarului, livrarea de produse, plasarea de comenzi \u0219i linia de asamblare. [\/vc_column_text][\/vc_column][vc_column width=&#8221;1\/3&#8243;][vc_icon type=&#8221;image&#8221; size=&#8221;150&#8243; alignment=&#8221;center&#8221; animation=&#8221;fade-left&#8221; image=&#8221;9262&#8243;][\/vc_column][\/vc_row][vc_row offset_top=&#8221;180&#8243; class=&#8221;partenerul&#8221;][vc_column width=&#8221;1\/6&#8243;][\/vc_column][vc_column&#8230;\n<\/p>","protected":false},"author":13,"featured_media":0,"parent":9243,"menu_order":0,"comment_status":"closed","ping_status":"closed","template":"","meta":{"footnotes":""},"class_list":["post-9238","page","type-page","status-publish","hentry"],"_links":{"self":[{"href":"https:\/\/linksoft.ro\/staging\/wp-json\/wp\/v2\/pages\/9238","targetHints":{"allow":["GET"]}}],"collection":[{"href":"https:\/\/linksoft.ro\/staging\/wp-json\/wp\/v2\/pages"}],"about":[{"href":"https:\/\/linksoft.ro\/staging\/wp-json\/wp\/v2\/types\/page"}],"author":[{"embeddable":true,"href":"https:\/\/linksoft.ro\/staging\/wp-json\/wp\/v2\/users\/13"}],"replies":[{"embeddable":true,"href":"https:\/\/linksoft.ro\/staging\/wp-json\/wp\/v2\/comments?post=9238"}],"version-history":[{"count":4,"href":"https:\/\/linksoft.ro\/staging\/wp-json\/wp\/v2\/pages\/9238\/revisions"}],"predecessor-version":[{"id":9414,"href":"https:\/\/linksoft.ro\/staging\/wp-json\/wp\/v2\/pages\/9238\/revisions\/9414"}],"up":[{"embeddable":true,"href":"https:\/\/linksoft.ro\/staging\/wp-json\/wp\/v2\/pages\/9243"}],"wp:attachment":[{"href":"https:\/\/linksoft.ro\/staging\/wp-json\/wp\/v2\/media?parent=9238"}],"curies":[{"name":"wp","href":"https:\/\/api.w.org\/{rel}","templated":true}]}}