{"id":9243,"date":"2023-09-18T19:33:43","date_gmt":"2023-09-18T19:33:43","guid":{"rendered":"https:\/\/linksoft.ro\/staging\/staging\/?page_id=9243"},"modified":"2024-09-26T08:26:38","modified_gmt":"2024-09-26T08:26:38","slug":"dynamics-365-business-central-erp","status":"publish","type":"page","link":"https:\/\/linksoft.ro\/staging\/dynamics-365-business-central-erp\/","title":{"rendered":"Dynamics 365 Business Central ERP"},"content":{"rendered":"<div class=\"wpb-content-wrapper\"><p>[vc_row offset_top=&#8221;180&#8243; is_overlay=&#8221;enable&#8221; overlay_opacity=&#8221;65&#8243; overlay_color=&#8221;#192435&#8243; css=&#8221;.vc_custom_1696515249606{background-image: url(https:\/\/linksoft.ro\/staging\/wp-content\/uploads\/2021\/02\/Asset-120.png?id=6576) !important;}&#8221; class=&#8221;hitb mainbc&#8221;][vc_column width=&#8221;2\/3&#8243;][vc_column_text class=&#8221;titlu-pagina&#8221;]<\/p>\n<h1>Dynamics 365 Business Central ERP<\/h1>\n<p>Transform\u0103 procesele tale de business cu Dynamics 365 Business Central, solu\u021bia software ERP (Enterprise Resource Planning) de la Microsoft pentru planificarea resurselor organiza\u0163iei, managementul financiar \u0219i de proiect, gestiune v\u00e2nz\u0103ri, lan\u021b de aprovizionare \u0219i multe altele. Aceast\u0103 aplica\u021bie de management al afacerii func\u021bioneaz\u0103 perfect \u00een cloud \u0219i online, oferindu-\u021bi instrumentele necesare pentru a asigura succesul afacerii tale.[\/vc_column_text]<div class=\"text-left\"><a href=\"\/contact\/\" title=\"Contact\" data-custom-color=\".btn-custom-4dd05eef {background-color: #1e53a8;}\n.btn-custom-4dd05eef:hover {background-color: #163e7d;}\" class=\"btn btn-solid btn-rounded btn-custom btn-lg buton-titlu btn-custom-4dd05eef\">Contacteaz\u0103-ne<\/a><\/div>[\/vc_column][vc_column width=&#8221;1\/3&#8243;][vc_icon type=&#8221;image&#8221; size=&#8221;150&#8243; alignment=&#8221;center&#8221; image=&#8221;9247&#8243;][\/vc_column][\/vc_row][vc_row offset_top=&#8221;180&#8243; class=&#8221;partenerul&#8221;][vc_column width=&#8221;2\/3&#8243; class=&#8221;align-left&#8221;]<h2 class=\"block-title text-dark text-left\">Ce este Microsoft Dynamics 365 Business Central?<\/h2><hr class=\"hr-solid hr-custom\" style=\"border-top-color: #e32636; border-top-width: 2px; opacity: 1;\">[vc_column_text class=&#8221;full-width-text&#8221; css=&#8221;.vc_custom_1727337748648{padding-bottom: 50px !important;}&#8221;]Microsoft Dynamics 365 Business Central este o suit\u0103 de solu\u021bii software ERP esen\u021biale at\u00e2t pentru organiza\u021bii mici \u0219i mijlocii, c\u00e2t \u0219i pentru companiile mari. Business Central ofer\u0103 o gam\u0103 variat\u0103 de func\u021bionalit\u0103\u021bi integrate, datorit\u0103 c\u0103rora IMM-urile \u00ee\u0219i po\u021bi gestiona resursele \u0219i procesele, indiferent de m\u0103rimea acestora. Dynamics 365 Business Central \u00eencorporeaz\u0103 diferite instrumente precum managementul financiar, v\u00e2nz\u0103ri, marketing, serviciul clien\u021bi \u0219i multe altele, facilit\u00e2nd managementul inventarului, managementul depozitului, \u0219i managementul de proiect.<\/p>\n<p>Implementeaz\u0103 sistemul ERP Dynamics 365 Business Central \u00een compania ta \u0219i men\u021bine succesul pe termen lung![\/vc_column_text]<h2 class=\"block-title text-dark text-left\">Tehnologii Microsoft Dynamics 365 Business Central ERP<small class=\"h2\">Ideale pentru a aduce \u00eempreun\u0103 oamenii, datele \u0219i procesele<\/small><\/h2><hr class=\"hr-solid hr-custom\" style=\"border-top-color: #e32636; border-top-width: 2px; opacity: 1;\">[vc_column_text class=&#8221;full-width-text&#8221;]<\/p>\n<p style=\"text-align: left;\">Descoper\u0103 tehnologiile ERP Microsoft Dynamics 365 Business Central care reunesc oamenii, datele \u0219i procesele. Aceste tehnologii moderne ofer\u0103 solu\u021bii inovatoare care ajut\u0103 IMM-urile s\u0103-\u0219i gestioneze eficient procesele de business, baz\u00e2ndu-se pe cloud computing. Prin integrarea tehnologiilor Microsoft, business-urile beneficiaz\u0103 de automatizarea proceselor, optimizarea resurselor, iar \u00een acest context modulele Dynamics 365 de ERP pun la dispozi\u021bie un sistem software de management al comenzilor, al invetarului, c\u00e2t \u0219i si alte instrumente avansate de analiz\u0103 \u0219i raportare, fac\u00e2nd posibil\u0103 luarea informat\u0103 \u0219i responsabil\u0103 de decizii.<\/p>\n<p>Afl\u0103 acum pe blogul Linksoft <a href=\"https:\/\/linksoft.ro\/staging\/blog\/2024\/04\/05\/descopera-solutiile-erp-de-la-microsoft-business-central-vs-finance-operations\/\">ce solu\u021bie ERP din gama Microsoft \u021bi se potrive\u0219te cel mai bine<\/a>, iar noi \u00ee\u021bi r\u0103spundem la toate \u00eentreb\u0103rile \u0219i \u00ee\u021bi cre\u0103m planul perfect de implementare![\/vc_column_text][\/vc_column][vc_column width=&#8221;1\/3&#8243; offset=&#8221;vc_hidden-sm vc_hidden-xs&#8221; css=&#8221;.vc_custom_1698306052745{padding-left: 50px !important;}&#8221;][vc_column_text class=&#8221;full-width-text&#8221;]<\/p>\n<h4>Implementarea ERP \u00eencepe \u00een 3, 2, 1!<\/h4>\n<p>Contacteaz\u0103-ne acum pentru a beneficia de o consulta\u021bie gratuit\u0103 cu unul dintre exper\u021bii no\u0219tri.[\/vc_column_text][wpforms id=&#8221;9468&#8243; title=&#8221;false&#8221; description=&#8221;false&#8221;][\/vc_column][\/vc_row][vc_row offset_top=&#8221;180&#8243; class=&#8221;icoane-echipa&#8221;][vc_column width=&#8221;1\/4&#8243;]<div class=\"icon-box icon-box-vertical icon-box-dark icon-box-type-image bg-no text-left\">\n\n\t<div class=\"icon-box-icon\"><img loading=\"lazy\" decoding=\"async\" width=\"96\" height=\"96\" src=\"https:\/\/linksoft.ro\/staging\/wp-content\/uploads\/2023\/09\/IntelligentOrderManagement_scalable-1.png\" class=\"attachment-full size-full\" alt=\"\" \/><\/div><h3 class=\"icon-box-title\">Managementul depozitului<\/h3>\t\t<div class=\"icon-box-description\">\n\t\t\t<p>Automatizeaz\u0103 procesele lan\u021bului de aprovizionare cu Dynamics 365 Business Central pentru a cre\u0219te productivitatea \u0219i eficien\u021ba aplica\u021biei.<\/p>\n<a href=\"https:\/\/linksoft.ro\/managementul-depozitului\/\" title=\"Managementul depozitului\" class=\"btn btn-ghost btn-rounded btn-default\">Afl\u0103 mai multe<\/a>\t\t<\/div>\n\t<\/div>[\/vc_column][vc_column width=&#8221;1\/4&#8243;]<div class=\"icon-box icon-box-vertical icon-box-dark icon-box-type-image bg-no text-left\">\n\n\t<div class=\"icon-box-icon\"><img loading=\"lazy\" decoding=\"async\" width=\"96\" height=\"96\" src=\"https:\/\/linksoft.ro\/staging\/wp-content\/uploads\/2023\/09\/SalesInsights_scalable.png\" class=\"attachment-full size-full\" alt=\"\" \/><\/div><h3 class=\"icon-box-title\">Produc\u021bie<\/h3>\t\t<div class=\"icon-box-description\">\n\t\t\t<p>Ob\u021bine vizibilitate complet\u0103 asupra \u00eentregului ciclu de comenzi, de la managementul furnizorilor p\u00e2n\u0103 la controlul inventarului, livrarea de produse \u0219i linia de asamblare<\/p>\n<a href=\"https:\/\/linksoft.ro\/productie\/\" title=\"Produc\u021bie\" class=\"btn btn-ghost btn-rounded btn-default\">Afl\u0103 mai multe<\/a>\t\t<\/div>\n\t<\/div>[\/vc_column][vc_column width=&#8221;1\/4&#8243;]<div class=\"icon-box icon-box-vertical icon-box-dark icon-box-type-image bg-no text-left\">\n\n\t<div class=\"icon-box-icon\"><img loading=\"lazy\" decoding=\"async\" width=\"384\" height=\"384\" src=\"https:\/\/linksoft.ro\/staging\/wp-content\/uploads\/2023\/09\/Project-Management-icon.png\" class=\"attachment-full size-full\" alt=\"\" srcset=\"https:\/\/linksoft.ro\/staging\/wp-content\/uploads\/2023\/09\/Project-Management-icon.png 384w, https:\/\/linksoft.ro\/staging\/wp-content\/uploads\/2023\/09\/Project-Management-icon-150x150.png 150w, https:\/\/linksoft.ro\/staging\/wp-content\/uploads\/2023\/09\/Project-Management-icon-300x300.png 300w, https:\/\/linksoft.ro\/staging\/wp-content\/uploads\/2023\/09\/Project-Management-icon-170x170.png 170w\" sizes=\"auto, (max-width: 384px) 100vw, 384px\" \/><\/div><h3 class=\"icon-box-title\">Management de proiect<\/h3>\t\t<div class=\"icon-box-description\">\n\t\t\t<p>Abordeaz\u0103 \u00eembun\u0103t\u0103\u021birea activit\u0103\u021bii companiei tale prin panouri de control interactive care monitorizeaz\u0103 execu\u021bia proiectelor \u0219i obiectivele acestora.<\/p>\n<a href=\"https:\/\/linksoft.ro\/management-de-proiect\/\" title=\"Management de proiect\" class=\"btn btn-ghost btn-rounded btn-default\">Afl\u0103 mai multe<\/a>\t\t<\/div>\n\t<\/div>[\/vc_column][vc_column width=&#8221;1\/4&#8243;]<div class=\"icon-box icon-box-vertical icon-box-dark icon-box-type-image bg-no text-left\">\n\n\t<div class=\"icon-box-icon\"><img loading=\"lazy\" decoding=\"async\" width=\"384\" height=\"384\" src=\"https:\/\/linksoft.ro\/staging\/wp-content\/uploads\/2023\/09\/sales-icon.png\" class=\"attachment-full size-full\" alt=\"\" srcset=\"https:\/\/linksoft.ro\/staging\/wp-content\/uploads\/2023\/09\/sales-icon.png 384w, https:\/\/linksoft.ro\/staging\/wp-content\/uploads\/2023\/09\/sales-icon-150x150.png 150w, https:\/\/linksoft.ro\/staging\/wp-content\/uploads\/2023\/09\/sales-icon-300x300.png 300w, https:\/\/linksoft.ro\/staging\/wp-content\/uploads\/2023\/09\/sales-icon-170x170.png 170w\" sizes=\"auto, (max-width: 384px) 100vw, 384px\" \/><\/div><h3 class=\"icon-box-title\">V\u00e2nz\u0103ri<\/h3>\t\t<div class=\"icon-box-description\">\n\t\t\t<p>Interac\u021bioneaz\u0103 cu clien\u021bii pe orice canal, \u0219i ob\u021bine informa\u021bii eficiente prin intermediul inteligen\u021bei artificiale oferite de Dynamics 365 Business Central.<\/p>\n<a href=\"https:\/\/linksoft.ro\/vanzari-2\/\" title=\"V\u00e2nz\u0103ri\" class=\"btn btn-ghost btn-rounded btn-default\">Afl\u0103 mai multe<\/a>\t\t<\/div>\n\t<\/div>[\/vc_column][\/vc_row][vc_row offset_top=&#8221;180&#8243; class=&#8221;icoane-echipa centrare&#8221;][vc_column width=&#8221;1\/4&#8243;]<div class=\"icon-box icon-box-vertical icon-box-dark icon-box-type-image bg-no text-left\">\n\n\t<div class=\"icon-box-icon\"><img loading=\"lazy\" decoding=\"async\" width=\"96\" height=\"96\" src=\"https:\/\/linksoft.ro\/staging\/wp-content\/uploads\/2023\/09\/FinanceOperations_scalable.png\" class=\"attachment-full size-full\" alt=\"\" \/><\/div><h3 class=\"icon-box-title\">Achizi\u021bii<\/h3>\t\t<div class=\"icon-box-description\">\n\t\t\t<p>Automatizeaz\u0103 \u0219i simplific\u0103 activit\u0103\u021bile de achizi\u021bionare, inclusiv comenzile de achizi\u021bionare, facturarea, procesele de plat\u0103 \u0219i managementul cu furnizorii.<\/p>\n<a href=\"https:\/\/linksoft.ro\/achizitii\/\" title=\"Achizi\u021bii\" class=\"btn btn-ghost btn-rounded btn-default\">Afl\u0103 mai multe<\/a>\t\t<\/div>\n\t<\/div>[\/vc_column][vc_column width=&#8221;1\/4&#8243;]<div class=\"icon-box icon-box-vertical icon-box-dark icon-box-type-image bg-no text-left\">\n\n\t<div class=\"icon-box-icon\"><img loading=\"lazy\" decoding=\"async\" width=\"96\" height=\"96\" src=\"https:\/\/linksoft.ro\/staging\/wp-content\/uploads\/2023\/09\/SustainabilityCalculator_scalable.png\" class=\"attachment-full size-full\" alt=\"\" \/><\/div><h3 class=\"icon-box-title\">Managementul inventarului<\/h3>\t\t<div class=\"icon-box-description\">\n\t\t\t<p>Integreaz\u0103 activit\u0103\u021bile \u00eentregului inventar pentru a ob\u021bine o imagine holistic\u0103 a acestuia.<\/p>\n<a href=\"https:\/\/linksoft.ro\/managementul-inventarului\/\" title=\"Managementul inventarului\" class=\"btn btn-ghost btn-rounded btn-default\">Afl\u0103 mai multe<\/a>\t\t<\/div>\n\t<\/div>[\/vc_column][vc_column width=&#8221;1\/4&#8243;]<div class=\"icon-box icon-box-vertical icon-box-dark icon-box-type-image bg-no text-left\">\n\n\t<div class=\"icon-box-icon\"><img loading=\"lazy\" decoding=\"async\" width=\"96\" height=\"96\" src=\"https:\/\/linksoft.ro\/staging\/wp-content\/uploads\/2023\/09\/Finance_scalable.png\" class=\"attachment-full size-full\" alt=\"\" \/><\/div><h3 class=\"icon-box-title\">Finan\u021be<\/h3>\t\t<div class=\"icon-box-description\">\n\t\t\t<p>Simplific\u0103 \u0219i \u00eembun\u0103t\u0103\u021be\u0219te procesele financiare \u0219i personalizarea tranzac\u021biilor cu Dynamics 365 Business Central.<\/p>\n<a href=\"https:\/\/linksoft.ro\/finante\/\" title=\"Finan\u0163e\" class=\"btn btn-ghost btn-rounded btn-default\">Afl\u0103 mai multe<\/a>\t\t<\/div>\n\t<\/div>[\/vc_column][vc_column width=&#8221;1\/4&#8243; class=&#8221;ascundere&#8221;][\/vc_column][\/vc_row][vc_row offset_top=&#8221;180&#8243; class=&#8221;sectiunea2&#8243;][vc_column width=&#8221;1\/6&#8243;][\/vc_column][vc_column width=&#8221;2\/3&#8243;]<h2 class=\"block-title text-dark text-center titlu-ti titlu-contact\">Serviciile noastre<\/h2><hr class=\"hr-solid hr-custom\" style=\"border-top-color: #e32636; border-top-width: 2px; opacity: 1;\">[\/vc_column][vc_column width=&#8221;1\/6&#8243;][\/vc_column][\/vc_row][vc_row offset_top=&#8221;180&#8243; class=&#8221;icoane-echipa new-serv&#8221;][vc_column width=&#8221;1\/3&#8243;]<div class=\"icon-box icon-box-vertical icon-box-dark icon-box-type-image bg-no text-left\">\n\n\t<div class=\"icon-box-icon\"><img decoding=\"async\" src=\"https:\/\/linksoft.ro\/staging\/wp-content\/uploads\/2021\/02\/Analiza.svg\" class=\"attachment-full size-full\" alt=\"\" \/><\/div><h3 class=\"icon-box-title\">Consultan\u021b\u0103 Dynamics 365 Business Central ERP<\/h3>\t\t<div class=\"icon-box-description\">\n\t\t\t<p>Asisten\u021b\u0103 din partea exper\u021bilor no\u0219tri pentru a-\u021bi maximiza investi\u021bia \u00een ERP-ul Dynamics 365 Business Central.<\/p>\n<a href=\"https:\/\/linksoft.ro\/consultanta\/\" title=\"Consultan\u021b\u0103\" class=\"btn btn-ghost btn-rounded btn-default\">Afl\u0103 mai multe<\/a>\t\t<\/div>\n\t<\/div>[\/vc_column][vc_column width=&#8221;1\/3&#8243;]<div class=\"icon-box icon-box-vertical icon-box-dark icon-box-type-image bg-no text-left\">\n\n\t<div class=\"icon-box-icon\"><img decoding=\"async\" src=\"https:\/\/linksoft.ro\/staging\/wp-content\/uploads\/2021\/01\/Support.svg\" class=\"attachment-full size-full\" alt=\"\" \/><\/div><h3 class=\"icon-box-title\">Dezvoltare customizat\u0103 Dynamics 365 Business Central<\/h3>\t\t<div class=\"icon-box-description\">\n\t\t\t<p>Cre\u0103m solu\u021bii ERP personalizate care se integreaz\u0103 perfect cu toate modulele Dynamics 365 .<\/p>\n<a href=\"https:\/\/linksoft.ro\/suport-ro\/\" title=\"Suport tehnic\" class=\"btn btn-ghost btn-rounded btn-default\">Afl\u0103 mai multe<\/a>\t\t<\/div>\n\t<\/div>[\/vc_column][vc_column width=&#8221;1\/3&#8243;]<div class=\"icon-box icon-box-vertical icon-box-dark icon-box-type-image bg-no text-left\">\n\n\t<div class=\"icon-box-icon\"><img decoding=\"async\" src=\"https:\/\/linksoft.ro\/staging\/wp-content\/uploads\/2021\/02\/Training-Dedicat.svg\" class=\"attachment-full size-full\" alt=\"\" \/><\/div><h3 class=\"icon-box-title\">Training Dynamics 365 Business Central<\/h3>\t\t<div class=\"icon-box-description\">\n\t\t\t<p>Formare pentru echipa ta pentru a exploata la maximum func\u021bionalit\u0103\u021bile ERP oferite de Dynamics 365 Business Central.<\/p>\n<a href=\"https:\/\/linksoft.ro\/training-ro\/\" title=\"Consultan\u021b\u0103\" class=\"btn btn-ghost btn-rounded btn-default\">Afl\u0103 mai multe<\/a>\t\t<\/div>\n\t<\/div>[\/vc_column][\/vc_row][vc_row offset_top=&#8221;180&#8243; class=&#8221;sectiunea2&#8243;][vc_column width=&#8221;1\/6&#8243;][\/vc_column][vc_column width=&#8221;2\/3&#8243;]<h2 class=\"block-title text-dark text-center titlu-ti\">Ce ne recomand\u0103?<small class=\"h2\">p\u0103rerile clien\u021bilor no\u0219tri<\/small><\/h2><hr class=\"hr-solid hr-custom\" style=\"border-top-color: #e32636; border-top-width: 2px; opacity: 1;\">[\/vc_column][vc_column width=&#8221;1\/6&#8243;][\/vc_column][\/vc_row][vc_row offset_top=&#8221;180&#8243; class=&#8221;sectiunea7&#8243;][vc_column class=&#8221;testimoniale1&#8243;]<div class=\"testimonials-slider carousel-dark text-center text-dark carousel-dots-inside carousel-dots-center carousel-effect-slide carousel-autoplay-enable\" data-slick='{\"arrows\":false,\"dots\":true,\"infinite\":true,\"fade\":false,\"autoplay\":false,\"autoplaySpeed\":3000}'><div class=\"testimonial-slide padding-top-3x padding-bottom-5x\"\">\n\t<div class=\"container\">\n\t\t<div class=\"inner\">\n\t\t\t<a href=\"http:\/\/www.raiffeisen-leasing.ro\" class=\"testimonial-logo\"><img loading=\"lazy\" decoding=\"async\" width=\"240\" height=\"70\" src=\"https:\/\/linksoft.ro\/staging\/wp-content\/uploads\/2019\/05\/logo-raiffeissen-client-crm.jpg\" class=\"attachment-full size-full\" alt=\"raiffeisen CRM client\" \/><\/a>\n\t\t\t<h3 class=\"h2\">CRM performant<\/h3>\n\t\t\t<blockquote>\n\t\t\t\t<p>\u201cApreciem modul \u00een care Linksoft a \u00een\u021beles procesele de business \u0219i a \u0219tiut s\u0103 se adapteze cerin\u021belor noastre de calitate, astfel \u00eenc\u00e2t acum dispunem de un CRM opera\u021bional foarte performant care ne ajut\u0103 s\u0103 urm\u0103rim mai bine \u0219i mai repede nevoile celor peste 5000 de clien\u021bi \u0219i s\u0103 gestion\u0103m lead-urile din baze de date externe prin filtrare automat\u0103 \u00een baza criteriilor prestabilite.\u201d<\/p>\n\t\t\t\t<cite>Bob De Man,  CEO <a href=\"http:\/\/www.raiffeisen-leasing.ro\">Raiffeisen Leasing<\/a><\/cite>\n\t\t\t<\/blockquote>\n\t\t\t\n\t\t<\/div>\n\t<\/div>\n<\/div><div class=\"testimonial-slide padding-top-3x padding-bottom-5x\"\">\n\t<div class=\"container\">\n\t\t<div class=\"inner\">\n\t\t\t<div href=\"https:\/\/www.mercedes-benz.ro\/passengercars.html\" class=\"testimonial-logo\"><img loading=\"lazy\" decoding=\"async\" width=\"240\" height=\"70\" src=\"https:\/\/linksoft.ro\/staging\/wp-content\/uploads\/2019\/05\/logo-mercedes-client-crm.jpg\" class=\"attachment-full size-full\" alt=\"logo mercedes client crm\" \/><\/div>\n\t\t\t<h3 class=\"h2\">Succes in parteneriat<\/h3>\n\t\t\t<blockquote>\n\t\t\t\t<p>\u201cSuccesul implement\u0103rii solu\u021biilor software de business este determinat de dedicarea, expertiza \u0219i profesionalismul partenerului de implementare. \r\nEchipa Linksoft a demonstrat acest lucru \u00een decursul anilor de colaborare.\u201d<\/p>\n\t\t\t\t<cite>Claudiu Arion,  CIO <a href=\"https:\/\/www.mercedes-benz.ro\/passengercars.html\">Mercedes-Benz Romania<\/a><\/cite>\n\t\t\t<\/blockquote>\n\t\t\t\n\t\t<\/div>\n\t<\/div>\n<\/div><div class=\"testimonial-slide padding-top-3x padding-bottom-5x\"\">\n\t<div class=\"container\">\n\t\t<div class=\"inner\">\n\t\t\t<div href=\"http:\/\/www.caussade-semances.ro\" class=\"testimonial-logo\"><img loading=\"lazy\" decoding=\"async\" width=\"240\" height=\"70\" src=\"https:\/\/linksoft.ro\/staging\/wp-content\/uploads\/2019\/05\/logo-caussade-client-crm.jpg\" class=\"attachment-full size-full\" alt=\"logo caussade client crm\" \/><\/div>\n\t\t\t<h3 class=\"h2\">Cerinte specifice de business<\/h3>\n\t\t\t<blockquote>\n\t\t\t\t<p>\u201cSolu\u021bia Microsoft Dynamics CRM implementat\u0103 de c\u0103tre echipa Linksoft a reu\u0219it s\u0103 r\u0103spund\u0103 exact cerin\u021belor noastre specifice de business, at\u00e2t pentru procesele de comercializare a semin\u021belor pentru cultur\u0103 mare \u0219i plante furajere, c\u00e2t \u0219i pentru ob\u021binerea unei imagini complete asupra clien\u021bilor \u0219i gestionarea echipei de v\u00e2nz\u0103ri din teren.\u201d<\/p>\n\t\t\t\t<cite>Mihail Serban,  Marketing Manager <a href=\"http:\/\/www.caussade-semances.ro\">Caussade Semences<\/a><\/cite>\n\t\t\t<\/blockquote>\n\t\t\t\n\t\t<\/div>\n\t<\/div>\n<\/div><div class=\"testimonial-slide padding-top-3x padding-bottom-5x\"\">\n\t<div class=\"container\">\n\t\t<div class=\"inner\">\n\t\t\t<a href=\"https:\/\/www.reginamaria.ro\" class=\"testimonial-logo\"><img loading=\"lazy\" decoding=\"async\" width=\"350\" height=\"178\" src=\"https:\/\/linksoft.ro\/staging\/wp-content\/uploads\/2021\/02\/876b53_c675baec437a4c0eae2dd772e8725399_mv2-e1612601243504.png\" class=\"attachment-full size-full\" alt=\"Regina Maria CRM client\" \/><\/a>\n\t\t\t<h3 class=\"h2\">Moment important in medicina<\/h3>\n\t\t\t<blockquote>\n\t\t\t\t<p>&quot;\u00cempreun\u0103 cu Linksoft am implementat \u0219i continu\u0103m s\u0103 dezvolt\u0103m platforma CRM conform specificului nostru de activitate. Principalele beneficii pe care platforma CRM ni le ofer\u0103 sunt imaginea de ansamblu asupra pacientului \u0219i istoricului s\u0103u \u00eentr-un singur loc, rapoartele de date relevante \u0219i actualizate, precum \u0219i procesele de v\u00e2nz\u0103ri automatizate.&quot;<\/p>\n\t\t\t\t<cite>Cosmin Panaete,  Business Processes Director <a href=\"https:\/\/www.reginamaria.ro\">Regina Maria<\/a><\/cite>\n\t\t\t<\/blockquote>\n\t\t\t\n\t\t<\/div>\n\t<\/div>\n<\/div><\/div>[\/vc_column][\/vc_row][vc_row offset_top=&#8221;180&#8243; class=&#8221;sectiunea2&#8243;][vc_column width=&#8221;1\/6&#8243;][\/vc_column][vc_column width=&#8221;2\/3&#8243;]<h2 class=\"block-title text-dark text-center titlu-ti titlu-contact\">Contacteaz\u0103-ne acum<small class=\"h2\">Las\u0103-ne un mesaj \u0219i unul din consultan\u021bii no\u0219tri te va contacta \u00een mai pu\u021bin de 24 de ore.<\/small><\/h2><hr class=\"hr-solid hr-custom\" style=\"border-top-color: #e32636; border-top-width: 2px; opacity: 1;\">[\/vc_column][vc_column width=&#8221;1\/6&#8243;][\/vc_column][\/vc_row][vc_row offset_top=&#8221;180&#8243; css=&#8221;.vc_custom_1614886909463{padding-bottom: 25px !important;}&#8221;][vc_column width=&#8221;1\/6&#8243;][\/vc_column][vc_column width=&#8221;2\/3&#8243;][wpforms id=&#8221;7196&#8243; title=&#8221;false&#8221; description=&#8221;false&#8221;][\/vc_column][vc_column width=&#8221;1\/6&#8243;][\/vc_column][\/vc_row]<\/p>\n<\/div>","protected":false},"excerpt":{"rendered":"<p class=\"post-excerpt\">[vc_row offset_top=&#8221;180&#8243; is_overlay=&#8221;enable&#8221; overlay_opacity=&#8221;65&#8243; overlay_color=&#8221;#192435&#8243; css=&#8221;.vc_custom_1696515249606{background-image: url(https:\/\/linksoft.ro\/staging\/wp-content\/uploads\/2021\/02\/Asset-120.png?id=6576) !important;}&#8221; class=&#8221;hitb mainbc&#8221;][vc_column width=&#8221;2\/3&#8243;][vc_column_text class=&#8221;titlu-pagina&#8221;] Dynamics 365 Business Central ERP Transform\u0103 procesele tale de business cu Dynamics 365 Business Central, solu\u021bia software ERP (Enterprise Resource Planning) de la Microsoft pentru planificarea resurselor organiza\u0163iei, managementul financiar \u0219i de proiect, gestiune v\u00e2nz\u0103ri, lan\u021b de aprovizionare&#8230;\n<\/p>","protected":false},"author":13,"featured_media":0,"parent":0,"menu_order":0,"comment_status":"closed","ping_status":"closed","template":"","meta":{"footnotes":""},"class_list":["post-9243","page","type-page","status-publish","hentry"],"_links":{"self":[{"href":"https:\/\/linksoft.ro\/staging\/wp-json\/wp\/v2\/pages\/9243","targetHints":{"allow":["GET"]}}],"collection":[{"href":"https:\/\/linksoft.ro\/staging\/wp-json\/wp\/v2\/pages"}],"about":[{"href":"https:\/\/linksoft.ro\/staging\/wp-json\/wp\/v2\/types\/page"}],"author":[{"embeddable":true,"href":"https:\/\/linksoft.ro\/staging\/wp-json\/wp\/v2\/users\/13"}],"replies":[{"embeddable":true,"href":"https:\/\/linksoft.ro\/staging\/wp-json\/wp\/v2\/comments?post=9243"}],"version-history":[{"count":38,"href":"https:\/\/linksoft.ro\/staging\/wp-json\/wp\/v2\/pages\/9243\/revisions"}],"predecessor-version":[{"id":10006,"href":"https:\/\/linksoft.ro\/staging\/wp-json\/wp\/v2\/pages\/9243\/revisions\/10006"}],"wp:attachment":[{"href":"https:\/\/linksoft.ro\/staging\/wp-json\/wp\/v2\/media?parent=9243"}],"curies":[{"name":"wp","href":"https:\/\/api.w.org\/{rel}","templated":true}]}}